{"id":7800,"date":"2021-11-13T21:11:58","date_gmt":"2021-11-14T02:11:58","guid":{"rendered":"https:\/\/recherches-autochtones.org\/site\/?post_type=product&#038;p=7800"},"modified":"2022-12-01T19:57:34","modified_gmt":"2022-12-02T00:57:34","slug":"billet-colloque-50e-raq","status":"publish","type":"product","link":"https:\/\/recherches-autochtones.org\/site\/produit\/billet-colloque-50e-raq\/","title":{"rendered":"Billet-Colloque 50e de RAQ"},"content":{"rendered":"<p>Cabaret Le Lion d&rsquo;Or<br \/>\n1676, rue Ontario Est<br \/>\nMontr\u00e9al QC \u2022 H2L 1S7<\/p>\n<p><iframe style=\"border: 0;\" src=\"https:\/\/www.google.com\/maps\/embed?pb=!1m18!1m12!1m3!1d2795.2364564000954!2d-73.56172718479685!3d45.525447037376054!2m3!1f0!2f0!3f0!3m2!1i1024!2i768!4f13.1!3m3!1m2!1s0x4cc91bb98dd06563%3A0x79d1ac645c34024f!2sCabaret%20Lion%20d'Or!5e0!3m2!1sfr!2sca!4v1636898580719!5m2!1sfr!2sca\" width=\"600\" height=\"450\" allowfullscreen=\"allowfullscreen\"><\/iframe><\/p>\n","protected":false},"excerpt":{"rendered":"<p><strong>BILLET (gratuit mais requis pour valider votre entr\u00e9e sur place)<\/strong><\/p>\n<p><strong>Colloque \u00ab Continuit\u00e9 et transformations des \u00e9tudes autochtones : 50 ans de recherches am\u00e9rindiennes au Qu\u00e9bec \u00bb<\/strong><\/p>\n<p>Jeudi 25 novembre 2021<br \/>\n9h00 \u00e0 19h00 (accueil \u00e0 partir de 8h30)<\/p>\n<p>Cabaret Le Lion d&rsquo;Or<br \/>\n1676, rue Ontario Est, Montr\u00e9al QC \u2022 H2L 1S7<\/p>\n<p>Le d\u00eener est inclus et il sera servi sur place<br \/>\nCocktail et artiste autochtone entre 17h30 et 19h00<\/p>\n<p style=\"text-align: left;\"><strong>* Preuve vaccinale et pi\u00e8ce d\u2019identit\u00e9 requises \u00e0 l\u2019entr\u00e9e<\/strong><br \/>\n<strong>* Masque ou couvre-visage obligatoire<\/strong><\/p>\n<p><strong><a href=\"https:\/\/recherches-autochtones.org\/site\/calendrier\/continuite-et-transformations-des-etudes-autochtones\/\">Retour \u00e0 la page de l&rsquo;\u00e9v\u00e9nement<\/a><\/strong><\/p>\n","protected":false},"featured_media":7793,"comment_status":"closed","ping_status":"closed","template":"","meta":{"_EventAllDay":false,"_EventTimezone":"","_EventStartDate":"","_EventEndDate":"","_EventStartDateUTC":"","_EventEndDateUTC":"","_EventShowMap":false,"_EventShowMapLink":false,"_EventURL":"","_EventCost":"","_EventCostDescription":"","_EventCurrencySymbol":"","_EventCurrencyCode":"","_EventCurrencyPosition":"","_EventDateTimeSeparator":"","_EventTimeRangeSeparator":"","_EventOrganizerID":[],"_EventVenueID":[],"_OrganizerEmail":"","_OrganizerPhone":"","_OrganizerWebsite":"","_VenueAddress":"","_VenueCity":"","_VenueCountry":"","_VenueProvince":"","_VenueState":"","_VenueZip":"","_VenuePhone":"","_VenueURL":"","_VenueStateProvince":"","_VenueLat":"","_VenueLng":"","_VenueShowMap":false,"_VenueShowMapLink":false},"product_brand":[],"product_cat":[64,48],"product_tag":[],"class_list":{"0":"post-7800","1":"product","2":"type-product","3":"status-publish","4":"has-post-thumbnail","6":"product_cat-autres-documents","7":"product_cat-pdf","9":"first","10":"outofstock","11":"downloadable","12":"virtual","13":"sold-individually","14":"purchasable","15":"product-type-simple"},"_links":{"self":[{"href":"https:\/\/recherches-autochtones.org\/site\/wp-json\/wp\/v2\/product\/7800","targetHints":{"allow":["GET"]}}],"collection":[{"href":"https:\/\/recherches-autochtones.org\/site\/wp-json\/wp\/v2\/product"}],"about":[{"href":"https:\/\/recherches-autochtones.org\/site\/wp-json\/wp\/v2\/types\/product"}],"replies":[{"embeddable":true,"href":"https:\/\/recherches-autochtones.org\/site\/wp-json\/wp\/v2\/comments?post=7800"}],"wp:featuredmedia":[{"embeddable":true,"href":"https:\/\/recherches-autochtones.org\/site\/wp-json\/wp\/v2\/media\/7793"}],"wp:attachment":[{"href":"https:\/\/recherches-autochtones.org\/site\/wp-json\/wp\/v2\/media?parent=7800"}],"wp:term":[{"taxonomy":"product_brand","embeddable":true,"href":"https:\/\/recherches-autochtones.org\/site\/wp-json\/wp\/v2\/product_brand?post=7800"},{"taxonomy":"product_cat","embeddable":true,"href":"https:\/\/recherches-autochtones.org\/site\/wp-json\/wp\/v2\/product_cat?post=7800"},{"taxonomy":"product_tag","embeddable":true,"href":"https:\/\/recherches-autochtones.org\/site\/wp-json\/wp\/v2\/product_tag?post=7800"}],"curies":[{"name":"wp","href":"https:\/\/api.w.org\/{rel}","templated":true}]}}