{"id":7279,"date":"2020-12-12T15:44:16","date_gmt":"2020-12-12T20:44:16","guid":{"rendered":"https:\/\/recherches-autochtones.org\/site\/?post_type=product&#038;p=7279"},"modified":"2026-03-08T12:59:54","modified_gmt":"2026-03-08T16:59:54","slug":"kruger-2-un-site-du-paleoindien-recent-a-brompton","status":"publish","type":"product","link":"https:\/\/recherches-autochtones.org\/site\/produit\/kruger-2-un-site-du-paleoindien-recent-a-brompton\/","title":{"rendered":"Kruger 2 : un site du Pal\u00e9oindien r\u00e9cent \u00e0 Brompton"},"content":{"rendered":"<p><strong>Table des mati\u00e8res<\/strong><\/p>\n<div class=\"page\" title=\"Page 5\">\n<div class=\"section\">\n<div class=\"layoutArea\">\n<div class=\"column\">\n<p>Liste des figures<br \/>\nListe des tableaux<br \/>\nUn mot du Grand Conseil de la Nation Waban-Aki<\/p>\n<p>Avant-propos et remerciements<br \/>\n\u00c9ric Graillon et Claude Chapdelaine<\/p>\n<p>Les auteurs du livre sur le site Kruger<\/p>\n<p>Introduction<br \/>\nClaude Chapdelaine et \u00c9ric Graillon<\/p>\n<p>Le cadre naturel des Appalaches nordiques durant le Pal\u00e9oindien<br \/>\nPierre J.H. Richard<\/p>\n<p>Description du site Kruger 2 : un camp de base au pied des chutes<br \/>\n\u00c9ric Graillon et Claude Chapdelaine<\/p>\n<p>La pr\u00e9sence de smectite dans le sol et l\u2019identification de foyers pal\u00e9oindiens<br \/>\nFran\u00e7ois Courchesne<\/p>\n<p>La culture mat\u00e9rielle : les outils<br \/>\nClaude Chapdelaine<\/p>\n<p>La morphom\u00e9trie g\u00e9om\u00e9trique et son application sur Kruger 2<br \/>\nJolyane Saule<\/p>\n<p>Le d\u00e9bitage de Kruger 2: une analyse exploratoire<br \/>\nLise Boisvert, Jolyane Saule, Jean-Christophe Ouellet, \u00c9ric Chalifoux et Claude Chapdelaine<\/p>\n<p>La gestion des mati\u00e8res premi\u00e8res lithiques par les Pal\u00e9oindiens r\u00e9cents de Kruger 2<br \/>\nAdrian L. Burke<\/p>\n<p>Il y a 10 000 ans, des histoires de chasse et de p\u00eache au site pal\u00e9oindien Kruger 2<br \/>\nClaire St-Germain, Michelle Courtemanche et Christian Gates St-Pierre<\/p>\n<p>Datation par le radiocarbone des restes osseux calcin\u00e9s : une premi\u00e8re tentative au Qu\u00e9bec sur les carbonates de\u00a0calcium<br \/>\nAdelphine Bonneau et Ruth Ann Armitage<\/p>\n<\/div>\n<\/div>\n<\/div>\n<\/div>\n<div class=\"page\" title=\"Page 6\">\n<div class=\"section\">\n<div class=\"layoutArea\">\n<div class=\"column\">\n<p>La datation par luminescence de roches chauff\u00e9es provenant du site arch\u00e9ologique Kruger 2 \u00e0 Brompton, Qu\u00e9bec<br \/>\nLaurence Forget Brisson, Fran\u00e7ois Hardy, Michel Lamothe et Claude Chapdelaine<\/p>\n<p>L\u2019organisation spatiale<br \/>\nClaude Chapdelaine et Jolyane Saule<\/p>\n<p>Conclusion. La place du site Kruger 2 au Pal\u00e9oindien r\u00e9cent dans le Nord-Est de l\u2019Am\u00e9rique du Nord<br \/>\nClaude Chapdelaine<\/p>\n<p>&nbsp;<\/p>\n<\/div>\n<\/div>\n<\/div>\n<\/div>\n","protected":false},"excerpt":{"rendered":"<p><b>Kruger 2 : un site du Pal\u00e9oindien r\u00e9cent \u00e0 Brompton<br \/>\n<\/b>Textes r\u00e9unis sous la direction de Claude Chapdelaine et d&rsquo;\u00c9ric Graillon<\/p>\n<div class=\"page\" title=\"Page 1\">\n<div class=\"section\">\n<div class=\"layoutArea\">\n<div class=\"column\">\n<p>Situ\u00e9 sur la rive droite de la rivi\u00e8re Saint-Fran\u00e7ois en aval d\u2019une s\u00e9rie de petites chutes, le site Kruger 2 occupe une pointe rocheuse. La fouille d\u2019une centaine de m\u00e8tres carr\u00e9s entre 2013 et 2018 a permis de mettre au jour des pointes et des forets typiques du Pal\u00e9oindien r\u00e9cent et d\u2019attribuer un \u00e2ge de 9000 \u00e0 9500 ans. Les groupes humains ont am\u00e9nag\u00e9 au moins trois structures de foyers, travaill\u00e9 diverses pierres, certaines provenant du Maine et du Vermont et d\u2019autres locales. Ils se sont nourris de castors, de rats musqu\u00e9s, de marmottes et de cervid\u00e9s. Ils ont aussi attrap\u00e9 des tortues et des oiseaux tout en exploitant les poissons dont l\u2019esturgeon et le brochet. L\u2019importance de ce site exigeait une attention pluridisciplinaire. L\u2019apport des disciplines suivantes est pr\u00e9sent\u00e9 dans diff\u00e9rents chapitres : palynologie, p\u00e9dologie, arch\u00e9ologie, morphom\u00e9trie g\u00e9om\u00e9trique, g\u00e9oarch\u00e9ologie, zooarch\u00e9ologie, datation au carbone quatorze, datation par luminescence optique et analyse spatiale des vestiges culturels.<\/p>\n<\/div>\n<\/div>\n<\/div>\n<\/div>\n<p><strong>Auteurs et\u00a0autrices\u00a0:<\/strong> Ruth Ann Armitage,\u00a0Lise Boisvert, Adelphine Bonneau, Adrian L. Burke, \u00c9ric Chalifoux, Claude Chapdelaine, Fran\u00e7ois Courchesne, Michelle Courtemanche, Laurence Forget Brisson, Christian Gates St-Pierre, \u00c9ric Graillon, Fran\u00e7ois Hardy, Michel Lamothe, Jean-Christophe Ouellet, Pierre J.H. Richard, Jolyane Saule,\u00a0Claire St-Germain<\/p>\n<p>2020 \u2022 306 pages<br \/>\n<strong>ISBN (imprim\u00e9) :\u00a0<\/strong>978-2-920366-54-1<br \/>\n<strong>ISBN (pdf) :\u00a0<\/strong>978-2-920366-55-8<\/p>\n<p><a href=\"https:\/\/recherches-autochtones.org\/site\/produit\/kruger-2-un-site-du-paleoindien-recent-a-brompton-version-pdf\/\"><strong>Version PDF<\/strong><\/a><\/p>\n","protected":false},"featured_media":7280,"comment_status":"closed","ping_status":"closed","template":"","meta":{"_EventAllDay":false,"_EventTimezone":"","_EventStartDate":"","_EventEndDate":"","_EventStartDateUTC":"","_EventEndDateUTC":"","_EventShowMap":false,"_EventShowMapLink":false,"_EventURL":"","_EventCost":"","_EventCostDescription":"","_EventCurrencySymbol":"","_EventCurrencyCode":"","_EventCurrencyPosition":"","_EventDateTimeSeparator":"","_EventTimeRangeSeparator":"","_EventOrganizerID":[],"_EventVenueID":[],"_OrganizerEmail":"","_OrganizerPhone":"","_OrganizerWebsite":"","_VenueAddress":"","_VenueCity":"","_VenueCountry":"","_VenueProvince":"","_VenueState":"","_VenueZip":"","_VenuePhone":"","_VenueURL":"","_VenueStateProvince":"","_VenueLat":"","_VenueLng":"","_VenueShowMap":false,"_VenueShowMapLink":false},"product_brand":[],"product_cat":[24,47],"product_tag":[],"class_list":{"0":"post-7279","1":"product","2":"type-product","3":"status-publish","4":"has-post-thumbnail","6":"product_cat-paleo-quebec","7":"product_cat-papier","9":"first","10":"instock","11":"featured","12":"purchasable","13":"product-type-simple"},"_links":{"self":[{"href":"https:\/\/recherches-autochtones.org\/site\/wp-json\/wp\/v2\/product\/7279","targetHints":{"allow":["GET"]}}],"collection":[{"href":"https:\/\/recherches-autochtones.org\/site\/wp-json\/wp\/v2\/product"}],"about":[{"href":"https:\/\/recherches-autochtones.org\/site\/wp-json\/wp\/v2\/types\/product"}],"replies":[{"embeddable":true,"href":"https:\/\/recherches-autochtones.org\/site\/wp-json\/wp\/v2\/comments?post=7279"}],"wp:featuredmedia":[{"embeddable":true,"href":"https:\/\/recherches-autochtones.org\/site\/wp-json\/wp\/v2\/media\/7280"}],"wp:attachment":[{"href":"https:\/\/recherches-autochtones.org\/site\/wp-json\/wp\/v2\/media?parent=7279"}],"wp:term":[{"taxonomy":"product_brand","embeddable":true,"href":"https:\/\/recherches-autochtones.org\/site\/wp-json\/wp\/v2\/product_brand?post=7279"},{"taxonomy":"product_cat","embeddable":true,"href":"https:\/\/recherches-autochtones.org\/site\/wp-json\/wp\/v2\/product_cat?post=7279"},{"taxonomy":"product_tag","embeddable":true,"href":"https:\/\/recherches-autochtones.org\/site\/wp-json\/wp\/v2\/product_tag?post=7279"}],"curies":[{"name":"wp","href":"https:\/\/api.w.org\/{rel}","templated":true}]}}