{"id":4778,"date":"2017-04-07T16:42:11","date_gmt":"2017-04-07T20:42:11","guid":{"rendered":"https:\/\/recherches-autochtones.org\/site\/?post_type=product&#038;p=4778"},"modified":"2024-05-29T08:57:56","modified_gmt":"2024-05-29T12:57:56","slug":"abonnement-volume-53","status":"publish","type":"product","link":"https:\/\/recherches-autochtones.org\/site\/produit\/abonnement-volume-53\/","title":{"rendered":"Abonnement volume 53"},"content":{"rendered":"<p><strong>*** Abonnement au volume 53 \u2013 format PAPIER ***<\/strong><\/p>\n<p>Offrez-vous un abonnement PAPIER \u00e0\u00a0<em>Revue d&rsquo;\u00e9tudes autochtones ET une adh\u00e9sion annuelle \u00e0 la Soci\u00e9t\u00e9 Recherches autochtones au Qu\u00e9bec<\/em><\/p>\n<p>Trois num\u00e9ros par ann\u00e9e.<\/p>\n<p>Frais de port et de manutention inclus dans le prix de l&rsquo;abonnement.<\/p>\n<p>&nbsp;<\/p>\n","protected":false},"excerpt":{"rendered":"<p><strong>*** Abonnement au volume 53 \u2013 format PAPIER ***<\/strong><\/p>\n<p>&nbsp;<\/p>\n","protected":false},"featured_media":5711,"comment_status":"closed","ping_status":"closed","template":"","meta":{"_EventAllDay":false,"_EventTimezone":"","_EventStartDate":"","_EventEndDate":"","_EventStartDateUTC":"","_EventEndDateUTC":"","_EventShowMap":false,"_EventShowMapLink":false,"_EventURL":"","_EventCost":"","_EventCostDescription":"","_EventCurrencySymbol":"","_EventCurrencyCode":"","_EventCurrencyPosition":"","_EventDateTimeSeparator":"","_EventTimeRangeSeparator":"","_EventOrganizerID":[],"_EventVenueID":[],"_OrganizerEmail":"","_OrganizerPhone":"","_OrganizerWebsite":"","_VenueAddress":"","_VenueCity":"","_VenueCountry":"","_VenueProvince":"","_VenueState":"","_VenueZip":"","_VenuePhone":"","_VenueURL":"","_VenueStateProvince":"","_VenueLat":"","_VenueLng":"","_VenueShowMap":false,"_VenueShowMapLink":false},"product_brand":[],"product_cat":[47,77],"product_tag":[],"class_list":{"0":"post-4778","1":"product","2":"type-product","3":"status-publish","4":"has-post-thumbnail","6":"product_cat-papier","7":"product_cat-revue-detudes-autochtones","9":"first","10":"instock","11":"shipping-taxable","12":"purchasable","13":"product-type-variable"},"_links":{"self":[{"href":"https:\/\/recherches-autochtones.org\/site\/wp-json\/wp\/v2\/product\/4778","targetHints":{"allow":["GET"]}}],"collection":[{"href":"https:\/\/recherches-autochtones.org\/site\/wp-json\/wp\/v2\/product"}],"about":[{"href":"https:\/\/recherches-autochtones.org\/site\/wp-json\/wp\/v2\/types\/product"}],"replies":[{"embeddable":true,"href":"https:\/\/recherches-autochtones.org\/site\/wp-json\/wp\/v2\/comments?post=4778"}],"wp:featuredmedia":[{"embeddable":true,"href":"https:\/\/recherches-autochtones.org\/site\/wp-json\/wp\/v2\/media\/5711"}],"wp:attachment":[{"href":"https:\/\/recherches-autochtones.org\/site\/wp-json\/wp\/v2\/media?parent=4778"}],"wp:term":[{"taxonomy":"product_brand","embeddable":true,"href":"https:\/\/recherches-autochtones.org\/site\/wp-json\/wp\/v2\/product_brand?post=4778"},{"taxonomy":"product_cat","embeddable":true,"href":"https:\/\/recherches-autochtones.org\/site\/wp-json\/wp\/v2\/product_cat?post=4778"},{"taxonomy":"product_tag","embeddable":true,"href":"https:\/\/recherches-autochtones.org\/site\/wp-json\/wp\/v2\/product_tag?post=4778"}],"curies":[{"name":"wp","href":"https:\/\/api.w.org\/{rel}","templated":true}]}}