{"id":4203,"date":"2016-10-18T17:00:18","date_gmt":"2016-10-18T21:00:18","guid":{"rendered":"https:\/\/recherches-autochtones.org\/site\/?post_type=product&#038;p=4203"},"modified":"2026-03-13T14:54:05","modified_gmt":"2026-03-13T18:54:05","slug":"lumieres-sous-la-ville","status":"publish","type":"product","link":"https:\/\/recherches-autochtones.org\/site\/produit\/lumieres-sous-la-ville\/","title":{"rendered":"Lumi\u00e8res sous la ville : quand l&rsquo;arch\u00e9ologie raconte Montr\u00e9al"},"content":{"rendered":"<p><strong>TABLE DES MATI\u00c8RES [extrait]<\/strong><\/p>\n<p><strong>Pr\u00e9sentation<\/strong><\/p>\n<p><strong>Une v\u00e9ritable \u00eele aux tr\u00e9sors<\/strong><\/p>\n<p><strong>Arch\u00e9ologie 101<\/strong><\/p>\n<p>Du\u00a0terrain au laboratoire<br \/>\n<em>D&rsquo;apr\u00e8s un texte de Claire Mousseau <\/em><\/p>\n<p><strong>Montr\u00e9al, l\u2019am\u00e9rindienne<\/strong><\/p>\n<div class=\"page\" title=\"Page 1\">\n<div class=\"section\">\n<div class=\"layoutArea\">\n<div class=\"column\">\n<p>Montr\u00e9al avant l\u2019histoire<br \/>\n<em>Norman Clermont<\/em><\/p>\n<div class=\"page\" title=\"Page 1\">\n<div class=\"section\">\n<div class=\"layoutArea\">\n<div class=\"column\">\n<p>L\u2019\u00eele avant la ville : la pr\u00e9sence am\u00e9rindienne<br \/>\n<em>Karine Tach\u00e9 et Roland Tremblay<\/em><\/p>\n<div class=\"page\" title=\"Page 1\">\n<div class=\"section\">\n<div class=\"layoutArea\">\n<div class=\"column\">\n<p>Une carri\u00e8re pr\u00e9historique sur le mont Royal<br \/>\n<em>Christian Gates St-Pierre et Adrian L. Burke<\/em><\/p>\n<p>Des s\u00e9pultures am\u00e9rindiennes<br \/>\n<em>Robert Larocque<\/em><\/p>\n<p>Entre fleuve et montagne : Hochelaga<br \/>\n<em>Christian Gates St-Pierre<\/em><\/p>\n<div class=\"page\" title=\"Page 1\">\n<div class=\"section\">\n<div class=\"layoutArea\">\n<div class=\"column\">\n<p>Par monts, par vaux&#8230; et par ruisseaux<br \/>\n<em>Jean Poirier<\/em><\/p>\n<\/div>\n<\/div>\n<\/div>\n<\/div>\n<\/div>\n<\/div>\n<\/div>\n<\/div>\n<\/div>\n<\/div>\n<\/div>\n<\/div>\n<\/div>\n<\/div>\n<\/div>\n<\/div>\n<p><strong>Montr\u00e9al, la fran\u00e7aise<\/strong><\/p>\n<div class=\"page\" title=\"Page 1\">\n<div class=\"section\">\n<div class=\"layoutArea\">\n<div class=\"column\">\n<p>Le fort de Ville-Marie, lieu de fondation de Montr\u00e9al<br \/>\n<em>Christian B\u00e9langer et Brad Loewen<\/em><\/p>\n<div class=\"page\" title=\"Page 1\">\n<div class=\"section\">\n<div class=\"layoutArea\">\n<div class=\"column\">\n<p>La place Royale : le c\u0153ur battant de Montr\u00e9al<br \/>\n<em>Louise Pothier<\/em><\/p>\n<div class=\"page\" title=\"Page 1\">\n<div class=\"section\">\n<div class=\"layoutArea\">\n<div class=\"column\">\n<p>Dans le jardin des sulpiciens, seigneurs de l\u2019\u00eele<br \/>\nPascale Vaillancourt<\/p>\n<\/div>\n<\/div>\n<\/div>\n<\/div>\n<div class=\"page\" title=\"Page 1\">\n<div class=\"section\">\n<div class=\"layoutArea\">\n<div class=\"column\">\n<div class=\"page\" title=\"Page 1\">\n<div class=\"section\">\n<div class=\"layoutArea\">\n<div class=\"column\">\n<p><!--more Vous voulez en savoir plus ?--><\/p>\n<p>Au s\u00e9minaire de Saint-Sulpice<br \/>\n<em>Anne-Marie Balac<\/em><\/p>\n<\/div>\n<\/div>\n<\/div>\n<\/div>\n<p>La premi\u00e8re \u00e9glise Notre-dame de Montr\u00e9al<br \/>\n<em>Mario Bergeron<\/em><\/p>\n<div class=\"page\" title=\"Page 1\">\n<div class=\"section\">\n<div class=\"layoutArea\">\n<div class=\"column\">\n<p>Un premier cimeti\u00e8re paroissial<br \/>\n<em>G\u00e9rard Gagn\u00e9<\/em><\/p>\n<\/div>\n<\/div>\n<\/div>\n<\/div>\n<p>\u00c0 la traite des fourrures<br \/>\n<em>Laurence Johnson<\/em><\/p>\n<div class=\"page\" title=\"Page 1\">\n<div class=\"section\">\n<div class=\"layoutArea\">\n<div class=\"column\">\n<p>Entre les pays-d\u2019en-Haut et Montr\u00e9al : le lieu-dit Lachine<br \/>\n<em>Pascale Vaillancourt<\/em><\/p>\n<div class=\"page\" title=\"Page 1\">\n<div class=\"section\">\n<div class=\"layoutArea\">\n<div class=\"column\">\n<p>Au temps des missions<br \/>\n<em>Laurence Johnson<\/em><\/p>\n<div class=\"page\" title=\"Page 2\">\n<div class=\"section\">\n<div class=\"layoutArea\">\n<div class=\"column\">\n<p>Des forts et des fortins<br \/>\n<em>Martin Royer<\/em><\/p>\n<p>Une ville fortifi\u00e9e<br \/>\n<em>Christian B\u00e9langer<\/em><\/p>\n<div class=\"page\" title=\"Page 2\">\n<div class=\"section\">\n<div class=\"layoutArea\">\n<div class=\"column\">\n<p>Sous la chapelle Notre-dame-de-Bon-secours : une merveilleuse d\u00e9couverte<br \/>\n<em>Fran\u00e7ois V\u00e9ronneau<\/em><\/p>\n<div class=\"page\" title=\"Page 2\">\n<div class=\"section\">\n<div class=\"layoutArea\">\n<div class=\"column\">\n<p>Sous la place Jacques-Cartier : un beau ch\u00e2teau<br \/>\n<em>Anne-Marie Balac<\/em><\/p>\n<p>Au chant des ailes des moulins<br \/>\n<em>Martin Royer<\/em><\/p>\n<\/div>\n<\/div>\n<\/div>\n<\/div>\n<\/div>\n<\/div>\n<\/div>\n<\/div>\n<\/div>\n<\/div>\n<\/div>\n<\/div>\n<\/div>\n<\/div>\n<\/div>\n<\/div>\n<\/div>\n<\/div>\n<\/div>\n<\/div>\n<\/div>\n<\/div>\n<\/div>\n<\/div>\n<\/div>\n<\/div>\n<\/div>\n<\/div>\n<\/div>\n<\/div>\n<\/div>\n<\/div>\n<p><strong>Montr\u00e9al, la britannique et l\u2019industrielle<\/strong><\/p>\n<div class=\"page\" title=\"Page 2\">\n<div class=\"section\">\n<div class=\"layoutArea\">\n<div class=\"column\">\n<p>Au temps o\u00f9 l\u2019\u00eele Sainte-H\u00e9l\u00e8ne \u00e9tait militaire<br \/>\n<em>Martin Royer<\/em><\/p>\n<div class=\"page\" title=\"Page 2\">\n<div class=\"section\">\n<div class=\"layoutArea\">\n<div class=\"column\">\n<p>Histoires de famille dans le faubourg Qu\u00e9bec<br \/>\n<em>Mario Bergeron<\/em><\/p>\n<div class=\"page\" title=\"Page 2\">\n<div class=\"section\">\n<div class=\"layoutArea\">\n<div class=\"column\">\n<p>Un milieu ouvrier : le faubourg sainte-Marie<br \/>\n<em>Martin Royer<\/em><\/p>\n<div class=\"page\" title=\"Page 2\">\n<div class=\"section\">\n<div class=\"layoutArea\">\n<div class=\"column\">\n<p>L\u2019h\u00f4tel Rasco : un rendez-vous de la bourgeoisie<br \/>\n<em>Christian Roy<\/em><\/p>\n<p>Un march\u00e9 devenu parlement<br \/>\n<em>Francis Lamothe et Louise Pothier<\/em><\/p>\n<\/div>\n<\/div>\n<\/div>\n<\/div>\n<\/div>\n<\/div>\n<\/div>\n<\/div>\n<\/div>\n<\/div>\n<\/div>\n<\/div>\n<div class=\"page\" title=\"Page 2\">\n<div class=\"section\">\n<div class=\"layoutArea\">\n<div class=\"column\">\n<div class=\"page\" title=\"Page 2\">\n<div class=\"section\">\n<div class=\"layoutArea\">\n<div class=\"column\">\n<p>\u00c0 deux pas du port, la Royal insurance Company<br \/>\n<em>Louise Pothier<\/em><\/p>\n<p>Au Vieux-port de Montr\u00e9al<br \/>\n<em>Pauline Desjardins<\/em><\/p>\n<p>Au canal de Lachine<br \/>\n<em>Pauline Desjardins<\/em><\/p>\n<\/div>\n<\/div>\n<\/div>\n<\/div>\n<\/div>\n<\/div>\n<\/div>\n<\/div>\n<\/div>\n<\/div>\n<\/div>\n<\/div>\n<p><strong>L\u2019arch\u00e9ologie, science d\u2019avenir<\/strong><\/p>\n<div class=\"page\" title=\"Page 2\">\n<div class=\"section\">\n<div class=\"layoutArea\">\n<div class=\"column\">\n<p>Dans la caverne d\u2019Ali Baba<br \/>\n<em>Fran\u00e7ois C. B\u00e9langer<\/em><\/p>\n<div class=\"page\" title=\"Page 2\">\n<div class=\"section\">\n<div class=\"layoutArea\">\n<div class=\"column\">\n<div class=\"page\" title=\"Page 2\">\n<div class=\"section\">\n<div class=\"layoutArea\">\n<div class=\"column\">\n<p>L\u2019arch\u00e9ologie montr\u00e9alaise s\u2019expose !<br \/>\n<em>Sophie Limoges<\/em><\/p>\n<\/div>\n<\/div>\n<\/div>\n<\/div>\n<p>Quand chimie et physique m\u00e8nent l\u2019enqu\u00eate<br \/>\n<em>\u00c9ric Chalifoux<\/em><\/p>\n<\/div>\n<\/div>\n<\/div>\n<\/div>\n<\/div>\n<\/div>\n<\/div>\n<\/div>\n<p><strong>\u00c9pilogue<\/strong><\/p>\n<div class=\"page\" title=\"Page 2\">\n<div class=\"section\">\n<div class=\"layoutArea\">\n<div class=\"column\">\n<p>Le grand T\u00e9moin ou La gen\u00e8se du paysage laurentien<br \/>\n<em>Pierre J. H. Richard<\/em><\/p>\n<p>&nbsp;<\/p>\n<\/div>\n<\/div>\n<\/div>\n<\/div>\n","protected":false},"excerpt":{"rendered":"<p style=\"text-align: center;\"><strong>Laur\u00e9at\u00a0du\u00a0Prix de communication publique 2017<br \/>\n<\/strong><strong>de l&rsquo;Association canadienne d&rsquo;arch\u00e9ologie (ACA)<\/strong><\/p>\n<p><strong>Sous la direction de<br \/>\n<\/strong><strong>Anne-Marie Balac et Fran\u00e7ois C. B\u00e9langer (avec la collaboration d&rsquo;\u00c9ric Chalifoux)<\/strong><\/p>\n<p>Depuis une quarantaine d\u2019ann\u00e9es, des arch\u00e9ologues explorent le territoire montr\u00e9alais afin de mettre au jour les traces des populations d\u2019autrefois. Pour la premi\u00e8re fois, un ouvrage d\u2019envergure consacr\u00e9 enti\u00e8rement \u00e0 cette arch\u00e9ologie montr\u00e9alaise donne la parole \u00e0 celles et ceux qui la font au quotidien, un peu comme si nous visitions les chantiers de fouilles en leur compagnie.<\/p>\n<p>En textes accessibles et en images \u00e9loquentes, une longue et captivante histoire s\u2019y raconte, qui couvre plus de 4000 ans de pr\u00e9sence humaine allant de la pr\u00e9histoire am\u00e9rindienne \u00e0 la p\u00e9riode industrielle, en passant par les r\u00e9gimes fran\u00e7ais et anglais.<\/p>\n<p>Cet ouvrage a \u00e9t\u00e9 financ\u00e9 par le minist\u00e8re de la Culture et des Communications et la Ville de Montr\u00e9al dans le cadre de l\u2019Entente sur le d\u00e9veloppement culturel de Montr\u00e9al.<\/p>\n<ul>\n<li><strong>Plus de 4000 ans de pr\u00e9sence humaine<\/strong><\/li>\n<li><strong>Plus de 200 sites<\/strong><\/li>\n<li><strong>Des centaines de milliers d\u2019artefacts<\/strong><\/li>\n<li><strong>Pr\u00e8s de 40 auteurs<\/strong><\/li>\n<\/ul>\n<p><strong>Autre(s) collaborateur(s) :\u00a0<\/strong>Anne-Marie Balac, Christian B\u00e9langer, Fran\u00e7ois C. B\u00e9langer, Andr\u00e9 Bergeron, Mario Bergeron<sup>&#x271d;<\/sup>, Adrian L. Burke, Andr\u00e9 Burroughs, \u00c9ric Chalifoux, Norman Clermont, Michelle Courtemanche, Charles Dagneau, Pauline Desjardins, \u00c9milie Desrosiers, G\u00e9rard Gagn\u00e9, Christian Gates St-Pierre, Paul Girard, Fran\u00e7ois Grondin, Laurence Johnson, Claude Joyal, Annabelle Lalibert\u00e9, Francis Lamothe, Daniel Landry, Robert Larocque, Marie-Genevi\u00e8ve Lavergne, Sophie Limoges, Brad Loewen, Fanny Morland, Claire Mousseau<sup>&#x271d;<\/sup>, Jean Poirier<sup>&#x271d;<\/sup>, Louise Pothier, Isabelle Ribot, Pierre J. H. Richard, Christian Roy, Martin Royer, Claire St-Germain, Karine Tach\u00e9, Roland Tremblay, Pascale Vaillancourt, Fran\u00e7ois V\u00e9ronneau<\/p>\n<p>308 pages<br \/>\n<strong>ISBN\u00a0(papier)<\/strong> :\u00a0978-2-920366-39-8<br \/>\n<strong>ISBN (PDF)<\/strong> : 978-2-920366-40-4<br \/>\n<strong>ISBN (ePub)<\/strong> : 978-2-920366-45-9<\/p>\n<p><strong>Format PDF et ePub\u00a0: \u00a0 \u00a0\u00a0<a href=\"https:\/\/recherches-autochtones.org\/site\/produit\/lumieres-sous-la-ville-version-pdf\" target=\"_blank\" rel=\"noopener noreferrer\">RAQ<\/a>\u00a0\u00a0 | \u00a0\u00a0<a href=\"http:\/\/vitrine.entrepotnumerique.com\/resources\/9782920366459\" target=\"_blank\" rel=\"noopener noreferrer\">Entrep\u00f4t num\u00e9rique<\/a>\u00a0\u00a0 | \u00a0\u00a0<a href=\"http:\/\/www.leslibraires.ca\/livres\/lumieres-sous-la-ville-quand-l-9782920366398.html\" target=\"_blank\" rel=\"noopener noreferrer\">Leslibraires.ca<\/a>\u00a0\u00a0 | \u00a0\u00a0<a href=\"https:\/\/itunes.apple.com\/ca\/book\/lumieres-sous-la-ville\/id1184769309?l=fr&amp;mt=11\" target=\"_blank\" rel=\"noopener noreferrer\">iBook Store (Apple)<\/a>\u00a0\u00a0\u00a0<\/strong><b>| \u00a0\u00a0<a href=\"http:\/\/www.renaud-bray.com\/Livres_Produit.aspx?id=2124398&amp;def=Lumi\u00e8res+sous+la+ville+%3a+quand+l%27arch\u00e9ologie+raconte+Montr\u00e9al%2cBALAC%2c+ANNE-MARIE+%26+AL%2c9782920366459\" target=\"_blank\" rel=\"noopener noreferrer\">Renaud-Bray<\/a>\u00a0\u00a0 | \u00a0\u00a0<a href=\"http:\/\/www.coopsco.com\/fr\/service.prt?svcid=CO_CATALOG_MAST1&amp;page=productDetail.jsp&amp;id=658934\" target=\"_blank\" rel=\"noopener noreferrer\">COOPSCO<\/a><\/b><\/p>\n","protected":false},"featured_media":4205,"comment_status":"closed","ping_status":"closed","template":"","meta":{"_EventAllDay":false,"_EventTimezone":"","_EventStartDate":"","_EventEndDate":"","_EventStartDateUTC":"","_EventEndDateUTC":"","_EventShowMap":false,"_EventShowMapLink":false,"_EventURL":"","_EventCost":"","_EventCostDescription":"","_EventCurrencySymbol":"","_EventCurrencyCode":"","_EventCurrencyPosition":"","_EventDateTimeSeparator":"","_EventTimeRangeSeparator":"","_EventOrganizerID":[],"_EventVenueID":[],"_OrganizerEmail":"","_OrganizerPhone":"","_OrganizerWebsite":"","_VenueAddress":"","_VenueCity":"","_VenueCountry":"","_VenueProvince":"","_VenueState":"","_VenueZip":"","_VenuePhone":"","_VenueURL":"","_VenueStateProvince":"","_VenueLat":"","_VenueLng":"","_VenueShowMap":false,"_VenueShowMapLink":false},"product_brand":[],"product_cat":[47,25],"product_tag":[],"class_list":{"0":"post-4203","1":"product","2":"type-product","3":"status-publish","4":"has-post-thumbnail","6":"product_cat-papier","7":"product_cat-signes-des-ameriques","8":"product_shipping_class-products","10":"first","11":"instock","12":"shipping-taxable","13":"purchasable","14":"product-type-simple"},"_links":{"self":[{"href":"https:\/\/recherches-autochtones.org\/site\/wp-json\/wp\/v2\/product\/4203","targetHints":{"allow":["GET"]}}],"collection":[{"href":"https:\/\/recherches-autochtones.org\/site\/wp-json\/wp\/v2\/product"}],"about":[{"href":"https:\/\/recherches-autochtones.org\/site\/wp-json\/wp\/v2\/types\/product"}],"replies":[{"embeddable":true,"href":"https:\/\/recherches-autochtones.org\/site\/wp-json\/wp\/v2\/comments?post=4203"}],"wp:featuredmedia":[{"embeddable":true,"href":"https:\/\/recherches-autochtones.org\/site\/wp-json\/wp\/v2\/media\/4205"}],"wp:attachment":[{"href":"https:\/\/recherches-autochtones.org\/site\/wp-json\/wp\/v2\/media?parent=4203"}],"wp:term":[{"taxonomy":"product_brand","embeddable":true,"href":"https:\/\/recherches-autochtones.org\/site\/wp-json\/wp\/v2\/product_brand?post=4203"},{"taxonomy":"product_cat","embeddable":true,"href":"https:\/\/recherches-autochtones.org\/site\/wp-json\/wp\/v2\/product_cat?post=4203"},{"taxonomy":"product_tag","embeddable":true,"href":"https:\/\/recherches-autochtones.org\/site\/wp-json\/wp\/v2\/product_tag?post=4203"}],"curies":[{"name":"wp","href":"https:\/\/api.w.org\/{rel}","templated":true}]}}