{"id":1767,"date":"2007-03-17T14:17:38","date_gmt":"2007-03-17T18:17:38","guid":{"rendered":"https:\/\/recherches-autochtones.org\/site\/produit\/entre-lacs-et-montagnes-au-meganticois-12-000-ans-dhistoire-amerindienne-version-pdf-2007"},"modified":"2019-02-20T12:25:20","modified_gmt":"2019-02-20T17:25:20","slug":"entre-lacs-et-montagnes-au-meganticois-12-000-ans-dhistoire-amerindienne-version-pdf-2007","status":"publish","type":"product","link":"https:\/\/recherches-autochtones.org\/site\/produit\/entre-lacs-et-montagnes-au-meganticois-12-000-ans-dhistoire-amerindienne-version-pdf-2007\/","title":{"rendered":"Entre lacs et montagnes au M\u00e9ganticois : 12 000 ans d&rsquo;histoire am\u00e9rindienne &#8211; version pdf"},"content":{"rendered":"<p>Avant-propos<br \/>\nClaude Chapdelaine<\/p>\n<p>Six ann\u00e9es de recherche au M\u00e9ganticois<br \/>\nClaude Chapdelaine<\/p>\n<p>Le paysage tardiglaciaire du \u00ab Grand M\u00e9ganticois \u00bb : \u00e9tat des connaissances<br \/>\nPierre J. H. Richard<\/p>\n<p>Cliche-Rancourt, un site du Pal\u00e9oindien ancien<br \/>\nClaude Chapdelaine<\/p>\n<p>La chronologie par luminescence optique (IRSL) des feldspaths du site Cliche-Rancourt<br \/>\nMichel Lamothe<\/p>\n<p>Sur une belle terrasse face au marais : le site Gros-Bouleau<br \/>\nPierre Corbeil<\/p>\n<p>Le site du Chalet, un espace de vie complexe<br \/>\nClaude Chapdelaine et Simon Beaulieu<\/p>\n<p>Palethnographie du site Nebessis (BiEr-03), une occupation pr\u00e9historique sur la berge du lac aux Araign\u00e9es<br \/>\nViolette Vidal<\/p>\n<p>L\u2019\u00e9conomie des mati\u00e8res premi\u00e8res lithiques en Estrie : la perspective g\u00e9oarch\u00e9ologique<br \/>\nAdrian L. Burke<\/p>\n<p>Le r\u00e9seau des cherts au M\u00e9ganticois<br \/>\nMyriam Letendre<\/p>\n<p>L\u2019origine de la c\u00e9ramique du M\u00e9ganticois \u00e0 l\u2019aide de l\u2019activation neutronique<br \/>\nClaude Chapdelaine et Greg Kennedy<\/p>\n<p>Les t\u00e9moins historiques, la t\u00eate du lac M\u00e9gantic au temps de la navigation \u00e0 vapeur, 1880-1930<br \/>\nBrad Loewen et Fr\u00e9d\u00e9ric Simard<\/p>\n<p>Perspectives et prospectives<br \/>\nClaude Chapdelaine<\/p>\n<p>&nbsp;<\/p>\n","protected":false},"excerpt":{"rendered":"<p>Il\u00a0faut souligner l&rsquo;importance de l&rsquo;\u00c9cole de fouilles du D\u00e9partement d&rsquo;anthropologie de l&rsquo;Universit\u00e9 de Montr\u00e9al dans la r\u00e9alisation de cette synth\u00e8se sur les 12 000 ans d&rsquo;histoire am\u00e9rindienne au M\u00e9ganticois. Sans cet outil p\u00e9dagogique permettant l&rsquo;initiation arch\u00e9ologique de stagiaires s\u00e9lectionn\u00e9s pour leur qualit\u00e9 acad\u00e9mique, nous ne pourrions pas pr\u00e9senter ici une premi\u00e8re synth\u00e8se des six premi\u00e8res saisons de fouilles au M\u00e9ganticois. Pendant ces six ann\u00e9es, un total de 538 m\u00e8tres carr\u00e9s furent fouill\u00e9s. La culture mat\u00e9rielle recueillie se compose de 1299 outils lithiques, de 88 975 \u00e9clats de d\u00e9bitage, de 40 247 os, de quelques centainesde fragments de poterie ainsi que de centaines d&rsquo;objets eurocanadiens des dix-neuvi\u00e8me et vingti\u00e8me si\u00e8cle. Les lecteurs pourront constater en lisant le chapitre sur le premier v\u00e9ritable site du Pal\u00e9oindien ancien, que nous avons baptis\u00e9 Cliche-Rancourt en l&rsquo;honneur des propri\u00e9taires, que m\u00eame en arch\u00e9ologie les r\u00eaves peuvent se r\u00e9aliser. Ce bapt\u00eame a eu lieu \u00e0 l&rsquo;automne 2002 bien avant de d\u00e9couvrir les premi\u00e8res pointes \u00e0 cannelure en 2003. Le nom choisi pour d\u00e9signer le plus vieux site du Qu\u00e9bec rend ainsi hommage non seulement \u00e0 Jean Cliche et \u00e0 Catherine Rancourt pour leurs efforts de sauvetage de sites partiellement ou totalement d\u00e9truits par l&rsquo;\u00e9rosion des berges des plans d&rsquo;eau de la r\u00e9gion des Trois-Lacs, mais aussi pour leur g\u00e9n\u00e9reuse implication dans la bonne marche de l&rsquo;\u00c9cole de fouilles qui se d\u00e9roule principalement sur leurs terres depuis 2003. Dans cet ouvrage portant sur la synth\u00e8se des connaissances acquises depuis les premiers coups de truelles des stagiaires de l&rsquo;Universit\u00e9 de Montr\u00e9al \u00e0 l&rsquo;\u00e9t\u00e9 2001, plusieurs chercheurs se sont joints \u00e0 nous pour mener les recherches. Nous comptons ainsi sur la participation active de Pierre J.H.Richard, palynologue de formation, du D\u00e9partement de g\u00e9ographie, de Michel Lamothe, g\u00e9ologue et directeur du laboratoire de luminescence optique de l&rsquo;UQAM, de Greg Kennedy, physicien nucl\u00e9aire, de l&rsquo;\u00c9cole Polytechnique, de mes coll\u00e8gues Adrian L. Burke et Brad Loewen du D\u00e9partement d&rsquo;anthropologie, de Pierre Corbeil, professionnel en arch\u00e9ologie et co-directeur de l&rsquo;\u00c9cole de fouilles, ainsi que des \u00e9tudiants dipl\u00f4m\u00e9s Violette Vidal, Myriam Letendre, Simon Beaulieu et Fr\u00e9d\u00e9ric Simard.<\/p>\n<p><strong>Auteur(s) : <\/strong>Claude Chapdelaine (sous la direction de)<br \/>\n<strong>Autre(s) collaborateur(s) : <\/strong>Simon Beaulieu, Adrian L. Burke, Pierre Corbeil, Greg Kennedy, Michel Lamothe, Myriam Letendre, Brad Loewen, Pierre J.H. Richard, Fr\u00e9d\u00e9ric Simard, Violette Vidal<\/p>\n<p>384 pages<br \/>\n<strong>ISBN\/ISSN\u00a0:\u00a0<\/strong>978-2-920366-34-3<\/p>\n","protected":false},"featured_media":3484,"comment_status":"closed","ping_status":"closed","template":"","meta":{"_EventAllDay":false,"_EventTimezone":"","_EventStartDate":"","_EventEndDate":"","_EventStartDateUTC":"","_EventEndDateUTC":"","_EventShowMap":false,"_EventShowMapLink":false,"_EventURL":"","_EventCost":"","_EventCostDescription":"","_EventCurrencySymbol":"","_EventCurrencyCode":"","_EventCurrencyPosition":"","_EventDateTimeSeparator":"","_EventTimeRangeSeparator":"","_EventOrganizerID":[],"_EventVenueID":[],"_OrganizerEmail":"","_OrganizerPhone":"","_OrganizerWebsite":"","_VenueAddress":"","_VenueCity":"","_VenueCountry":"","_VenueProvince":"","_VenueState":"","_VenueZip":"","_VenuePhone":"","_VenueURL":"","_VenueStateProvince":"","_VenueLat":"","_VenueLng":"","_VenueShowMap":false,"_VenueShowMapLink":false},"product_brand":[],"product_cat":[24,48],"product_tag":[],"class_list":{"0":"post-1767","1":"product","2":"type-product","3":"status-publish","4":"has-post-thumbnail","6":"product_cat-paleo-quebec","7":"product_cat-pdf","9":"first","10":"instock","11":"downloadable","12":"virtual","13":"sold-individually","14":"purchasable","15":"product-type-simple"},"_links":{"self":[{"href":"https:\/\/recherches-autochtones.org\/site\/wp-json\/wp\/v2\/product\/1767","targetHints":{"allow":["GET"]}}],"collection":[{"href":"https:\/\/recherches-autochtones.org\/site\/wp-json\/wp\/v2\/product"}],"about":[{"href":"https:\/\/recherches-autochtones.org\/site\/wp-json\/wp\/v2\/types\/product"}],"replies":[{"embeddable":true,"href":"https:\/\/recherches-autochtones.org\/site\/wp-json\/wp\/v2\/comments?post=1767"}],"wp:featuredmedia":[{"embeddable":true,"href":"https:\/\/recherches-autochtones.org\/site\/wp-json\/wp\/v2\/media\/3484"}],"wp:attachment":[{"href":"https:\/\/recherches-autochtones.org\/site\/wp-json\/wp\/v2\/media?parent=1767"}],"wp:term":[{"taxonomy":"product_brand","embeddable":true,"href":"https:\/\/recherches-autochtones.org\/site\/wp-json\/wp\/v2\/product_brand?post=1767"},{"taxonomy":"product_cat","embeddable":true,"href":"https:\/\/recherches-autochtones.org\/site\/wp-json\/wp\/v2\/product_cat?post=1767"},{"taxonomy":"product_tag","embeddable":true,"href":"https:\/\/recherches-autochtones.org\/site\/wp-json\/wp\/v2\/product_tag?post=1767"}],"curies":[{"name":"wp","href":"https:\/\/api.w.org\/{rel}","templated":true}]}}