{"id":1739,"date":"1974-09-17T14:11:36","date_gmt":"1974-09-17T18:11:36","guid":{"rendered":"https:\/\/recherches-autochtones.org\/site\/produit\/the-fort-abitibi-mystery-version-pdf-1974"},"modified":"2025-06-20T11:19:50","modified_gmt":"2025-06-20T15:19:50","slug":"the-fort-abitibi-mystery-version-pdf-1974","status":"publish","type":"product","link":"https:\/\/recherches-autochtones.org\/site\/produit\/the-fort-abitibi-mystery-version-pdf-1974\/","title":{"rendered":"The Fort Abitibi Mystery &#8211; version pdf"},"content":{"rendered":"<p>Pr\u00e9face<br \/>\nJean Hamelin<\/p>\n<p>R\u00e9sum\u00e9 \/ Abstrait<br \/>\nAcknowledgments<br \/>\nIntroduction<br \/>\nThe Fur Trade<br \/>\nThe Search for the Fort Site<br \/>\nArtifacts<br \/>\nThe Pictorial Record<br \/>\nConclusions<br \/>\nReferences<br \/>\nIndex<\/p>\n<p><strong>Auteur(s) : <\/strong>Thomas E. Lee<br \/>\n<strong>Autre(s) collaborateur(s) : <\/strong>Pr\u00e9face par Jean Hamelin<\/p>\n<p>172 pages<br \/>\n<strong style=\"font-size: 16px; line-height: 1.5;\">ISBN\/ISSN\u00a0:\u00a0<\/strong>0-889284-0-16<\/p>\n<p>&nbsp;<\/p>\n","protected":false},"excerpt":{"rendered":"<p>Sous la commandite de la Soci\u00e9t\u00e9 d\u2019historie et d\u2019arch\u00e9ologie de l\u2019Abitibi et du Centre d\u2019\u00c9tudes nordiques (CEN), des fouilles ont \u00e9t\u00e9 men\u00e9es au cours de l\u2019\u00e9t\u00e9 1971 au lac Abitibi, pr\u00e8s de l\u2019embouchure de la rivi\u00e8re Duparquet. L\u2019objectif principal de ces fouilles \u00e9tait de localiser l\u2019emplacement du fort du chevalier de Troyes datant de 1686. Les fouilles ont permis de localiser le lieu o\u00f9 le Chevalier de Troyes a camp\u00e9 durant la construction du fort mais les \u00e9vidences concernant le fort lui-m\u00eame restent peu loquaces. Les fouilles ont m\u00eame permis de localiser un site pr\u00e9historique et l\u2019identification de l\u2019\u00e9tablissement dit de Pano ou du Colporteur (Pedlar\u2019s Settlement du XVIIIe si\u00e8cle) et de l\u2019\u00e9tablissement de Bignell (XIXe si\u00e8cle).<\/p>\n","protected":false},"featured_media":3444,"comment_status":"closed","ping_status":"closed","template":"","meta":{"_EventAllDay":false,"_EventTimezone":"","_EventStartDate":"","_EventEndDate":"","_EventStartDateUTC":"","_EventEndDateUTC":"","_EventShowMap":false,"_EventShowMapLink":false,"_EventURL":"","_EventCost":"","_EventCostDescription":"","_EventCurrencySymbol":"","_EventCurrencyCode":"","_EventCurrencyPosition":"","_EventDateTimeSeparator":"","_EventTimeRangeSeparator":"","_EventOrganizerID":[],"_EventVenueID":[],"_OrganizerEmail":"","_OrganizerPhone":"","_OrganizerWebsite":"","_VenueAddress":"","_VenueCity":"","_VenueCountry":"","_VenueProvince":"","_VenueState":"","_VenueZip":"","_VenuePhone":"","_VenueURL":"","_VenueStateProvince":"","_VenueLat":"","_VenueLng":"","_VenueShowMap":false,"_VenueShowMapLink":false},"product_brand":[],"product_cat":[24,48],"product_tag":[],"class_list":{"0":"post-1739","1":"product","2":"type-product","3":"status-publish","4":"has-post-thumbnail","6":"product_cat-paleo-quebec","7":"product_cat-pdf","9":"first","10":"instock","11":"downloadable","12":"virtual","13":"purchasable","14":"product-type-simple"},"_links":{"self":[{"href":"https:\/\/recherches-autochtones.org\/site\/wp-json\/wp\/v2\/product\/1739","targetHints":{"allow":["GET"]}}],"collection":[{"href":"https:\/\/recherches-autochtones.org\/site\/wp-json\/wp\/v2\/product"}],"about":[{"href":"https:\/\/recherches-autochtones.org\/site\/wp-json\/wp\/v2\/types\/product"}],"replies":[{"embeddable":true,"href":"https:\/\/recherches-autochtones.org\/site\/wp-json\/wp\/v2\/comments?post=1739"}],"wp:featuredmedia":[{"embeddable":true,"href":"https:\/\/recherches-autochtones.org\/site\/wp-json\/wp\/v2\/media\/3444"}],"wp:attachment":[{"href":"https:\/\/recherches-autochtones.org\/site\/wp-json\/wp\/v2\/media?parent=1739"}],"wp:term":[{"taxonomy":"product_brand","embeddable":true,"href":"https:\/\/recherches-autochtones.org\/site\/wp-json\/wp\/v2\/product_brand?post=1739"},{"taxonomy":"product_cat","embeddable":true,"href":"https:\/\/recherches-autochtones.org\/site\/wp-json\/wp\/v2\/product_cat?post=1739"},{"taxonomy":"product_tag","embeddable":true,"href":"https:\/\/recherches-autochtones.org\/site\/wp-json\/wp\/v2\/product_tag?post=1739"}],"curies":[{"name":"wp","href":"https:\/\/api.w.org\/{rel}","templated":true}]}}