{"id":1738,"date":"1974-07-17T14:11:36","date_gmt":"1974-07-17T18:11:36","guid":{"rendered":"https:\/\/recherches-autochtones.org\/site\/produit\/archeologie-du-nouveau-quebec-sepultures-et-squelettes-de-lungava-version-pdf-1974"},"modified":"2025-06-20T11:19:26","modified_gmt":"2025-06-20T15:19:26","slug":"archeologie-du-nouveau-quebec-sepultures-et-squelettes-de-lungava-version-pdf-1974","status":"publish","type":"product","link":"https:\/\/recherches-autochtones.org\/site\/produit\/archeologie-du-nouveau-quebec-sepultures-et-squelettes-de-lungava-version-pdf-1974\/","title":{"rendered":"Arch\u00e9ologie du Nouveau-Qu\u00e9bec : s\u00e9pultures et squelettes de l&rsquo;Ungava &#8211; version pdf"},"content":{"rendered":"<p>Pr\u00e9sentation<br \/>\nPatrick Plumet<\/p>\n<p>Les coutumes fun\u00e9raires des chasseurs de l\u2019Arctique<br \/>\nPatrick Plumet<\/p>\n<p>L\u2019occupation humaine dans l\u2019Ungava<br \/>\nPatrick Plumet<\/p>\n<p>\u00c9tude des s\u00e9pultures de l\u2019Ungava<br \/>\nPatrick Plumet<\/p>\n<p>\u00c9tude des squelettes de l\u2019Ungava<br \/>\nRaoul Hartweg<\/p>\n<p>Interpr\u00e9tations des donn\u00e9es arch\u00e9ologiques, ethnohistoriques, ethnologiques et anthropologiques concernant l\u2019Ungava<br \/>\nPatrick Plumet<\/p>\n<p>R\u00e9capitulation<br \/>\nSynopsis<br \/>\nBibliographie<\/p>\n<p><strong>Auteur(s) : <\/strong>Raoul Hartweg et Patrick Plumet<br \/>\n<strong>Autre(s) collaborateur(s) : <\/strong><\/p>\n<p>338 pages<br \/>\n<strong style=\"font-size: 16px; line-height: 1.5;\">ISBN\/ISSN\u00a0:\u00a0<\/strong>0-919818-0-13<\/p>\n<p>&nbsp;<\/p>\n","protected":false},"excerpt":{"rendered":"<p>Ce volume est consacr\u00e9 \u00e0 des s\u00e9pultures esquimaudes et aux vestiges humains pr\u00e9lev\u00e9s dans certaines d&rsquo;entre elles. Les s\u00e9pultures ont \u00e9t\u00e9 trouv\u00e9es au Nouveau-Qu\u00e9bec et dans les r\u00e9gions adjacentes: \u00eeles c\u00f4ti\u00e8res d\u00e9pendant des Territoires du Nord-Ouest et c\u00f4te nord duLabrador terreneuvien.<\/p>\n","protected":false},"featured_media":3443,"comment_status":"closed","ping_status":"closed","template":"","meta":{"_EventAllDay":false,"_EventTimezone":"","_EventStartDate":"","_EventEndDate":"","_EventStartDateUTC":"","_EventEndDateUTC":"","_EventShowMap":false,"_EventShowMapLink":false,"_EventURL":"","_EventCost":"","_EventCostDescription":"","_EventCurrencySymbol":"","_EventCurrencyCode":"","_EventCurrencyPosition":"","_EventDateTimeSeparator":"","_EventTimeRangeSeparator":"","_EventOrganizerID":[],"_EventVenueID":[],"_OrganizerEmail":"","_OrganizerPhone":"","_OrganizerWebsite":"","_VenueAddress":"","_VenueCity":"","_VenueCountry":"","_VenueProvince":"","_VenueState":"","_VenueZip":"","_VenuePhone":"","_VenueURL":"","_VenueStateProvince":"","_VenueLat":"","_VenueLng":"","_VenueShowMap":false,"_VenueShowMapLink":false},"product_brand":[],"product_cat":[24,48],"product_tag":[],"class_list":{"0":"post-1738","1":"product","2":"type-product","3":"status-publish","4":"has-post-thumbnail","6":"product_cat-paleo-quebec","7":"product_cat-pdf","9":"first","10":"instock","11":"downloadable","12":"virtual","13":"purchasable","14":"product-type-simple"},"_links":{"self":[{"href":"https:\/\/recherches-autochtones.org\/site\/wp-json\/wp\/v2\/product\/1738","targetHints":{"allow":["GET"]}}],"collection":[{"href":"https:\/\/recherches-autochtones.org\/site\/wp-json\/wp\/v2\/product"}],"about":[{"href":"https:\/\/recherches-autochtones.org\/site\/wp-json\/wp\/v2\/types\/product"}],"replies":[{"embeddable":true,"href":"https:\/\/recherches-autochtones.org\/site\/wp-json\/wp\/v2\/comments?post=1738"}],"wp:featuredmedia":[{"embeddable":true,"href":"https:\/\/recherches-autochtones.org\/site\/wp-json\/wp\/v2\/media\/3443"}],"wp:attachment":[{"href":"https:\/\/recherches-autochtones.org\/site\/wp-json\/wp\/v2\/media?parent=1738"}],"wp:term":[{"taxonomy":"product_brand","embeddable":true,"href":"https:\/\/recherches-autochtones.org\/site\/wp-json\/wp\/v2\/product_brand?post=1738"},{"taxonomy":"product_cat","embeddable":true,"href":"https:\/\/recherches-autochtones.org\/site\/wp-json\/wp\/v2\/product_cat?post=1738"},{"taxonomy":"product_tag","embeddable":true,"href":"https:\/\/recherches-autochtones.org\/site\/wp-json\/wp\/v2\/product_tag?post=1738"}],"curies":[{"name":"wp","href":"https:\/\/api.w.org\/{rel}","templated":true}]}}