{"id":1718,"date":"2014-01-17T14:11:36","date_gmt":"2014-01-17T19:11:36","guid":{"rendered":"https:\/\/recherches-autochtones.org\/site\/produit\/les-atikamekw-nehirowisiwok-territorialites-et-savoirs-version-pdf-2014"},"modified":"2020-01-15T15:51:49","modified_gmt":"2020-01-15T20:51:49","slug":"les-atikamekw-nehirowisiwok-territorialites-et-savoirs-version-pdf-2014","status":"publish","type":"product","link":"https:\/\/recherches-autochtones.org\/site\/produit\/les-atikamekw-nehirowisiwok-territorialites-et-savoirs-version-pdf-2014\/","title":{"rendered":"Les Atikamekw Nehirowisiwok. Territorialit\u00e9s et savoirs (2014, vol. 44, no. 1) &#8211; version pdf"},"content":{"rendered":"<p><strong>SOMMAIRE<\/strong><\/p>\n<p>PR\u00c9SENTATION<br \/>\nLes Atikamekw Nehirowisiwok : territorialit\u00e9s et savoirs<br \/>\nSylvie Poirier, Laurent J\u00e9r\u00f4me et la Soci\u00e9t\u00e9 d\u2019histoire atikamekw (Nehirowisiw Kitci Atisokan)<\/p>\n<p>Witamowikok, \u00ab dire \u00bb le territoire atikamekw nehirowisiw aujourd\u2019hui : territoires de l\u2019oralit\u00e9 et nouveaux m\u00e9dias autochtones<br \/>\nLaurent J\u00e9r\u00f4me et Vicky Veilleux<\/p>\n<p>La gouvernance territoriale contemporaine du Nitaskinan : tradition, adaptation et flexibilit\u00e9<br \/>\nNicolas Houde<\/p>\n<p>Cooptation et r\u00e9sistance dans la planification foresti\u00e8re concert\u00e9e au Qu\u00e9bec : le cas des Atikamekw Nehirowisiwok et des \u00ab tables GIRT \u00bb<br \/>\nJean-Fran\u00e7ois Fortier et Stephen Wyatt<\/p>\n<p>Nehirowisiw Kiskeritamowina : acquisition, utilisation et transmission de savoir-faire et de savoir-\u00eatre dans un monde de chasseurs<br \/>\nBenoit \u00c9thier<\/p>\n<p>L\u2019occupation contemporaine du Nitaskinan par les Nehirowisiwok de Wemotaci<br \/>\nStephen Wyatt et Yvon Chilton<\/p>\n<p>Atikamekw Kinokewin, \u00ab la m\u00e9moire vivante \u00bb : bilan d\u2019une recherche participative en milieu autochtone<br \/>\nSylvie Poirier<\/p>\n<p>PAROLES ET POINTS DE VUE ATIKAMEKW NEHIROWISIWOK<\/p>\n<p>Tapiskwan sipi (la rivi\u00e8re Saint-Maurice)<br \/>\nSoci\u00e9t\u00e9 d\u2019histoire atikamekw (Nehirowisiw Kitci Atisokan)<\/p>\n<p>PAROLES D&rsquo;A\u00ceN\u00c9S NEHIROWISIWOK<br \/>\n&#8211; Entretien avec Athanase Jacob (1907-1986), Manawan<br \/>\n&#8211; Entretien avec C\u00e9sar Newashish (1902-1994), Manawan<br \/>\n&#8211; Entretien avec Guillaume-Charles Weizineau (1929-2006), Opitciwan<\/p>\n<p>Construire notre avenir en misant sur notre h\u00e9ritage ancestral<br \/>\n\u00c9va Ottawa<\/p>\n<p>Entrevue avec Constant Awashish, Grand Chef du Conseil de la Nation atikamekw<br \/>\nPierre Trudel<\/p>\n<p>Gen\u00e8se atikamekw du Wapikoni mobile<br \/>\nManon Barbeau<\/p>\n<p>AUTRE ARTICLE<br \/>\nPropri\u00e9t\u00e9s et territoires autochtones en Nouvelle-France II \u2013 La gestion des districts de chasse<br \/>\nMichel Morin<\/p>\n<p>ACTUALIT\u00c9S<br \/>\nLe monde sociopolitique autochtone au Qu\u00e9bec, d&rsquo;avril \u00e0 octobre 2014<br \/>\nGenevi\u00e8ve Beaudet<\/p>\n<p>Entrevue avec Clifton Nicholas, cin\u00e9aste et militant mohawk<br \/>\nGenevi\u00e8ve Beaudet<\/p>\n<p>COMPTES RENDUS<br \/>\nAlain Beaulieu, St\u00e9phan Gervais et Martin Papillon (dir.) : Les Autochtones et le Qu\u00e9bec. Des premiers contacts au Plan Nord<br \/>\nPaul Wattez<\/p>\n<p>\u00c9ric Thierry : Samuel de Champlain \u2013 Espion en Am\u00e9rique 1598-1603<br \/>\nSt\u00e9phanie Courchesne<\/p>\n<p>Salvador Bernab\u00e9u, Christophe Giudicelli et Gilles Havard (dir.) : La Indianizaci\u03ccn : Cautivos, renegados, \u00ab hommes libres \u00bb y misioneros en los confines americanos (S. XVI-XIX)<br \/>\nJimena Marquez<\/p>\n<p>David Hackett Fischer : Le r\u00eave de Champlain, biographie<br \/>\nCatherine Brou\u00e9<\/p>\n<p>Mich\u00e8le Therrien : Les Inuit<br \/>\nDaniel Gendron<\/p>\n<p>Alain Beaulieu, St\u00e9phanie B\u00e9reau et Jean Tanguay : Les Wendats du Qu\u00e9bec : territoire, \u00e9conomie et identit\u00e9, 1650-1930<br \/>\nJo\u00eblle Gardette<\/p>\n","protected":false},"excerpt":{"rendered":"<p>Volume 44, num\u00e9ro 1<br \/>\nLes Atikamekw Nehirowisiwok<br \/>\nTerritorialit\u00e9s et savoirs<br \/>\nSous la direction de la Soci\u00e9t\u00e9 d\u2019histoire atikamekw, Laurent J\u00e9r\u00f4me et Sylvie Poirier<\/p>\n<p>Couverture :<br \/>\nNitaskinan (d\u00e9tail)<br \/>\n\u0152uvre de Jacques Newashish<br \/>\nAcrylique sur carton recycl\u00e9 provenant du territoire atikamekw, 2011<br \/>\n(Photo No\u00e9mie Gonzalez)<\/p>\n<p><strong>Autre(s) collaborateur(s) : <\/strong>Laurent J\u00e9r\u00f4me, Vicky Veilleux, Nicolas Houde, Jean-Fran\u00e7ois Fortier, Stephen Wyatt, Beno\u00eet Ethier, Yvon Chilton, Sylvie Poirier, Soci\u00e9t\u00e9 d&rsquo;histoire atikamekw, \u00c9va Ottawa, Pierre Trudel, Manon Barbeau, Michel Morin, Genevi\u00e8ve Beaudet<\/p>\n<p>165 pages<br \/>\n<strong>ISBN\/ISSN\u00a0:\u00a0<\/strong>0318-4137<\/p>\n","protected":false},"featured_media":3405,"comment_status":"closed","ping_status":"closed","template":"","meta":{"_EventAllDay":false,"_EventTimezone":"","_EventStartDate":"","_EventEndDate":"","_EventStartDateUTC":"","_EventEndDateUTC":"","_EventShowMap":false,"_EventShowMapLink":false,"_EventURL":"","_EventCost":"","_EventCostDescription":"","_EventCurrencySymbol":"","_EventCurrencyCode":"","_EventCurrencyPosition":"","_EventDateTimeSeparator":"","_EventTimeRangeSeparator":"","_EventOrganizerID":[],"_EventVenueID":[],"_OrganizerEmail":"","_OrganizerPhone":"","_OrganizerWebsite":"","_VenueAddress":"","_VenueCity":"","_VenueCountry":"","_VenueProvince":"","_VenueState":"","_VenueZip":"","_VenuePhone":"","_VenueURL":"","_VenueStateProvince":"","_VenueLat":"","_VenueLng":"","_VenueShowMap":false,"_VenueShowMapLink":false},"product_brand":[],"product_cat":[48,26],"product_tag":[],"class_list":{"0":"post-1718","1":"product","2":"type-product","3":"status-publish","4":"has-post-thumbnail","6":"product_cat-pdf","7":"product_cat-recherches-amerindiennes-au-quebec","9":"first","10":"instock","11":"downloadable","12":"virtual","13":"sold-individually","14":"purchasable","15":"product-type-simple"},"_links":{"self":[{"href":"https:\/\/recherches-autochtones.org\/site\/wp-json\/wp\/v2\/product\/1718","targetHints":{"allow":["GET"]}}],"collection":[{"href":"https:\/\/recherches-autochtones.org\/site\/wp-json\/wp\/v2\/product"}],"about":[{"href":"https:\/\/recherches-autochtones.org\/site\/wp-json\/wp\/v2\/types\/product"}],"replies":[{"embeddable":true,"href":"https:\/\/recherches-autochtones.org\/site\/wp-json\/wp\/v2\/comments?post=1718"}],"wp:featuredmedia":[{"embeddable":true,"href":"https:\/\/recherches-autochtones.org\/site\/wp-json\/wp\/v2\/media\/3405"}],"wp:attachment":[{"href":"https:\/\/recherches-autochtones.org\/site\/wp-json\/wp\/v2\/media?parent=1718"}],"wp:term":[{"taxonomy":"product_brand","embeddable":true,"href":"https:\/\/recherches-autochtones.org\/site\/wp-json\/wp\/v2\/product_brand?post=1718"},{"taxonomy":"product_cat","embeddable":true,"href":"https:\/\/recherches-autochtones.org\/site\/wp-json\/wp\/v2\/product_cat?post=1718"},{"taxonomy":"product_tag","embeddable":true,"href":"https:\/\/recherches-autochtones.org\/site\/wp-json\/wp\/v2\/product_tag?post=1718"}],"curies":[{"name":"wp","href":"https:\/\/api.w.org\/{rel}","templated":true}]}}