{"id":1710,"date":"2010-01-17T14:11:36","date_gmt":"2010-01-17T19:11:36","guid":{"rendered":"https:\/\/recherches-autochtones.org\/site\/produit\/remi-savard-le-sens-du-recit-version-pdf-2010"},"modified":"2019-02-20T12:28:23","modified_gmt":"2019-02-20T17:28:23","slug":"remi-savard-le-sens-du-recit-version-pdf-2010","status":"publish","type":"product","link":"https:\/\/recherches-autochtones.org\/site\/produit\/remi-savard-le-sens-du-recit-version-pdf-2010\/","title":{"rendered":"R\u00e9mi Savard, le sens du r\u00e9cit (2010, vol. 40, nos. 1-2) &#8211; version pdf"},"content":{"rendered":"<p><strong>SOMMAIRE<\/strong><\/p>\n<p>PR\u00c9SENTATION<br \/>\nR\u00e9mi Savard, anthropologue du Qu\u00e9bec<br \/>\nSylvie Vincent et Pierre Beaucage<\/p>\n<p>VIE ET \u0152UVRE DE R\u00c9MI SAVARD<br \/>\nR\u00e9mi Savard, conteur cont\u00e9<br \/>\nJohn Leavitt<\/p>\n<p>Identit\u00e9 qu\u00e9b\u00e9coise : l\u2019angle mort. Synth\u00e8se des textes de R\u00e9mi Savard publi\u00e9s dans les journaux<br \/>\nSylvie Vincent<\/p>\n<p>Du structuralisme \u00e0 la parole citoyenne<br \/>\nAnne Panasuk<\/p>\n<p>Lorsque R\u00e9mi Savard r\u00e9digeait un \u00ab Livre blanc \u00bb<br \/>\nPierre Trudel<\/p>\n<p>Rira bien qui rira le dernier<br \/>\nSerge Bouchard<\/p>\n<p>L\u2019ethnographie all\u00e8gre dans les pas du nomade moqueur<br \/>\nAndr\u00e9 Dudemaine<\/p>\n<p>Bibliographie des \u0153uvres de R\u00e9mi Savard<\/p>\n<p>DANS LE PROLONGEMENT DE SA PENS\u00c9E<br \/>\nLes bonnes raisons de rire : l\u2019humour chez les Nahuas de la Sierra Norte de Puebla (Mexique)<br \/>\nPierre Beaucage<\/p>\n<p>Les protecteurs surnaturels des migrants mexicains : interpr\u00e9tation de trois r\u00e9cits<br \/>\nAlfonso Reynoso-R\u00e1bago, C\u00e1ndido Gonz\u00e1lez-P\u00e9rez et Hugo Adri\u00e1n Medrano-Hern\u00e1ndez<\/p>\n<p>La figure de l\u2019\u00e9tranger chez les Kaingangs du Br\u00e9sil m\u00e9ridional<br \/>\nRobert R. Cr\u00e9peau et Maude D\u00e9silets<\/p>\n<p>La m\u00e9moire orale contemporaine des Metabenutins Uininis (Algonquins de Trois-Rivi\u00e8res)<br \/>\nDenys Del\u00e2ge et Claude Hubert<\/p>\n<p>La \u00ab guerre du saumon \u00bb des ann\u00e9es 1970-1980<br \/>\nEntrevue avec Pierre Lepage<\/p>\n<p>NOTE DE RECHERCHE<br \/>\nL\u00e9vi-Strauss et Lacan autour de l\u2019art et de l\u2019acte : propositions<br \/>\nYvan Simonis<\/p>\n<p>AU FIL DU PARCOURS<br \/>\nT\u00e9moignages de Denis Savard, Ren\u00e9 Hirbour, Sylvie Loslier, Constance Sirois, Jean-Ren\u00e9 Proulx, Marie-Anne-Tremblay, Nelcya Delano\u00eb, Max Gros-Louis, Aur\u00e9lien Gill, Brigitte Andr\u00e9, Luc Andr\u00e9, Jos\u00e9phine Bacon, Arthur Lamothe, Th\u00e9r\u00e8se Rock-Picard, Antoine Malec, Jean-Charles Pi\u00e9tacho, Richard Kistabish, Richard Desjardins, Alain Arsenault et Ken Rock, Claude Hubert, Charles-Api Bellefleur, \u00c9lizabeth Ashini, Ghislain Picard<\/p>\n<p>RENCONTRES DANS QUATRE COMMUNAUT\u00c9S<br \/>\nPhotos prises par R\u00e9mi Savard \u00e0 Hiuqqitaq, Cambridge Bay, Unaman-shipit et Pakut-shipit<\/p>\n<p>ACTUALIT\u00c9S<br \/>\nVers une nouvelle exposition au Mus\u00e9e de la civilisation<br \/>\nLaurent J\u00e9r\u00f4me<\/p>\n<p>COMPTES RENDUS<br \/>\nFrances Widdowson et Albert Howard : Disrobing the Aboriginal Industry. The Deception behind Indigenous Cultural preservation<br \/>\nPaul Charest<\/p>\n<p>Michel Lavoie et Denis Vaugeois : L\u2019Impasse am\u00e9rindienne. Trois commissions d\u2019enqu\u00eate \u00e0 l\u2019origine d\u2019une politique de tutelle et d\u2019assimilation, 1828-1858<br \/>\nJean-Jacques Simard<\/p>\n<p>Michel Lavoie : Le Domaine du roi, 1652-1859 : Souverainet\u00e9, contr\u00f4le, mainmise, propri\u00e9t\u00e9, possession, exploitation<br \/>\nSigfrid Tremblay<\/p>\n<p>Contenu du DVD (de la version papier)<br \/>\n<a href=\"https:\/\/vimeo.com\/197063539\" target=\"_blank\" rel=\"noopener\">R\u00e9mi Savard, anthropologue du Qu\u00e9bec<\/a><br \/>\nEntretien r\u00e9alis\u00e9 par Laurent Girouard<\/p>\n","protected":false},"excerpt":{"rendered":"<p>Volume 40, num\u00e9ros 1-2<br \/>\nR\u00e9mi Savard, le sens du r\u00e9cit<br \/>\nSous la direction de Sylvie Vincent et Pierre Beaucage<\/p>\n<p>Couverture : Tshakapesh, Du jour et de la nuit<br \/>\nAcrylique sur papier, 2010<br \/>\n\u0152uvre de Madeleine Lefebvre, 76 X 56 cm<br \/>\n(Photo de Rodolphe Galant)<\/p>\n<p><strong>Auteur(s) : <\/strong>Sylvie Vincent et Pierre Beaucage<br \/>\n<strong>Autre(s) collaborateur(s) : <\/strong>John Leavitt, Sylvie Vincent, Anne Panasuk, Pierre Trudel, Serge Bouchard, Andr\u00e9 Dudemaine, Pierre Beaucage, Alfonso Reynoso-Rabago, Candido Gonzalez-Perez, Hugo Adrian Medrano-Hernandez, Robert Cr\u00e9peau, Maude D\u00e9silets, Denys Del\u00e2ge, Claude Hubert, Pierre Lepage<\/p>\n<p>181 pages<br \/>\n<strong>ISBN\/ISSN\u00a0:\u00a0<\/strong>0318-4137<\/p>\n","protected":false},"featured_media":3389,"comment_status":"closed","ping_status":"closed","template":"","meta":{"_EventAllDay":false,"_EventTimezone":"","_EventStartDate":"","_EventEndDate":"","_EventStartDateUTC":"","_EventEndDateUTC":"","_EventShowMap":false,"_EventShowMapLink":false,"_EventURL":"","_EventCost":"","_EventCostDescription":"","_EventCurrencySymbol":"","_EventCurrencyCode":"","_EventCurrencyPosition":"","_EventDateTimeSeparator":"","_EventTimeRangeSeparator":"","_EventOrganizerID":[],"_EventVenueID":[],"_OrganizerEmail":"","_OrganizerPhone":"","_OrganizerWebsite":"","_VenueAddress":"","_VenueCity":"","_VenueCountry":"","_VenueProvince":"","_VenueState":"","_VenueZip":"","_VenuePhone":"","_VenueURL":"","_VenueStateProvince":"","_VenueLat":"","_VenueLng":"","_VenueShowMap":false,"_VenueShowMapLink":false},"product_brand":[],"product_cat":[48,26],"product_tag":[],"class_list":{"0":"post-1710","1":"product","2":"type-product","3":"status-publish","4":"has-post-thumbnail","6":"product_cat-pdf","7":"product_cat-recherches-amerindiennes-au-quebec","9":"first","10":"instock","11":"downloadable","12":"virtual","13":"sold-individually","14":"purchasable","15":"product-type-simple"},"_links":{"self":[{"href":"https:\/\/recherches-autochtones.org\/site\/wp-json\/wp\/v2\/product\/1710","targetHints":{"allow":["GET"]}}],"collection":[{"href":"https:\/\/recherches-autochtones.org\/site\/wp-json\/wp\/v2\/product"}],"about":[{"href":"https:\/\/recherches-autochtones.org\/site\/wp-json\/wp\/v2\/types\/product"}],"replies":[{"embeddable":true,"href":"https:\/\/recherches-autochtones.org\/site\/wp-json\/wp\/v2\/comments?post=1710"}],"wp:featuredmedia":[{"embeddable":true,"href":"https:\/\/recherches-autochtones.org\/site\/wp-json\/wp\/v2\/media\/3389"}],"wp:attachment":[{"href":"https:\/\/recherches-autochtones.org\/site\/wp-json\/wp\/v2\/media?parent=1710"}],"wp:term":[{"taxonomy":"product_brand","embeddable":true,"href":"https:\/\/recherches-autochtones.org\/site\/wp-json\/wp\/v2\/product_brand?post=1710"},{"taxonomy":"product_cat","embeddable":true,"href":"https:\/\/recherches-autochtones.org\/site\/wp-json\/wp\/v2\/product_cat?post=1710"},{"taxonomy":"product_tag","embeddable":true,"href":"https:\/\/recherches-autochtones.org\/site\/wp-json\/wp\/v2\/product_tag?post=1710"}],"curies":[{"name":"wp","href":"https:\/\/api.w.org\/{rel}","templated":true}]}}