{"id":1694,"date":"2003-02-17T14:04:53","date_gmt":"2003-02-17T19:04:53","guid":{"rendered":"https:\/\/recherches-autochtones.org\/site\/produit\/les-abenaquis-au-quebec-des-grands-espaces-aux-luttes-actuelles-version-pdf-2003"},"modified":"2025-06-20T10:03:29","modified_gmt":"2025-06-20T14:03:29","slug":"les-abenaquis-au-quebec-des-grands-espaces-aux-luttes-actuelles-version-pdf-2003","status":"publish","type":"product","link":"https:\/\/recherches-autochtones.org\/site\/produit\/les-abenaquis-au-quebec-des-grands-espaces-aux-luttes-actuelles-version-pdf-2003\/","title":{"rendered":"Les Ab\u00e9naquis au Qu\u00e9bec : des grands espaces aux luttes actuelles (2003, vol. 33, no. 2) &#8211; version pdf"},"content":{"rendered":"<p><strong>SOMMAIRE<\/strong><\/p>\n<p>Pr\u00e9sentation<br \/>\nSylvie Savoie<\/p>\n<p>La linguistique liturgique du p\u00e8re Aubery : aper\u00e7u ethnohistorique<br \/>\nNicholas N. Smith et Alice Nash<\/p>\n<p>Le chef ab\u00e9naquis Nescambiouit et l\u2019alliance franco-ab\u00e9naquise<br \/>\nSylvie Savoie<\/p>\n<p>Le n\u0153ud de l\u2019ancienne amiti\u00e9. La pr\u00e9sence ab\u00e9naquise sur la rive nord du Saint-Laurent aux XVIIe et XVIIIe si\u00e8cles<br \/>\nSylvie Savoie et Jean Tanguay<\/p>\n<p>La Mauricie des Ab\u00e9naquis au XIXe si\u00e8cle<br \/>\nClaude G\u00e9linas<\/p>\n<p>Crespieul, ancienne r\u00e9serve ab\u00e9naquise (1851-1911)<br \/>\nJacques Frenette<\/p>\n<p>La nation ab\u00e9naquise et la question territoriale<br \/>\nLucie Gill<\/p>\n<p>Th\u00e9ophile Panadis (1889-1966), un guide ab\u00e9naquis<br \/>\nAlice Nash et R\u00e9jean Obomsawin<\/p>\n<p>NOTES DE RECHERCHE<br \/>\nLa \u00ab piste B\u00e9cancour \u00bb : des campements ab\u00e9naquis dans l\u2019arri\u00e8re-pays<br \/>\nGwen Barry<\/p>\n<p>Les Ab\u00e9naquis de B\u00e9cancour (W\u00f4linak) et les terres d\u2019Arthabaska (1829-1850)<br \/>\nSylvie Savoie<\/p>\n<p>Bibliographie sur les Ab\u00e9naquis<br \/>\nSylvie Savoie<\/p>\n<p>ENTREVUES<br \/>\nLe Fonds de d\u00e9veloppement pour les autochtones et la communaut\u00e9 d\u2019Odanak : un partenariat pour l\u2019avenir?<br \/>\nEntrevue avec Gilles O\u2019Bomsawin, r\u00e9alis\u00e9e par Guillaume Teasdale<\/p>\n<p>Un long chemin vers l\u2019\u00e9galit\u00e9<br \/>\nEntretien avec madame \u00c9velyn O\u2019Bomsawin, par Lucie Gil<\/p>\n<p>ACTUALIT\u00c9S<br \/>\nUn bref survol de la situation ab\u00e9naquise aux \u00c9tats-Unis<br \/>\nChristopher A. Roy<\/p>\n<p>L\u2019ACTUALIT\u00c9 EN BREF<br \/>\n15 mars au 24 juin 2003<br \/>\nSylvie Vincent<\/p>\n<p>COMPTES RENDUS<br \/>\nTom Flanagan : Premi\u00e8res nations? Seconds regards<br \/>\nPaul Charest<\/p>\n<p>Fr\u00e9d\u00e9ric Laugrand : Mourir et rena\u00eetre. La r\u00e9ception du christianisme par les Inuit de l\u2019Arctique de l\u2019Est canadien (1890-1940)<br \/>\nJean-Claude Muller<\/p>\n<p>Nelson-Martin Dawson : Des Attikam\u00e8gues aux T\u00eates de Boule. Mutation ethnique dans le Haut Mauricien sous le R\u00e9gime fran\u00e7ais<br \/>\nClaude G\u00e9linas<\/p>\n<p>&nbsp;<\/p>\n","protected":false},"excerpt":{"rendered":"<p>Volume 33, num\u00e9ro 2<br \/>\nLes Ab\u00e9naquis au Qu\u00e9bec : des grands espaces aux luttes actuelles<br \/>\nSous la direction de Sylvie Savoie<\/p>\n<p><strong>Autre(s) collaborateur(s) : <\/strong>Nicholas N. Smith, Alice Nash, Sylvie Savoie, Jean Tanguay, Claude G\u00e9linas, Jacques Frenette, Lucie Gill, R\u00e9jean Obomsawin, Gwen Barry<\/p>\n<p>145 pages<br \/>\n<strong>ISBN\/ISSN\u00a0:\u00a0<\/strong>0318-4137<\/p>\n<p>&nbsp;<\/p>\n","protected":false},"featured_media":3357,"comment_status":"closed","ping_status":"closed","template":"","meta":{"_EventAllDay":false,"_EventTimezone":"","_EventStartDate":"","_EventEndDate":"","_EventStartDateUTC":"","_EventEndDateUTC":"","_EventShowMap":false,"_EventShowMapLink":false,"_EventURL":"","_EventCost":"","_EventCostDescription":"","_EventCurrencySymbol":"","_EventCurrencyCode":"","_EventCurrencyPosition":"","_EventDateTimeSeparator":"","_EventTimeRangeSeparator":"","_EventOrganizerID":[],"_EventVenueID":[],"_OrganizerEmail":"","_OrganizerPhone":"","_OrganizerWebsite":"","_VenueAddress":"","_VenueCity":"","_VenueCountry":"","_VenueProvince":"","_VenueState":"","_VenueZip":"","_VenuePhone":"","_VenueURL":"","_VenueStateProvince":"","_VenueLat":"","_VenueLng":"","_VenueShowMap":false,"_VenueShowMapLink":false},"product_brand":[],"product_cat":[48,26],"product_tag":[],"class_list":{"0":"post-1694","1":"product","2":"type-product","3":"status-publish","4":"has-post-thumbnail","6":"product_cat-pdf","7":"product_cat-recherches-amerindiennes-au-quebec","9":"first","10":"instock","11":"downloadable","12":"virtual","13":"sold-individually","14":"purchasable","15":"product-type-simple"},"_links":{"self":[{"href":"https:\/\/recherches-autochtones.org\/site\/wp-json\/wp\/v2\/product\/1694","targetHints":{"allow":["GET"]}}],"collection":[{"href":"https:\/\/recherches-autochtones.org\/site\/wp-json\/wp\/v2\/product"}],"about":[{"href":"https:\/\/recherches-autochtones.org\/site\/wp-json\/wp\/v2\/types\/product"}],"replies":[{"embeddable":true,"href":"https:\/\/recherches-autochtones.org\/site\/wp-json\/wp\/v2\/comments?post=1694"}],"wp:featuredmedia":[{"embeddable":true,"href":"https:\/\/recherches-autochtones.org\/site\/wp-json\/wp\/v2\/media\/3357"}],"wp:attachment":[{"href":"https:\/\/recherches-autochtones.org\/site\/wp-json\/wp\/v2\/media?parent=1694"}],"wp:term":[{"taxonomy":"product_brand","embeddable":true,"href":"https:\/\/recherches-autochtones.org\/site\/wp-json\/wp\/v2\/product_brand?post=1694"},{"taxonomy":"product_cat","embeddable":true,"href":"https:\/\/recherches-autochtones.org\/site\/wp-json\/wp\/v2\/product_cat?post=1694"},{"taxonomy":"product_tag","embeddable":true,"href":"https:\/\/recherches-autochtones.org\/site\/wp-json\/wp\/v2\/product_tag?post=1694"}],"curies":[{"name":"wp","href":"https:\/\/api.w.org\/{rel}","templated":true}]}}