{"id":1692,"date":"2002-03-17T14:04:53","date_gmt":"2002-03-17T19:04:53","guid":{"rendered":"https:\/\/recherches-autochtones.org\/site\/produit\/aux-marges-de-loekoumene-la-periode-paleoindienne-dans-le-nord-est-version-pdf-2002"},"modified":"2025-06-20T10:02:58","modified_gmt":"2025-06-20T14:02:58","slug":"aux-marges-de-loekoumene-la-periode-paleoindienne-dans-le-nord-est-version-pdf-2002","status":"publish","type":"product","link":"https:\/\/recherches-autochtones.org\/site\/produit\/aux-marges-de-loekoumene-la-periode-paleoindienne-dans-le-nord-est-version-pdf-2002\/","title":{"rendered":"Aux marges de l\u2019\u0153koum\u00e8ne. La p\u00e9riode pal\u00e9oindienne dans le Nord-Est (2002, vol. 32, no. 3) &#8211; version pdf"},"content":{"rendered":"<p><strong>SOMMAIRE<\/strong><\/p>\n<p>Pr\u00e9sentation<br \/>\nPierre Dumais et Gilles Rousseau<\/p>\n<p>Les assemblages arch\u00e9ologiques du Pal\u00e9oindien dans le sud de l\u2019Ontario<br \/>\nChristopher J. Ellis<\/p>\n<p>La s\u00e9quence et l\u2019adaptation pal\u00e9oindiennes en Nouvelle-Angleterre et dans les Maritimes<br \/>\nArthur Spiess et Paige Newby<\/p>\n<p>De la nature des occupations pal\u00e9oindiennes \u00e0 l\u2019embouchure de la rivi\u00e8re Chaudi\u00e8re<br \/>\nJean-Yves Pintal<\/p>\n<p>De limon et de sable : une occupation pal\u00e9oindienne du d\u00e9but de l\u2019Holoc\u00e8ne \u00e0 Squatec (ClEe-9), au T\u00e9miscouata<br \/>\nPierre Dumais et Gilles Rousseau<\/p>\n<p>L\u2019apport de la g\u00e9omorphologie \u00e0 l\u2019arch\u00e9ologie des p\u00e9riodes pal\u00e9oindienne et archa\u00efque dans l\u2019est du Qu\u00e9bec : une g\u00e9oarch\u00e9ologie \u00e0 (r\u00e9-)inventer<br \/>\nBernard H\u00e9tu et James T. Gray<\/p>\n<p>Les carri\u00e8res du Pal\u00e9oindien r\u00e9cent \u00e0 La Martre et la g\u00e9ologie du chert du m\u00e9lange de Cap-Chat<br \/>\nAdrian L. Burke<\/p>\n<p>ACTUALIT\u00c9S<br \/>\nLa reconnaissance internationale des droits des peuples autochtones : Les projets de d\u00e9claration \u00e0 l\u2019ONU et \u00e0 l\u2019OEA<br \/>\nMarie L\u00e9ger<\/p>\n<p>La reconnaissance du droit \u00e0 la libre d\u00e9termination des peuples autochtones : menace ou avantage ?<br \/>\nDocuments de travail pr\u00e9par\u00e9 par Droits et D\u00e9mocratie, mai 2002<\/p>\n<p>L\u2019ACTUALIT\u00c9 EN BREF<br \/>\n15 juin au 31 octobre 2001<br \/>\nSylvie Vincent<\/p>\n<p>CHRONIQUE JURIDIQUE<br \/>\nLes droits fonciers des peuples autochtones dans la Convention am\u00e9ricaine relative aux droits de l\u2019homme<br \/>\nCarol Hilling<\/p>\n<p>COMPTES RENDUS<br \/>\nColin Scott (dir.) : Aboriginal Autonomy and Development in Northern and Labrador<br \/>\nNick Bernard<\/p>\n<p>William C. Wicken : Mi\u2019kmag Treaties on Trial. History, Land and Donald Marshall Junior<br \/>\nClaude G\u00e9linas<\/p>\n<p>Jil Silberstein : Kali\u2019na, une famille indienne de Guyane fran\u00e7aise<br \/>\nG\u00e9rard Collomb et F\u00e9lix Tiouka<\/p>\n<p>Marie-Jos\u00e9 Nadal : Les Mayas de l\u2019oubli<br \/>\nMartin H\u00e9bert<\/p>\n<p>&nbsp;<\/p>\n","protected":false},"excerpt":{"rendered":"<p>Volume 32, num\u00e9ro 3<br \/>\nAux marges de l\u2019\u0153koum\u00e8ne<br \/>\nLa p\u00e9riode pal\u00e9oindienne dans le Nord-Est<br \/>\nSous la direction de Pierre Dumais, Gilles Rousseau et \u00c9ric Chalifoux<\/p>\n<p><strong>Autre(s) collaborateur(s) : <\/strong>Christopher J. Ellis, Arthur Spiess, Paige Newby, Jean-Yves Pintal, Pierre Dumais, Gilles Rousseau, Bernard H\u00e9tu, James T. Gray, Adrian L. Burke<\/p>\n<p>129 pages<br \/>\n<strong>ISBN\/ISSN\u00a0:\u00a0<\/strong>0318-4137<\/p>\n<p>&nbsp;<\/p>\n","protected":false},"featured_media":3353,"comment_status":"closed","ping_status":"closed","template":"","meta":{"_EventAllDay":false,"_EventTimezone":"","_EventStartDate":"","_EventEndDate":"","_EventStartDateUTC":"","_EventEndDateUTC":"","_EventShowMap":false,"_EventShowMapLink":false,"_EventURL":"","_EventCost":"","_EventCostDescription":"","_EventCurrencySymbol":"","_EventCurrencyCode":"","_EventCurrencyPosition":"","_EventDateTimeSeparator":"","_EventTimeRangeSeparator":"","_EventOrganizerID":[],"_EventVenueID":[],"_OrganizerEmail":"","_OrganizerPhone":"","_OrganizerWebsite":"","_VenueAddress":"","_VenueCity":"","_VenueCountry":"","_VenueProvince":"","_VenueState":"","_VenueZip":"","_VenuePhone":"","_VenueURL":"","_VenueStateProvince":"","_VenueLat":"","_VenueLng":"","_VenueShowMap":false,"_VenueShowMapLink":false},"product_brand":[],"product_cat":[48,26],"product_tag":[],"class_list":{"0":"post-1692","1":"product","2":"type-product","3":"status-publish","4":"has-post-thumbnail","6":"product_cat-pdf","7":"product_cat-recherches-amerindiennes-au-quebec","9":"first","10":"instock","11":"downloadable","12":"virtual","13":"sold-individually","14":"purchasable","15":"product-type-simple"},"_links":{"self":[{"href":"https:\/\/recherches-autochtones.org\/site\/wp-json\/wp\/v2\/product\/1692","targetHints":{"allow":["GET"]}}],"collection":[{"href":"https:\/\/recherches-autochtones.org\/site\/wp-json\/wp\/v2\/product"}],"about":[{"href":"https:\/\/recherches-autochtones.org\/site\/wp-json\/wp\/v2\/types\/product"}],"replies":[{"embeddable":true,"href":"https:\/\/recherches-autochtones.org\/site\/wp-json\/wp\/v2\/comments?post=1692"}],"wp:featuredmedia":[{"embeddable":true,"href":"https:\/\/recherches-autochtones.org\/site\/wp-json\/wp\/v2\/media\/3353"}],"wp:attachment":[{"href":"https:\/\/recherches-autochtones.org\/site\/wp-json\/wp\/v2\/media?parent=1692"}],"wp:term":[{"taxonomy":"product_brand","embeddable":true,"href":"https:\/\/recherches-autochtones.org\/site\/wp-json\/wp\/v2\/product_brand?post=1692"},{"taxonomy":"product_cat","embeddable":true,"href":"https:\/\/recherches-autochtones.org\/site\/wp-json\/wp\/v2\/product_cat?post=1692"},{"taxonomy":"product_tag","embeddable":true,"href":"https:\/\/recherches-autochtones.org\/site\/wp-json\/wp\/v2\/product_tag?post=1692"}],"curies":[{"name":"wp","href":"https:\/\/api.w.org\/{rel}","templated":true}]}}