{"id":1682,"date":"1999-02-17T14:04:53","date_gmt":"1999-02-17T19:04:53","guid":{"rendered":"https:\/\/recherches-autochtones.org\/site\/produit\/iroquois-au-present-du-passe-version-pdf-1999"},"modified":"2025-06-20T10:00:13","modified_gmt":"2025-06-20T14:00:13","slug":"iroquois-au-present-du-passe-version-pdf-1999","status":"publish","type":"product","link":"https:\/\/recherches-autochtones.org\/site\/produit\/iroquois-au-present-du-passe-version-pdf-1999\/","title":{"rendered":"Iroquois au pr\u00e9sent du pass\u00e9 (1999, vol. 29, no. 2) &#8211; version pdf"},"content":{"rendered":"<p><strong>SOMMAIRE<\/strong><\/p>\n<p>Au-del\u00e0 de la tradition des \u00e9tudes iroquoises traditionnelles<br \/>\nAudra Simpson<\/p>\n<p>Onontio, le grand arbre et la cha\u00eene d\u2019alliance : Le discours du marquis de Beauharnois aux Kanehsata\u2019kehr\u00f3:non, ao\u00fbt 1741<br \/>\nLouise Johnston<\/p>\n<p>La politique du deuil : le factionalisme onontagu\u00e9 et la mort de Canasatego<br \/>\nJon W. Parmenter<\/p>\n<p>\u00ab\u00a0Un malaise qui est encore pr\u00e9sent\u00a0\u00bb. Les origines du traditionalisme et de la division chez les Kanien\u2019kehaka de Kahnawake au xxe si\u00e8cle<br \/>\nGerald F. Reid<\/p>\n<p>L\u2019h\u00e9ritage de Kinzua. La reconqu\u00eate du pouvoir chez les femmes s\u00e9n\u00e9cas<br \/>\nJoy A. Bilharz et Thomas S. Abler<\/p>\n<p>La \u00ab\u00a0loi des condol\u00e9ances\u00a0\u00bb et la structure de la Ligue. Commentaire sur The Great Law and the Longhouse, a Political History of the Iroquois Confederacy de William N. Fenton<br \/>\nA. Brian Deer<\/p>\n<p>AUTRE ARTICLE<br \/>\nLes Relations des j\u00e9suites de la Nouvelle-France. Un document anthropologique majeur de l\u2019am\u00e9ricanit\u00e9 fran\u00e7aise du XVIIe si\u00e8cle<br \/>\nGuy Lafl\u00e8che<\/p>\n<p>ACTUALIT\u00c9S<br \/>\nLes Innus et la Phase II de l\u2019am\u00e9nagement hydro\u00e9lectrique de la rivi\u00e8re Churchill au Labrador<br \/>\nPaul Charest<\/p>\n<p>COMPTES RENDUS<br \/>\n\u00ab Your Fyre Shall Burn No More\u00a0\u00bb: Iroquois Policy toward New France and Its Native Allies to 1701. Jos\u00e9 Ant\u00f3nio BRANDAO<br \/>\nGerald Taiaiake Alfred<\/p>\n<p>The French Regime in the Upper Country of Canada during the Seventeenth Century. Cornelius J. JAENEN<br \/>\nGilles Havard<\/p>\n<p>Quaqtaq : Modernity and Identity in an Inuit Community. Louis-Jacques DORAIS<br \/>\nYvon Csonka<\/p>\n<p>Tendances nordiques. Les changements sociaux 1970-1990 chez les Cris et les Inuit du Qu\u00e9bec. Jean-Jacques SIMARD et al.<br \/>\nPierre Drouilly<\/p>\n<p>Our Elders Understand Our Rights : Evolving International Law Regarding Indigenous Rights. Sharon H. VENNE<br \/>\nS\u00e9bastien Grammond<\/p>\n<p>The Cambridge History of the Native Peoples of the Americas. Bruce G. TRIGGER et Wilcomb E. WASHBURN<br \/>\nPatrick Plumet<\/p>\n<p>La F\u00e9d\u00e9ration des Sept Feux de la vall\u00e9e du Saint-Laurent, XVIIe-XIXe si\u00e8cle. Jean-Pierre SAWAYA<br \/>\nChristian Ruel<\/p>\n<p>Manitu e Windigo. Visione e antropofagie tra gli algonchini. Emanuela MONACO<br \/>\nGuy Lanoue<\/p>\n<p>TH\u00c9\u00c2TRE<br \/>\nIwousk\u00e9a et Tawiskaron. Texte collectif dirig\u00e9 par Yves Soui-Durand. Pr\u00e9sent\u00e9 par la troupe Ondinnok dans le cadre du festival \u00ab Pr\u00e9sence autochtone \u00bb (du 8 au 19 juin 1999).<br \/>\nFran\u00e7ois Girard<\/p>\n","protected":false},"excerpt":{"rendered":"<p>Volume 29, num\u00e9ro 2<br \/>\nIroquois au pr\u00e9sent du pass\u00e9<br \/>\nSous la direction d\u2019Audra Simpson<\/p>\n<p><strong>Autre(s) collaborateur(s) : <\/strong>Louise Johnston, Jon W. Parmenter, Gerald F. Reid, Joy A. Bilharz, Thomas S. Abler, A. Brian Deer, Guy Lafl\u00e8che<\/p>\n<p>117 pages<br \/>\n<strong>ISBN\/ISSN\u00a0:\u00a0<\/strong>0318-4137<\/p>\n<p>&nbsp;<\/p>\n","protected":false},"featured_media":3333,"comment_status":"closed","ping_status":"closed","template":"","meta":{"_EventAllDay":false,"_EventTimezone":"","_EventStartDate":"","_EventEndDate":"","_EventStartDateUTC":"","_EventEndDateUTC":"","_EventShowMap":false,"_EventShowMapLink":false,"_EventURL":"","_EventCost":"","_EventCostDescription":"","_EventCurrencySymbol":"","_EventCurrencyCode":"","_EventCurrencyPosition":"","_EventDateTimeSeparator":"","_EventTimeRangeSeparator":"","_EventOrganizerID":[],"_EventVenueID":[],"_OrganizerEmail":"","_OrganizerPhone":"","_OrganizerWebsite":"","_VenueAddress":"","_VenueCity":"","_VenueCountry":"","_VenueProvince":"","_VenueState":"","_VenueZip":"","_VenuePhone":"","_VenueURL":"","_VenueStateProvince":"","_VenueLat":"","_VenueLng":"","_VenueShowMap":false,"_VenueShowMapLink":false},"product_brand":[],"product_cat":[48,26],"product_tag":[],"class_list":{"0":"post-1682","1":"product","2":"type-product","3":"status-publish","4":"has-post-thumbnail","6":"product_cat-pdf","7":"product_cat-recherches-amerindiennes-au-quebec","9":"first","10":"instock","11":"downloadable","12":"virtual","13":"sold-individually","14":"purchasable","15":"product-type-simple"},"_links":{"self":[{"href":"https:\/\/recherches-autochtones.org\/site\/wp-json\/wp\/v2\/product\/1682","targetHints":{"allow":["GET"]}}],"collection":[{"href":"https:\/\/recherches-autochtones.org\/site\/wp-json\/wp\/v2\/product"}],"about":[{"href":"https:\/\/recherches-autochtones.org\/site\/wp-json\/wp\/v2\/types\/product"}],"replies":[{"embeddable":true,"href":"https:\/\/recherches-autochtones.org\/site\/wp-json\/wp\/v2\/comments?post=1682"}],"wp:featuredmedia":[{"embeddable":true,"href":"https:\/\/recherches-autochtones.org\/site\/wp-json\/wp\/v2\/media\/3333"}],"wp:attachment":[{"href":"https:\/\/recherches-autochtones.org\/site\/wp-json\/wp\/v2\/media?parent=1682"}],"wp:term":[{"taxonomy":"product_brand","embeddable":true,"href":"https:\/\/recherches-autochtones.org\/site\/wp-json\/wp\/v2\/product_brand?post=1682"},{"taxonomy":"product_cat","embeddable":true,"href":"https:\/\/recherches-autochtones.org\/site\/wp-json\/wp\/v2\/product_cat?post=1682"},{"taxonomy":"product_tag","embeddable":true,"href":"https:\/\/recherches-autochtones.org\/site\/wp-json\/wp\/v2\/product_tag?post=1682"}],"curies":[{"name":"wp","href":"https:\/\/api.w.org\/{rel}","templated":true}]}}