{"id":1644,"date":"1987-01-17T14:01:18","date_gmt":"1987-01-17T19:01:18","guid":{"rendered":"https:\/\/recherches-autochtones.org\/site\/produit\/la-periode-archaique-version-pdf-1987"},"modified":"2025-06-19T15:54:53","modified_gmt":"2025-06-19T19:54:53","slug":"la-periode-archaique-version-pdf-1987","status":"publish","type":"product","link":"https:\/\/recherches-autochtones.org\/site\/produit\/la-periode-archaique-version-pdf-1987\/","title":{"rendered":"La p\u00e9riode Archa\u00efque (1987, vol. 17, nos. 1-2) &#8211; version pdf"},"content":{"rendered":"<p><strong>SOMMAIRE<\/strong><\/p>\n<p>PR\u00c9SENTATION<br \/>\nQuand on nommait lacs et rivi\u00e8res&#8230;<br \/>\n\u00c9velyne Cossette<\/p>\n<p>Souvenirs d\u2019antan: les s\u00e9pultures archa\u00efques de Coteau-du-Lac, Qu\u00e9bec<br \/>\nRoger Marois<\/p>\n<p>Les \u00e9nigmatiques objets piriformes de l\u2019Archa\u00efque<br \/>\nNorman Clermont<\/p>\n<p>Le chien de l\u2019occupation archa\u00efque du site Cadieux (BhFn-7)<br \/>\nJean Pi\u00e9rard, Marc C\u00f4t\u00e9 et Lyn Pinel<\/p>\n<p>Le site Jacques \u00e0 St-Roch-de-Richelieu, Archa\u00efque laurentien ou post-laurentien?<br \/>\nClaude Chapdelaine<\/p>\n<p>Profil des occupations de l\u2019Archa\u00efque sup\u00e9rieur sur la Station 5 de Pointe-du-Buisson<br \/>\nMichel Plourde<\/p>\n<p>Un nouveau regard sur le site Rapides Fryers<br \/>\nBernard H\u00e9bert<\/p>\n<p>L\u2019Archa\u00efque sur la Haute C\u00f4te-Nord du Saint-Laurent<br \/>\nMarie-France Archambault<\/p>\n<p>Un site archa\u00efque de la Baie des Belles Amours, Basse C\u00f4te-Nord<br \/>\nLuc Beaudin, Pierre Dumais et Gilles Rousseau<\/p>\n<p>NOTE DE RECHERCHE<br \/>\nLes manifestations archa\u00efques de la Station 1 du site Hamel<br \/>\nMarc C\u00f4t\u00e9<\/p>\n<p>R\u00e9duire et instruire: deux aspects de la politique missionnaire des J\u00e9suites face aux Am\u00e9rindiens nomades (1632-1642)<br \/>\nAlain Beaulieu<\/p>\n<p>ACTUALIT\u00c9S<br \/>\nLes chemins tortueux de l\u2019\u00e9galit\u00e9<br \/>\nEntrevue avec Marlyn Kane, pr\u00e9sidente de l\u2019A.F.A.C.<\/p>\n<p>EXPOSITION<br \/>\n\u00ab\u00a0Histoire d\u2019os\u00a0\u00bb<br \/>\nMarcel Fortin<\/p>\n<p>Le Grand Atlas de l\u2019arch\u00e9ologie<br \/>\nDaniel Chevrier<\/p>\n<p>Arch\u00e9ologie de la France rurale, de la pr\u00e9histoire aux temps modernes<br \/>\nPatrick Plumet<\/p>\n<p>Telarmachay. Chasseurs et pasteurs pr\u00e9historiques des Andes 1. Tome 1<br \/>\nPatrick Plumet<\/p>\n<p>Contexts for Prehistoric Exchange<br \/>\nPierre Corbeil<\/p>\n<p>And After the Gold Rush&#8230;? Human Rights and Self-Development among the Amarakaeri of Southeastern Peru<br \/>\nRobert R. Cr\u00e9peau<\/p>\n<p>A petrological analysis of Kettle Point chert and its spatial and temporal distribution in regional prehistory<br \/>\nJean-Fran\u00e7ois Moreau<\/p>\n<p>&nbsp;<\/p>\n","protected":false},"excerpt":{"rendered":"<p>Volume 17, num\u00e9ros 1-2<br \/>\nLa p\u00e9riode Archa\u00efque<br \/>\nSous la direction d\u2019\u00c9velyne Cossette et Claude Chapdelaine<\/p>\n<p><strong>Autre(s) collaborateur(s) : <\/strong>Roger Marois, Norman Clermont, Jean Pi\u00e9rard, Marc C\u00f4t\u00e9, Lyn Pinel, Claude Chapdelaine, Michel Plourde, Bernard H\u00e9bert, Marie-France Archambault, Luc Beaudin, Pierre Dumais, Gilles Rousseau, Alain Beaulieu<\/p>\n<p>173 pages<br \/>\n<strong>ISBN\/ISSN\u00a0:\u00a0<\/strong>0318-4137<\/p>\n<p>&nbsp;<\/p>\n<p>&nbsp;<\/p>\n","protected":false},"featured_media":3266,"comment_status":"closed","ping_status":"closed","template":"","meta":{"_EventAllDay":false,"_EventTimezone":"","_EventStartDate":"","_EventEndDate":"","_EventStartDateUTC":"","_EventEndDateUTC":"","_EventShowMap":false,"_EventShowMapLink":false,"_EventURL":"","_EventCost":"","_EventCostDescription":"","_EventCurrencySymbol":"","_EventCurrencyCode":"","_EventCurrencyPosition":"","_EventDateTimeSeparator":"","_EventTimeRangeSeparator":"","_EventOrganizerID":[],"_EventVenueID":[],"_OrganizerEmail":"","_OrganizerPhone":"","_OrganizerWebsite":"","_VenueAddress":"","_VenueCity":"","_VenueCountry":"","_VenueProvince":"","_VenueState":"","_VenueZip":"","_VenuePhone":"","_VenueURL":"","_VenueStateProvince":"","_VenueLat":"","_VenueLng":"","_VenueShowMap":false,"_VenueShowMapLink":false},"product_brand":[],"product_cat":[48,26],"product_tag":[],"class_list":{"0":"post-1644","1":"product","2":"type-product","3":"status-publish","4":"has-post-thumbnail","6":"product_cat-pdf","7":"product_cat-recherches-amerindiennes-au-quebec","9":"first","10":"instock","11":"downloadable","12":"virtual","13":"sold-individually","14":"purchasable","15":"product-type-simple"},"_links":{"self":[{"href":"https:\/\/recherches-autochtones.org\/site\/wp-json\/wp\/v2\/product\/1644","targetHints":{"allow":["GET"]}}],"collection":[{"href":"https:\/\/recherches-autochtones.org\/site\/wp-json\/wp\/v2\/product"}],"about":[{"href":"https:\/\/recherches-autochtones.org\/site\/wp-json\/wp\/v2\/types\/product"}],"replies":[{"embeddable":true,"href":"https:\/\/recherches-autochtones.org\/site\/wp-json\/wp\/v2\/comments?post=1644"}],"wp:featuredmedia":[{"embeddable":true,"href":"https:\/\/recherches-autochtones.org\/site\/wp-json\/wp\/v2\/media\/3266"}],"wp:attachment":[{"href":"https:\/\/recherches-autochtones.org\/site\/wp-json\/wp\/v2\/media?parent=1644"}],"wp:term":[{"taxonomy":"product_brand","embeddable":true,"href":"https:\/\/recherches-autochtones.org\/site\/wp-json\/wp\/v2\/product_brand?post=1644"},{"taxonomy":"product_cat","embeddable":true,"href":"https:\/\/recherches-autochtones.org\/site\/wp-json\/wp\/v2\/product_cat?post=1644"},{"taxonomy":"product_tag","embeddable":true,"href":"https:\/\/recherches-autochtones.org\/site\/wp-json\/wp\/v2\/product_tag?post=1644"}],"curies":[{"name":"wp","href":"https:\/\/api.w.org\/{rel}","templated":true}]}}