{"id":1642,"date":"1986-02-17T14:01:18","date_gmt":"1986-02-17T19:01:18","guid":{"rendered":"https:\/\/recherches-autochtones.org\/site\/produit\/archeologie-trifluvienne-et-dailleurs-version-pdf-1986"},"modified":"2025-06-19T15:50:37","modified_gmt":"2025-06-19T19:50:37","slug":"archeologie-trifluvienne-et-dailleurs-version-pdf-1986","status":"publish","type":"product","link":"https:\/\/recherches-autochtones.org\/site\/produit\/archeologie-trifluvienne-et-dailleurs-version-pdf-1986\/","title":{"rendered":"Arch\u00e9ologie trifluvienne \u2026 et d\u2019ailleurs (1986, vol. 16, nos. 2-3) &#8211; version pdf"},"content":{"rendered":"<p><strong>SOMMAIRE<\/strong><\/p>\n<p>PR\u00c9SENTATION<br \/>\nUn go\u00fbt diversifi\u00e9 du pass\u00e9<br \/>\n\u00c9velyne Cossette<\/p>\n<p>Regard sur la pr\u00e9histoire trifluvienne: le site Bourassa<br \/>\nNorman Clermont, Claude Chapdelaine et Ren\u00e9 Ribes<\/p>\n<p>GaFf-1 : Un atelier de taille du quartz en Jam\u00e9sie orientale<br \/>\nDaniel Chevrier<\/p>\n<p>L\u2019adaptation dans le Nord: une question de choix?<br \/>\nYves Labr\u00e8che<\/p>\n<p>Un pechahigan chez les Algonquiens de Sillery<br \/>\nG\u00e9rard Gagn\u00e9<\/p>\n<p>La poterie am\u00e9rindienne du site EbCx-1, \u00cele du Havre de Mingan: identification culturelle et position chronologique<br \/>\nClaude Chapdelaine<\/p>\n<p>Le projet Mezcala et le Guerrero pr\u00e9colombien<br \/>\nLouise Iseult Paradis et Christian B\u00e9langer<\/p>\n<p>\u00c9tude comparative des termes fran\u00e7ais, anglais, espagnols et portugais reli\u00e9s aux techniques de d\u00e9coration de la c\u00e9ramique pr\u00e9historique<br \/>\nRoger Marois<\/p>\n<p>Le nouveau village de Chisasibi: une \u00e9valuation par les r\u00e9sidants<br \/>\nMarie Lessard, Nathalie Chicoine et R\u00e9jeanne Ouellet<\/p>\n<p>Kaku (le porc-\u00e9pic)<br \/>\nDaniel Cl\u00e9ment<\/p>\n<p>ACTUALIT\u00c9S<br \/>\nZoros et colons: encore une guerre en Amazonie<br \/>\nGilio Brunelli et Sophie Cloutier<\/p>\n<p>COMPTES RENDUS<br \/>\nPrehistoric Hunter-Gatherers: The Emergence of Cultural Complexity<br \/>\nPierre Corbeil<\/p>\n<p>Prehistory of the Eastern Arctic<br \/>\nYves Labr\u00e8che<\/p>\n<p>The Embattled Northeast &#8211; The Elusive Ideal of Alliance in Abenaki-Euramerican Relations<br \/>\nPierre Dumais<\/p>\n<p>Extending the Rafters. Interdisciplinary Approaches to Iroquoian Studies<br \/>\nNorman Clermont<\/p>\n<p>La Nation huronne &#8211; Son histoire, sa culture, son esprit<br \/>\nChristian Morissonneau<\/p>\n<p>La passion de l\u2019\u00e9change: terrains d\u2019anthropologues du Qu\u00e9bec<br \/>\nJean-Fran\u00e7ois Moreau<\/p>\n<p>&nbsp;<\/p>\n","protected":false},"excerpt":{"rendered":"<p>Volume 16, num\u00e9ros 2-3<br \/>\nArch\u00e9ologie trifluvienne \u2026 et d\u2019ailleurs<br \/>\nSous la direction d\u2019\u00c9velyne Cossette et Claude Chapdelaine<\/p>\n<p><strong>Autre(s) collaborateur(s) : <\/strong>Norman Clermont, Claude Chapdelaine, Ren\u00e9 Ribes, Daniel Chevrier, Yves Labr\u00e8che, G\u00e9rard Gagn\u00e9, Louise Iseult Paradis, Christian B\u00e9langer, Roger Marois, M. Lessard, C. Chicoine, R. Ouellet, Daniel Cl\u00e9ment<\/p>\n<p>169 pages<br \/>\n<strong>ISBN\/ISSN\u00a0:\u00a0<\/strong>0318-4137<\/p>\n<p>&nbsp;<\/p>\n<p>&nbsp;<\/p>\n","protected":false},"featured_media":3264,"comment_status":"closed","ping_status":"closed","template":"","meta":{"_EventAllDay":false,"_EventTimezone":"","_EventStartDate":"","_EventEndDate":"","_EventStartDateUTC":"","_EventEndDateUTC":"","_EventShowMap":false,"_EventShowMapLink":false,"_EventURL":"","_EventCost":"","_EventCostDescription":"","_EventCurrencySymbol":"","_EventCurrencyCode":"","_EventCurrencyPosition":"","_EventDateTimeSeparator":"","_EventTimeRangeSeparator":"","_EventOrganizerID":[],"_EventVenueID":[],"_OrganizerEmail":"","_OrganizerPhone":"","_OrganizerWebsite":"","_VenueAddress":"","_VenueCity":"","_VenueCountry":"","_VenueProvince":"","_VenueState":"","_VenueZip":"","_VenuePhone":"","_VenueURL":"","_VenueStateProvince":"","_VenueLat":"","_VenueLng":"","_VenueShowMap":false,"_VenueShowMapLink":false},"product_brand":[],"product_cat":[48,26],"product_tag":[],"class_list":{"0":"post-1642","1":"product","2":"type-product","3":"status-publish","4":"has-post-thumbnail","6":"product_cat-pdf","7":"product_cat-recherches-amerindiennes-au-quebec","9":"first","10":"instock","11":"downloadable","12":"virtual","13":"sold-individually","14":"purchasable","15":"product-type-simple"},"_links":{"self":[{"href":"https:\/\/recherches-autochtones.org\/site\/wp-json\/wp\/v2\/product\/1642","targetHints":{"allow":["GET"]}}],"collection":[{"href":"https:\/\/recherches-autochtones.org\/site\/wp-json\/wp\/v2\/product"}],"about":[{"href":"https:\/\/recherches-autochtones.org\/site\/wp-json\/wp\/v2\/types\/product"}],"replies":[{"embeddable":true,"href":"https:\/\/recherches-autochtones.org\/site\/wp-json\/wp\/v2\/comments?post=1642"}],"wp:featuredmedia":[{"embeddable":true,"href":"https:\/\/recherches-autochtones.org\/site\/wp-json\/wp\/v2\/media\/3264"}],"wp:attachment":[{"href":"https:\/\/recherches-autochtones.org\/site\/wp-json\/wp\/v2\/media?parent=1642"}],"wp:term":[{"taxonomy":"product_brand","embeddable":true,"href":"https:\/\/recherches-autochtones.org\/site\/wp-json\/wp\/v2\/product_brand?post=1642"},{"taxonomy":"product_cat","embeddable":true,"href":"https:\/\/recherches-autochtones.org\/site\/wp-json\/wp\/v2\/product_cat?post=1642"},{"taxonomy":"product_tag","embeddable":true,"href":"https:\/\/recherches-autochtones.org\/site\/wp-json\/wp\/v2\/product_tag?post=1642"}],"curies":[{"name":"wp","href":"https:\/\/api.w.org\/{rel}","templated":true}]}}