{"id":1641,"date":"1986-01-17T14:01:18","date_gmt":"1986-01-17T19:01:18","guid":{"rendered":"https:\/\/recherches-autochtones.org\/site\/produit\/intervenir-en-milieu-autochtone-version-pdf-1986"},"modified":"2025-06-19T15:50:04","modified_gmt":"2025-06-19T19:50:04","slug":"intervenir-en-milieu-autochtone-version-pdf-1986","status":"publish","type":"product","link":"https:\/\/recherches-autochtones.org\/site\/produit\/intervenir-en-milieu-autochtone-version-pdf-1986\/","title":{"rendered":"Intervenir en milieu autochtone (1986, vol. 16, no. 1) &#8211; version pdf"},"content":{"rendered":"<p><strong>SOMMAIRE<\/strong><\/p>\n<p>PR\u00c9SENTATION<br \/>\nAlain Bissonnette<\/p>\n<p>Old Crow: ethnographie et histoire<br \/>\nAsen Balikci<\/p>\n<p>Une \u00e9valuation des services d\u2019aide \u00e0 l\u2019enfance indienne: le cas du Manitoba<br \/>\nPeter Hudson<\/p>\n<p>L\u2019avenir des services sociaux cris<br \/>\nJoy R. Smith<\/p>\n<p>DOCUMENT<br \/>\nLes nations autochtones et les services sociaux: vers une v\u00e9ritable autonomie<br \/>\nM\u00e9moire de l\u2019ACSSQ (Association des centres de services sociaux du Qu\u00e9bec) &#8211; Extraits<\/p>\n<p>Hikuh (L\u2019hermine)<br \/>\nDaniel Cl\u00e9ment<\/p>\n<p>COMMENTAIRES<br \/>\nLa Conf\u00e9rence nordique: la justice au nord du 49e parall\u00e8le<br \/>\nJacques Pr\u00e9gent<\/p>\n<p>\u00ab\u00a0Baie James, dix ans apr\u00e8s\u00a0\u00bb: un bilan<br \/>\nMarie L\u00e9ger<\/p>\n<p>La convention magan\u00e9e -Impressions d\u2019un forum<br \/>\nLouis-Edmond Hamelin<\/p>\n<p>ACTUALIT\u00c9S<br \/>\nEntre deux feux, les Am\u00e9rindiens du Nicaragua<br \/>\nEntrevue avec Brooklyn Rivera<\/p>\n<p>COMPTES RENDUS<br \/>\nNative Children and the Child Welfare System<br \/>\nJos\u00e9e Vilandr\u00e9<\/p>\n<p>Le syst\u00e8me \u00e9conomique micmac. Perspective ethnohistoique au XVIIe si\u00e8cle<br \/>\nJacques Frenette<\/p>\n<p>De l\u2019igloo au H.L.M. Les Inuit s\u00e9dentaires et l\u2019\u00c9tat-providence<br \/>\nLouis-Jacques Dorais<\/p>\n<p>Guerres et paix sans \u00c9tat<br \/>\nPierre Beaucage<\/p>\n<p>&nbsp;<\/p>\n","protected":false},"excerpt":{"rendered":"<p>Volume 16, num\u00e9ro 1<br \/>\nIntervenir en milieu autochtone<br \/>\nSous la direction d\u2019Alain Bissonnette<\/p>\n<p><strong>Autre(s) collaborateur(s) : <\/strong>Asen Balikci, Peter Hudson, Joy R. Smith, M\u00e9moire de l&rsquo;ACSSQ, Daniel Cl\u00e9ment<\/p>\n<p>101 pages<br \/>\n<strong>ISBN\/ISSN\u00a0:\u00a0<\/strong>0318-4137<\/p>\n<p>&nbsp;<\/p>\n<p>&nbsp;<\/p>\n","protected":false},"featured_media":3263,"comment_status":"closed","ping_status":"closed","template":"","meta":{"_EventAllDay":false,"_EventTimezone":"","_EventStartDate":"","_EventEndDate":"","_EventStartDateUTC":"","_EventEndDateUTC":"","_EventShowMap":false,"_EventShowMapLink":false,"_EventURL":"","_EventCost":"","_EventCostDescription":"","_EventCurrencySymbol":"","_EventCurrencyCode":"","_EventCurrencyPosition":"","_EventDateTimeSeparator":"","_EventTimeRangeSeparator":"","_EventOrganizerID":[],"_EventVenueID":[],"_OrganizerEmail":"","_OrganizerPhone":"","_OrganizerWebsite":"","_VenueAddress":"","_VenueCity":"","_VenueCountry":"","_VenueProvince":"","_VenueState":"","_VenueZip":"","_VenuePhone":"","_VenueURL":"","_VenueStateProvince":"","_VenueLat":"","_VenueLng":"","_VenueShowMap":false,"_VenueShowMapLink":false},"product_brand":[],"product_cat":[48,26],"product_tag":[],"class_list":{"0":"post-1641","1":"product","2":"type-product","3":"status-publish","4":"has-post-thumbnail","6":"product_cat-pdf","7":"product_cat-recherches-amerindiennes-au-quebec","9":"first","10":"instock","11":"downloadable","12":"virtual","13":"sold-individually","14":"purchasable","15":"product-type-simple"},"_links":{"self":[{"href":"https:\/\/recherches-autochtones.org\/site\/wp-json\/wp\/v2\/product\/1641","targetHints":{"allow":["GET"]}}],"collection":[{"href":"https:\/\/recherches-autochtones.org\/site\/wp-json\/wp\/v2\/product"}],"about":[{"href":"https:\/\/recherches-autochtones.org\/site\/wp-json\/wp\/v2\/types\/product"}],"replies":[{"embeddable":true,"href":"https:\/\/recherches-autochtones.org\/site\/wp-json\/wp\/v2\/comments?post=1641"}],"wp:featuredmedia":[{"embeddable":true,"href":"https:\/\/recherches-autochtones.org\/site\/wp-json\/wp\/v2\/media\/3263"}],"wp:attachment":[{"href":"https:\/\/recherches-autochtones.org\/site\/wp-json\/wp\/v2\/media?parent=1641"}],"wp:term":[{"taxonomy":"product_brand","embeddable":true,"href":"https:\/\/recherches-autochtones.org\/site\/wp-json\/wp\/v2\/product_brand?post=1641"},{"taxonomy":"product_cat","embeddable":true,"href":"https:\/\/recherches-autochtones.org\/site\/wp-json\/wp\/v2\/product_cat?post=1641"},{"taxonomy":"product_tag","embeddable":true,"href":"https:\/\/recherches-autochtones.org\/site\/wp-json\/wp\/v2\/product_tag?post=1641"}],"curies":[{"name":"wp","href":"https:\/\/api.w.org\/{rel}","templated":true}]}}