{"id":1597,"date":"1973-02-17T13:56:20","date_gmt":"1973-02-17T18:56:20","guid":{"rendered":"https:\/\/recherches-autochtones.org\/site\/produit\/les-autochtones-du-quebec-labrador-version-pdf-1973"},"modified":"2025-06-19T14:31:18","modified_gmt":"2025-06-19T18:31:18","slug":"les-autochtones-du-quebec-labrador-version-pdf-1973","status":"publish","type":"product","link":"https:\/\/recherches-autochtones.org\/site\/produit\/les-autochtones-du-quebec-labrador-version-pdf-1973\/","title":{"rendered":"Les autochtones du Qu\u00e9bec-Labrador (1973, vol. 3, nos. 3-4) &#8211; version pdf"},"content":{"rendered":"<p><strong>Auteur(s) : <\/strong>La r\u00e9daction<br \/>\n<strong>Autre(s) collaborateur(s) : <\/strong>Extrait du jugement Malouf de la cour sup\u00e9rieure, Marcel Moussette, Louis-Jacques Dorais, Marguerite Mackenzie, Yvan Simonis, Robert Lanari, Gilles Samson, Don Witheside, Bernard Arcand<\/p>\n<p>185 pages<br \/>\n<strong style=\"font-size: 16px; line-height: 1.5;\">ISBN\/ISSN\u00a0:\u00a0<\/strong>0318-4137<\/p>\n<p>&nbsp;<\/p>\n","protected":false},"excerpt":{"rendered":"<p>Volume 3, num\u00e9ros 3-4<br \/>\nLes autochtones du Qu\u00e9bec-Labrador<br \/>\nLa r\u00e9daction<\/p>\n<p>Note de la r\u00e9daction<br \/>\nLa R\u00e9daction<\/p>\n<p>Dossier baie James\u00a0: Extrait du jugement prononc\u00e9 par le juge Albert Malouf de la Cour sup\u00e9rieure \u2013 cause no. 05-04841-72<\/p>\n<p>La p\u00eache au filet maillant chez les Indiens de l\u2019Est du Canada<br \/>\nMarcel Moussette<\/p>\n<p>La distinction signifiant\/signifi\u00e9 \u00e0 la lumi\u00e8re des donn\u00e9es esquimaudes<br \/>\nLouis-Jacques Dorais<\/p>\n<p>La palatalisation des v\u00e9laires dans les dialectes cris du Qu\u00e9bec<br \/>\nMarguerite MacKenzie<\/p>\n<p>L\u2019analyse structurale\/ commentaire \u00e9pist\u00e9mologique<br \/>\nYvan Simonis<\/p>\n<p>Les Inuit du Qu\u00e9bec-Labrador\u00a0: distribution de la population, dialectologie, changements culturels<br \/>\nLouis-Jacques Dorais<\/p>\n<p>Bibliographie par village de la population inuit du Nouveau-Qu\u00e9bec<br \/>\nRobert Lanari<\/p>\n<p>Historique et r\u00e9sultats des recherches arch\u00e9ologiques \u00e0 Hamilton Inlet (Labrador)<br \/>\nGilles Samson<\/p>\n<p>Toute bonne couverture a quatre coins<br \/>\nDon Whiteside<\/p>\n<p>Le droit d\u2019\u00eatre am\u00e9rindien<br \/>\nL\u2019IWGIA et les Am\u00e9rindiens du Qu\u00e9bec<br \/>\nBernard Arcand<\/p>\n","protected":false},"featured_media":3219,"comment_status":"closed","ping_status":"closed","template":"","meta":{"_EventAllDay":false,"_EventTimezone":"","_EventStartDate":"","_EventEndDate":"","_EventStartDateUTC":"","_EventEndDateUTC":"","_EventShowMap":false,"_EventShowMapLink":false,"_EventURL":"","_EventCost":"","_EventCostDescription":"","_EventCurrencySymbol":"","_EventCurrencyCode":"","_EventCurrencyPosition":"","_EventDateTimeSeparator":"","_EventTimeRangeSeparator":"","_EventOrganizerID":[],"_EventVenueID":[],"_OrganizerEmail":"","_OrganizerPhone":"","_OrganizerWebsite":"","_VenueAddress":"","_VenueCity":"","_VenueCountry":"","_VenueProvince":"","_VenueState":"","_VenueZip":"","_VenuePhone":"","_VenueURL":"","_VenueStateProvince":"","_VenueLat":"","_VenueLng":"","_VenueShowMap":false,"_VenueShowMapLink":false},"product_brand":[],"product_cat":[48,26],"product_tag":[],"class_list":{"0":"post-1597","1":"product","2":"type-product","3":"status-publish","4":"has-post-thumbnail","6":"product_cat-pdf","7":"product_cat-recherches-amerindiennes-au-quebec","9":"first","10":"instock","11":"downloadable","12":"virtual","13":"sold-individually","14":"purchasable","15":"product-type-simple"},"_links":{"self":[{"href":"https:\/\/recherches-autochtones.org\/site\/wp-json\/wp\/v2\/product\/1597","targetHints":{"allow":["GET"]}}],"collection":[{"href":"https:\/\/recherches-autochtones.org\/site\/wp-json\/wp\/v2\/product"}],"about":[{"href":"https:\/\/recherches-autochtones.org\/site\/wp-json\/wp\/v2\/types\/product"}],"replies":[{"embeddable":true,"href":"https:\/\/recherches-autochtones.org\/site\/wp-json\/wp\/v2\/comments?post=1597"}],"wp:featuredmedia":[{"embeddable":true,"href":"https:\/\/recherches-autochtones.org\/site\/wp-json\/wp\/v2\/media\/3219"}],"wp:attachment":[{"href":"https:\/\/recherches-autochtones.org\/site\/wp-json\/wp\/v2\/media?parent=1597"}],"wp:term":[{"taxonomy":"product_brand","embeddable":true,"href":"https:\/\/recherches-autochtones.org\/site\/wp-json\/wp\/v2\/product_brand?post=1597"},{"taxonomy":"product_cat","embeddable":true,"href":"https:\/\/recherches-autochtones.org\/site\/wp-json\/wp\/v2\/product_cat?post=1597"},{"taxonomy":"product_tag","embeddable":true,"href":"https:\/\/recherches-autochtones.org\/site\/wp-json\/wp\/v2\/product_tag?post=1597"}],"curies":[{"name":"wp","href":"https:\/\/api.w.org\/{rel}","templated":true}]}}