{"id":1570,"date":"1995-03-17T13:56:20","date_gmt":"1995-03-17T18:56:20","guid":{"rendered":"https:\/\/recherches-autochtones.org\/site\/produit\/etude-du-reseau-dinteractions-des-iroquoiens-prehistoriques-du-quebec-meridional-par-les-analyses-physicochimiques-1995-2"},"modified":"2026-03-12T07:07:18","modified_gmt":"2026-03-12T11:07:18","slug":"etude-du-reseau-dinteractions-des-iroquoiens-prehistoriques-du-quebec-meridional-par-les-analyses-physicochimiques-1995-2","status":"publish","type":"product","link":"https:\/\/recherches-autochtones.org\/site\/produit\/etude-du-reseau-dinteractions-des-iroquoiens-prehistoriques-du-quebec-meridional-par-les-analyses-physicochimiques-1995-2\/","title":{"rendered":"\u00c9tude du r\u00e9seau d&rsquo;interactions des Iroquoiens pr\u00e9historiques du Qu\u00e9bec m\u00e9ridional par les analyses physicochimiques"},"content":{"rendered":"<p>INTRODUCTION<br \/>\nLes Iroquoiens pr\u00e9historique du Qu\u00e9bec m\u00e9ridional : une approche multidisciplinaire<br \/>\nClaude Chapdelaine et Norman Clermont<\/p>\n<p>L\u2019activation neutronique et la Pointe-du-Buisson<br \/>\nNorman Clermont, Claude Chapdelaine, Greg Kennedy et \u00c9velyne Cossette<\/p>\n<p>L\u2019h\u00e9t\u00e9rog\u00e9n\u00e9it\u00e9 relative des tessons du Sylvicole sup\u00e9rieur post-owasco\u00efde de la Station 2 de la Pointe-du-Buisson<br \/>\nNorman Clermont, Greg Kennedy, Claude Chapdelaine et Pierre Corbeil<\/p>\n<p>Le \u00ab siltstone \u00bb de la Pointe-du-Buisson<br \/>\nRobert Marquis et \u00c9ric Lemieux<\/p>\n<p>\u00c9tude macroscopique d\u2019une collection d\u2019artefacts lithiques de la Pointe-du-Buisson. Point de vue des g\u00e9ologues<br \/>\nAnnie Morin et Robert Marquis<\/p>\n<p>\u00c9tude macroscopique d\u2019une collection d\u2019artefacts lithiques de la Pointe-du-Buisson. Point de vue des arch\u00e9ologues<br \/>\nNorman Clermont et Claude Chapdelaine<\/p>\n<p>Les Iroquoiens du Saint-Laurent et le bassin de la rivi\u00e8re Connecticut<br \/>\nClaude Chapdelaine, Richard Boisvert et Greg Kennedy<\/p>\n<p>Comparaisons g\u00e9ochimiques de sp\u00e9cimens lithiques arch\u00e9ologiques et d\u2019\u00e9chantillons g\u00e9ologiques du sud du Qu\u00e9bec<br \/>\nLuc Harnais<\/p>\n<p>K\u00e9gashka : de la poterie iroquoienne ou algonquienne ?<br \/>\nClaude Chapdelaine, Greg Kennedy et \u00c9ric Chalifoux<\/p>\n<p>ANNEXES<\/p>\n<p>&nbsp;<\/p>\n<p>&nbsp;<\/p>\n","protected":false},"excerpt":{"rendered":"<p>Ce recueil de textes porte sur l&rsquo;\u00e9tude des Iroquoiens pr\u00e9historiques qui occupaient les basses terres du Saint-Laurent entre le lac Ontario et l&rsquo;Estuaire. L&rsquo;objectif principal de ces travaux est de reconstituer le r\u00e9seau d&rsquo;interactions iroquoiens \u00e0 l&rsquo;aide d&rsquo;une approche multidisciplinaire. L&rsquo;activation neutronique, la p\u00e9trographie sur lames minces et l&rsquo;observation au microscope \u00e9lectronique \u00e0 balayage sont les principales m\u00e9thodes utilis\u00e9es afin de caract\u00e9riser la composition chimique des t\u00e9moins culturels et des sources potentielles. En \u00e9tudiant la provenance des vestiges, on peut alors \u00e9valuer les m\u00e9canismes d&rsquo;acquisition et pr\u00e9ciser les mouvements de circulation des groupes humains. Devant l&rsquo;\u00e9tendue de l&rsquo;aire d&rsquo;\u00e9tude, les textes s&rsquo;articulent autour de trois projets r\u00e9gionaux: la Pointe du Buisson, le Cap Tourmente et l&rsquo;estuaire du Saint-Laurent. Les r\u00e9sultats des diverses \u00e9tudes r\u00e9v\u00e8lent une grande complexit\u00e9 du r\u00e9seau iroquoien, dans le temps comme dans l&rsquo;espace, ainsi que la n\u00e9cessit\u00e9 de recourir \u00e0 une approche multidisciplinaire pour comprendre le syst\u00e8me adaptatif et l&rsquo;importance des \u00e9changes des premiers agriculteurs du Saint-Laurent.<\/p>\n<p><strong>Auteur(s) : <\/strong>Claude Chapdelaine, Norman Clermont et Robert Marquis (sous la direction de)<br \/>\n<strong>Autre(s) collaborateur(s) : <\/strong>Richard Boisvert, \u00c9ric Chalifoux, Pierre Corbeil, \u00c9velyne Cossette, Luc Harnois, Greg Kennedy, \u00c9ric Lemieux, Annie Morin<\/p>\n<p>100 pages<br \/>\n<strong>ISBN\/ISSN\u00a0:\u00a0<\/strong>2-920366-17-3<\/p>\n","protected":false},"featured_media":3176,"comment_status":"closed","ping_status":"closed","template":"","meta":{"_EventAllDay":false,"_EventTimezone":"","_EventStartDate":"","_EventEndDate":"","_EventStartDateUTC":"","_EventEndDateUTC":"","_EventShowMap":false,"_EventShowMapLink":false,"_EventURL":"","_EventCost":"","_EventCostDescription":"","_EventCurrencySymbol":"","_EventCurrencyCode":"","_EventCurrencyPosition":"","_EventDateTimeSeparator":"","_EventTimeRangeSeparator":"","_EventOrganizerID":[],"_EventVenueID":[],"_OrganizerEmail":"","_OrganizerPhone":"","_OrganizerWebsite":"","_VenueAddress":"","_VenueCity":"","_VenueCountry":"","_VenueProvince":"","_VenueState":"","_VenueZip":"","_VenuePhone":"","_VenueURL":"","_VenueStateProvince":"","_VenueLat":"","_VenueLng":"","_VenueShowMap":false,"_VenueShowMapLink":false},"product_brand":[],"product_cat":[24,47],"product_tag":[],"class_list":{"0":"post-1570","1":"product","2":"type-product","3":"status-publish","4":"has-post-thumbnail","6":"product_cat-paleo-quebec","7":"product_cat-papier","9":"first","10":"instock","11":"purchasable","12":"product-type-simple"},"_links":{"self":[{"href":"https:\/\/recherches-autochtones.org\/site\/wp-json\/wp\/v2\/product\/1570","targetHints":{"allow":["GET"]}}],"collection":[{"href":"https:\/\/recherches-autochtones.org\/site\/wp-json\/wp\/v2\/product"}],"about":[{"href":"https:\/\/recherches-autochtones.org\/site\/wp-json\/wp\/v2\/types\/product"}],"replies":[{"embeddable":true,"href":"https:\/\/recherches-autochtones.org\/site\/wp-json\/wp\/v2\/comments?post=1570"}],"wp:featuredmedia":[{"embeddable":true,"href":"https:\/\/recherches-autochtones.org\/site\/wp-json\/wp\/v2\/media\/3176"}],"wp:attachment":[{"href":"https:\/\/recherches-autochtones.org\/site\/wp-json\/wp\/v2\/media?parent=1570"}],"wp:term":[{"taxonomy":"product_brand","embeddable":true,"href":"https:\/\/recherches-autochtones.org\/site\/wp-json\/wp\/v2\/product_brand?post=1570"},{"taxonomy":"product_cat","embeddable":true,"href":"https:\/\/recherches-autochtones.org\/site\/wp-json\/wp\/v2\/product_cat?post=1570"},{"taxonomy":"product_tag","embeddable":true,"href":"https:\/\/recherches-autochtones.org\/site\/wp-json\/wp\/v2\/product_tag?post=1570"}],"curies":[{"name":"wp","href":"https:\/\/api.w.org\/{rel}","templated":true}]}}