{"id":1569,"date":"1995-03-17T13:56:20","date_gmt":"1995-03-17T18:56:20","guid":{"rendered":"https:\/\/recherches-autochtones.org\/site\/produit\/archeologies-quebecoises-1995-2"},"modified":"2026-03-21T10:36:27","modified_gmt":"2026-03-21T14:36:27","slug":"archeologies-quebecoises-1995-2","status":"publish","type":"product","link":"https:\/\/recherches-autochtones.org\/site\/produit\/archeologies-quebecoises-1995-2\/","title":{"rendered":"Arch\u00e9ologies qu\u00e9b\u00e9coises"},"content":{"rendered":"<p>Avant-propos \/ Foreword<br \/>\nJane H. Kelley et\u00a0Fran\u00e7oise Duguay<\/p>\n<p>Pr\u00e9face<br \/>\nRoland Arpin<\/p>\n<p>Pr\u00e9sentation<br \/>\nAnne-Marie Balac, Claude Chapdelaine, Norman Clermont et Fran\u00e7oise Duguay<\/p>\n<p>\u00c9TUDES M\u00c9THODOLOGIQUES<br \/>\nL\u2019objet arch\u00e9ologique : r\u00e9ceptacle et g\u00e9n\u00e9rateur de sens<br \/>\nMarcel Moussette<\/p>\n<p>Le projet Nisula : recherche pluridisciplinaire autour d\u2019un site \u00e0 pictogrammes (DeEh-1) en Haute-C\u00f4te-Nord<br \/>\nDaniel Arsenault<\/p>\n<p>\u00c9tude microscopique et datation des peintures rupestres<br \/>\nGilles Tass\u00e9<\/p>\n<p>Flexions sur quatre tessons de poterie<br \/>\nNorman Clermont<\/p>\n<p>\u00c9TUDES PAL\u00c9OANTHROPOLOGIQUES<br \/>\nLa r\u00e9duction de Sillery : examen ost\u00e9oarch\u00e9ologique d\u2019un cimeti\u00e8re autochtone<br \/>\nG\u00e9rard Gagn\u00e9<\/p>\n<p>La red\u00e9couverte d\u2019un cimeti\u00e8re du Vieux-Qu\u00e9bec : les restes humains du cimeti\u00e8re Saint-Anne (CeEt-36)<br \/>\nRobert Larocque<\/p>\n<p>Le r\u00e9seau des cimeti\u00e8res de Notre-Dame-de-Qu\u00e9bec<br \/>\nFran\u00e7ois Dro\u00fcin<\/p>\n<p>\u00c9TUDES R\u00c9GIONALES<br \/>\nLes Iroquoiens de l\u2019est de la vall\u00e9e du Saint-Laurent<br \/>\nClaude Chapdelaine<\/p>\n<p>Les lames de cache du site Lambert et l\u2019influence de la culture Meadowood dans la r\u00e9gion de Qu\u00e9bec<br \/>\nYves Chr\u00e9tien<\/p>\n<p>La s\u00e9pulture historique ancienne du site Lambert (CeEu-12) \u00e0 Saint-Nicolas<br \/>\nYves Chr\u00e9tien, Andr\u00e9 Bergeron et Robert Larocque<\/p>\n<p>Analyse par activation neutronique des chaudrons de Saint-Nicolas (CeEu-12)<br \/>\nJean-Fran\u00e7ois Moreau et R.G.V. Hancock<\/p>\n<p>L\u2019occupation pr\u00e9historique du T\u00e9miscouata (est du Qu\u00e9bec), un lieu de portage entre deux grandes voies de circulation<br \/>\n\u00c9ric Chalifoux et Adrian L. Burke<\/p>\n<p>L\u2019\u00eele aux Corneilles : deux occupations du Sylvicole sup\u00e9rieur entre la province de Canada et le Saguenay<br \/>\nRoland Tremblay<\/p>\n<p>Le cuivre natif dans le Nord-Est qu\u00e9b\u00e9cois : contribution d\u2019un site du lac Saint-Jean (Qu\u00e9bec central)<br \/>\n\u00c9rik Langevin, Moira T. McCaffrey, Jean-Fran\u00e7ois Moreau et R.G.V. Hancock<\/p>\n<p>Matawaasis : un site de chasse au b\u00e9luga de la p\u00e9riode historique, au sud-est de la baie d\u2019Hudson<br \/>\nDavid Denton<\/p>\n<p>\u00c9TUDES URBAINES<br \/>\nLa consommation de viande \u00e0 Montr\u00e9al aux XVIIe et XVIIIe si\u00e8cles<br \/>\n\u00c9velyne Cossette<\/p>\n<p>Le faubourg Saint-Laurent, \u00e0 Montr\u00e9al<br \/>\nFran\u00e7oise Duguay et Richard Fiset<\/p>\n<p>Des charrons aux Forges du Saint-Maurice<br \/>\nPierre Drouin<\/p>\n<p>La maison du marchand Charles Aubert de la Chesnaye \u00e0 la basse-ville de Qu\u00e9bec<br \/>\nSerge Rouleau<\/p>\n<p>Le bastion Saint-Jean durant le R\u00e9gime fran\u00e7ais : la vision de l\u2019ing\u00e9nieur et la r\u00e9alit\u00e9 arch\u00e9ologique<br \/>\nRobert Gauvin<\/p>\n<p>Le foss\u00e9 de la redoute de la tour Martello n\u02da 2 : une premi\u00e8re sur les Plaines d\u2019Abraham<br \/>\nPhilippe Picard et Christian Roy<\/p>\n<p>Tanneurs et corsetiers dans le quartier Saint-Roch \u00e0 Qu\u00e9bec<br \/>\n\u00c9velyne Cossette et Annie Quesnel<\/p>\n<p>\u00c9TUDE BIBLIOGRAPHIQUE<br \/>\nLa pr\u00e9histoire du Qu\u00e9bec : une bibliographie index\u00e9e et informatis\u00e9e<br \/>\nPierre Corbeil<\/p>\n<p>&nbsp;<\/p>\n<p>&nbsp;<\/p>\n","protected":false},"excerpt":{"rendered":"<p>La 26e r\u00e9union annuelle de l&rsquo;Association canadienne d&rsquo;arch\u00e9ologie s&rsquo;est tenue \u00e0 Montr\u00e9al du 5 au 9 mai 1993, conjointement avec le 12e Colloque annuel de l&rsquo;Association des arch\u00e9ologues du Qu\u00e9bec. Parmi les dizaines de communications pr\u00e9sent\u00e9es \u00e0 cette occasion, plusieurs proposaient des sujets illustrant les tendances actuelles de l&rsquo;arch\u00e9ologie pratiqu\u00e9e au Qu\u00e9bec. Les vingt-quatre textes publi\u00e9s dans ce recueil correspondent \u00e0 des versions remani\u00e9es des communications pr\u00e9sent\u00e9es lors du colloque. Ces textes sont rassembl\u00e9s ici sous le titre g\u00e9n\u00e9ral Arch\u00e9ologies qu\u00e9b\u00e9coises. Le pluriel du titre montre la variabilit\u00e9 des sujets d&rsquo;\u00e9tude et la diversit\u00e9 des orientations choisies par les arch\u00e9ologues. Des \u00e9tudes m\u00e9thodologiques ainsi que des recherches r\u00e9gionales et en milieu urbain composent ce recueil. \u00c0 ces analyses s&rsquo;ajoute une bibliographie index\u00e9e et comment\u00e9e sur la pr\u00e9histoire du Qu\u00e9bec comportant 1500 titres.<\/p>\n<p><strong>Auteur(s) : <\/strong>Anne-Marie-Balac, Claude Chapdelaine, Norman Clermont et Fran\u00e7oise Duguay (sous la direction de)<br \/>\n<strong>Autre(s) collaborateur(s) : <\/strong>Marcel Moussette, Daniel Arsenault, Gilles Tass\u00e9, Yvon Cod\u00e8re, G\u00e9rard Gagn\u00e9, Robert Larocque, Fran\u00e7ois Dro\u00fcin, Yves Chr\u00e9tien, Andr\u00e9 Bergeron, Jean-Fran\u00e7ois Moreau, R.G.V. Hancock, \u00c9ric Chalifoux, Adrian L. Burke, Roland Tremblay, \u00c9rik Langevin, Moira T. McCaffrey, David Denton, \u00c9velyne Cossette, Richard Fiset, Pierre Drouin, Serge Rouleau, Robert Gauvin, Philippe Picard, Christian Roy, Annie Quesnel, Pierre Corbeil<\/p>\n<p>496 pages<br \/>\n<strong>ISBN\/ISSN\u00a0:\u00a0<\/strong>2-920366-16-5<\/p>\n<p>&nbsp;<\/p>\n","protected":false},"featured_media":3174,"comment_status":"closed","ping_status":"closed","template":"","meta":{"_EventAllDay":false,"_EventTimezone":"","_EventStartDate":"","_EventEndDate":"","_EventStartDateUTC":"","_EventEndDateUTC":"","_EventShowMap":false,"_EventShowMapLink":false,"_EventURL":"","_EventCost":"","_EventCostDescription":"","_EventCurrencySymbol":"","_EventCurrencyCode":"","_EventCurrencyPosition":"","_EventDateTimeSeparator":"","_EventTimeRangeSeparator":"","_EventOrganizerID":[],"_EventVenueID":[],"_OrganizerEmail":"","_OrganizerPhone":"","_OrganizerWebsite":"","_VenueAddress":"","_VenueCity":"","_VenueCountry":"","_VenueProvince":"","_VenueState":"","_VenueZip":"","_VenuePhone":"","_VenueURL":"","_VenueStateProvince":"","_VenueLat":"","_VenueLng":"","_VenueShowMap":false,"_VenueShowMapLink":false},"product_brand":[],"product_cat":[24,47],"product_tag":[],"class_list":{"0":"post-1569","1":"product","2":"type-product","3":"status-publish","4":"has-post-thumbnail","6":"product_cat-paleo-quebec","7":"product_cat-papier","8":"product_shipping_class-products","10":"first","11":"instock","12":"purchasable","13":"product-type-simple"},"_links":{"self":[{"href":"https:\/\/recherches-autochtones.org\/site\/wp-json\/wp\/v2\/product\/1569","targetHints":{"allow":["GET"]}}],"collection":[{"href":"https:\/\/recherches-autochtones.org\/site\/wp-json\/wp\/v2\/product"}],"about":[{"href":"https:\/\/recherches-autochtones.org\/site\/wp-json\/wp\/v2\/types\/product"}],"replies":[{"embeddable":true,"href":"https:\/\/recherches-autochtones.org\/site\/wp-json\/wp\/v2\/comments?post=1569"}],"wp:featuredmedia":[{"embeddable":true,"href":"https:\/\/recherches-autochtones.org\/site\/wp-json\/wp\/v2\/media\/3174"}],"wp:attachment":[{"href":"https:\/\/recherches-autochtones.org\/site\/wp-json\/wp\/v2\/media?parent=1569"}],"wp:term":[{"taxonomy":"product_brand","embeddable":true,"href":"https:\/\/recherches-autochtones.org\/site\/wp-json\/wp\/v2\/product_brand?post=1569"},{"taxonomy":"product_cat","embeddable":true,"href":"https:\/\/recherches-autochtones.org\/site\/wp-json\/wp\/v2\/product_cat?post=1569"},{"taxonomy":"product_tag","embeddable":true,"href":"https:\/\/recherches-autochtones.org\/site\/wp-json\/wp\/v2\/product_tag?post=1569"}],"curies":[{"name":"wp","href":"https:\/\/api.w.org\/{rel}","templated":true}]}}