{"id":1560,"date":"1982-03-17T13:56:20","date_gmt":"1982-03-17T18:56:20","guid":{"rendered":"https:\/\/recherches-autochtones.org\/site\/produit\/occupation-humaine-de-lungava-perspective-ethnohistorique-et-ecologique-1982-2"},"modified":"2025-06-20T11:27:10","modified_gmt":"2025-06-20T15:27:10","slug":"occupation-humaine-de-lungava-perspective-ethnohistorique-et-ecologique-1982-2","status":"publish","type":"product","link":"https:\/\/recherches-autochtones.org\/site\/produit\/occupation-humaine-de-lungava-perspective-ethnohistorique-et-ecologique-1982-2\/","title":{"rendered":"Occupation humaine de l&rsquo;Ungava : perspective ethnohistorique et \u00e9cologique"},"content":{"rendered":"<p>R\u00e9sum\u00e9 \/ Summary<br \/>\nAvant-propos<\/p>\n<p>Introduction<br \/>\nL\u2019histoire<br \/>\nD\u00e9mographie historique<br \/>\nLes ressources naturelles<br \/>\nLes territoires<br \/>\nConclusion<br \/>\nAnnexe &#8211; Liste des campements<br \/>\nBibliographie<\/p>\n<p><strong>Auteur(s) : <\/strong>Monique V\u00e9zinet<br \/>\n<strong>Autre(s) collaborateur(s) : <\/strong><\/p>\n<p>164 pages<br \/>\n<strong style=\"font-size: 16px; line-height: 1.5;\">ISBN\/ISSN\u00a0:\u00a0<\/strong>2-920144-0-49<\/p>\n<p>&nbsp;<\/p>\n","protected":false},"excerpt":{"rendered":"<p>Cette \u00e9tude s&rsquo;attache au peuplement inuit des rives de la baie d&rsquo;Ungava, dans une optique \u00e0 la fois d&rsquo;ethnohistoire et d&rsquo;\u00e9cologie culturelle. En liaison avec la probl\u00e9matique arch\u00e9ologique du programme Tuvaaluk, on a voulu analyser l&rsquo;occupation humaine de cette r\u00e9gion en mettant plus particuli\u00e8rement l&rsquo;accent sur les groupes du nord-ouest (actuels villages de Quartaq et Kangirsuk o\u00f9 l&rsquo;essentiel de l&rsquo;enqu\u00eate fut men\u00e9) et sur la p\u00e9riode de la fin du XIXe si\u00e8cle et du d\u00e9but du XXe si\u00e8cle pour laquelle les t\u00e9moignages des Inuit permettaient une information pouss\u00e9e.<\/p>\n","protected":false},"featured_media":3161,"comment_status":"closed","ping_status":"closed","template":"","meta":{"_EventAllDay":false,"_EventTimezone":"","_EventStartDate":"","_EventEndDate":"","_EventStartDateUTC":"","_EventEndDateUTC":"","_EventShowMap":false,"_EventShowMapLink":false,"_EventURL":"","_EventCost":"","_EventCostDescription":"","_EventCurrencySymbol":"","_EventCurrencyCode":"","_EventCurrencyPosition":"","_EventDateTimeSeparator":"","_EventTimeRangeSeparator":"","_EventOrganizerID":[],"_EventVenueID":[],"_OrganizerEmail":"","_OrganizerPhone":"","_OrganizerWebsite":"","_VenueAddress":"","_VenueCity":"","_VenueCountry":"","_VenueProvince":"","_VenueState":"","_VenueZip":"","_VenuePhone":"","_VenueURL":"","_VenueStateProvince":"","_VenueLat":"","_VenueLng":"","_VenueShowMap":false,"_VenueShowMapLink":false},"product_brand":[],"product_cat":[24,47],"product_tag":[],"class_list":{"0":"post-1560","1":"product","2":"type-product","3":"status-publish","4":"has-post-thumbnail","6":"product_cat-paleo-quebec","7":"product_cat-papier","9":"first","10":"instock","11":"purchasable","12":"product-type-simple"},"_links":{"self":[{"href":"https:\/\/recherches-autochtones.org\/site\/wp-json\/wp\/v2\/product\/1560","targetHints":{"allow":["GET"]}}],"collection":[{"href":"https:\/\/recherches-autochtones.org\/site\/wp-json\/wp\/v2\/product"}],"about":[{"href":"https:\/\/recherches-autochtones.org\/site\/wp-json\/wp\/v2\/types\/product"}],"replies":[{"embeddable":true,"href":"https:\/\/recherches-autochtones.org\/site\/wp-json\/wp\/v2\/comments?post=1560"}],"wp:featuredmedia":[{"embeddable":true,"href":"https:\/\/recherches-autochtones.org\/site\/wp-json\/wp\/v2\/media\/3161"}],"wp:attachment":[{"href":"https:\/\/recherches-autochtones.org\/site\/wp-json\/wp\/v2\/media?parent=1560"}],"wp:term":[{"taxonomy":"product_brand","embeddable":true,"href":"https:\/\/recherches-autochtones.org\/site\/wp-json\/wp\/v2\/product_brand?post=1560"},{"taxonomy":"product_cat","embeddable":true,"href":"https:\/\/recherches-autochtones.org\/site\/wp-json\/wp\/v2\/product_cat?post=1560"},{"taxonomy":"product_tag","embeddable":true,"href":"https:\/\/recherches-autochtones.org\/site\/wp-json\/wp\/v2\/product_tag?post=1560"}],"curies":[{"name":"wp","href":"https:\/\/api.w.org\/{rel}","templated":true}]}}