{"id":1559,"date":"1981-03-17T13:56:20","date_gmt":"1981-03-17T18:56:20","guid":{"rendered":"https:\/\/recherches-autochtones.org\/site\/produit\/paleophytogeographie-post-glaciaire-en-ungava-par-lanalyse-pollinique-1981-2"},"modified":"2025-06-20T11:26:33","modified_gmt":"2025-06-20T15:26:33","slug":"paleophytogeographie-post-glaciaire-en-ungava-par-lanalyse-pollinique-1981-2","status":"publish","type":"product","link":"https:\/\/recherches-autochtones.org\/site\/produit\/paleophytogeographie-post-glaciaire-en-ungava-par-lanalyse-pollinique-1981-2\/","title":{"rendered":"Pal\u00e9ophytog\u00e9ographie post-glaciaire en Ungava par l&rsquo;analyse pollinique"},"content":{"rendered":"<p>R\u00e9sum\u00e9 \/ Abstract<\/p>\n<p>INTRODUCTION<br \/>\nLe territoire \u00e9tudi\u00e9<br \/>\nRevue de litt\u00e9rature<br \/>\nLocalisation et description des stations<\/p>\n<p>M\u00c9THODES<br \/>\nTechniques de terrain<br \/>\nTechniques de laboratoire<\/p>\n<p>R\u00c9SULTATS ET COMMENTAIRES<br \/>\nLes \u00e9chantillons de surface (sub-actuels)<br \/>\nLes s\u00e9diments lacustres<br \/>\nInterpr\u00e9tation des diagrammes de s\u00e9diments lacustres<br \/>\nLes tourbes et les sols<\/p>\n<p>DISCUSSION<\/p>\n<p>CONCLUSION<br \/>\nRemerciements<br \/>\nR\u00e9f\u00e9rences<\/p>\n<p><strong>Auteur(s) : <\/strong>Pierre J. H. Richard<br \/>\n<strong>Autre(s) collaborateur(s) : <\/strong><\/p>\n<p>156 pages<br \/>\n<strong style=\"font-size: 16px; line-height: 1.5;\">ISBN\/ISSN\u00a0:\u00a0<\/strong>2-920144-0-30<\/p>\n<p>&nbsp;<\/p>\n","protected":false},"excerpt":{"rendered":"<p>L&#039;histoire postglaciaire de la v\u00e9g\u00e9tation de la r\u00e9gion situ\u00e9e entre la baie d&#039; Ungava et le 72e m\u00e9ridien ouest a \u00e9t\u00e9 reconstitu\u00e9e au moyen de l&#039;analyse pollinique. L&#039;interpr\u00e9tation des diagrammes polliniques a \u00e9t\u00e9 pr\u00e9c\u00e9d\u00e9e d&#039;une \u00e9tude de la repr\u00e9sentation pollinique de la toundra et de la toundra foresti\u00e8re, \u00e0 l&#039;aide de coussinets de mousses (20) et d&#039;\u00e9chantillons lacustres de surface (21).  Onze diagrammes polliniques ont \u00e9t\u00e9 dress\u00e9s \u00e0 partir de s\u00e9diments lacustres (7), de tourbes (3) et d&#039;un sol arch\u00e9ologique. Cinq diagrammes sont localis\u00e9s de part et d&#039;autre de la rivi\u00e8re aux Feuilles, le long du 72 long. Ouest, les autres provenant de la r\u00e9gion de la baie du Diana.  \u00c0 Diana, vers 7 000 BP, une toundra herbeuseplus riche qu&#039;actuellement s&#039;est install\u00e9e. Elle a \u00e9t\u00e9 remplac\u00e9e par une toundra arbustive dense vers 6 200 BP. Alnus crispa et Betula glandulosa abondaient. Vers 3 500 BP, les arbustes ont r\u00e9gress\u00e9 et la couverture v\u00e9f\u00e9tale s&#039;est sensiblement ouverte, pour aboutir au paysage actuel de toundra o\u00f9 les arbustes sont tr\u00e8s rares.  Dans la r\u00e9gion de la rivi\u00e8res aux Feuilles, vers 5 300 BP, les arbres \u00e9taient d\u00e9j\u00e0 pr\u00e9sents mais le paysage \u00e9tait initialement tr\u00e8s ouvert. Une toundra foresti\u00e8re arbustive dense s&#039;est rapidement constitu\u00e9e et s&#039;est maintenue jusque vers 4 000 BP. Une toundra foresti\u00e8re tr\u00e8s dense s&#039;est par la suite install\u00e9e. Le couvert forestier s&#039;est ensuite ouvert, depuis 2 500 ans environ pr\u00e8s de la vall\u00e9e, plus t\u00f4t sur les plateaux (3 200 et 3 600 BP). Cette ouverture s&#039;est acc\u00e9l\u00e9r\u00e9e vers 2 000 BP, pour aboutir aus paysages actuels. On a retrouv\u00e9 des indices palynologiques d&#039;une seule remont\u00e9e de la limite des arbres, de 40 km, vers 3 600 BP.  L&#039;\u00e9tude montre le caract\u00e8re m\u00e9tachrone de la colonisation v\u00e9g\u00e9tale et des r\u00e9actions des plantes aux changements du milieu (sols, climat). Les paysages v\u00e9g\u00e9taux actuels de la toundra ungavienne et de la toundra foresti\u00e8re sont uniques; des formations comparables n&#039;ont jamais exist\u00e9 depuis la d\u00e9glaciation.<\/p>\n","protected":false},"featured_media":3160,"comment_status":"closed","ping_status":"closed","template":"","meta":{"_EventAllDay":false,"_EventTimezone":"","_EventStartDate":"","_EventEndDate":"","_EventStartDateUTC":"","_EventEndDateUTC":"","_EventShowMap":false,"_EventShowMapLink":false,"_EventURL":"","_EventCost":"","_EventCostDescription":"","_EventCurrencySymbol":"","_EventCurrencyCode":"","_EventCurrencyPosition":"","_EventDateTimeSeparator":"","_EventTimeRangeSeparator":"","_EventOrganizerID":[],"_EventVenueID":[],"_OrganizerEmail":"","_OrganizerPhone":"","_OrganizerWebsite":"","_VenueAddress":"","_VenueCity":"","_VenueCountry":"","_VenueProvince":"","_VenueState":"","_VenueZip":"","_VenuePhone":"","_VenueURL":"","_VenueStateProvince":"","_VenueLat":"","_VenueLng":"","_VenueShowMap":false,"_VenueShowMapLink":false},"product_brand":[],"product_cat":[24,47],"product_tag":[],"class_list":{"0":"post-1559","1":"product","2":"type-product","3":"status-publish","4":"has-post-thumbnail","6":"product_cat-paleo-quebec","7":"product_cat-papier","9":"first","10":"instock","11":"purchasable","12":"product-type-simple"},"_links":{"self":[{"href":"https:\/\/recherches-autochtones.org\/site\/wp-json\/wp\/v2\/product\/1559","targetHints":{"allow":["GET"]}}],"collection":[{"href":"https:\/\/recherches-autochtones.org\/site\/wp-json\/wp\/v2\/product"}],"about":[{"href":"https:\/\/recherches-autochtones.org\/site\/wp-json\/wp\/v2\/types\/product"}],"replies":[{"embeddable":true,"href":"https:\/\/recherches-autochtones.org\/site\/wp-json\/wp\/v2\/comments?post=1559"}],"wp:featuredmedia":[{"embeddable":true,"href":"https:\/\/recherches-autochtones.org\/site\/wp-json\/wp\/v2\/media\/3160"}],"wp:attachment":[{"href":"https:\/\/recherches-autochtones.org\/site\/wp-json\/wp\/v2\/media?parent=1559"}],"wp:term":[{"taxonomy":"product_brand","embeddable":true,"href":"https:\/\/recherches-autochtones.org\/site\/wp-json\/wp\/v2\/product_brand?post=1559"},{"taxonomy":"product_cat","embeddable":true,"href":"https:\/\/recherches-autochtones.org\/site\/wp-json\/wp\/v2\/product_cat?post=1559"},{"taxonomy":"product_tag","embeddable":true,"href":"https:\/\/recherches-autochtones.org\/site\/wp-json\/wp\/v2\/product_tag?post=1559"}],"curies":[{"name":"wp","href":"https:\/\/api.w.org\/{rel}","templated":true}]}}