{"id":1552,"date":"1975-07-17T13:56:20","date_gmt":"1975-07-17T17:56:20","guid":{"rendered":"https:\/\/recherches-autochtones.org\/site\/produit\/archeologie-du-nouveau-quebec-etude-du-materiel-osteologique-provenant-des-sites-ungava-ii-et-diana-i-1975-2"},"modified":"2025-06-20T11:24:18","modified_gmt":"2025-06-20T15:24:18","slug":"archeologie-du-nouveau-quebec-etude-du-materiel-osteologique-provenant-des-sites-ungava-ii-et-diana-i-1975-2","status":"publish","type":"product","link":"https:\/\/recherches-autochtones.org\/site\/produit\/archeologie-du-nouveau-quebec-etude-du-materiel-osteologique-provenant-des-sites-ungava-ii-et-diana-i-1975-2\/","title":{"rendered":"Arch\u00e9ologie du Nouveau-Qu\u00e9bec : \u00e9tude du mat\u00e9riel ost\u00e9ologique provenant des sites Ungava II et Diana I"},"content":{"rendered":"<p>R\u00e9sum\u00e9 fran\u00e7ais, anglais et en langue inuit<\/p>\n<p>Introduction<br \/>\nPatrick Plumet<\/p>\n<p>\u00c9tude du mat\u00e9riel ost\u00e9ologique provenant des sites UNG.11 et DIA.1<br \/>\nConditions g\u00e9n\u00e9rales et conclusions<br \/>\nR\u00e9f\u00e9rences bibliographiques<\/p>\n<p><strong>Auteur(s) : <\/strong>Jean Pi\u00e9rard<br \/>\n<strong>Autre(s) collaborateur(s) : <\/strong><\/p>\n<p>98 pages<br \/>\n<strong style=\"font-size: 16px; line-height: 1.5;\">ISBN\/ISSN\u00a0:\u00a0<\/strong>0-919818-0-21<\/p>\n<p>&nbsp;<\/p>\n","protected":false},"excerpt":{"rendered":"<p>Cette \u00e9tude porte sur l&rsquo;analyse de vestiges osseux provenant de quatre sites dors\u00e9tiens situ\u00e9s sur la c\u00f4te nord-ouest de la baie d&rsquo;Ungava: Ungava 11A, B et D ainsi que Diana 1 (ou site Cordeau). Des os de phoques constituent la tr\u00e8s grande majorit\u00e9 des vestiges identifi\u00e9s,  des os de morses, de c\u00e9tac\u00e9s et de caribous s&rsquo;y ajoutent en petites quantit\u00e9s. La mer constituait donc la principale ressource des occupants de ces sites La pr\u00e9sence d&rsquo;os de phoques du Groenland indique que les sites UNG.11-A et UNG.11-B \u00e9taient habit\u00e9s au moins pendant l&rsquo;\u00e9t\u00e9.Les marques d&rsquo;outils sont tr\u00e8s rares sur les os identifi\u00e9s. Les quelques marques observ\u00e9es int\u00e9ressent le plus souvent l&rsquo;aspect proximo-lat\u00e9ral d&rsquo;hum\u00e9rus de phoques, ce qui pourrait constituer un indice d&rsquo;une partie de la technique de d\u00e9pe\u00e7age utilis\u00e9e par ces pal\u00e9o-esquimaux. Plusieurs os portent des traces de combustion. Les sites UNG. 11-B et UNG. 11-D recelaient des os de chiens et certains de ces os portent des traces de combustion. Un fragment de ibia de castor a \u00e9t\u00e9 r\u00e9cup\u00e9\u00e9 sur UNG. 11-B. Les caract\u00e8res pathologiques sont pratiquement inexistants.<\/p>\n","protected":false},"featured_media":3154,"comment_status":"closed","ping_status":"closed","template":"","meta":{"_EventAllDay":false,"_EventTimezone":"","_EventStartDate":"","_EventEndDate":"","_EventStartDateUTC":"","_EventEndDateUTC":"","_EventShowMap":false,"_EventShowMapLink":false,"_EventURL":"","_EventCost":"","_EventCostDescription":"","_EventCurrencySymbol":"","_EventCurrencyCode":"","_EventCurrencyPosition":"","_EventDateTimeSeparator":"","_EventTimeRangeSeparator":"","_EventOrganizerID":[],"_EventVenueID":[],"_OrganizerEmail":"","_OrganizerPhone":"","_OrganizerWebsite":"","_VenueAddress":"","_VenueCity":"","_VenueCountry":"","_VenueProvince":"","_VenueState":"","_VenueZip":"","_VenuePhone":"","_VenueURL":"","_VenueStateProvince":"","_VenueLat":"","_VenueLng":"","_VenueShowMap":false,"_VenueShowMapLink":false},"product_brand":[],"product_cat":[24,47],"product_tag":[],"class_list":{"0":"post-1552","1":"product","2":"type-product","3":"status-publish","4":"has-post-thumbnail","6":"product_cat-paleo-quebec","7":"product_cat-papier","9":"first","10":"instock","11":"purchasable","12":"product-type-simple"},"_links":{"self":[{"href":"https:\/\/recherches-autochtones.org\/site\/wp-json\/wp\/v2\/product\/1552","targetHints":{"allow":["GET"]}}],"collection":[{"href":"https:\/\/recherches-autochtones.org\/site\/wp-json\/wp\/v2\/product"}],"about":[{"href":"https:\/\/recherches-autochtones.org\/site\/wp-json\/wp\/v2\/types\/product"}],"replies":[{"embeddable":true,"href":"https:\/\/recherches-autochtones.org\/site\/wp-json\/wp\/v2\/comments?post=1552"}],"wp:featuredmedia":[{"embeddable":true,"href":"https:\/\/recherches-autochtones.org\/site\/wp-json\/wp\/v2\/media\/3154"}],"wp:attachment":[{"href":"https:\/\/recherches-autochtones.org\/site\/wp-json\/wp\/v2\/media?parent=1552"}],"wp:term":[{"taxonomy":"product_brand","embeddable":true,"href":"https:\/\/recherches-autochtones.org\/site\/wp-json\/wp\/v2\/product_brand?post=1552"},{"taxonomy":"product_cat","embeddable":true,"href":"https:\/\/recherches-autochtones.org\/site\/wp-json\/wp\/v2\/product_cat?post=1552"},{"taxonomy":"product_tag","embeddable":true,"href":"https:\/\/recherches-autochtones.org\/site\/wp-json\/wp\/v2\/product_tag?post=1552"}],"curies":[{"name":"wp","href":"https:\/\/api.w.org\/{rel}","templated":true}]}}