{"id":1543,"date":"2001-03-17T13:49:22","date_gmt":"2001-03-17T18:49:22","guid":{"rendered":"https:\/\/recherches-autochtones.org\/site\/produit\/montreal-1701-planter-larbre-de-la-paix-2001-2"},"modified":"2026-03-03T08:50:46","modified_gmt":"2026-03-03T13:50:46","slug":"montreal-1701-planter-larbre-de-la-paix-2001-2","status":"publish","type":"product","link":"https:\/\/recherches-autochtones.org\/site\/produit\/montreal-1701-planter-larbre-de-la-paix-2001-2\/","title":{"rendered":"Montr\u00e9al 1701. Planter l\u2019Arbre de la paix"},"content":{"rendered":"<p>Remerciements<br \/>\nPr\u00e9face<br \/>\nIntroduction<\/p>\n<p>GUERRE ET PAIX AU XVIIe SI\u00c8CLE<\/p>\n<p>L\u2019alliance franco-am\u00e9rindienne et les cinq Nations iroquoises<br \/>\nLes strat\u00e9gies de la paix<br \/>\nDes n\u00e9gociations d\u00e9licates (1697-1701)<\/p>\n<p>\u00ab L\u2019ARBRE DE PAIX EST DONC PLANT\u00c9 SUR LA PLUS HAUTE MONTAGNE\u00a0\u00bb<\/p>\n<p>L\u2019arriv\u00e9e des ambassadeurs<br \/>\nLa foire de Montr\u00e9al<br \/>\nL\u2019\u00e9pid\u00e9mie<br \/>\nLa remise des captifs : un obstacle au processus de paix<br \/>\nLa mort de Kondiaronk<br \/>\nL\u2019assembl\u00e9e g\u00e9n\u00e9rale<\/p>\n<p>LES ACCORDS DE MONTR\u00c9AL<\/p>\n<p>La neutralit\u00e9 de la Ligue iroquoise<br \/>\nL\u2019alliance franco-am\u00e9rindienne consacr\u00e9e<\/p>\n<p>Conclusion<br \/>\nChronologie<br \/>\nListe des acteurs<br \/>\nPour en savoir plus<\/p>\n<p><strong>Auteur(s) : <\/strong>Gilles Havard<br \/>\n<strong>Autre(s) collaborateur(s) : <\/strong><\/p>\n<p>73 pages<br \/>\n<strong style=\"font-size: 16px; line-height: 1.5;\">ISBN\/ISSN\u00a0:\u00a0<\/strong>2-920366-28-9<\/p>\n<p>&nbsp;<\/p>\n","protected":false},"excerpt":{"rendered":"<p>La Grande Paix de Montr\u00e9al de 1701 fut un \u00e9v\u00e9nement majeur de l\u2019histoire nord-am\u00e9ricaine. Cette paix est celle qui mit fin \u00e0 pr\u00e8s d\u2019un si\u00e8cle de guerres entre les Fran\u00e7ais et leurs alli\u00e9s am\u00e9rindiens d\u2019un c\u00f4t\u00e9, et les Cinq Nations iroquoises de l\u2019autre. Pr\u00e8s de quarante nations autochtones d\u00e9l\u00e9gu\u00e8rent leurs ambassadeurs \u00e0 Montr\u00e9al en provenance aussi bien de l\u2019Illinois, des rives des Grands Lacs, de la baie James, de l\u2019Acadie et de l\u2019Iroquoisie, que des villages \u00ab domicili\u00e9s \u00bb du Saint-Laurent. Montr\u00e9al devient alors le carrefour de l\u2019interculturalit\u00e9 nord-am\u00e9ricaine<\/p>\n","protected":false},"featured_media":3141,"comment_status":"closed","ping_status":"closed","template":"","meta":{"_EventAllDay":false,"_EventTimezone":"","_EventStartDate":"","_EventEndDate":"","_EventStartDateUTC":"","_EventEndDateUTC":"","_EventShowMap":false,"_EventShowMapLink":false,"_EventURL":"","_EventCost":"","_EventCostDescription":"","_EventCurrencySymbol":"","_EventCurrencyCode":"","_EventCurrencyPosition":"","_EventDateTimeSeparator":"","_EventTimeRangeSeparator":"","_EventOrganizerID":[],"_EventVenueID":[],"_OrganizerEmail":"","_OrganizerPhone":"","_OrganizerWebsite":"","_VenueAddress":"","_VenueCity":"","_VenueCountry":"","_VenueProvince":"","_VenueState":"","_VenueZip":"","_VenuePhone":"","_VenueURL":"","_VenueStateProvince":"","_VenueLat":"","_VenueLng":"","_VenueShowMap":false,"_VenueShowMapLink":false},"product_brand":[],"product_cat":[47,25],"product_tag":[],"class_list":{"0":"post-1543","1":"product","2":"type-product","3":"status-publish","4":"has-post-thumbnail","6":"product_cat-papier","7":"product_cat-signes-des-ameriques","9":"first","10":"instock","11":"purchasable","12":"product-type-simple"},"_links":{"self":[{"href":"https:\/\/recherches-autochtones.org\/site\/wp-json\/wp\/v2\/product\/1543","targetHints":{"allow":["GET"]}}],"collection":[{"href":"https:\/\/recherches-autochtones.org\/site\/wp-json\/wp\/v2\/product"}],"about":[{"href":"https:\/\/recherches-autochtones.org\/site\/wp-json\/wp\/v2\/types\/product"}],"replies":[{"embeddable":true,"href":"https:\/\/recherches-autochtones.org\/site\/wp-json\/wp\/v2\/comments?post=1543"}],"wp:featuredmedia":[{"embeddable":true,"href":"https:\/\/recherches-autochtones.org\/site\/wp-json\/wp\/v2\/media\/3141"}],"wp:attachment":[{"href":"https:\/\/recherches-autochtones.org\/site\/wp-json\/wp\/v2\/media?parent=1543"}],"wp:term":[{"taxonomy":"product_brand","embeddable":true,"href":"https:\/\/recherches-autochtones.org\/site\/wp-json\/wp\/v2\/product_brand?post=1543"},{"taxonomy":"product_cat","embeddable":true,"href":"https:\/\/recherches-autochtones.org\/site\/wp-json\/wp\/v2\/product_cat?post=1543"},{"taxonomy":"product_tag","embeddable":true,"href":"https:\/\/recherches-autochtones.org\/site\/wp-json\/wp\/v2\/product_tag?post=1543"}],"curies":[{"name":"wp","href":"https:\/\/api.w.org\/{rel}","templated":true}]}}