{"id":1538,"date":"1989-03-17T13:49:22","date_gmt":"1989-03-17T18:49:22","guid":{"rendered":"https:\/\/recherches-autochtones.org\/site\/produit\/le-site-mandeville-a-tracy-variabilite-culturelle-des-iroquoiens-du-saint-laurent-1989-2"},"modified":"2026-01-12T12:43:25","modified_gmt":"2026-01-12T17:43:25","slug":"le-site-mandeville-a-tracy-variabilite-culturelle-des-iroquoiens-du-saint-laurent-1989-2","status":"publish","type":"product","link":"https:\/\/recherches-autochtones.org\/site\/produit\/le-site-mandeville-a-tracy-variabilite-culturelle-des-iroquoiens-du-saint-laurent-1989-2\/","title":{"rendered":"Le site Mandeville \u00e0 Tracy. Variabilit\u00e9 culturelle des Iroquoiens du Saint-Laurent"},"content":{"rendered":"<p>Avant-propos<br \/>\nPr\u00e9sentation<br \/>\nSommaire\/Abstract<br \/>\nRemerciements<\/p>\n<p>Introduction<\/p>\n<p>I. Les Iroquoiens du Saint-Laurent<br \/>\nII. Le village Iroquoien de Mandeville<br \/>\nIII. Le village iroquois de McIvor<br \/>\nIV. La place des Iroquoiens de Mandeville dans la Laurentie iroquoienne des XVe et XVIe si\u00e8cles<\/p>\n<p>Conclusion<br \/>\nBibliographie<\/p>\n<p><strong>Auteur(s) : <\/strong>Claude Chapdelaine<br \/>\n<strong>Autre(s) collaborateur(s) : <\/strong><\/p>\n<p>295 pages<br \/>\n<strong style=\"font-size: 16px; line-height: 1.5;\">ISBN\/ISSN\u00a0:\u00a0<\/strong>2-920366-0-84<\/p>\n<p>&nbsp;<\/p>\n","protected":false},"excerpt":{"rendered":"<p>Cette monographie est une synth\u00e8se des connaissances actuelles des Iroquoiens du Saint-Laurent avant l\u2019arriv\u00e9e de Jacques Cartier en 1534. Cet ouvrage pr\u00e9sente les r\u00e9sultats des analyses des vestiges in\u00e9dits de deux villages iroquoiens : le site Mandeville \u00e0 Tracy (pr\u00e8s du Richelieu) et le site McIvor du sud-est de l\u2019Ontario. L\u2019auteur propose une nouvelle perception de la Laurentie iroquoienne et ses travaux t\u00e9moignent de la complexit\u00e9 de la variabilit\u00e9 culturelle des Iroquoiens du Saint-Laurent.<\/p>\n","protected":false},"featured_media":3131,"comment_status":"closed","ping_status":"closed","template":"","meta":{"_EventAllDay":false,"_EventTimezone":"","_EventStartDate":"","_EventEndDate":"","_EventStartDateUTC":"","_EventEndDateUTC":"","_EventShowMap":false,"_EventShowMapLink":false,"_EventURL":"","_EventCost":"","_EventCostDescription":"","_EventCurrencySymbol":"","_EventCurrencyCode":"","_EventCurrencyPosition":"","_EventDateTimeSeparator":"","_EventTimeRangeSeparator":"","_EventOrganizerID":[],"_EventVenueID":[],"_OrganizerEmail":"","_OrganizerPhone":"","_OrganizerWebsite":"","_VenueAddress":"","_VenueCity":"","_VenueCountry":"","_VenueProvince":"","_VenueState":"","_VenueZip":"","_VenuePhone":"","_VenueURL":"","_VenueStateProvince":"","_VenueLat":"","_VenueLng":"","_VenueShowMap":false,"_VenueShowMapLink":false},"product_brand":[],"product_cat":[47,25],"product_tag":[],"class_list":{"0":"post-1538","1":"product","2":"type-product","3":"status-publish","4":"has-post-thumbnail","6":"product_cat-papier","7":"product_cat-signes-des-ameriques","9":"first","10":"instock","11":"purchasable","12":"product-type-simple"},"_links":{"self":[{"href":"https:\/\/recherches-autochtones.org\/site\/wp-json\/wp\/v2\/product\/1538","targetHints":{"allow":["GET"]}}],"collection":[{"href":"https:\/\/recherches-autochtones.org\/site\/wp-json\/wp\/v2\/product"}],"about":[{"href":"https:\/\/recherches-autochtones.org\/site\/wp-json\/wp\/v2\/types\/product"}],"replies":[{"embeddable":true,"href":"https:\/\/recherches-autochtones.org\/site\/wp-json\/wp\/v2\/comments?post=1538"}],"wp:featuredmedia":[{"embeddable":true,"href":"https:\/\/recherches-autochtones.org\/site\/wp-json\/wp\/v2\/media\/3131"}],"wp:attachment":[{"href":"https:\/\/recherches-autochtones.org\/site\/wp-json\/wp\/v2\/media?parent=1538"}],"wp:term":[{"taxonomy":"product_brand","embeddable":true,"href":"https:\/\/recherches-autochtones.org\/site\/wp-json\/wp\/v2\/product_brand?post=1538"},{"taxonomy":"product_cat","embeddable":true,"href":"https:\/\/recherches-autochtones.org\/site\/wp-json\/wp\/v2\/product_cat?post=1538"},{"taxonomy":"product_tag","embeddable":true,"href":"https:\/\/recherches-autochtones.org\/site\/wp-json\/wp\/v2\/product_tag?post=1538"}],"curies":[{"name":"wp","href":"https:\/\/api.w.org\/{rel}","templated":true}]}}