{"id":1536,"date":"1986-03-17T13:49:22","date_gmt":"1986-03-17T18:49:22","guid":{"rendered":"https:\/\/recherches-autochtones.org\/site\/produit\/les-micmacs-et-la-mer-1986-2"},"modified":"2017-02-22T15:50:36","modified_gmt":"2017-02-22T20:50:36","slug":"les-micmacs-et-la-mer-1986-2","status":"publish","type":"product","link":"https:\/\/recherches-autochtones.org\/site\/produit\/les-micmacs-et-la-mer-1986-2\/","title":{"rendered":"Les Micmacs et la mer"},"content":{"rendered":"<p>Pr\u00e9face<br \/>\nMarcel Trudel<\/p>\n<p>Introduction<br \/>\nCharles A. Martijn<\/p>\n<p>I. L\u2019ADAPTATION MARITIMES DES MICMACS<\/p>\n<p>L\u2019adaptation maritime au pays des Micmacs<br \/>\nNorman Clermont<\/p>\n<p>Le canot de haute mer des Micmacs<br \/>\nIngeborg Marshall<\/p>\n<p>Images de la mer dans l\u2019art rupestre des Micmacs<br \/>\nBrian Molyneaux<\/p>\n<p>II. MENAGOESENOG, OU LES \u00ceLES DE LA MADELEINE DES MICMACS<\/p>\n<p>Menagoesenog, ou les \u00eeles de la Madeleine : contexte environnemental<br \/>\nPierre Dumais<\/p>\n<p>La pr\u00e9histoire des \u00eeles de la Madelaine : bilan pr\u00e9liminaire<br \/>\nMoira T. McCaffrey<\/p>\n<p>Les Micmacs aux \u00eeles de la Madeleine : visions fugitives et glanures ethnohistoriques<br \/>\nCharles A. Martijn<\/p>\n<p>III. LES NAVIGATEURS MICMACS \u00c0 L\u2019\u00c9POQUE HISTORIQUE<\/p>\n<p>Voyages des Micmacs dans la vall\u00e9e du Saint-Laurent, sur la C\u00f4te-Nord et \u00e0 Terre-Neuve<br \/>\nCharles A. Martijn<\/p>\n<p>Navigation des Micmacs le long de la c\u00f4te est de l\u2019Atlantique<br \/>\nRuth Holmes Whitehead<\/p>\n<p>La \u00abguerre navale\u00bb des Micmacs contre les Britanniques, 1713-1763<br \/>\nOlive P. Dickason<\/p>\n<p><strong>Auteur(s) : <\/strong>Charles A. Martijn (sous la direction de)<br \/>\n<strong>Autre(s) collaborateur(s) : <\/strong>Norman Clermont,  Ingeborg Marshall,  Brian Molyneaux,  Pierre Dumais,  Gilles Rousseau,  Moira T. McCaffrey,  Ruth Holmes Whitehead,  Olive Dickason<\/p>\n<p>343 pages<br \/>\n<strong style=\"font-size: 16px; line-height: 1.5;\">ISBN\/ISSN\u00a0:\u00a0<\/strong>2-920366-0-5X<\/p>\n<p>&nbsp;<\/p>\n","protected":false},"excerpt":{"rendered":"<p>Ce volume, qui pr\u00e9sente les textes de neuf chercheurs, dresse le portrait des Micmacs, ce \u00ab peuple de la mer \u00bb trop longuement n\u00e9glig\u00e9 dans la litt\u00e9rature historique. La premi\u00e8re partie du livre traite de l\u2019adaptation maritime des Micmacs. La seconde partie t\u00e9moigne de l\u2019importance des \u00eeles de la Madeleine dans l\u2019\u00e9conomie des Micmacs. La derni\u00e8re partie du livre mentionne les \u00e9pisodes des navigateurs micmacs \u00e0 l\u2019\u00e9poque historique.<\/p>\n","protected":false},"featured_media":3127,"comment_status":"closed","ping_status":"closed","template":"","meta":{"_EventAllDay":false,"_EventTimezone":"","_EventStartDate":"","_EventEndDate":"","_EventStartDateUTC":"","_EventEndDateUTC":"","_EventShowMap":false,"_EventShowMapLink":false,"_EventURL":"","_EventCost":"","_EventCostDescription":"","_EventCurrencySymbol":"","_EventCurrencyCode":"","_EventCurrencyPosition":"","_EventDateTimeSeparator":"","_EventTimeRangeSeparator":"","_EventOrganizerID":[],"_EventVenueID":[],"_OrganizerEmail":"","_OrganizerPhone":"","_OrganizerWebsite":"","_VenueAddress":"","_VenueCity":"","_VenueCountry":"","_VenueProvince":"","_VenueState":"","_VenueZip":"","_VenuePhone":"","_VenueURL":"","_VenueStateProvince":"","_VenueLat":"","_VenueLng":"","_VenueShowMap":false,"_VenueShowMapLink":false},"product_brand":[],"product_cat":[47,25],"product_tag":[],"class_list":{"0":"post-1536","1":"product","2":"type-product","3":"status-publish","4":"has-post-thumbnail","6":"product_cat-papier","7":"product_cat-signes-des-ameriques","9":"first","10":"outofstock","11":"purchasable","12":"product-type-simple"},"_links":{"self":[{"href":"https:\/\/recherches-autochtones.org\/site\/wp-json\/wp\/v2\/product\/1536","targetHints":{"allow":["GET"]}}],"collection":[{"href":"https:\/\/recherches-autochtones.org\/site\/wp-json\/wp\/v2\/product"}],"about":[{"href":"https:\/\/recherches-autochtones.org\/site\/wp-json\/wp\/v2\/types\/product"}],"replies":[{"embeddable":true,"href":"https:\/\/recherches-autochtones.org\/site\/wp-json\/wp\/v2\/comments?post=1536"}],"wp:featuredmedia":[{"embeddable":true,"href":"https:\/\/recherches-autochtones.org\/site\/wp-json\/wp\/v2\/media\/3127"}],"wp:attachment":[{"href":"https:\/\/recherches-autochtones.org\/site\/wp-json\/wp\/v2\/media?parent=1536"}],"wp:term":[{"taxonomy":"product_brand","embeddable":true,"href":"https:\/\/recherches-autochtones.org\/site\/wp-json\/wp\/v2\/product_brand?post=1536"},{"taxonomy":"product_cat","embeddable":true,"href":"https:\/\/recherches-autochtones.org\/site\/wp-json\/wp\/v2\/product_cat?post=1536"},{"taxonomy":"product_tag","embeddable":true,"href":"https:\/\/recherches-autochtones.org\/site\/wp-json\/wp\/v2\/product_tag?post=1536"}],"curies":[{"name":"wp","href":"https:\/\/api.w.org\/{rel}","templated":true}]}}