{"id":1533,"date":"1982-03-17T13:49:22","date_gmt":"1982-03-17T18:49:22","guid":{"rendered":"https:\/\/recherches-autochtones.org\/site\/produit\/la-culture-materielle-des-indiens-de-weymontachie-images-dhier-dans-une-societe-en-mutation-1982-2"},"modified":"2021-09-04T18:11:48","modified_gmt":"2021-09-04T22:11:48","slug":"la-culture-materielle-des-indiens-de-weymontachie-images-dhier-dans-une-societe-en-mutation-1982-2","status":"publish","type":"product","link":"https:\/\/recherches-autochtones.org\/site\/produit\/la-culture-materielle-des-indiens-de-weymontachie-images-dhier-dans-une-societe-en-mutation-1982-2\/","title":{"rendered":"La culture mat\u00e9rielle des Indiens de Weymontachie. Images d&rsquo;hier dans une soci\u00e9t\u00e9 en mutation"},"content":{"rendered":"<p>Pr\u00e9face<br \/>\nCamil Guy<\/p>\n<p>\u00c0 la m\u00e9moire d\u2019Albert Biroth\u00e9, homme de transition<\/p>\n<p>Introduction<\/p>\n<p>Les outils fondamentaux de relations<\/p>\n<p>Les sch\u00e8mes d\u2019\u00e9tablissement<\/p>\n<p>Les articles de la culture mat\u00e9rielle traditionnelle<\/p>\n<p>La culture mat\u00e9rielle des Indiens de Weymontachie et d\u2019ailleurs<\/p>\n<p>Conclusion<br \/>\nBibliographie<\/p>\n<p><strong>Auteur(s) : <\/strong>Norman Clermont<br \/>\n<strong>Autre(s) collaborateur(s) : <\/strong><\/p>\n<p>158 pages<br \/>\n<strong style=\"font-size: 16px; line-height: 1.5;\">ISBN\/ISSN\u00a0:\u00a0<\/strong>2-920366-01-7<\/p>\n<p>&nbsp;<\/p>\n","protected":false},"excerpt":{"rendered":"<p>\u00c0 la lecture de cet ouvrage, on retrouvera un ensemble de connaissances et de savoir-faire, une intimit\u00e9 avec le milieu, un tissu de relations entre les membres de la communaut\u00e9 de Weymontachie et entre l\u2019Homme et son environnement. Les outils et les objets sont peu de choses en dehors des artisans qui les fa\u00e7onnent, et en dehors des contextes culturels et sociaux o\u00f9 ils sont utilis\u00e9s. Alors que la culture \u00ab traditionnelle \u00bb, est aujourd\u2019hui pratiquement disparue de Weymontachie, la pens\u00e9e am\u00e9rindienne survit. \u00c0 travers cette culture mat\u00e9rielle, le lecteur apprend \u00e0 conna\u00eetre Albert Biroth\u00e9, celui par qui s\u2019est transmise la m\u00e9moire et les connaissances<\/p>\n","protected":false},"featured_media":3121,"comment_status":"closed","ping_status":"closed","template":"","meta":{"_EventAllDay":false,"_EventTimezone":"","_EventStartDate":"","_EventEndDate":"","_EventStartDateUTC":"","_EventEndDateUTC":"","_EventShowMap":false,"_EventShowMapLink":false,"_EventURL":"","_EventCost":"","_EventCostDescription":"","_EventCurrencySymbol":"","_EventCurrencyCode":"","_EventCurrencyPosition":"","_EventDateTimeSeparator":"","_EventTimeRangeSeparator":"","_EventOrganizerID":[],"_EventVenueID":[],"_OrganizerEmail":"","_OrganizerPhone":"","_OrganizerWebsite":"","_VenueAddress":"","_VenueCity":"","_VenueCountry":"","_VenueProvince":"","_VenueState":"","_VenueZip":"","_VenuePhone":"","_VenueURL":"","_VenueStateProvince":"","_VenueLat":"","_VenueLng":"","_VenueShowMap":false,"_VenueShowMapLink":false},"product_brand":[],"product_cat":[47,25],"product_tag":[],"class_list":{"0":"post-1533","1":"product","2":"type-product","3":"status-publish","4":"has-post-thumbnail","6":"product_cat-papier","7":"product_cat-signes-des-ameriques","9":"first","10":"instock","11":"purchasable","12":"product-type-simple"},"_links":{"self":[{"href":"https:\/\/recherches-autochtones.org\/site\/wp-json\/wp\/v2\/product\/1533","targetHints":{"allow":["GET"]}}],"collection":[{"href":"https:\/\/recherches-autochtones.org\/site\/wp-json\/wp\/v2\/product"}],"about":[{"href":"https:\/\/recherches-autochtones.org\/site\/wp-json\/wp\/v2\/types\/product"}],"replies":[{"embeddable":true,"href":"https:\/\/recherches-autochtones.org\/site\/wp-json\/wp\/v2\/comments?post=1533"}],"wp:featuredmedia":[{"embeddable":true,"href":"https:\/\/recherches-autochtones.org\/site\/wp-json\/wp\/v2\/media\/3121"}],"wp:attachment":[{"href":"https:\/\/recherches-autochtones.org\/site\/wp-json\/wp\/v2\/media?parent=1533"}],"wp:term":[{"taxonomy":"product_brand","embeddable":true,"href":"https:\/\/recherches-autochtones.org\/site\/wp-json\/wp\/v2\/product_brand?post=1533"},{"taxonomy":"product_cat","embeddable":true,"href":"https:\/\/recherches-autochtones.org\/site\/wp-json\/wp\/v2\/product_cat?post=1533"},{"taxonomy":"product_tag","embeddable":true,"href":"https:\/\/recherches-autochtones.org\/site\/wp-json\/wp\/v2\/product_tag?post=1533"}],"curies":[{"name":"wp","href":"https:\/\/api.w.org\/{rel}","templated":true}]}}