{"id":1519,"date":"2009-01-17T13:49:22","date_gmt":"2009-01-17T18:49:22","guid":{"rendered":"https:\/\/recherches-autochtones.org\/site\/produit\/droits-et-identites-en-mouvement-2009-2"},"modified":"2017-02-22T15:36:55","modified_gmt":"2017-02-22T20:36:55","slug":"droits-et-identites-en-mouvement-2009-2","status":"publish","type":"product","link":"https:\/\/recherches-autochtones.org\/site\/produit\/droits-et-identites-en-mouvement-2009-2\/","title":{"rendered":"Droits et identit\u00e9s en mouvement (2009, vol. 39, nos. 1-2)"},"content":{"rendered":"<p><strong>SOMMAIRE<\/strong><\/p>\n<p>PR\u00c9SENTATION<br \/>\nTransformations et continuit\u00e9s<br \/>\nMartin H\u00e9bert<\/p>\n<p>Le paysage bois\u00e9 et les modes d\u2019occupation de l\u2019\u00eele de Montr\u00e9al, du Sylvicole sup\u00e9rieur r\u00e9cent au XIXe si\u00e8cle<br \/>\nBrad Loewen<\/p>\n<p>Des destin\u00e9es distinctes : les Fran\u00e7ais de la r\u00e9gion de la rivi\u00e8re D\u00e9troit et leurs voisins am\u00e9rindiens, 1763-1815<br \/>\nGuillaume Teasdale<\/p>\n<p>Les communaut\u00e9s autochtones du Qu\u00e9bec et le d\u00e9veloppement hydro\u00e9lectrique : un rapport de force avec l\u2019\u00c9tat, de 1944 \u00e0 aujourd\u2019hui<br \/>\nSt\u00e9phane Savard<\/p>\n<p>Le territoire, \u00ab matrice \u00bb de culture : analyse des m\u00e9moires d\u00e9pos\u00e9s \u00e0 la commission Coulombe par les premi\u00e8res nations du Qu\u00e9bec<br \/>\nThibault Martin et Am\u00e9lie Girard<\/p>\n<p>La reformulation culturelle et identitaire des M\u00e9tis de Colombie-Britannique<br \/>\nJoanna Seraphim<\/p>\n<p>\u00c9thique et symbolique de la responsabilit\u00e9 territoriale chez les peuples algonquiens du Qu\u00e9bec<br \/>\nJacques Leroux<\/p>\n<p>Les r\u00e9parations pour violation des droits fonciers des peuples autochtones : le\u00e7ons de la Cour interam\u00e9ricaine des droits de l\u2019homme<br \/>\nGhislain Otis<\/p>\n<p>DOSSIER \u00ab KANESATAKE\/OKA : VINGT ANS APR\u00c8S<br \/>\nPr\u00e8s de trois si\u00e8cles de revendications territoriales<br \/>\n\u00c9ric Chalifoux<\/p>\n<p>Seigneurie du Lac-des-Deux-Montagnes : o\u00f9 en sont rendues les n\u00e9gociations ?<br \/>\nPierre Trudel<\/p>\n<p>Oka, 20 ans d\u00e9j\u00e0 ! Les origines lointaines et contemporaines de la crise<br \/>\nPierre Lepage<\/p>\n<p>Le l\u00e9galisme \u00e0 la sulpicienne<br \/>\nR\u00e9mi Savard<\/p>\n<p>La crise d\u2019Oka de 1990 : retour sur les \u00e9v\u00e9nements du 11 juillet<br \/>\nPierre Trudel<\/p>\n<p>L\u2019obligation de consulter les peuples autochtones : le cas du projet de mine de niobium \u00e0 Oka<br \/>\nJosiane Loiselle-Boudreau<\/p>\n<p>La crise d\u2019Oka dans les r\u00e9cits de Myra Cree et d\u2019Yves Boisvert : repr\u00e9sentations en perspective<br \/>\nIsabelle St-Amand<\/p>\n<p>Pour en apprendre davantage sur la crise<br \/>\n\u00c9ric Chalifoux<\/p>\n<p>NOTE DE RECHERCHE<br \/>\nLes Indiens, les Mohawks et les Blancs : mise en contexte historique et sociale de la question des Blancs \u00e0 Kahnawake<br \/>\nMatthieu Sossoyan<\/p>\n<p>ACTUALIT\u00c9S<br \/>\nLe Forum social des Montes Azules<br \/>\nMartin H\u00e9bert<\/p>\n<p>COMPTES RENDUS<br \/>\nJohn Sutton Lutz : Mak\u00fak. A New History of Aboriginal- White Relations<br \/>\nBrian Gettler et Maxime Gohier<\/p>\n<p>S\u00e9bastien Grammond : Identity Captured by Law. Membership in Canada\u2019s Indigenous Peoples and Linguistic Minorities<br \/>\nMarc L. Johnson<\/p>\n<p>Marlene Brant Castellano, L. Archibald et M. DeGagn\u00e9 (dir.) : De la v\u00e9rit\u00e9 \u00e0 la r\u00e9conciliation. Transformer l\u2019h\u00e9ritage des pensionnats<br \/>\nSamuel Neural<\/p>\n<p>Carl Benn : Mohawks on the Nile. Natives Among the Canadian Voyageurs in Egypt 1884-1885<br \/>\nYves Laberge<\/p>\n","protected":false},"excerpt":{"rendered":"<p>Volume 39, num\u00e9ros 1-2<br \/>\nDroits et identit\u00e9s en mouvement<br \/>\nLa r\u00e9daction<\/p>\n<p>Couverture : Dialogue avec un Sauvage<br \/>\nCuir, m\u00e9tal, perles et fil<br \/>\n\u0152uvre de Sylvain Rivard, 2008, 90 x 95 cm<br \/>\n(Photo de Rodolphe Galant)<\/p>\n<p><strong>Auteur(s) : <\/strong>La r\u00e9daction<br \/>\n<strong>Autre(s) collaborateur(s) : <\/strong>Martin H\u00e9bert, Brad Loewen, GuillaumeTeasdale, St\u00e9phane Savard, Thibault Martin, Am\u00e9lie Girard, Joanna Seraphim, Jacques Leroux Ghislain Otis, \u00c9ric Chalifoux, Pierre Trudel, Pierre Lepage, R\u00e9mi Savard, Josiane Loiselle-Boudreau, Isabelle St-Amand<\/p>\n<p>193 pages<br \/>\n<strong>ISBN\/ISSN\u00a0:\u00a0<\/strong>0318-4137<\/p>\n<p>&nbsp;<\/p>\n<p>&nbsp;<\/p>\n","protected":false},"featured_media":3093,"comment_status":"closed","ping_status":"closed","template":"","meta":{"_EventAllDay":false,"_EventTimezone":"","_EventStartDate":"","_EventEndDate":"","_EventStartDateUTC":"","_EventEndDateUTC":"","_EventShowMap":false,"_EventShowMapLink":false,"_EventURL":"","_EventCost":"","_EventCostDescription":"","_EventCurrencySymbol":"","_EventCurrencyCode":"","_EventCurrencyPosition":"","_EventDateTimeSeparator":"","_EventTimeRangeSeparator":"","_EventOrganizerID":[],"_EventVenueID":[],"_OrganizerEmail":"","_OrganizerPhone":"","_OrganizerWebsite":"","_VenueAddress":"","_VenueCity":"","_VenueCountry":"","_VenueProvince":"","_VenueState":"","_VenueZip":"","_VenuePhone":"","_VenueURL":"","_VenueStateProvince":"","_VenueLat":"","_VenueLng":"","_VenueShowMap":false,"_VenueShowMapLink":false},"product_brand":[],"product_cat":[47,26],"product_tag":[],"class_list":{"0":"post-1519","1":"product","2":"type-product","3":"status-publish","4":"has-post-thumbnail","6":"product_cat-papier","7":"product_cat-recherches-amerindiennes-au-quebec","9":"first","10":"outofstock","11":"purchasable","12":"product-type-simple"},"_links":{"self":[{"href":"https:\/\/recherches-autochtones.org\/site\/wp-json\/wp\/v2\/product\/1519","targetHints":{"allow":["GET"]}}],"collection":[{"href":"https:\/\/recherches-autochtones.org\/site\/wp-json\/wp\/v2\/product"}],"about":[{"href":"https:\/\/recherches-autochtones.org\/site\/wp-json\/wp\/v2\/types\/product"}],"replies":[{"embeddable":true,"href":"https:\/\/recherches-autochtones.org\/site\/wp-json\/wp\/v2\/comments?post=1519"}],"wp:featuredmedia":[{"embeddable":true,"href":"https:\/\/recherches-autochtones.org\/site\/wp-json\/wp\/v2\/media\/3093"}],"wp:attachment":[{"href":"https:\/\/recherches-autochtones.org\/site\/wp-json\/wp\/v2\/media?parent=1519"}],"wp:term":[{"taxonomy":"product_brand","embeddable":true,"href":"https:\/\/recherches-autochtones.org\/site\/wp-json\/wp\/v2\/product_brand?post=1519"},{"taxonomy":"product_cat","embeddable":true,"href":"https:\/\/recherches-autochtones.org\/site\/wp-json\/wp\/v2\/product_cat?post=1519"},{"taxonomy":"product_tag","embeddable":true,"href":"https:\/\/recherches-autochtones.org\/site\/wp-json\/wp\/v2\/product_tag?post=1519"}],"curies":[{"name":"wp","href":"https:\/\/api.w.org\/{rel}","templated":true}]}}