{"id":1502,"date":"2002-02-17T13:49:22","date_gmt":"2002-02-17T18:49:22","guid":{"rendered":"https:\/\/recherches-autochtones.org\/site\/produit\/histoire-recente-des-amerindiens-et-des-inuits-du-quebec-et-du-labrador-1900-1950-2002-2"},"modified":"2024-04-25T18:51:42","modified_gmt":"2024-04-25T22:51:42","slug":"histoire-recente-des-amerindiens-et-des-inuits-du-quebec-et-du-labrador-1900-1950-2002-2","status":"publish","type":"product","link":"https:\/\/recherches-autochtones.org\/site\/produit\/histoire-recente-des-amerindiens-et-des-inuits-du-quebec-et-du-labrador-1900-1950-2002-2\/","title":{"rendered":"Histoire r\u00e9cente des Am\u00e9rindiens et des Inuits du Qu\u00e9bec et du Labrador, 1900-1950 (2002, vol. 32, no. 2)"},"content":{"rendered":"<p><strong>SOMMAIRE<\/strong><\/p>\n<p>Introduction<br \/>\nAm\u00e9rindiens, Inuits et Euroqu\u00e9b\u00e9cois, de la Conf\u00e9d\u00e9ration \u00e0 la R\u00e9volution tranquille (1867-1960)<br \/>\nClaude G\u00e9linas<\/p>\n<p>Odanak durant les ann\u00e9es 1920 : un prisme refl\u00e9tant l\u2019histoire des Ab\u00e9naquis<br \/>\nAlice Nash<\/p>\n<p>La cr\u00e9ation des r\u00e9serves atikamekw (1895-1950), ou quand l\u2019Indien \u00e9tait vraiment un Indien<br \/>\nClaude G\u00e9linas<\/p>\n<p>Les Innus de la Basse-C\u00f4te-Nord et la mission catholique de Musquaro (1800-1946) : contexte historique et tradition orale<br \/>\nDenis Gagnon<\/p>\n<p>L\u2019histoire de l\u2019est de la baie James au XXe si\u00e8cle : \u00e0 la recherche d\u2019une interpr\u00e9tation<br \/>\nToby Morantz<\/p>\n<p>Rivalit\u00e9s franco-anglaises en Hudsonie (1904-1926), \u00e0 l\u2019origine de la structuration du territoire<br \/>\nThibault Martin<\/p>\n<p>Les onze \u00ab ap\u00f4tres \u00bb du r\u00e9v\u00e9rend E.J. Peck : les premi\u00e8res conversions inuites de Little Whale River (1876-1885)<br \/>\nFr\u00e9d\u00e9ric Laugrand<\/p>\n<p>Compatibilit\u00e9 apparente, incompatibilit\u00e9 r\u00e9elle des versions autochtones et des versions occidentales de l\u2019histoire : l\u2019exemple innu<br \/>\nSylvie Vincent<\/p>\n<p>AUTRE ARTICLE<br \/>\nLa justice coloniale britannique et les Am\u00e9rindiens au Qu\u00e9bec 1760-1820 : II \u2013 En territoire colonial<br \/>\nDenys Del\u00e2ge et \u00c9tienne Gilbert<\/p>\n<p>ACTUALIT\u00c9S<br \/>\nLa \u00ab Paix des Braves \u00bb, une entente avant tout \u00e9conomique<br \/>\nEntrevue avec Rom\u00e9o Saganash, men\u00e9e par Pierre Trudel et Sylvie Vincent<\/p>\n<p>CHRONIQUE JURIDIQUE<br \/>\nL\u2019exon\u00e9ration fiscale et l\u2019interpr\u00e9tation des trait\u00e9s<br \/>\nS\u00e9bastien Grammond<\/p>\n<p>LA NOUVELLE-FRANCE DES \u00c9TUDES LITT\u00c9RAIRES<br \/>\nLe festin des esclavagistes : II \u2013 Explications de textes<br \/>\nGuy Lafl\u00e8che<\/p>\n<p>COMPTES RENDUS<br \/>\nElaine Dewar : Bones, Discovering the First Americans<br \/>\nPatrick Plumet<\/p>\n<p>Emmanuel D\u00e9sveaux : Quadratura Americana. Essai d\u2019anthropologie l\u00e9vi-straussienne<br \/>\nJean-Claude Muller<\/p>\n<p>Patricia E. Rubertone : Grave Undertakings: An Archaeology of Roger Williams and the Narragansett Indians<br \/>\nLaurier Turgeon<\/p>\n<p>Roland Viau : Femmes de personne : Sexes, genres et pouvoirs en Iroquoisie ancienne<br \/>\nMartha Latta<\/p>\n<p>&nbsp;<\/p>\n","protected":false},"excerpt":{"rendered":"<p>Volume 32, num\u00e9ro 2<br \/>\nHistoire r\u00e9cente des Am\u00e9rindiens et des Inuits du Qu\u00e9bec et du Labrador, 1900-1950<br \/>\nSous la direction de Claude G\u00e9linas<\/p>\n<p><strong>Autre(s) collaborateur(s) :\u00a0<\/strong>Alice Nash, Claude G\u00e9linas, Denis Gagnon, Toby Morantz, Thibault Martin, Fr\u00e9d\u00e9ric Laugrand, Sylvie Vincent, Denys Del\u00e2ge, \u00c9tienne Gilbert<\/p>\n<p>145 pages<br \/>\n<strong>ISBN\/ISSN\u00a0:\u00a0<\/strong>0318-4137<\/p>\n<p>&nbsp;<\/p>\n","protected":false},"featured_media":3059,"comment_status":"closed","ping_status":"closed","template":"","meta":{"_EventAllDay":false,"_EventTimezone":"","_EventStartDate":"","_EventEndDate":"","_EventStartDateUTC":"","_EventEndDateUTC":"","_EventShowMap":false,"_EventShowMapLink":false,"_EventURL":"","_EventCost":"","_EventCostDescription":"","_EventCurrencySymbol":"","_EventCurrencyCode":"","_EventCurrencyPosition":"","_EventDateTimeSeparator":"","_EventTimeRangeSeparator":"","_EventOrganizerID":[],"_EventVenueID":[],"_OrganizerEmail":"","_OrganizerPhone":"","_OrganizerWebsite":"","_VenueAddress":"","_VenueCity":"","_VenueCountry":"","_VenueProvince":"","_VenueState":"","_VenueZip":"","_VenuePhone":"","_VenueURL":"","_VenueStateProvince":"","_VenueLat":"","_VenueLng":"","_VenueShowMap":false,"_VenueShowMapLink":false},"product_brand":[],"product_cat":[47,26],"product_tag":[],"class_list":{"0":"post-1502","1":"product","2":"type-product","3":"status-publish","4":"has-post-thumbnail","6":"product_cat-papier","7":"product_cat-recherches-amerindiennes-au-quebec","9":"first","10":"instock","11":"purchasable","12":"product-type-simple"},"_links":{"self":[{"href":"https:\/\/recherches-autochtones.org\/site\/wp-json\/wp\/v2\/product\/1502","targetHints":{"allow":["GET"]}}],"collection":[{"href":"https:\/\/recherches-autochtones.org\/site\/wp-json\/wp\/v2\/product"}],"about":[{"href":"https:\/\/recherches-autochtones.org\/site\/wp-json\/wp\/v2\/types\/product"}],"replies":[{"embeddable":true,"href":"https:\/\/recherches-autochtones.org\/site\/wp-json\/wp\/v2\/comments?post=1502"}],"wp:featuredmedia":[{"embeddable":true,"href":"https:\/\/recherches-autochtones.org\/site\/wp-json\/wp\/v2\/media\/3059"}],"wp:attachment":[{"href":"https:\/\/recherches-autochtones.org\/site\/wp-json\/wp\/v2\/media?parent=1502"}],"wp:term":[{"taxonomy":"product_brand","embeddable":true,"href":"https:\/\/recherches-autochtones.org\/site\/wp-json\/wp\/v2\/product_brand?post=1502"},{"taxonomy":"product_cat","embeddable":true,"href":"https:\/\/recherches-autochtones.org\/site\/wp-json\/wp\/v2\/product_cat?post=1502"},{"taxonomy":"product_tag","embeddable":true,"href":"https:\/\/recherches-autochtones.org\/site\/wp-json\/wp\/v2\/product_tag?post=1502"}],"curies":[{"name":"wp","href":"https:\/\/api.w.org\/{rel}","templated":true}]}}