{"id":1496,"date":"2000-02-17T13:42:58","date_gmt":"2000-02-17T18:42:58","guid":{"rendered":"https:\/\/recherches-autochtones.org\/site\/produit\/sujets-divers-tzeltals-groupes-du-pays-den-haut-atikamekw-tutchones-innus-et-inuits-et-dorsetiens-2000-2"},"modified":"2026-03-12T07:07:19","modified_gmt":"2026-03-12T11:07:19","slug":"sujets-divers-tzeltals-groupes-du-pays-den-haut-atikamekw-tutchones-innus-et-inuits-et-dorsetiens-2000-2","status":"publish","type":"product","link":"https:\/\/recherches-autochtones.org\/site\/produit\/sujets-divers-tzeltals-groupes-du-pays-den-haut-atikamekw-tutchones-innus-et-inuits-et-dorsetiens-2000-2\/","title":{"rendered":"Sujets divers. Tzeltals, Groupes du Pays d&rsquo;En Haut, Atikamekw, Tutchones, Innus et Inuits et Dors\u00e9tiens (2000, vol. 30, no. 2)"},"content":{"rendered":"<p><strong>SOMMAIRE<\/strong><\/p>\n<p>Histoire, symbolisme et modes de r\u00e9sistance chez les Tzeltals de la Selva Lacandona (Chiapas), 1940-1994<br \/>\nMartin H\u00e9bert<\/p>\n<p>Postes fran\u00e7ais et villages indiens. Un aspect de l\u2019organisation de l\u2019espace colonial fran\u00e7ais dans le Pays d\u2019En Haut (1660-1715)<br \/>\nGilles Havard<\/p>\n<p>Commerce des fourrures et soci\u00e9t\u00e9 autochtone en Haute-Mauricie \u00e0 la fin du XVIIIe si\u00e8cle<br \/>\nClaude G\u00e9linas<\/p>\n<p>Vendetta et c\u00e9r\u00e9monie de la paix chez les Athapascans tutchones (Yukon) : Pour une critique du lien nature et violence fait par saint Augustin, Hobbes et L\u00e9vi-Strauss<br \/>\nDominique Legros<\/p>\n<p>Apr\u00e8s la capture des phoques et des caribous : une reformulation des mod\u00e8les d\u2019adaptation dans le Subarctique oriental<br \/>\nMarianne P. Stopp<\/p>\n<p>Le site IcGm-5, une occupation dors\u00e9tienne sur la c\u00f4te est de la baie d\u2019Hudson<br \/>\nClaude Pinard<\/p>\n<p>ACTUALIT\u00c9S<br \/>\nLes transformations politiques du mouvement autochtone en \u00c9quateur<br \/>\nPablo Davalos<\/p>\n<p>R\u00e9flexion concernant les droits ancestraux, les limites \u00e0 ces droits et les voies d\u2019action possibles : Lestures de nature juridique par un n\u00e9gociateur<br \/>\nRen\u00e9 Boudreault<\/p>\n<p>CHRONIQUE JURIDIQUE<br \/>\nLes autochtones ont-ils un droit de participer \u00e0 la foresterie commerciale<br \/>\nS\u00e9bastien Grammond<\/p>\n<p>LA NOUVELLE-FRANCE DES \u00c9TUDES LITT\u00c9RAIRES<br \/>\nL\u2019analyse litt\u00e9raire des relations des j\u00e9suites (1987-1994)<br \/>\nGuy Lafl\u00e8che<\/p>\n<p>COMPTES RENDUS<br \/>\nTribal Boundaries in the Nass Watershed. Neil J. STERRITT, S. MARSDEN, R. GALOIS, P. R. GRANT et R. OVERSTALL<br \/>\nBrian Thom<\/p>\n<p>The origins of Native Americans. Evidence from Anthropological Genetics. Michael H. CRAWFORD<br \/>\nPatrick Plumet<\/p>\n<p>Pierre Millet en Iroquoisie au XVIIe si\u00e8cle. Le sachem portait la soutane. Daniel ST-ARNAUD<br \/>\nJan Grabowski<\/p>\n<p>Et Coyote cr\u00e9a le monde. Mythes et l\u00e9gendes des Indiens d\u2019Am\u00e9rique du Nord. Tome II. Richard ERDOES et A. ORTIZ (dir.)<br \/>\nJean-Claude Muller<\/p>\n<p>Rituels et croyances chamaniques dans les Andes boliviennes. Virginie de V\u00c9RICOURT<br \/>\nClaude G\u00e9linas<\/p>\n","protected":false},"excerpt":{"rendered":"<p>Volume 30, num\u00e9ro 2<br \/>\nSujets divers\u00a0: Tzeltals (Chiapas), Gropupes du Pays d\u2019En Haut (Haute-Mauricie), Tutchones (Yukon), Innus et Inuits (Labrador) et Dors\u00e9tiens (Baie d\u2019Hudson)<br \/>\nLa r\u00e9daction<\/p>\n<p><strong>Autre(s) collaborateur(s) :\u00a0<\/strong>Martin H\u00e9bert, Gilles Havard, Claude G\u00e9linas, Dominique Legros, Marianne P. Stopp, Claude Pinard<\/p>\n<p>109 pages<br \/>\n<strong>ISBN\/ISSN\u00a0:\u00a0<\/strong>0318-4137<\/p>\n<p>&nbsp;<\/p>\n","protected":false},"featured_media":3047,"comment_status":"closed","ping_status":"closed","template":"","meta":{"_EventAllDay":false,"_EventTimezone":"","_EventStartDate":"","_EventEndDate":"","_EventStartDateUTC":"","_EventEndDateUTC":"","_EventShowMap":false,"_EventShowMapLink":false,"_EventURL":"","_EventCost":"","_EventCostDescription":"","_EventCurrencySymbol":"","_EventCurrencyCode":"","_EventCurrencyPosition":"","_EventDateTimeSeparator":"","_EventTimeRangeSeparator":"","_EventOrganizerID":[],"_EventVenueID":[],"_OrganizerEmail":"","_OrganizerPhone":"","_OrganizerWebsite":"","_VenueAddress":"","_VenueCity":"","_VenueCountry":"","_VenueProvince":"","_VenueState":"","_VenueZip":"","_VenuePhone":"","_VenueURL":"","_VenueStateProvince":"","_VenueLat":"","_VenueLng":"","_VenueShowMap":false,"_VenueShowMapLink":false},"product_brand":[],"product_cat":[47,26],"product_tag":[],"class_list":{"0":"post-1496","1":"product","2":"type-product","3":"status-publish","4":"has-post-thumbnail","6":"product_cat-papier","7":"product_cat-recherches-amerindiennes-au-quebec","9":"first","10":"instock","11":"purchasable","12":"product-type-simple"},"_links":{"self":[{"href":"https:\/\/recherches-autochtones.org\/site\/wp-json\/wp\/v2\/product\/1496","targetHints":{"allow":["GET"]}}],"collection":[{"href":"https:\/\/recherches-autochtones.org\/site\/wp-json\/wp\/v2\/product"}],"about":[{"href":"https:\/\/recherches-autochtones.org\/site\/wp-json\/wp\/v2\/types\/product"}],"replies":[{"embeddable":true,"href":"https:\/\/recherches-autochtones.org\/site\/wp-json\/wp\/v2\/comments?post=1496"}],"wp:featuredmedia":[{"embeddable":true,"href":"https:\/\/recherches-autochtones.org\/site\/wp-json\/wp\/v2\/media\/3047"}],"wp:attachment":[{"href":"https:\/\/recherches-autochtones.org\/site\/wp-json\/wp\/v2\/media?parent=1496"}],"wp:term":[{"taxonomy":"product_brand","embeddable":true,"href":"https:\/\/recherches-autochtones.org\/site\/wp-json\/wp\/v2\/product_brand?post=1496"},{"taxonomy":"product_cat","embeddable":true,"href":"https:\/\/recherches-autochtones.org\/site\/wp-json\/wp\/v2\/product_cat?post=1496"},{"taxonomy":"product_tag","embeddable":true,"href":"https:\/\/recherches-autochtones.org\/site\/wp-json\/wp\/v2\/product_tag?post=1496"}],"curies":[{"name":"wp","href":"https:\/\/api.w.org\/{rel}","templated":true}]}}