{"id":1490,"date":"1998-02-17T13:42:58","date_gmt":"1998-02-17T18:42:58","guid":{"rendered":"https:\/\/recherches-autochtones.org\/site\/produit\/developpements-theoriques-en-archeologie-1998-2"},"modified":"2025-06-20T09:58:44","modified_gmt":"2025-06-20T13:58:44","slug":"developpements-theoriques-en-archeologie-1998-2","status":"publish","type":"product","link":"https:\/\/recherches-autochtones.org\/site\/produit\/developpements-theoriques-en-archeologie-1998-2\/","title":{"rendered":"D\u00e9veloppements th\u00e9oriques en arch\u00e9ologie (1998, vol. 28, no. 2)"},"content":{"rendered":"<p><strong>SOMMAIRE<\/strong><\/p>\n<p>D\u00e9veloppements th\u00e9oriques en arch\u00e9ologie<br \/>\nPierre Dumais<\/p>\n<p>Espace et arch\u00e9ologie : r\u00e9flexions sur la m\u00e9diation entre l\u2019homme et la nature<br \/>\nPierre Dumais et Jean Poirier<\/p>\n<p>Esquisse du paysage sacr\u00e9 algonquien. Une \u00e9tude contextuelle des sites rupestres du Bouclier canadien<br \/>\nDaniel Arsenault<\/p>\n<p>La g\u00e9ographie structurale dynamique \u00e0 la rencontre de l\u2019arch\u00e9ologie, de l\u2019anthropologie et de l\u2019ethnohistoire<br \/>\nGilles Ritchot<\/p>\n<p>Le Sylvicole du Bouclier<br \/>\nNorman Clermont<\/p>\n<p>La logique du temps en arch\u00e9ologie<br \/>\nDaniel Chevrier<\/p>\n<p>AUTRES ARTICLES<br \/>\nQuelques aspects de l\u2019\u00e9conomie des gens de Weymontachie dans les ann\u00e9es 1820, vus \u00e0 travers les livres de comptabilit\u00e9 des compagnies de traite<br \/>\nClaude G\u00e9linas<\/p>\n<p>Note de recherche<br \/>\nLe silence des Mohawks&#8230; ou des m\u00e9dias? La presse \u00e9crite et le d\u00e9roulement de l\u2019enqu\u00eate du coroner Guy Gilbert sur la crise d\u2019Oka (1990)<br \/>\nMathieu Sossoyan<\/p>\n<p>ACTUALIT\u00c9S<br \/>\nLes r\u00e9actions au rapport de la Commission royale sur les peuples autochtones<br \/>\nRen\u00e9 Boudreault<\/p>\n<p>Le Nunavut, le compte \u00e0 rebours est commenc\u00e9<br \/>\nAndr\u00e9 L\u00e9gar\u00e9<\/p>\n<p>CHRONIQUE JURIDIQUE<br \/>\nCommission scolaire crie et al. c. Procureur g\u00e9n\u00e9ral du Canada et al. D\u00e9cision du juge J.-J. Croteau, 9 f\u00e9vrier 1998<br \/>\nS\u00e9bastien Grammond<\/p>\n<p>Le dilemme des Lubicons : Lutter pour survivre<br \/>\nSharon Venne<\/p>\n<p>COMPTES RENDUS<br \/>\nLa question des peuples autochtones. Isabelle SCHULTE-TENCKHOFF<br \/>\nAndr\u00e9e Lajoie<\/p>\n<p>Enfants du n\u00e9ant et mangeurs d\u2019\u00e2mes. Guerre, culture et soci\u00e9t\u00e9 en Iroquoisie ancienne. Roland VIAU<br \/>\nJohn A. Dickinson<\/p>\n<p>Incorporating The Familiar \u2013 An Investigation into Legal Sensibilities in Nunavik. Susan G. DRUMMOND<br \/>\nChristine O\u2019Doherty<\/p>\n<p>Le statut juridique des peuples autochtones au Qu\u00e9bec et le pluralisme. Andr\u00e9e LAJOIE et al.<br \/>\nRen\u00e9 Morin<\/p>\n","protected":false},"excerpt":{"rendered":"<p>Volume 28, num\u00e9ro 2<br \/>\nD\u00e9veloppements th\u00e9oriques en arch\u00e9ologie<br \/>\nSous la direction de Pierre Dumais et Jean Poirier<\/p>\n<p><strong>Autre(s) collaborateur(s) :\u00a0<\/strong>Pierre Dumais, Jean Poirier, Daniel Arsenault, Gilles Ritchot, Norman Clermont, Daniel Chevrier, Claude G\u00e9linas, Matthieu Sossoyan<\/p>\n<p>121 pages<br \/>\n<strong>ISBN\/ISSN\u00a0:\u00a0<\/strong>0318-4137<\/p>\n<p>&nbsp;<\/p>\n","protected":false},"featured_media":3035,"comment_status":"closed","ping_status":"closed","template":"","meta":{"_EventAllDay":false,"_EventTimezone":"","_EventStartDate":"","_EventEndDate":"","_EventStartDateUTC":"","_EventEndDateUTC":"","_EventShowMap":false,"_EventShowMapLink":false,"_EventURL":"","_EventCost":"","_EventCostDescription":"","_EventCurrencySymbol":"","_EventCurrencyCode":"","_EventCurrencyPosition":"","_EventDateTimeSeparator":"","_EventTimeRangeSeparator":"","_EventOrganizerID":[],"_EventVenueID":[],"_OrganizerEmail":"","_OrganizerPhone":"","_OrganizerWebsite":"","_VenueAddress":"","_VenueCity":"","_VenueCountry":"","_VenueProvince":"","_VenueState":"","_VenueZip":"","_VenuePhone":"","_VenueURL":"","_VenueStateProvince":"","_VenueLat":"","_VenueLng":"","_VenueShowMap":false,"_VenueShowMapLink":false},"product_brand":[],"product_cat":[47,26],"product_tag":[],"class_list":{"0":"post-1490","1":"product","2":"type-product","3":"status-publish","4":"has-post-thumbnail","6":"product_cat-papier","7":"product_cat-recherches-amerindiennes-au-quebec","9":"first","10":"instock","11":"purchasable","12":"product-type-simple"},"_links":{"self":[{"href":"https:\/\/recherches-autochtones.org\/site\/wp-json\/wp\/v2\/product\/1490","targetHints":{"allow":["GET"]}}],"collection":[{"href":"https:\/\/recherches-autochtones.org\/site\/wp-json\/wp\/v2\/product"}],"about":[{"href":"https:\/\/recherches-autochtones.org\/site\/wp-json\/wp\/v2\/types\/product"}],"replies":[{"embeddable":true,"href":"https:\/\/recherches-autochtones.org\/site\/wp-json\/wp\/v2\/comments?post=1490"}],"wp:featuredmedia":[{"embeddable":true,"href":"https:\/\/recherches-autochtones.org\/site\/wp-json\/wp\/v2\/media\/3035"}],"wp:attachment":[{"href":"https:\/\/recherches-autochtones.org\/site\/wp-json\/wp\/v2\/media?parent=1490"}],"wp:term":[{"taxonomy":"product_brand","embeddable":true,"href":"https:\/\/recherches-autochtones.org\/site\/wp-json\/wp\/v2\/product_brand?post=1490"},{"taxonomy":"product_cat","embeddable":true,"href":"https:\/\/recherches-autochtones.org\/site\/wp-json\/wp\/v2\/product_cat?post=1490"},{"taxonomy":"product_tag","embeddable":true,"href":"https:\/\/recherches-autochtones.org\/site\/wp-json\/wp\/v2\/product_tag?post=1490"}],"curies":[{"name":"wp","href":"https:\/\/api.w.org\/{rel}","templated":true}]}}