{"id":1486,"date":"1997-01-17T13:42:58","date_gmt":"1997-01-17T18:42:58","guid":{"rendered":"https:\/\/recherches-autochtones.org\/site\/produit\/les-montagnais-aujourdhui-1997-2"},"modified":"2025-06-20T09:57:05","modified_gmt":"2025-06-20T13:57:05","slug":"les-montagnais-aujourdhui-1997-2","status":"publish","type":"product","link":"https:\/\/recherches-autochtones.org\/site\/produit\/les-montagnais-aujourdhui-1997-2\/","title":{"rendered":"Les Montagnais aujourd&rsquo;hui (1997, vol. 27, no. 1)"},"content":{"rendered":"<p><strong>SOMMAIRE<\/strong><\/p>\n<p>PR\u00c9SENTATION<br \/>\nLes Montagnais ou Innus \u00e0 l\u2019approche du XXIe si\u00e8cle<br \/>\nPaul Charest et Daniel Cl\u00e9ment<\/p>\n<p>La population montagnaise : donn\u00e9es disponibles et \u00e9volution r\u00e9cente<br \/>\nJean Pierre Garneau<\/p>\n<p>Loin des yeux, loin du c\u0153ur : Terre-Neuve et l\u2019administration des Innus du Labrador<br \/>\nAdrian Tanner<\/p>\n<p>Les Montagnais et la politique f\u00e9d\u00e9rale des revendications particuli\u00e8res<br \/>\nJacques Frenette et Denis Brassard<\/p>\n<p>La r\u00e9colte faunique des Mamiunnuat au d\u00e9but des ann\u00e9es 1980<br \/>\nPaul Charest et Gordon Walsh<\/p>\n<p>L\u2019arriv\u00e9e de la route 138 et la gestion de la faune sur la partie orientale de la Minganie<br \/>\nRichard Dominique<\/p>\n<p>Les Services territoriaux de Mashteuiatsh : Un soutien aux activit\u00e9s de r\u00e9colte montagnaises et une participation \u00e0 la gestion des ressources fauniques<br \/>\nMartin C\u00f4t\u00e9<\/p>\n<p>Techniques et culture chez les Montagnais de Mingan : La nomenclature des pi\u00e8ges<br \/>\nDaniel Cl\u00e9ment<\/p>\n<p>Bibliographie : Ouvrages r\u00e9cents sur les Montagnais<br \/>\nPaul Charest et Daniel Cl\u00e9ment<\/p>\n<p>CHRONIQUE JURIDIQUE<br \/>\nLes droits ancestraux, de Sparrow \u00e0 C\u00f4t\u00e9 en passant par Van der Peet : Une question de priorit\u00e9 \u00e0 g\u00e9om\u00e9trie variable<br \/>\nPaul Dionne<\/p>\n<p>ACTUALIT\u00c9S<br \/>\nO\u00f9 en sont rendus les Ilnuatsh (Montagnais) dans leurs n\u00e9gociations globales? : Entrevue avec R\u00e9mi \u00ab\u00a0Kak\u2019wa\u00a0\u00bb Kurtness, repr\u00e9sentant du bloc Mamuitun<br \/>\nKarine Neumann et Pierre Trudel<\/p>\n<p>Mexique: La longue marche vers l\u2019autonomie : Entrevue avec Margarito Xib Ruiz, Am\u00e9rindien tojolabal, du Frente Independiente de los Pueblos Indios (FIPI)<br \/>\nPierre Beaucage<\/p>\n<p>COMMENTAIRE<br \/>\n[Les al\u00e9as de l\u2019\u00e9dition de documents d\u2019archives] [NDLR]<br \/>\nSteve Canac-Marquis et Robert V\u00e9zina<\/p>\n<p>COMPTES RENDUS<br \/>\nLes Indiens montagnais du Qu\u00e9bec entre deux mondes. Anne VITART, dir.<br \/>\nPaul Charest<\/p>\n<p>Histoire de la C\u00f4te-Nord. Pierre FRENETTE, dir.<br \/>\nPaul Charest<\/p>\n<p>Les Hurons de Lorette. Denis VAUGEOIS, dir.<br \/>\nGilles Havard<\/p>\n","protected":false},"excerpt":{"rendered":"<p>Volume 27, num\u00e9ro 1<br \/>\nInnuat anutshish Les Montagnais aujourd\u2019hui<br \/>\nSous la direction de Paul Charest et Daniel Cl\u00e9ment<\/p>\n<p><strong>Autre(s) collaborateur(s) :\u00a0<\/strong>Jean-Pierre Garneau, Adrian Tanner, Jacques Frenette, Denis Brassard, Paul Charest, Gordon Walsh, Richard Dominique, Martin C\u00f4t\u00e9, Daniel Cl\u00e9ment<\/p>\n<p>121 pages<br \/>\n<strong>ISBN\/ISSN\u00a0:\u00a0<\/strong>0318-4137<\/p>\n","protected":false},"featured_media":3027,"comment_status":"closed","ping_status":"closed","template":"","meta":{"_EventAllDay":false,"_EventTimezone":"","_EventStartDate":"","_EventEndDate":"","_EventStartDateUTC":"","_EventEndDateUTC":"","_EventShowMap":false,"_EventShowMapLink":false,"_EventURL":"","_EventCost":"","_EventCostDescription":"","_EventCurrencySymbol":"","_EventCurrencyCode":"","_EventCurrencyPosition":"","_EventDateTimeSeparator":"","_EventTimeRangeSeparator":"","_EventOrganizerID":[],"_EventVenueID":[],"_OrganizerEmail":"","_OrganizerPhone":"","_OrganizerWebsite":"","_VenueAddress":"","_VenueCity":"","_VenueCountry":"","_VenueProvince":"","_VenueState":"","_VenueZip":"","_VenuePhone":"","_VenueURL":"","_VenueStateProvince":"","_VenueLat":"","_VenueLng":"","_VenueShowMap":false,"_VenueShowMapLink":false},"product_brand":[],"product_cat":[47,26],"product_tag":[],"class_list":{"0":"post-1486","1":"product","2":"type-product","3":"status-publish","4":"has-post-thumbnail","6":"product_cat-papier","7":"product_cat-recherches-amerindiennes-au-quebec","9":"first","10":"instock","11":"purchasable","12":"product-type-simple"},"_links":{"self":[{"href":"https:\/\/recherches-autochtones.org\/site\/wp-json\/wp\/v2\/product\/1486","targetHints":{"allow":["GET"]}}],"collection":[{"href":"https:\/\/recherches-autochtones.org\/site\/wp-json\/wp\/v2\/product"}],"about":[{"href":"https:\/\/recherches-autochtones.org\/site\/wp-json\/wp\/v2\/types\/product"}],"replies":[{"embeddable":true,"href":"https:\/\/recherches-autochtones.org\/site\/wp-json\/wp\/v2\/comments?post=1486"}],"wp:featuredmedia":[{"embeddable":true,"href":"https:\/\/recherches-autochtones.org\/site\/wp-json\/wp\/v2\/media\/3027"}],"wp:attachment":[{"href":"https:\/\/recherches-autochtones.org\/site\/wp-json\/wp\/v2\/media?parent=1486"}],"wp:term":[{"taxonomy":"product_brand","embeddable":true,"href":"https:\/\/recherches-autochtones.org\/site\/wp-json\/wp\/v2\/product_brand?post=1486"},{"taxonomy":"product_cat","embeddable":true,"href":"https:\/\/recherches-autochtones.org\/site\/wp-json\/wp\/v2\/product_cat?post=1486"},{"taxonomy":"product_tag","embeddable":true,"href":"https:\/\/recherches-autochtones.org\/site\/wp-json\/wp\/v2\/product_tag?post=1486"}],"curies":[{"name":"wp","href":"https:\/\/api.w.org\/{rel}","templated":true}]}}