{"id":1480,"date":"1995-02-17T13:42:58","date_gmt":"1995-02-17T18:42:58","guid":{"rendered":"https:\/\/recherches-autochtones.org\/site\/produit\/landin-et-ses-ancetres-1995-2"},"modified":"2025-06-20T09:54:23","modified_gmt":"2025-06-20T13:54:23","slug":"landin-et-ses-ancetres-1995-2","status":"publish","type":"product","link":"https:\/\/recherches-autochtones.org\/site\/produit\/landin-et-ses-ancetres-1995-2\/","title":{"rendered":"L&rsquo;Andin et ses anc\u00eatres (1995, vol. 25, no. 2)"},"content":{"rendered":"<p><strong>SOMMAIRE<\/strong><\/p>\n<p>PR\u00c9SENTATION<br \/>\nClaude G\u00e9linas<\/p>\n<p>\u00c9ros et Thanatos: relations symboliques entre la sexualit\u00e9, la fertilit\u00e9 et la mort dans l\u2019iconographie mochica<br \/>\nSteve Bourget<\/p>\n<p>O\u00f9 les dieux-guerriers meurent sans p\u00e9rir: les culte des anc\u00eatres dans la soci\u00e9t\u00e9 inca<br \/>\nClaude G\u00e9linas<\/p>\n<p>Les momies, les saints et les politiques d\u2019enterrement au P\u00e9rou, au XVIIIe si\u00e8cle<br \/>\nPeter Gose<\/p>\n<p>Anc\u00eatres redoutables ou anc\u00eatres impuissants? Patrifiliation, factionnalisme et manipulation g\u00e9n\u00e9alogique chez les \u00e9leveurs Aymaras<br \/>\nCatherine Lussier<\/p>\n<p>Les anc\u00eatres et l\u2019expression de la m\u00e9taphore montagne-corps dans un rituel fun\u00e9raire Kaatan<br \/>\nJoseph W. Bastien<\/p>\n<p>ACTUALIT\u00c9S<br \/>\nConvoitises p\u00e9troli\u00e8res et probl\u00e8me agraire sur fond de \u00ab\u00a0question indienne\u00a0\u00bb<br \/>\nDavid Rigoulet-Roze<\/p>\n<p>Un conflit andin permanent: la confrontation \u00c9quateur-P\u00e9rou de 1995<br \/>\nGilles Brunel<\/p>\n<p>CHRONIQUE JURIDIQUE<br \/>\nLa port\u00e9e du droit de pr\u00e9emption sur une pourvoirie en terres de cat\u00e9gorie III<br \/>\nNaskapi Development Corp. c. Qu\u00e9bec (Attorney-General)<br \/>\nPierre Gr\u00e9goire<\/p>\n<p>COMPTES RENDUS<br \/>\nMoche: Propuestas y Perspectivas<br \/>\nClaude Chapdelaine<\/p>\n<p>Anthropology o the North Pacific Rim<br \/>\nPatrick Plumet<\/p>\n<p>\u00ab\u00a0La remont\u00e9e de l\u2019Amazone. Anthropologie et histoire des soci\u00e9t\u00e9s amazoniennes\u00a0\u00bb.<br \/>\nGilio Brunelli<\/p>\n<p>Lukurmata. Household Archaeology in Prehispanic Bolivia<br \/>\nIsabelle Druc<\/p>\n","protected":false},"excerpt":{"rendered":"<p>Volume 25, num\u00e9ro 2<br \/>\nL\u2019Andin et ses anc\u00eatres<br \/>\nSous la direction de Claude G\u00e9linas<\/p>\n<p><strong>Autre(s) collaborateur(s) :\u00a0<\/strong>Steve Bourget, Claude G\u00e9linas, Peter Gose, Catherine Lussier, Joseph W. Bastien<\/p>\n<p>97 pages<br \/>\n<strong>ISBN\/ISSN\u00a0:\u00a0<\/strong>0318-4137<\/p>\n","protected":false},"featured_media":3015,"comment_status":"closed","ping_status":"closed","template":"","meta":{"_EventAllDay":false,"_EventTimezone":"","_EventStartDate":"","_EventEndDate":"","_EventStartDateUTC":"","_EventEndDateUTC":"","_EventShowMap":false,"_EventShowMapLink":false,"_EventURL":"","_EventCost":"","_EventCostDescription":"","_EventCurrencySymbol":"","_EventCurrencyCode":"","_EventCurrencyPosition":"","_EventDateTimeSeparator":"","_EventTimeRangeSeparator":"","_EventOrganizerID":[],"_EventVenueID":[],"_OrganizerEmail":"","_OrganizerPhone":"","_OrganizerWebsite":"","_VenueAddress":"","_VenueCity":"","_VenueCountry":"","_VenueProvince":"","_VenueState":"","_VenueZip":"","_VenuePhone":"","_VenueURL":"","_VenueStateProvince":"","_VenueLat":"","_VenueLng":"","_VenueShowMap":false,"_VenueShowMapLink":false},"product_brand":[],"product_cat":[47,26],"product_tag":[],"class_list":{"0":"post-1480","1":"product","2":"type-product","3":"status-publish","4":"has-post-thumbnail","6":"product_cat-papier","7":"product_cat-recherches-amerindiennes-au-quebec","9":"first","10":"instock","11":"purchasable","12":"product-type-simple"},"_links":{"self":[{"href":"https:\/\/recherches-autochtones.org\/site\/wp-json\/wp\/v2\/product\/1480","targetHints":{"allow":["GET"]}}],"collection":[{"href":"https:\/\/recherches-autochtones.org\/site\/wp-json\/wp\/v2\/product"}],"about":[{"href":"https:\/\/recherches-autochtones.org\/site\/wp-json\/wp\/v2\/types\/product"}],"replies":[{"embeddable":true,"href":"https:\/\/recherches-autochtones.org\/site\/wp-json\/wp\/v2\/comments?post=1480"}],"wp:featuredmedia":[{"embeddable":true,"href":"https:\/\/recherches-autochtones.org\/site\/wp-json\/wp\/v2\/media\/3015"}],"wp:attachment":[{"href":"https:\/\/recherches-autochtones.org\/site\/wp-json\/wp\/v2\/media?parent=1480"}],"wp:term":[{"taxonomy":"product_brand","embeddable":true,"href":"https:\/\/recherches-autochtones.org\/site\/wp-json\/wp\/v2\/product_brand?post=1480"},{"taxonomy":"product_cat","embeddable":true,"href":"https:\/\/recherches-autochtones.org\/site\/wp-json\/wp\/v2\/product_cat?post=1480"},{"taxonomy":"product_tag","embeddable":true,"href":"https:\/\/recherches-autochtones.org\/site\/wp-json\/wp\/v2\/product_tag?post=1480"}],"curies":[{"name":"wp","href":"https:\/\/api.w.org\/{rel}","templated":true}]}}