{"id":1479,"date":"1995-01-17T13:42:58","date_gmt":"1995-01-17T18:42:58","guid":{"rendered":"https:\/\/recherches-autochtones.org\/site\/produit\/sante-et-problemes-sociaux-1995-2"},"modified":"2025-06-20T09:53:57","modified_gmt":"2025-06-20T13:53:57","slug":"sante-et-problemes-sociaux-1995-2","status":"publish","type":"product","link":"https:\/\/recherches-autochtones.org\/site\/produit\/sante-et-problemes-sociaux-1995-2\/","title":{"rendered":"Sant\u00e9 et probl\u00e8mes sociaux (1995, vol. 25, no. 1)"},"content":{"rendered":"<p><strong>SOMMAIRE<\/strong><\/p>\n<p>PR\u00c9SENTATION<br \/>\nJacques Leroux<\/p>\n<p>L\u2019\u00e9tat de sant\u00e9 des Cris et des Inuit du Qu\u00e9bec nordique: quelques indicateurs statistiques de l\u2019\u00e9volution r\u00e9cente<br \/>\nJean-Jacques Simard et Solange Proulx<\/p>\n<p>L\u2019organisation de la sant\u00e9 dans une r\u00e9serve montagnaise<br \/>\nAndr\u00e9 Tremblay<\/p>\n<p>Repr\u00e9sentations de la sant\u00e9 mentale et de la filiation chez les Algonquins \u00e2g\u00e9s de Kitigan Zibi<br \/>\nLouise Tass\u00e9<\/p>\n<p>Les m\u00e9tamorphoses du pacte dans une communaut\u00e9 algonquine<br \/>\nJacques Leroux<\/p>\n<p>Corps sain, corps malade chez les Inuit, une tension entre l\u2019int\u00e9rieur et l\u2019ext\u00e9rieur<br \/>\nEntretiens avec Taamusi Qumaq<br \/>\nMich\u00e8le Therrien<\/p>\n<p>Complexit\u00e9 des discours et des pratiques de d\u00e9veloppement et de gestion dans le r\u00e9seau Kativik de la sant\u00e9 et des services sociaux<br \/>\nFrancine Tremblay<\/p>\n<p>ACTUALIT\u00c9S<br \/>\nLa Compagnie de construction crie prise \u00e0 partie par un Cri<br \/>\nPierre Trudel<\/p>\n<p>Un premier colloque autochtone sur la violence<br \/>\nClotilde Pelletier<\/p>\n<p>CHRONIQUE JURIDIQUE<br \/>\nPort\u00e9e d\u2019une clause g\u00e9n\u00e9rale d\u2019extinction des droits ancestraux dans un trait\u00e9.<br \/>\nR. c. Howard (1994) 2 R.C.S. 299<br \/>\nPierre Gr\u00e9goire<\/p>\n<p>COMPTES RENDUS<br \/>\nCultivating a Landscape of Peace: Iroquois-European Encounters in Seventeenth Century America<br \/>\nChristian Ruel<\/p>\n<p>Arctic Adaptations. Native Whalers and Reindeer Herders of Northern Eurasia<br \/>\nPatrick Plumet<\/p>\n<p>Provincial Inca. Archaeological and Ethnohistorical Assessment of the Impact of the Inca State<br \/>\nClaude G\u00e9linas<\/p>\n","protected":false},"excerpt":{"rendered":"<p>Volume 25, num\u00e9ro 1<br \/>\nSant\u00e9 et probl\u00e8mes sociaux<br \/>\nSous la direction de Jacques Leroux<\/p>\n<p><strong>Auteur(s) :\u00a0<\/strong>Jacques Leroux<br \/>\n<strong>Autre(s) collaborateur(s) :\u00a0<\/strong>Jean-Jacques Simard, Solange Proulx, Andr\u00e9 Tremblay, Louise Tass\u00e9, Jacques Leroux, Mich\u00e8le Therrien, Pierre Tremblay<\/p>\n<p>109 pages<br \/>\n<strong>ISBN\/ISSN\u00a0:\u00a0<\/strong>0318-4137<\/p>\n<p>&nbsp;<\/p>\n","protected":false},"featured_media":3013,"comment_status":"closed","ping_status":"closed","template":"","meta":{"_EventAllDay":false,"_EventTimezone":"","_EventStartDate":"","_EventEndDate":"","_EventStartDateUTC":"","_EventEndDateUTC":"","_EventShowMap":false,"_EventShowMapLink":false,"_EventURL":"","_EventCost":"","_EventCostDescription":"","_EventCurrencySymbol":"","_EventCurrencyCode":"","_EventCurrencyPosition":"","_EventDateTimeSeparator":"","_EventTimeRangeSeparator":"","_EventOrganizerID":[],"_EventVenueID":[],"_OrganizerEmail":"","_OrganizerPhone":"","_OrganizerWebsite":"","_VenueAddress":"","_VenueCity":"","_VenueCountry":"","_VenueProvince":"","_VenueState":"","_VenueZip":"","_VenuePhone":"","_VenueURL":"","_VenueStateProvince":"","_VenueLat":"","_VenueLng":"","_VenueShowMap":false,"_VenueShowMapLink":false},"product_brand":[],"product_cat":[47,26],"product_tag":[],"class_list":{"0":"post-1479","1":"product","2":"type-product","3":"status-publish","4":"has-post-thumbnail","6":"product_cat-papier","7":"product_cat-recherches-amerindiennes-au-quebec","9":"first","10":"instock","11":"purchasable","12":"product-type-simple"},"_links":{"self":[{"href":"https:\/\/recherches-autochtones.org\/site\/wp-json\/wp\/v2\/product\/1479","targetHints":{"allow":["GET"]}}],"collection":[{"href":"https:\/\/recherches-autochtones.org\/site\/wp-json\/wp\/v2\/product"}],"about":[{"href":"https:\/\/recherches-autochtones.org\/site\/wp-json\/wp\/v2\/types\/product"}],"replies":[{"embeddable":true,"href":"https:\/\/recherches-autochtones.org\/site\/wp-json\/wp\/v2\/comments?post=1479"}],"wp:featuredmedia":[{"embeddable":true,"href":"https:\/\/recherches-autochtones.org\/site\/wp-json\/wp\/v2\/media\/3013"}],"wp:attachment":[{"href":"https:\/\/recherches-autochtones.org\/site\/wp-json\/wp\/v2\/media?parent=1479"}],"wp:term":[{"taxonomy":"product_brand","embeddable":true,"href":"https:\/\/recherches-autochtones.org\/site\/wp-json\/wp\/v2\/product_brand?post=1479"},{"taxonomy":"product_cat","embeddable":true,"href":"https:\/\/recherches-autochtones.org\/site\/wp-json\/wp\/v2\/product_cat?post=1479"},{"taxonomy":"product_tag","embeddable":true,"href":"https:\/\/recherches-autochtones.org\/site\/wp-json\/wp\/v2\/product_tag?post=1479"}],"curies":[{"name":"wp","href":"https:\/\/api.w.org\/{rel}","templated":true}]}}