{"id":1478,"date":"1994-04-17T13:42:58","date_gmt":"1994-04-17T17:42:58","guid":{"rendered":"https:\/\/recherches-autochtones.org\/site\/produit\/le-droit-international-et-les-peuples-autochtones-i-1994-2"},"modified":"2025-06-20T09:53:34","modified_gmt":"2025-06-20T13:53:34","slug":"le-droit-international-et-les-peuples-autochtones-i-1994-2","status":"publish","type":"product","link":"https:\/\/recherches-autochtones.org\/site\/produit\/le-droit-international-et-les-peuples-autochtones-i-1994-2\/","title":{"rendered":"Le droit international et les peuples autochtones I (1994, vol. 24, no. 4)"},"content":{"rendered":"<p><strong>SOMMAIRE<\/strong><\/p>\n<p>LETTRE DU PR\u00c9SIDENT<\/p>\n<p>PR\u00c9SENTATION<br \/>\nAlain Bissonnette<\/p>\n<p>La d\u00e9cennie internationale des populations autochtones<br \/>\nRussel Lawrence Barsh<\/p>\n<p>L\u2019\u00e9tude des Nations Unies sur les trait\u00e9s entre peuples autochtones et \u00e9tats<br \/>\nIsabelle Schulte-Tenckhoff<\/p>\n<p>Des \u00e9carts majeurs entre la Convention No 169 de l\u2019O.I.T. et le droit canadien<br \/>\nRen\u00e9e Dupuis<\/p>\n<p>Les peuples autochtones et la commission interam\u00e9ricaine des droits de l\u2019Homme<br \/>\nCatol Hilling<\/p>\n<p>Un projet d\u2019\u00e9tat ind\u00e9pendant \u00e0 la fin du XVIIIe si\u00e8cle et le Trait\u00e9 de Jay<br \/>\nR\u00e9mi Savard<\/p>\n<p>DOCUMENTS<br \/>\nConvention relative aux peuples indig\u00e8nes et tribaux, 1989 (Convention no 169)<br \/>\nOrganisation internationale du Travail<\/p>\n<p>Projet de D\u00e9claration des droits des peuples autochtones<br \/>\nGroupe de travail des populations autochtones<\/p>\n<p>CHRONIQUE JURIDIQUE<br \/>\nLa Commission des trait\u00e9s de la Colombie-Britannique<br \/>\nPierre Gr\u00e9goire<\/p>\n<p>COMMENTAIRE<br \/>\nDes grains de ma\u00efs r\u00e9v\u00e9lateurs d\u2019anciennet\u00e9 culturelle: point de vue sur une note de recherche de J. Guimont<br \/>\nRoland Tremblay<\/p>\n<p>COMPTES RENDUS<br \/>\nThe Ojibwa of Southern Ontario<br \/>\nJacques Leroux<\/p>\n<p>La Civilisation du phoque 2. L\u00e9gendes, rites et croyances des Eskimos d\u2019Ammassalik<br \/>\nPatrick Plumet<\/p>\n<p>Les Langues autochtones du Qu\u00e9bec<br \/>\nRobert Sarrasin<\/p>\n<p>&nbsp;<\/p>\n","protected":false},"excerpt":{"rendered":"<p>Volume 24, num\u00e9ro 4<br \/>\nLe droit international et les peuples autochtones I<br \/>\nSous la direction d\u2019Alain Bissonnette<\/p>\n<p><strong>Autre(s) collaborateur(s) :\u00a0<\/strong>Russell Lawrence Barsh, Isabelle Schulte-Tenckhoff, Ren\u00e9e Dupuis, Carol Hilling, R\u00e9mi Savard, Organisation internationale du Travail, Groupe de travail des populations autochtones<\/p>\n<p>105 pages<br \/>\n<strong>ISBN\/ISSN\u00a0:\u00a0<\/strong>0318-4137<\/p>\n<p>&nbsp;<\/p>\n","protected":false},"featured_media":3011,"comment_status":"closed","ping_status":"closed","template":"","meta":{"_EventAllDay":false,"_EventTimezone":"","_EventStartDate":"","_EventEndDate":"","_EventStartDateUTC":"","_EventEndDateUTC":"","_EventShowMap":false,"_EventShowMapLink":false,"_EventURL":"","_EventCost":"","_EventCostDescription":"","_EventCurrencySymbol":"","_EventCurrencyCode":"","_EventCurrencyPosition":"","_EventDateTimeSeparator":"","_EventTimeRangeSeparator":"","_EventOrganizerID":[],"_EventVenueID":[],"_OrganizerEmail":"","_OrganizerPhone":"","_OrganizerWebsite":"","_VenueAddress":"","_VenueCity":"","_VenueCountry":"","_VenueProvince":"","_VenueState":"","_VenueZip":"","_VenuePhone":"","_VenueURL":"","_VenueStateProvince":"","_VenueLat":"","_VenueLng":"","_VenueShowMap":false,"_VenueShowMapLink":false},"product_brand":[],"product_cat":[47,26],"product_tag":[],"class_list":{"0":"post-1478","1":"product","2":"type-product","3":"status-publish","4":"has-post-thumbnail","6":"product_cat-papier","7":"product_cat-recherches-amerindiennes-au-quebec","9":"first","10":"instock","11":"purchasable","12":"product-type-simple"},"_links":{"self":[{"href":"https:\/\/recherches-autochtones.org\/site\/wp-json\/wp\/v2\/product\/1478","targetHints":{"allow":["GET"]}}],"collection":[{"href":"https:\/\/recherches-autochtones.org\/site\/wp-json\/wp\/v2\/product"}],"about":[{"href":"https:\/\/recherches-autochtones.org\/site\/wp-json\/wp\/v2\/types\/product"}],"replies":[{"embeddable":true,"href":"https:\/\/recherches-autochtones.org\/site\/wp-json\/wp\/v2\/comments?post=1478"}],"wp:featuredmedia":[{"embeddable":true,"href":"https:\/\/recherches-autochtones.org\/site\/wp-json\/wp\/v2\/media\/3011"}],"wp:attachment":[{"href":"https:\/\/recherches-autochtones.org\/site\/wp-json\/wp\/v2\/media?parent=1478"}],"wp:term":[{"taxonomy":"product_brand","embeddable":true,"href":"https:\/\/recherches-autochtones.org\/site\/wp-json\/wp\/v2\/product_brand?post=1478"},{"taxonomy":"product_cat","embeddable":true,"href":"https:\/\/recherches-autochtones.org\/site\/wp-json\/wp\/v2\/product_cat?post=1478"},{"taxonomy":"product_tag","embeddable":true,"href":"https:\/\/recherches-autochtones.org\/site\/wp-json\/wp\/v2\/product_tag?post=1478"}],"curies":[{"name":"wp","href":"https:\/\/api.w.org\/{rel}","templated":true}]}}