{"id":1476,"date":"1994-01-17T13:42:58","date_gmt":"1994-01-17T18:42:58","guid":{"rendered":"https:\/\/recherches-autochtones.org\/site\/produit\/les-autochtones-de-la-periode-historique-par-larcheologie-contact-et-interaction-1994-2"},"modified":"2026-03-12T07:07:18","modified_gmt":"2026-03-12T11:07:18","slug":"les-autochtones-de-la-periode-historique-par-larcheologie-contact-et-interaction-1994-2","status":"publish","type":"product","link":"https:\/\/recherches-autochtones.org\/site\/produit\/les-autochtones-de-la-periode-historique-par-larcheologie-contact-et-interaction-1994-2\/","title":{"rendered":"Les autochtones de la p\u00e9riode historique par l\u2019arch\u00e9ologie : contact et interaction (1994, vol. 24, nos. 1-2)"},"content":{"rendered":"<p>&nbsp;<\/p>\n<p><strong>SOMMAIRE<\/strong><\/p>\n<p>PR\u00c9SENTATION<br \/>\nPierre Dumais, Fran\u00e7oise Duguay et David Denton<\/p>\n<p>Les maisons en tourbe dans le D\u00e9troit de Belle Isle (1760-1850)<br \/>\nR\u00e9ginald Auger<\/p>\n<p>T\u00e9moignage d\u2019un site arch\u00e9ologique inuit, baie des Belles Amours, Basse C\u00f4te-Nord<br \/>\nPierre Dumais et Jean Poirier<\/p>\n<p>Des perles de la \u00ab\u00a0protohistoire\u00a0\u00bb au Saguenay-Lac-Saint-Jean?<br \/>\nJean-Fran\u00e7ois Moreau<\/p>\n<p>\u00ab\u00a0Obasatik Sagahigan\u00a0\u00bb, les occupations du site DaGt-1<br \/>\nMarc C\u00f4t\u00e9<\/p>\n<p>Analyse de la composition chimique d\u2019objets en cuivre de l\u2019Abitibi-T\u00e9miscamingue<br \/>\nJean-Fran\u00e7ois Moreau, R.G.V.Hancock et Marc C\u00f4t\u00e9<\/p>\n<p>Des pointes de projectile aux pierres \u00e0 briquet: l\u2019\u00e9volution d\u2019une tradition technologique du Qu\u00e9bec subarctique<br \/>\nDavid Denton<\/p>\n<p>Le sch\u00e8me d\u2019\u00e9tablissement am\u00e9rindien \u00e0 Fort McKenzie, Nouveau-Qu\u00e9bec<br \/>\nFran\u00e7oise Duguay<\/p>\n<p>La pal\u00e9opathologie des soci\u00e9t\u00e9s historiques ou ce que l\u2019histoire ne dit pas<br \/>\nRobert Larocque<\/p>\n<p>NOTE DE RECHERCHE<br \/>\nLa pr\u00e9sence am\u00e9rindienne \u00e0 Pointe-\u00e0-Calli\u00e8re, Montr\u00e9al<br \/>\nPauline Desjardins<\/p>\n<p>La nature des attaques iroquoises contre Ville-Marie: 1642-1667<br \/>\nClaude G\u00e9linas<\/p>\n<p>Dossier sp\u00e9cial: Le Qu\u00e9bec et les Autochtones<br \/>\nEntrevue avec le juge Ren\u00e9 Dussault, copr\u00e9sident de la Commission royale sur les peuples autochtones<br \/>\nMarie L\u00e9ger et Pierre Trudel<\/p>\n<p>DOCUMENT<br \/>\nAllocution du juge Ren\u00e9 Dussault et de M. Georges Erasmus, copr\u00e9sidents de la Commission royale sur les peuples autochtones, le 1er f\u00e9vrier 1994<\/p>\n<p>DOCUMENT<br \/>\n\u00ab\u00a0Pour une nouvelle relation avec les Autochtones\u00a0\u00bb<br \/>\nNotes pour une allocution du ministre d\u00e9l\u00e9gu\u00e9 aux Affaires autochtones, M. Christos Sirros, devant la Commission royale sur les peuples autochtones, le 2 d\u00e9cembre 1993<br \/>\nSuivi de commentaires par<br \/>\nDavid Cliche<br \/>\nR\u00e9mi Savard<br \/>\nSylvie Vincent<\/p>\n<p>DOCUMENT<br \/>\n\u00ab\u00a0Forum paritaire Qu\u00e9b\u00e9cois-Autochtones\u00a0\u00bb<br \/>\nManifeste concernant l\u2019avenir des relations entre les Autochtones et les Qu\u00e9b\u00e9cois<\/p>\n<p>CHRONIQUE JURIDIQUE<br \/>\nLe trait\u00e9 de Swegatchy: un trait\u00e9 sans texte. C\u00f4t\u00e9 c. R.(C.A.) 1993 R.J.Q.<br \/>\nPierre Gr\u00e9goire<\/p>\n<p>COMPTES RENDUS<br \/>\nLes Incas ou la destruction de l\u2019empire du P\u00e9rou<br \/>\nClaude G\u00e9linas<\/p>\n<p>Pr\u00e9histoire de la c\u00f4te nord du P\u00e9rou. Le Paijanien de Cupisnique<br \/>\nPatrick Plumet<\/p>\n<p>Technology of Knapped Stone. Followed by a multilingual vocabulary arabic, english, french, german, greek, italian, russian, spanish.<br \/>\nPatrick Plumet<\/p>\n","protected":false},"excerpt":{"rendered":"<p>Volume 24, num\u00e9ros 1-2<br \/>\nLes autochtones de la p\u00e9riode historique par l\u2019arch\u00e9ologie : contact et interaction<br \/>\nSous la direction de Fran\u00e7oise Duguay, Pierre Dumais et David Denton<\/p>\n<p><strong>Autre(s) collaborateur(s) :\u00a0<\/strong>R\u00e9ginald Auger, Pierre Dumais, Jean Poirier, Jean-Fran\u00e7ois Moreau, Marc C\u00f4t\u00e9, R.G.V. Hancock, David Denton, Fran\u00e7oise Duguay, Robert Larocque, Pauline Desjardins, Claude G\u00e9linas, Marie L\u00e9ger, Pierre Trudel, Ren\u00e9 Dussault, Georges Erasmus, Christos Sirros, David Cliche, R\u00e9mi Savard, Sylvie Vincent<\/p>\n<p>177 pages<br \/>\n<strong>ISBN\/ISSN\u00a0:\u00a0<\/strong>0318-4137<\/p>\n","protected":false},"featured_media":3007,"comment_status":"closed","ping_status":"closed","template":"","meta":{"_EventAllDay":false,"_EventTimezone":"","_EventStartDate":"","_EventEndDate":"","_EventStartDateUTC":"","_EventEndDateUTC":"","_EventShowMap":false,"_EventShowMapLink":false,"_EventURL":"","_EventCost":"","_EventCostDescription":"","_EventCurrencySymbol":"","_EventCurrencyCode":"","_EventCurrencyPosition":"","_EventDateTimeSeparator":"","_EventTimeRangeSeparator":"","_EventOrganizerID":[],"_EventVenueID":[],"_OrganizerEmail":"","_OrganizerPhone":"","_OrganizerWebsite":"","_VenueAddress":"","_VenueCity":"","_VenueCountry":"","_VenueProvince":"","_VenueState":"","_VenueZip":"","_VenuePhone":"","_VenueURL":"","_VenueStateProvince":"","_VenueLat":"","_VenueLng":"","_VenueShowMap":false,"_VenueShowMapLink":false},"product_brand":[],"product_cat":[47,26],"product_tag":[],"class_list":{"0":"post-1476","1":"product","2":"type-product","3":"status-publish","4":"has-post-thumbnail","6":"product_cat-papier","7":"product_cat-recherches-amerindiennes-au-quebec","9":"first","10":"instock","11":"purchasable","12":"product-type-simple"},"_links":{"self":[{"href":"https:\/\/recherches-autochtones.org\/site\/wp-json\/wp\/v2\/product\/1476","targetHints":{"allow":["GET"]}}],"collection":[{"href":"https:\/\/recherches-autochtones.org\/site\/wp-json\/wp\/v2\/product"}],"about":[{"href":"https:\/\/recherches-autochtones.org\/site\/wp-json\/wp\/v2\/types\/product"}],"replies":[{"embeddable":true,"href":"https:\/\/recherches-autochtones.org\/site\/wp-json\/wp\/v2\/comments?post=1476"}],"wp:featuredmedia":[{"embeddable":true,"href":"https:\/\/recherches-autochtones.org\/site\/wp-json\/wp\/v2\/media\/3007"}],"wp:attachment":[{"href":"https:\/\/recherches-autochtones.org\/site\/wp-json\/wp\/v2\/media?parent=1476"}],"wp:term":[{"taxonomy":"product_brand","embeddable":true,"href":"https:\/\/recherches-autochtones.org\/site\/wp-json\/wp\/v2\/product_brand?post=1476"},{"taxonomy":"product_cat","embeddable":true,"href":"https:\/\/recherches-autochtones.org\/site\/wp-json\/wp\/v2\/product_cat?post=1476"},{"taxonomy":"product_tag","embeddable":true,"href":"https:\/\/recherches-autochtones.org\/site\/wp-json\/wp\/v2\/product_tag?post=1476"}],"curies":[{"name":"wp","href":"https:\/\/api.w.org\/{rel}","templated":true}]}}