{"id":1464,"date":"1990-01-17T13:42:58","date_gmt":"1990-01-17T18:42:58","guid":{"rendered":"https:\/\/recherches-autochtones.org\/site\/produit\/le-sylvicole-au-quebec-1990-2"},"modified":"2026-01-11T09:19:59","modified_gmt":"2026-01-11T14:19:59","slug":"le-sylvicole-au-quebec-1990-2","status":"publish","type":"product","link":"https:\/\/recherches-autochtones.org\/site\/produit\/le-sylvicole-au-quebec-1990-2\/","title":{"rendered":"Le Sylvicole au Qu\u00e9bec (1990, vol. 20, no. 1)"},"content":{"rendered":"<p><strong>SOMMAIRE<\/strong><\/p>\n<p>PR\u00c9SENTATION<br \/>\nLe concept de Sylvicole ou l\u2019h\u00e9g\u00e9monie de la poterie<br \/>\nClaude Chapdelaine<\/p>\n<p>Le Sylvicole inf\u00e9rieur au Qu\u00e9bec<br \/>\nNorman Clermont<\/p>\n<p>Un site du Sylvicole moyen ancien sur la plage d\u2019Oka (BiFm-1)<br \/>\nClaude Chapdelaine<\/p>\n<p>Pour une analyse syst\u00e9matique des sous-produits de la technologie c\u00e9ramique: les rebuts de p\u00e2te du site Hector Trudel<br \/>\nPierre Corbeil<\/p>\n<p>Un site iroquoien \u00e0 la confluence du Saguenay et du Saint-Laurent, au XIIIe si\u00e8cle<br \/>\nMichel Plourde<\/p>\n<p>Nouveau regard sur les occupations iroquoiennes de la Station-2, Pointe-du-Buisson<br \/>\nAndr\u00e9 Mercier<\/p>\n<p>NOTE DE RECHERCHE<br \/>\nUn trousseau pour l\u2019\u00e9ternit\u00e9: d\u00e9ballage d\u2019un fardo fun\u00e9raire p\u00e9ruvien<br \/>\nSteve Bourget<\/p>\n<p>CHRONIQUE JURIDIQUE<br \/>\nLa Loi sur les Indiens L.R. (1985), ch. 1-5, telle que modifi\u00e9e par le bill C-31 et les autres amendements<br \/>\nPierre Gr\u00e9goire<\/p>\n<p>ACTUALIT\u00c9S<br \/>\nLes \u00e9lections de f\u00e9vrier 1990 au Nicaragua<br \/>\nEntrevue avec Pierre Beaucage, observateur international dans le secteur Misquito<\/p>\n<p>COMPTES RENDUS<br \/>\nShamanic Odyssey. The Lushootseed Salish Journey to the Land of the Dead<br \/>\nRobert R. Cr\u00e9peau<\/p>\n<p>La civilisation du phoque. Jeux, gestes et techniques des Eskimos d\u2019Ammassalik<br \/>\nPatrick Plumet<\/p>\n<p>&nbsp;<\/p>\n","protected":false},"excerpt":{"rendered":"<p>Volume 20, num\u00e9ro 1<br \/>\nLe Sylvicole au Qu\u00e9bec<br \/>\nSous la direction de Claude Chapdelaine<\/p>\n<p><strong>Autre(s) collaborateur(s) :\u00a0<\/strong>Norman Clermont, Claude Chapdelaine, Pierre Corbeil, Michel Plourde, Andr\u00e9 Mercier, Steve Bourget<\/p>\n<p>97 pages<br \/>\n<strong>ISBN\/ISSN\u00a0:\u00a0<\/strong>0318-4137<\/p>\n<p>&nbsp;<\/p>\n","protected":false},"featured_media":2983,"comment_status":"closed","ping_status":"closed","template":"","meta":{"_EventAllDay":false,"_EventTimezone":"","_EventStartDate":"","_EventEndDate":"","_EventStartDateUTC":"","_EventEndDateUTC":"","_EventShowMap":false,"_EventShowMapLink":false,"_EventURL":"","_EventCost":"","_EventCostDescription":"","_EventCurrencySymbol":"","_EventCurrencyCode":"","_EventCurrencyPosition":"","_EventDateTimeSeparator":"","_EventTimeRangeSeparator":"","_EventOrganizerID":[],"_EventVenueID":[],"_OrganizerEmail":"","_OrganizerPhone":"","_OrganizerWebsite":"","_VenueAddress":"","_VenueCity":"","_VenueCountry":"","_VenueProvince":"","_VenueState":"","_VenueZip":"","_VenuePhone":"","_VenueURL":"","_VenueStateProvince":"","_VenueLat":"","_VenueLng":"","_VenueShowMap":false,"_VenueShowMapLink":false},"product_brand":[],"product_cat":[47,26],"product_tag":[],"class_list":{"0":"post-1464","1":"product","2":"type-product","3":"status-publish","4":"has-post-thumbnail","6":"product_cat-papier","7":"product_cat-recherches-amerindiennes-au-quebec","9":"first","10":"instock","11":"purchasable","12":"product-type-simple"},"_links":{"self":[{"href":"https:\/\/recherches-autochtones.org\/site\/wp-json\/wp\/v2\/product\/1464","targetHints":{"allow":["GET"]}}],"collection":[{"href":"https:\/\/recherches-autochtones.org\/site\/wp-json\/wp\/v2\/product"}],"about":[{"href":"https:\/\/recherches-autochtones.org\/site\/wp-json\/wp\/v2\/types\/product"}],"replies":[{"embeddable":true,"href":"https:\/\/recherches-autochtones.org\/site\/wp-json\/wp\/v2\/comments?post=1464"}],"wp:featuredmedia":[{"embeddable":true,"href":"https:\/\/recherches-autochtones.org\/site\/wp-json\/wp\/v2\/media\/2983"}],"wp:attachment":[{"href":"https:\/\/recherches-autochtones.org\/site\/wp-json\/wp\/v2\/media?parent=1464"}],"wp:term":[{"taxonomy":"product_brand","embeddable":true,"href":"https:\/\/recherches-autochtones.org\/site\/wp-json\/wp\/v2\/product_brand?post=1464"},{"taxonomy":"product_cat","embeddable":true,"href":"https:\/\/recherches-autochtones.org\/site\/wp-json\/wp\/v2\/product_cat?post=1464"},{"taxonomy":"product_tag","embeddable":true,"href":"https:\/\/recherches-autochtones.org\/site\/wp-json\/wp\/v2\/product_tag?post=1464"}],"curies":[{"name":"wp","href":"https:\/\/api.w.org\/{rel}","templated":true}]}}