{"id":1461,"date":"1989-01-17T13:42:58","date_gmt":"1989-01-17T18:42:58","guid":{"rendered":"https:\/\/recherches-autochtones.org\/site\/produit\/ethnohistoire-et-territoire-1989-2"},"modified":"2025-06-19T15:58:09","modified_gmt":"2025-06-19T19:58:09","slug":"ethnohistoire-et-territoire-1989-2","status":"publish","type":"product","link":"https:\/\/recherches-autochtones.org\/site\/produit\/ethnohistoire-et-territoire-1989-2\/","title":{"rendered":"Ethnohistoire et territoire (1989, vol. 19, no. 1)"},"content":{"rendered":"<p><strong>SOMMAIRE<\/strong><\/p>\n<p>PR\u00c9SENTATION<br \/>\nJean-Ren\u00e9 Proulx<\/p>\n<p>L\u2019alliance franco-am\u00e9rindienne 1660-1701<br \/>\nDenys Del\u00e2ge<\/p>\n<p>Les imp\u00e9ratifs de la subsistance chez les Montagnais de la traite de Tadoussac (1720-1750)<br \/>\nDaniel Castonguay<\/p>\n<p>L\u2019Acte de 1851 et la cr\u00e9ation de nouvelles r\u00e9serves indiennes au Bas-Canada en 1853<br \/>\nG\u00e9rard L. Fortin et Jacques Frenette<\/p>\n<p>Franck G. Speck et la distribution g\u00e9ographique des bandes montagnaises au Saguenay-Lac Saint-Jean et sur la C\u00f4te-Nord: L\u2019abc de l\u2019HBC<br \/>\nJacques Frenette<\/p>\n<p>Albert One-Eye, un Inuk \u00e0 l\u2019emploi de la compagnie de la Baie d\u2019Hudson (1841-1849)<br \/>\nFran\u00e7ois Trudel<\/p>\n<p>\u00c9valuation des interventions gouvernementales en mati\u00e8re d\u2019\u00e9ducation au Nouveau-Qu\u00e9bec inuit<br \/>\nBernard Gauthier<\/p>\n<p>ACTUALIT\u00c9S<br \/>\nProcessus \u00e9lectoral au Nunavik (Nouveau-Qu\u00e9bec) et autonomie politique. Entrevue avec Denis Simard<br \/>\nRecueillie par Pierre Trudel<\/p>\n<p>Taamusi Qumaq, re\u00e7u Chevalier de l\u2019Ordre du Qu\u00e9bec<\/p>\n<p>COMPTES RENDUS<br \/>\nLe site de Chicoutimi. Un campement pr\u00e9historique au pays des Kakouchaks<br \/>\nNorman Clermont<\/p>\n<p>R\u00e9ponse de Claude Chapdelaine<\/p>\n<p>Moon of Wintertime<br \/>\nNorman Clermont<\/p>\n<p>La nature domestique. Symbolisme et praxis dans l\u2019\u00e9cologie des Achuar<br \/>\nRobert R. Cr\u00e9peau<\/p>\n","protected":false},"excerpt":{"rendered":"<p>Volume 19, num\u00e9ro 1<br \/>\nEthnohistoire et territoire<br \/>\nSous la direction de H\u00e9l\u00e8ne B\u00e9dard et Jean-Ren\u00e9 Proulx<\/p>\n<p><strong>Autre(s) collaborateur(s) :\u00a0<\/strong>Denys Del\u00e2ge, Daniel Castonguay, G\u00e9rard L. Fortin, Jacques Frenette, Fran\u00e7ois Trudel, Bernard Gauthier<\/p>\n<p>97 pages<br \/>\n<strong>ISBN\/ISSN\u00a0:\u00a0<\/strong>0318-4137<\/p>\n<p>&nbsp;<\/p>\n","protected":false},"featured_media":2980,"comment_status":"closed","ping_status":"closed","template":"","meta":{"_EventAllDay":false,"_EventTimezone":"","_EventStartDate":"","_EventEndDate":"","_EventStartDateUTC":"","_EventEndDateUTC":"","_EventShowMap":false,"_EventShowMapLink":false,"_EventURL":"","_EventCost":"","_EventCostDescription":"","_EventCurrencySymbol":"","_EventCurrencyCode":"","_EventCurrencyPosition":"","_EventDateTimeSeparator":"","_EventTimeRangeSeparator":"","_EventOrganizerID":[],"_EventVenueID":[],"_OrganizerEmail":"","_OrganizerPhone":"","_OrganizerWebsite":"","_VenueAddress":"","_VenueCity":"","_VenueCountry":"","_VenueProvince":"","_VenueState":"","_VenueZip":"","_VenuePhone":"","_VenueURL":"","_VenueStateProvince":"","_VenueLat":"","_VenueLng":"","_VenueShowMap":false,"_VenueShowMapLink":false},"product_brand":[],"product_cat":[47,26],"product_tag":[],"class_list":{"0":"post-1461","1":"product","2":"type-product","3":"status-publish","4":"has-post-thumbnail","6":"product_cat-papier","7":"product_cat-recherches-amerindiennes-au-quebec","9":"first","10":"instock","11":"purchasable","12":"product-type-simple"},"_links":{"self":[{"href":"https:\/\/recherches-autochtones.org\/site\/wp-json\/wp\/v2\/product\/1461","targetHints":{"allow":["GET"]}}],"collection":[{"href":"https:\/\/recherches-autochtones.org\/site\/wp-json\/wp\/v2\/product"}],"about":[{"href":"https:\/\/recherches-autochtones.org\/site\/wp-json\/wp\/v2\/types\/product"}],"replies":[{"embeddable":true,"href":"https:\/\/recherches-autochtones.org\/site\/wp-json\/wp\/v2\/comments?post=1461"}],"wp:featuredmedia":[{"embeddable":true,"href":"https:\/\/recherches-autochtones.org\/site\/wp-json\/wp\/v2\/media\/2980"}],"wp:attachment":[{"href":"https:\/\/recherches-autochtones.org\/site\/wp-json\/wp\/v2\/media?parent=1461"}],"wp:term":[{"taxonomy":"product_brand","embeddable":true,"href":"https:\/\/recherches-autochtones.org\/site\/wp-json\/wp\/v2\/product_brand?post=1461"},{"taxonomy":"product_cat","embeddable":true,"href":"https:\/\/recherches-autochtones.org\/site\/wp-json\/wp\/v2\/product_cat?post=1461"},{"taxonomy":"product_tag","embeddable":true,"href":"https:\/\/recherches-autochtones.org\/site\/wp-json\/wp\/v2\/product_tag?post=1461"}],"curies":[{"name":"wp","href":"https:\/\/api.w.org\/{rel}","templated":true}]}}