{"id":1440,"date":"1982-04-17T13:39:31","date_gmt":"1982-04-17T18:39:31","guid":{"rendered":"https:\/\/recherches-autochtones.org\/site\/produit\/developpement-ou-dependance-1982-2"},"modified":"2025-06-19T15:40:28","modified_gmt":"2025-06-19T19:40:28","slug":"developpement-ou-dependance-1982-2","status":"publish","type":"product","link":"https:\/\/recherches-autochtones.org\/site\/produit\/developpement-ou-dependance-1982-2\/","title":{"rendered":"D\u00e9veloppement ou d\u00e9pendance (1982, vol. 12, no. 4)"},"content":{"rendered":"<p><strong>SOMMAIRE<\/strong><\/p>\n<p>\u00c9DITORIAL<br \/>\nFran\u00e7oy Raynauld et Claude-Yves Charron<\/p>\n<p>L\u2019Indien n\u2019est pas un fou. Quelques r\u00e9flexions montagnaises sur la gestion du territoire<br \/>\nJos\u00e9 Mailhot et Sylvie Vincent<\/p>\n<p>Originalit\u00e9 culturelle et r\u00e9gionalisation politique\u00a0: Le projet Nunavut des T.-N.-O.<br \/>\nLouis-Edmond Hamelin<\/p>\n<p>Les autochtones et les chasseurs sportifs peuvent-ils coexister?<br \/>\nPeter J. Usher<\/p>\n<p>Les droits des autochtones et les activit\u00e9s de chasse et de p\u00eache<br \/>\nGaston Moisan<\/p>\n<p>S\u2019occuper de ses propres affaires afin de s\u2019accro\u00eetre\u00a0: parlons argent avec les Inuit<br \/>\nLouis-Jacques Dorais<\/p>\n<p>Distorsions de notre discours et de nos politiques \u00e0 l\u2019\u00e9gard des Am\u00e9rindiens<br \/>\nEntrevue avec R\u00e9mi Savard<\/p>\n<p>DOSSIER RADIO COMMUNAUTAIRE<br \/>\nKitotakan, Kaiamiumistuk ou radio<br \/>\nGhislain Picard<\/p>\n<p>Communication inter-nationale<br \/>\nGhislain Picard<\/p>\n<p>\u00c9v\u00e9nements r\u00e9cents<br \/>\nSept ans de crise scolaire pour les dissidents. Pas d\u2019ABC pour les enfants\u00a0: des le\u00e7ons de politique et de d\u00e9termination<br \/>\nSylvie Loslier<\/p>\n<p>Front commun des non-signataires de la C.B.J., lac Simon (24-26 ao\u00fbt)<br \/>\nJean-Ren\u00e9 Proulx<\/p>\n<p>COMPTE RENDU<br \/>\nBringing Home Animals, Religious Ideology and Mode of Production of the Mistassini Cree Hunters<br \/>\nClaude-Yves Charron<\/p>\n<p>&nbsp;<\/p>\n","protected":false},"excerpt":{"rendered":"<p>Volume 12, num\u00e9ro 4<br \/>\nD\u00e9veloppement ou d\u00e9pendance<br \/>\nSous la direction de Fran\u00e7oy Raynauld et Claude-Yves Charron<\/p>\n<p><strong>Autre(s) collaborateur(s) : <\/strong>Fran\u00e7oy Raynauld, Claude-Yves Charron, Jos\u00e9 Mailhot, Sylvie Vincent, Louis-Edmond Hamelin, Peter J. Usher, Gaston Moisan, Louis-Jacques Dorais, R\u00e9mi Savard, Ghislain Picard<\/p>\n<p>81 pages<br \/>\n<strong>ISBN\/ISSN\u00a0:\u00a0<\/strong>0318-4137<\/p>\n<p>&nbsp;<\/p>\n<p>&nbsp;<\/p>\n","protected":false},"featured_media":2959,"comment_status":"closed","ping_status":"closed","template":"","meta":{"_EventAllDay":false,"_EventTimezone":"","_EventStartDate":"","_EventEndDate":"","_EventStartDateUTC":"","_EventEndDateUTC":"","_EventShowMap":false,"_EventShowMapLink":false,"_EventURL":"","_EventCost":"","_EventCostDescription":"","_EventCurrencySymbol":"","_EventCurrencyCode":"","_EventCurrencyPosition":"","_EventDateTimeSeparator":"","_EventTimeRangeSeparator":"","_EventOrganizerID":[],"_EventVenueID":[],"_OrganizerEmail":"","_OrganizerPhone":"","_OrganizerWebsite":"","_VenueAddress":"","_VenueCity":"","_VenueCountry":"","_VenueProvince":"","_VenueState":"","_VenueZip":"","_VenuePhone":"","_VenueURL":"","_VenueStateProvince":"","_VenueLat":"","_VenueLng":"","_VenueShowMap":false,"_VenueShowMapLink":false},"product_brand":[],"product_cat":[47,26],"product_tag":[],"class_list":{"0":"post-1440","1":"product","2":"type-product","3":"status-publish","4":"has-post-thumbnail","6":"product_cat-papier","7":"product_cat-recherches-amerindiennes-au-quebec","9":"first","10":"outofstock","11":"purchasable","12":"product-type-simple"},"_links":{"self":[{"href":"https:\/\/recherches-autochtones.org\/site\/wp-json\/wp\/v2\/product\/1440","targetHints":{"allow":["GET"]}}],"collection":[{"href":"https:\/\/recherches-autochtones.org\/site\/wp-json\/wp\/v2\/product"}],"about":[{"href":"https:\/\/recherches-autochtones.org\/site\/wp-json\/wp\/v2\/types\/product"}],"replies":[{"embeddable":true,"href":"https:\/\/recherches-autochtones.org\/site\/wp-json\/wp\/v2\/comments?post=1440"}],"wp:featuredmedia":[{"embeddable":true,"href":"https:\/\/recherches-autochtones.org\/site\/wp-json\/wp\/v2\/media\/2959"}],"wp:attachment":[{"href":"https:\/\/recherches-autochtones.org\/site\/wp-json\/wp\/v2\/media?parent=1440"}],"wp:term":[{"taxonomy":"product_brand","embeddable":true,"href":"https:\/\/recherches-autochtones.org\/site\/wp-json\/wp\/v2\/product_brand?post=1440"},{"taxonomy":"product_cat","embeddable":true,"href":"https:\/\/recherches-autochtones.org\/site\/wp-json\/wp\/v2\/product_cat?post=1440"},{"taxonomy":"product_tag","embeddable":true,"href":"https:\/\/recherches-autochtones.org\/site\/wp-json\/wp\/v2\/product_tag?post=1440"}],"curies":[{"name":"wp","href":"https:\/\/api.w.org\/{rel}","templated":true}]}}