{"id":1422,"date":"1977-02-17T13:39:31","date_gmt":"1977-02-17T18:39:31","guid":{"rendered":"https:\/\/recherches-autochtones.org\/site\/produit\/ethnologie-et-histoire-1977-2"},"modified":"2025-06-19T15:28:55","modified_gmt":"2025-06-19T19:28:55","slug":"ethnologie-et-histoire-1977-2","status":"publish","type":"product","link":"https:\/\/recherches-autochtones.org\/site\/produit\/ethnologie-et-histoire-1977-2\/","title":{"rendered":"Ethnologie et histoire (1977, vol. 7, nos. 3-4)"},"content":{"rendered":"<p><strong>Auteur(s) : <\/strong>Fran\u00e7ois Trudel<br \/>\n<strong>Autre(s) collaborateur(s) : <\/strong>Fran\u00e7ois Trudel, Raynald Parent, Marguerite Vincent, G\u00e9rard L. Fortin, Richard Dominique, Gilles Samson, Alain Boisvert, C\u00e9line Saucier, Marie-France Labrecque, Norman Clermont, Louise Yseult Paradis<\/p>\n<p>129 pages<br \/>\n<strong style=\"font-size: 16px; line-height: 1.5;\">ISBN\/ISSN\u00a0:\u00a0<\/strong>0318-4137<\/p>\n<p>&nbsp;<\/p>\n","protected":false},"excerpt":{"rendered":"<p>Volume 7, num\u00e9ros 3-4<br \/>\nEthnologie et histoire<br \/>\nSous la direction de Fran\u00e7ois Trudel<\/p>\n<p>PR\u00c9SENTATION<br \/>\nFran\u00e7ois Trudel<\/p>\n<p>Inventaire des nations am\u00e9rindiennes au d\u00e9but du XVIe si\u00e8cle<br \/>\nRaynald Parent<\/p>\n<p>Un si\u00e8cle de r\u00e9clamation de la Seigneurie de Sillery par les Hurons (1791-1896)<br \/>\nMarguerite Vincent<\/p>\n<p>Ethnobotanique et ethnohistoire, commentaires sur les travaux de William N. Fenton<br \/>\nG\u00e9rard L. Fortin<\/p>\n<p>Le langage de la chasse, r\u00e9cit de Michel Gr\u00e9goire<br \/>\nRichard Dominique<\/p>\n<p>Les Inuit face \u00e0 l\u2019expansion commerciale europ\u00e9enne dans la r\u00e9gion du D\u00e9troit de Belle-Isle, au XVIe et XVIIe si\u00e8cle<br \/>\nFran\u00e7ois Trudel<\/p>\n<p>Ethnohistoire des Mushuau Innuts (1903-1910) d\u2019apr\u00e8s les ouvrages de M. Hubbard (1908) et W. Cabot (1912-1920)<br \/>\nGilles Samson<\/p>\n<p>L\u2019ethnohistoire et l\u2019\u00e9tude de la mythologie, deux r\u00e9cits cris du si\u00e8cle dernier<br \/>\nAlain Boisvert<\/p>\n<p>R\u00e9trospective des Collections d\u2019ethnologie am\u00e9rindienne, au minist\u00e8re des Affaires culturelles<br \/>\nC\u00e9line Saucier<\/p>\n<p>La mobilit\u00e9 comme \u00e9l\u00e9ment de l\u2019infrastructure? Remarques exploratoires \u00e0 partir de donn\u00e9es ethnohistoriques<br \/>\nMarie-France Labrecque<\/p>\n<p>Une figure iroquoise, Garakonti\u00e9<br \/>\nNorman Clermont<\/p>\n<p>Motecuhzoma, seigneur ou victime \u2013 anatomie d\u2019un chef azt\u00e8que<br \/>\nLouise Yseut Paradis<\/p>\n<p>Bibliographie sur les relations entre Anthropologie et Histoire, et sur l\u2019Ethnohistoire<br \/>\nRichard Dominique et Fran\u00e7ois Trudel<\/p>\n<p>COMPTES RENDUS<br \/>\nVoyage de Pehr Kalm au Canada en 1749<br \/>\nH\u00e9l\u00e8ne Bolduc<\/p>\n<p>The Early Mesoamerican Village, K. V. Flannery \u00e9d.<br \/>\nLouise Iseut Paradis<\/p>\n<p>The Children of Aataensic, A History of the Huron People to 1660, de Bruce G. Trigger<br \/>\nNorman Clermont<\/p>\n<p>Les Ab\u00e9naquis\u00a0: habitat et migrations (XVIIe et XVIIIe si\u00e8cles)<br \/>\nJacques Frenette<\/p>\n","protected":false},"featured_media":2941,"comment_status":"closed","ping_status":"closed","template":"","meta":{"_EventAllDay":false,"_EventTimezone":"","_EventStartDate":"","_EventEndDate":"","_EventStartDateUTC":"","_EventEndDateUTC":"","_EventShowMap":false,"_EventShowMapLink":false,"_EventURL":"","_EventCost":"","_EventCostDescription":"","_EventCurrencySymbol":"","_EventCurrencyCode":"","_EventCurrencyPosition":"","_EventDateTimeSeparator":"","_EventTimeRangeSeparator":"","_EventOrganizerID":[],"_EventVenueID":[],"_OrganizerEmail":"","_OrganizerPhone":"","_OrganizerWebsite":"","_VenueAddress":"","_VenueCity":"","_VenueCountry":"","_VenueProvince":"","_VenueState":"","_VenueZip":"","_VenuePhone":"","_VenueURL":"","_VenueStateProvince":"","_VenueLat":"","_VenueLng":"","_VenueShowMap":false,"_VenueShowMapLink":false},"product_brand":[],"product_cat":[47,26],"product_tag":[],"class_list":{"0":"post-1422","1":"product","2":"type-product","3":"status-publish","4":"has-post-thumbnail","6":"product_cat-papier","7":"product_cat-recherches-amerindiennes-au-quebec","9":"first","10":"outofstock","11":"purchasable","12":"product-type-simple"},"_links":{"self":[{"href":"https:\/\/recherches-autochtones.org\/site\/wp-json\/wp\/v2\/product\/1422","targetHints":{"allow":["GET"]}}],"collection":[{"href":"https:\/\/recherches-autochtones.org\/site\/wp-json\/wp\/v2\/product"}],"about":[{"href":"https:\/\/recherches-autochtones.org\/site\/wp-json\/wp\/v2\/types\/product"}],"replies":[{"embeddable":true,"href":"https:\/\/recherches-autochtones.org\/site\/wp-json\/wp\/v2\/comments?post=1422"}],"wp:featuredmedia":[{"embeddable":true,"href":"https:\/\/recherches-autochtones.org\/site\/wp-json\/wp\/v2\/media\/2941"}],"wp:attachment":[{"href":"https:\/\/recherches-autochtones.org\/site\/wp-json\/wp\/v2\/media?parent=1422"}],"wp:term":[{"taxonomy":"product_brand","embeddable":true,"href":"https:\/\/recherches-autochtones.org\/site\/wp-json\/wp\/v2\/product_brand?post=1422"},{"taxonomy":"product_cat","embeddable":true,"href":"https:\/\/recherches-autochtones.org\/site\/wp-json\/wp\/v2\/product_cat?post=1422"},{"taxonomy":"product_tag","embeddable":true,"href":"https:\/\/recherches-autochtones.org\/site\/wp-json\/wp\/v2\/product_tag?post=1422"}],"curies":[{"name":"wp","href":"https:\/\/api.w.org\/{rel}","templated":true}]}}