{"id":1421,"date":"1977-01-17T13:39:31","date_gmt":"1977-01-17T18:39:31","guid":{"rendered":"https:\/\/recherches-autochtones.org\/site\/produit\/prehistoire-du-quebec-1977-2"},"modified":"2025-06-19T15:28:25","modified_gmt":"2025-06-19T19:28:25","slug":"prehistoire-du-quebec-1977-2","status":"publish","type":"product","link":"https:\/\/recherches-autochtones.org\/site\/produit\/prehistoire-du-quebec-1977-2\/","title":{"rendered":"Pr\u00e9histoire du Qu\u00e9bec (1977, vol. 7, nos. 1-2)"},"content":{"rendered":"<p><strong>Auteur(s) : <\/strong>Claude Chapdelaine<br \/>\n<strong>Autre(s) collaborateur(s) : <\/strong>Claude Chapdelaine, Norman Clermont, Charles A. Martijn, Serge-Andr\u00e9 Cr\u00eate, Georges Barr\u00e9, Laurent Girouard, Jos\u00e9 Benmouyal, Pierre Dumais, Daniel Chevrier, Marcel Lalibert\u00e9, Patrick Plumet, Gilles Samson<\/p>\n<p>145 pages<br \/>\n<strong style=\"font-size: 16px; line-height: 1.5;\">ISBN\/ISSN\u00a0:\u00a0<\/strong>0318-4137<\/p>\n<p>&nbsp;<\/p>\n","protected":false},"excerpt":{"rendered":"<p>Volume 7, num\u00e9ros 1-2<br \/>\nPr\u00e9histoire du Qu\u00e9bec<br \/>\nSous la direction de Claude Chapdelaine<\/p>\n<p>PR\u00c9SENTATION<br \/>\nClaude Chapdelaine<\/p>\n<p>Travailler en arch\u00e9ologie<br \/>\nNorman Clermont<\/p>\n<p>Historique de la recherche arch\u00e9ologique au Qu\u00e9bec<br \/>\nCharles Martijn<\/p>\n<p>La Plaine Laurentienne<br \/>\nLes premiers habitants<br \/>\nSerge-Andr\u00e9 Cr\u00eate<\/p>\n<p>Le Sylvicole Initial<br \/>\nNorman Clermont<\/p>\n<p>Les Iroquoiens\u00a0: premiers agriculteurs<br \/>\nGeorges Barr\u00e9 et Laurent Girouard<\/p>\n<p>La Gasp\u00e9sie<br \/>\nJos\u00e9 Benmouyal<\/p>\n<p>Le Bas Saint-Laurent<br \/>\nPierre Dumais<\/p>\n<p>La C\u00f4te-Nord du Saint-Laurent<br \/>\nDaniel Chevrier<\/p>\n<p>La for\u00eat bor\u00e9ale<br \/>\nMarcel Lalibert\u00e9<\/p>\n<p>Le Nouveau-Qu\u00e9bec et le Labrador<br \/>\nPatrick Plumet<\/p>\n<p>Le Nord-Est de la p\u00e9ninsule Qu\u00e9bec-Labrador<br \/>\nGilles Samson<\/p>\n<p>Avenir de notre patrimoine arch\u00e9ologique<br \/>\nClaude Chapdelaine<\/p>\n","protected":false},"featured_media":2940,"comment_status":"closed","ping_status":"closed","template":"","meta":{"_EventAllDay":false,"_EventTimezone":"","_EventStartDate":"","_EventEndDate":"","_EventStartDateUTC":"","_EventEndDateUTC":"","_EventShowMap":false,"_EventShowMapLink":false,"_EventURL":"","_EventCost":"","_EventCostDescription":"","_EventCurrencySymbol":"","_EventCurrencyCode":"","_EventCurrencyPosition":"","_EventDateTimeSeparator":"","_EventTimeRangeSeparator":"","_EventOrganizerID":[],"_EventVenueID":[],"_OrganizerEmail":"","_OrganizerPhone":"","_OrganizerWebsite":"","_VenueAddress":"","_VenueCity":"","_VenueCountry":"","_VenueProvince":"","_VenueState":"","_VenueZip":"","_VenuePhone":"","_VenueURL":"","_VenueStateProvince":"","_VenueLat":"","_VenueLng":"","_VenueShowMap":false,"_VenueShowMapLink":false},"product_brand":[],"product_cat":[47,26],"product_tag":[],"class_list":{"0":"post-1421","1":"product","2":"type-product","3":"status-publish","4":"has-post-thumbnail","6":"product_cat-papier","7":"product_cat-recherches-amerindiennes-au-quebec","9":"first","10":"outofstock","11":"purchasable","12":"product-type-simple"},"_links":{"self":[{"href":"https:\/\/recherches-autochtones.org\/site\/wp-json\/wp\/v2\/product\/1421","targetHints":{"allow":["GET"]}}],"collection":[{"href":"https:\/\/recherches-autochtones.org\/site\/wp-json\/wp\/v2\/product"}],"about":[{"href":"https:\/\/recherches-autochtones.org\/site\/wp-json\/wp\/v2\/types\/product"}],"replies":[{"embeddable":true,"href":"https:\/\/recherches-autochtones.org\/site\/wp-json\/wp\/v2\/comments?post=1421"}],"wp:featuredmedia":[{"embeddable":true,"href":"https:\/\/recherches-autochtones.org\/site\/wp-json\/wp\/v2\/media\/2940"}],"wp:attachment":[{"href":"https:\/\/recherches-autochtones.org\/site\/wp-json\/wp\/v2\/media?parent=1421"}],"wp:term":[{"taxonomy":"product_brand","embeddable":true,"href":"https:\/\/recherches-autochtones.org\/site\/wp-json\/wp\/v2\/product_brand?post=1421"},{"taxonomy":"product_cat","embeddable":true,"href":"https:\/\/recherches-autochtones.org\/site\/wp-json\/wp\/v2\/product_cat?post=1421"},{"taxonomy":"product_tag","embeddable":true,"href":"https:\/\/recherches-autochtones.org\/site\/wp-json\/wp\/v2\/product_tag?post=1421"}],"curies":[{"name":"wp","href":"https:\/\/api.w.org\/{rel}","templated":true}]}}