{"id":1417,"date":"1975-04-17T13:39:31","date_gmt":"1975-04-17T17:39:31","guid":{"rendered":"https:\/\/recherches-autochtones.org\/site\/produit\/le-logement-amerindien-1975-2"},"modified":"2025-06-19T15:14:45","modified_gmt":"2025-06-19T19:14:45","slug":"le-logement-amerindien-1975-2","status":"publish","type":"product","link":"https:\/\/recherches-autochtones.org\/site\/produit\/le-logement-amerindien-1975-2\/","title":{"rendered":"Le logement am\u00e9rindien (1975, vol. 5, nos. 4-5)"},"content":{"rendered":"<p><strong>Auteur(s) : <\/strong>La r\u00e9daction<br \/>\n<strong>Autre(s) collaborateur(s) : <\/strong>Sylvie Vincent, Marcel Moussette, Madeleine Lefebvre, Brian McCloskey, Claude Tanguay, Richard Baillargeon, Gilles Larochelle, L\u00e9c Zrudlo, Fernand Chalifoux, Yvan Simonis, Lyse Cartier, Mich\u00e8le Vincelette<\/p>\n<p>113 pages<br \/>\n<strong style=\"font-size: 16px; line-height: 1.5;\">ISBN\/ISSN\u00a0:\u00a0<\/strong>0318-4137<\/p>\n<p>&nbsp;<\/p>\n","protected":false},"excerpt":{"rendered":"<p>Volume 5, num\u00e9ro 4-5<br \/>\nLe logement am\u00e9rindien<br \/>\nLa r\u00e9daction<\/p>\n<p>La maison, foyer de l\u2019acculturation<br \/>\nSylvie Vincent<\/p>\n<p>Le chauffage domestique chez les Am\u00e9rindiens de l\u2019Est du Canada du XVIe au XVIIIe si\u00e8cle<br \/>\nMarcel Moussette<\/p>\n<p>Les Indiens du Qu\u00e9bec sont mal log\u00e9s<br \/>\nMadeleine Lefebvre<\/p>\n<p>Habitations et syst\u00e8me d\u2019\u00e9nergie adapt\u00e9s aux besoins des communaut\u00e9s indiennes du Qu\u00e9bec<br \/>\nBrian McCloskey<\/p>\n<p>M\u00e9thodologie de la transformation d\u2019un site (le cas de Fort Rupert)<br \/>\nClaude Tanguay<\/p>\n<p>La situation de l\u2019habitation chez les Inuit du Nouveau-Qu\u00e9bec<br \/>\nRichard Baillargeon<\/p>\n<p>Projet Nunaturliq<\/p>\n<p>L\u2019habitation chez les Puvirniturmiut<br \/>\nGilles Larochelle<\/p>\n<p>Tentative d\u2019un design de maison adapt\u00e9e aux besoins des Inuit de Puvirnituuq<br \/>\nL\u00e9c Zrudlo<\/p>\n<p>Guide du jeu illunguat<br \/>\nGilles Larochelle et Richard Baillargeon<\/p>\n<p>Les M\u00e9tis et Indiens sans statut ou les pires conditions de logement au Qu\u00e9bec<br \/>\nFernand Chalifoux<\/p>\n<p>La r\u00e9action indienne \u00e0 la situation des Indiens\u00a0: un cas type, le groupe White Roots of Peace (un texte suivi de commentaires)<br \/>\nYvan Simonis<\/p>\n<p>Vu et entendu au Coll\u00e8ge Manitou<br \/>\nLyse Cartier et Mich\u00e8le Vincelette<\/p>\n<p>Revue de la presse autochtone<br \/>\nL\u2019Alliance<\/p>\n<p>Le point sur\u00a0: L\u2019Alliance laurentienne des M\u00e9tis et Indiens sans statut<br \/>\nLyse Cartier<\/p>\n","protected":false},"featured_media":2936,"comment_status":"closed","ping_status":"closed","template":"","meta":{"_EventAllDay":false,"_EventTimezone":"","_EventStartDate":"","_EventEndDate":"","_EventStartDateUTC":"","_EventEndDateUTC":"","_EventShowMap":false,"_EventShowMapLink":false,"_EventURL":"","_EventCost":"","_EventCostDescription":"","_EventCurrencySymbol":"","_EventCurrencyCode":"","_EventCurrencyPosition":"","_EventDateTimeSeparator":"","_EventTimeRangeSeparator":"","_EventOrganizerID":[],"_EventVenueID":[],"_OrganizerEmail":"","_OrganizerPhone":"","_OrganizerWebsite":"","_VenueAddress":"","_VenueCity":"","_VenueCountry":"","_VenueProvince":"","_VenueState":"","_VenueZip":"","_VenuePhone":"","_VenueURL":"","_VenueStateProvince":"","_VenueLat":"","_VenueLng":"","_VenueShowMap":false,"_VenueShowMapLink":false},"product_brand":[],"product_cat":[47,26],"product_tag":[],"class_list":{"0":"post-1417","1":"product","2":"type-product","3":"status-publish","4":"has-post-thumbnail","6":"product_cat-papier","7":"product_cat-recherches-amerindiennes-au-quebec","9":"first","10":"outofstock","11":"purchasable","12":"product-type-simple"},"_links":{"self":[{"href":"https:\/\/recherches-autochtones.org\/site\/wp-json\/wp\/v2\/product\/1417","targetHints":{"allow":["GET"]}}],"collection":[{"href":"https:\/\/recherches-autochtones.org\/site\/wp-json\/wp\/v2\/product"}],"about":[{"href":"https:\/\/recherches-autochtones.org\/site\/wp-json\/wp\/v2\/types\/product"}],"replies":[{"embeddable":true,"href":"https:\/\/recherches-autochtones.org\/site\/wp-json\/wp\/v2\/comments?post=1417"}],"wp:featuredmedia":[{"embeddable":true,"href":"https:\/\/recherches-autochtones.org\/site\/wp-json\/wp\/v2\/media\/2936"}],"wp:attachment":[{"href":"https:\/\/recherches-autochtones.org\/site\/wp-json\/wp\/v2\/media?parent=1417"}],"wp:term":[{"taxonomy":"product_brand","embeddable":true,"href":"https:\/\/recherches-autochtones.org\/site\/wp-json\/wp\/v2\/product_brand?post=1417"},{"taxonomy":"product_cat","embeddable":true,"href":"https:\/\/recherches-autochtones.org\/site\/wp-json\/wp\/v2\/product_cat?post=1417"},{"taxonomy":"product_tag","embeddable":true,"href":"https:\/\/recherches-autochtones.org\/site\/wp-json\/wp\/v2\/product_tag?post=1417"}],"curies":[{"name":"wp","href":"https:\/\/api.w.org\/{rel}","templated":true}]}}