{"id":10544,"date":"2026-02-09T15:40:41","date_gmt":"2026-02-09T20:40:41","guid":{"rendered":"https:\/\/recherches-autochtones.org\/site\/?post_type=product&#038;p=10544"},"modified":"2026-03-25T15:21:32","modified_gmt":"2026-03-25T19:21:32","slug":"ecrire-les-voix-du-territoire-hommage-a-josephine-bacon","status":"publish","type":"product","link":"https:\/\/recherches-autochtones.org\/site\/produit\/ecrire-les-voix-du-territoire-hommage-a-josephine-bacon\/","title":{"rendered":"\u00c9crire les voix du territoire. L&rsquo;\u00c9crit \u00e0 la lumi\u00e8re de l&rsquo;oralit\u00e9 : hommage \u00e0 Jos\u00e9phine Bacon (2026, vol. 54, no. 1)"},"content":{"rendered":"<h3><strong>SOMMAIRE<\/strong><\/h3>\n<p style=\"font-weight: 400;\"><strong>Pr\u00e9sentation<br \/>\n\u00c9crire les voix du territoire. L\u2019\u00e9crit \u00e0 la lumi\u00e8re de l\u2019oralit\u00e9<br \/>\n<\/strong><em>Laurent J\u00e9r\u00f4me et Sylvie Loslier<\/em><\/p>\n<p style=\"font-weight: 400;\"><strong>Exotopie, transmission des savoirs et anthropologie partag\u00e9e chez les Ibaloi des Philippines<br \/>\n<\/strong><em>Fr\u00e9d\u00e9ric Laugrand<\/em><strong><br \/>\n<\/strong><\/p>\n<p style=\"font-weight: 400;\"><strong>La tradition orale et l\u2019\u00e9criture d\u2019un projet de constitution : apports et d\u00e9fis dans le cas de la d\u00e9marche constitutionnelle des Pekuakamiulnuatsh<br \/>\n<\/strong><em>Doris Farget H\u00e9l\u00e8ne Boivin et Stacy Bossum<\/em><strong><br \/>\n<\/strong><\/p>\n<p style=\"font-weight: 400;\"><strong>L\u2019histoire des \u00e9critures innues, de Marie Outchiouanish \u00e0 Jos\u00e9phine Bacon<br \/>\n<\/strong><em>\u00c9mile Duchesne<\/em><strong><br \/>\n<\/strong><\/p>\n<p style=\"font-weight: 400;\"><strong>De po\u00e9sie \u00e0 th\u00e9orie : les langues autochtones au c\u0153ur des affirmations de souverainet\u00e9 visuelle et narrative<br \/>\n<\/strong><em>Caroline Nepton Hotte<\/em><strong><br \/>\n<\/strong><\/p>\n<p style=\"font-weight: 400;\"><strong>Le silence dans la po\u00e9sie de Jos\u00e9phine Bacon<br \/>\n<\/strong><em>Daniel Chartier<\/em><\/p>\n<p>&nbsp;<\/p>\n<p style=\"font-weight: 400;\"><strong>T\u00e9moignages et autres contributions<br \/>\n<\/strong><\/p>\n<div>\n<p class=\"SommTitrearticle\"><strong>\u00c0 la rencontre de Jos\u00e9phine, Shushepin ou Bibitte : une Innue, porteuse d\u2019histoire, aux multiples talents et aux milles parcours<\/strong><br \/>\n<em>Sylvie Loslier<\/em><\/p>\n<\/div>\n<div>\n<p class=\"SommTitrearticle\" style=\"padding-left: 40px;\"><strong>Rencontre avec \u00c9velyne St-Onge : du pensionnat de Mani-utenam \u00e0 Montr\u00e9al<\/strong><br \/>\n<i>\u00c9velyne St-Onge<\/i><\/p>\n<\/div>\n<div>\n<p class=\"SommTitrearticle\"><strong>Pas aphones<\/strong><br \/>\n<em>Lenous Guillaume-Suprice<\/em><\/p>\n<\/div>\n<div>\n<p class=\"SommTitrearticle\"><strong>Pour Bibitte<\/strong><br \/>\n<i>Chlo\u00e9 Sainte-Marie<\/i><\/p>\n<\/div>\n<div>\n<p class=\"SommTitrearticle\"><strong>Toi ma grande s\u0153ur<\/strong><br \/>\n<em>Rita Mestokosho<\/em><\/p>\n<\/div>\n<div>\n<p class=\"SommTitrearticle\"><strong>Pour Jos\u00e9phine<\/strong><br \/>\n<em>Katia Rock<\/em><\/p>\n<\/div>\n<div>\n<p class=\"SommTitrearticle\"><strong>Une <i>kukum<\/i> pour le <i>Niska<\/i>, pour l\u2019UQAM et pour le \u00ab Qu\u00e9bec \u00bb<\/strong><br \/>\n<em>Xan Choquet<\/em><\/p>\n<\/div>\n<div>\n<p class=\"SommTitrearticle\"><strong>Ghislain Picard raconte sa tante Jos\u00e9phine : une rassembleuse<\/strong><br \/>\n<em>Ghislain Picard<\/em><\/p>\n<\/div>\n<div>\n<p class=\"SommTitrearticle\"><strong>Une rockeuse impr\u00e9gn\u00e9e d\u2019Esprits : portrait de Jos\u00e9phine Bacon<\/strong><br \/>\n<em>Laure Morali<\/em><\/p>\n<\/div>\n<div>\n<p class=\"SommTitrearticle\"><strong>Le festin de Bibitte<\/strong><br \/>\n<em>Andr\u00e9 Dudemaine<\/em><\/p>\n<\/div>\n<div>\n<p class=\"SommTitrearticle\"><strong><i>Utshimashkuess<\/i>, la pacifique guerri\u00e8re des Innuat<\/strong><br \/>\n<em>Anne Panasuk<\/em><\/p>\n<\/div>\n<div>\n<p class=\"SommTitrearticle\"><strong>Devenir une alli\u00e9e, au-del\u00e0 des mots<\/strong><br \/>\n<em>Annie Nantel<\/em><\/p>\n<\/div>\n<div>\n<p class=\"SommTitrearticle\"><strong>M\u00e9diagraphie de l\u2019\u0153uvre de Jos\u00e9phine Bacon<\/strong><br \/>\n<em>Sylvie Loslier et \u00c9ric Chalifoux<\/em><\/p>\n<\/div>\n<div>\n<p class=\"SommTitrearticle\"><strong>Jos\u00e9phine Bacon \u2026 et le rire pr\u00e9colombien<\/strong><\/p>\n<\/div>\n<h3>Ce num\u00e9ro a \u00e9t\u00e9 r\u00e9alis\u00e9 sous la direction de Laurent J\u00e9r\u00f4me et Sylvie Loslier<\/h3>\n<p>&nbsp;<\/p>\n<hr \/>\n<p style=\"font-weight: 400;\"><strong>HORS TH\u00c8ME<\/strong><\/p>\n<div>\n<div>\n<div>\n<div>\n<p class=\"SommTitrearticle\"><strong>\u00ab Les r\u00e8gles s\u2019appliquent. Ce n\u2019est pas la boucherie \u00bb : les enjeux de gestion collaborative et de partage des territoires de chasse entre les peuples autochtones et le gouvernement du Qu\u00e9bec<br \/>\n<\/strong><em>Fran\u00e7ois-Xavier Cyr, Edith B\u00e9langer, Nathalie Lewis, Rachel Pelletier et S\u00e9bastien Brodeur-Girard<\/em><\/p>\n<\/div>\n<\/div>\n<\/div>\n<p>&nbsp;<\/p>\n<hr \/>\n<p style=\"font-weight: 400;\"><strong>IN MEMORIAM<\/strong><\/p>\n<div>\n<div>\n<p class=\"SommTitrearticle\"><strong>Daniel Chevrier (1950-2025)<br \/>\n<\/strong><\/p>\n<p>&nbsp;<\/p>\n<\/div>\n<\/div>\n<\/div>\n<hr \/>\n<p><strong>COMPTES RENDUS<\/strong><\/p>\n<div>\n<div>\n<div>\n<div>\n<p class=\"LivresreusTITRES\"><strong>Camil Girard et Carl Brisson\u00a0: <\/strong><i><strong>Alliance et trait\u00e9s avec les peuples autochtones du Qu\u00e9bec. L\u2019histoire de la Premi\u00e8re Nation Wolastoqiyik Wahsipekuk : la nation mal\u00e9cite du Saint-Laurent<\/strong><br \/>\n<\/i>Jean-R\u00e9mi Carbonneau<\/p>\n<\/div>\n<div>\n<p class=\"SommTitrearticle\"><strong>Natasha Blanchet-Cohen et V\u00e9ronique Picard, dir.\u00a0: <\/strong><i><strong>Les jeunesses autochtones au Qu\u00e9bec : d\u00e9colonisation, fiert\u00e9 et engagement<\/strong><br \/>\n<\/i>Camille Ouellet<\/p>\n<\/div>\n<div>\n<p class=\"SommTitrearticle\"><strong>M. Eleanor Nevins\u00a0: <\/strong><i><strong>Lessons from Fort Apache. Beyond Language Endangerment and Maintenance<\/strong><br \/>\n<\/i>Laurence Delp\u00e9ri\u00e9<\/p>\n<\/div>\n<div>\n<p class=\"SommTitrearticle\"><strong>Gilles Havard<span lang=\"FR-BE\">\u00a0: <\/span><\/strong><i><strong>Les Natchez. Une histoire coloniale de la violence<\/strong><br \/>\n<\/i>Maxence Terrollion<\/p>\n<\/div>\n<div>\n<p class=\"SommTitrearticle\"><strong>Paul Dionne\u00a0: <\/strong><i><strong>Portages. D\u00e9couvertes en pays autochtones<\/strong><br \/>\n<\/i>Robert Lanari<\/p>\n<\/div>\n<\/div>\n<\/div>\n<p><strong>R\u00c9SUM\u00c9S \/ ABSTRACTS \/ RES\u00daMENES<\/strong><br \/>\n<strong>NOTES BIO-BIBLIOGRAPHIQUES<\/strong><\/p>\n<\/div>\n","protected":false},"excerpt":{"rendered":"<h2><strong>Volume 54, n\u02da 1, 2026<br \/>\n<\/strong><\/h2>\n<div>\n<h2 class=\"SommTitrearticle\">\u00c9crire les voix du territoire. L&rsquo;\u00c9crit \u00e0 la lumi\u00e8re de l&rsquo;oralit\u00e9 : hommage \u00e0 Jos\u00e9phine Bacon<\/h2>\n<\/div>\n<h3><strong>Sous la direction de Laurent J\u00e9r\u00f4me et Sylvie Loslier<br \/>\n<\/strong><\/h3>\n<p><strong>Couverture :<br \/>\n<\/strong><\/p>\n<div>\n<div>\n<h2 class=\"SommTitrearticle\"><em>Amishk sur la Terre des Esprits<\/em><\/h2>\n<\/div>\n<div>\n<h2 class=\"SommTitrearticle\">\u0152uvre num\u00e9rique de Christine Sioui Wawanoloath, 2025<\/h2>\n<p class=\"SommTitrearticle\">15,75 x 20,25 po., 300 ppp<\/p>\n<p>&nbsp;<\/p>\n<\/div>\n<\/div>\n<p><strong>Les collaborateurs et collaboratrices :<\/strong><\/p>\n<div>\n<p class=\"SommAuteursarticle\">Edith B\u00e9langer, H\u00e9l\u00e8ne Boivin, Stacy Bossum, S\u00e9bastien Brodeur-Girard, Jean-R\u00e9mi Carbonneau, \u00c9ric Chalifoux, Daniel Chartier, Xan Choquet, Fran\u00e7ois-Xavier Cyr, Laurence Delp\u00e9ri\u00e9, \u00c9mile Duchesne, Andr\u00e9 Dudemaine, Doris Farget, Lenous Guillaume-Suprice, Laurent J\u00e9r\u00f4me, Robert Lanari, Fr\u00e9d\u00e9ric Laugrand, Nathalie Lewis, Sylvie Loslier, Rita Mestokosho, Laure Morali, Annie Nantel, Caroline Nepton Hotte, Camille Ouellet, Anne Panasuk, Rachel Pelletier, Ghislain Picard, Katia Rock, Chlo\u00e9 Sainte-Marie, \u00c9velyne St-Onge, Maxence Terrollion<\/p>\n<\/div>\n<p>132 pages<br \/>\nISSN (imprim\u00e9) : 2564-4947<br \/>\nISSN (en ligne) : 2564-4955<\/p>\n<p>ISBN (imprim\u00e9) : 978-2-920366-73-2<\/p>\n<p><a href=\"https:\/\/recherches-autochtones.org\/site\/produit\/ecrire-les-voix-du-territoire-lecrit-a-la-lumiere-de-loralite-hommage-a-josephine-bacon-2026-vol-54-no-1-pdf\/\"><strong>Version PDF<\/strong><\/a><\/p>\n","protected":false},"featured_media":10556,"comment_status":"closed","ping_status":"closed","template":"","meta":{"_EventAllDay":false,"_EventTimezone":"","_EventStartDate":"","_EventEndDate":"","_EventStartDateUTC":"","_EventEndDateUTC":"","_EventShowMap":false,"_EventShowMapLink":false,"_EventURL":"","_EventCost":"","_EventCostDescription":"","_EventCurrencySymbol":"","_EventCurrencyCode":"","_EventCurrencyPosition":"","_EventDateTimeSeparator":"","_EventTimeRangeSeparator":"","_EventOrganizerID":[],"_EventVenueID":[],"_OrganizerEmail":"","_OrganizerPhone":"","_OrganizerWebsite":"","_VenueAddress":"","_VenueCity":"","_VenueCountry":"","_VenueProvince":"","_VenueState":"","_VenueZip":"","_VenuePhone":"","_VenueURL":"","_VenueStateProvince":"","_VenueLat":"","_VenueLng":"","_VenueShowMap":false,"_VenueShowMapLink":false},"product_brand":[],"product_cat":[49,47,77],"product_tag":[],"class_list":{"0":"post-10544","1":"product","2":"type-product","3":"status-publish","4":"has-post-thumbnail","6":"product_cat-format","7":"product_cat-papier","8":"product_cat-revue-detudes-autochtones","10":"first","11":"instock","12":"featured","13":"purchasable","14":"product-type-simple"},"_links":{"self":[{"href":"https:\/\/recherches-autochtones.org\/site\/wp-json\/wp\/v2\/product\/10544","targetHints":{"allow":["GET"]}}],"collection":[{"href":"https:\/\/recherches-autochtones.org\/site\/wp-json\/wp\/v2\/product"}],"about":[{"href":"https:\/\/recherches-autochtones.org\/site\/wp-json\/wp\/v2\/types\/product"}],"replies":[{"embeddable":true,"href":"https:\/\/recherches-autochtones.org\/site\/wp-json\/wp\/v2\/comments?post=10544"}],"wp:featuredmedia":[{"embeddable":true,"href":"https:\/\/recherches-autochtones.org\/site\/wp-json\/wp\/v2\/media\/10556"}],"wp:attachment":[{"href":"https:\/\/recherches-autochtones.org\/site\/wp-json\/wp\/v2\/media?parent=10544"}],"wp:term":[{"taxonomy":"product_brand","embeddable":true,"href":"https:\/\/recherches-autochtones.org\/site\/wp-json\/wp\/v2\/product_brand?post=10544"},{"taxonomy":"product_cat","embeddable":true,"href":"https:\/\/recherches-autochtones.org\/site\/wp-json\/wp\/v2\/product_cat?post=10544"},{"taxonomy":"product_tag","embeddable":true,"href":"https:\/\/recherches-autochtones.org\/site\/wp-json\/wp\/v2\/product_tag?post=10544"}],"curies":[{"name":"wp","href":"https:\/\/api.w.org\/{rel}","templated":true}]}}