{"id":7219,"date":"2020-11-20T11:21:29","date_gmt":"2020-11-20T16:21:29","guid":{"rendered":"https:\/\/recherches-autochtones.org\/site\/?page_id=7219"},"modified":"2022-12-03T15:27:44","modified_gmt":"2022-12-03T20:27:44","slug":"les-grands-entretiens","status":"publish","type":"page","link":"https:\/\/recherches-autochtones.org\/site\/les-grands-entretiens\/","title":{"rendered":"Les Grands entretiens"},"content":{"rendered":"<p><em>Recherches autochtones au Qu\u00e9bec<\/em> est heureuse de vous pr\u00e9senter <em><strong>Les Grands entretiens<\/strong><\/em>, une s\u00e9rie de captations vid\u00e9os r\u00e9alis\u00e9es par G\u00e9rald McKenzie qui retrace le parcours de pionniers en anthropologie au Qu\u00e9bec.<\/p>\n<p>&nbsp;<\/p>\n<hr \/>\n<h4><strong><em>R\u00e9mi Savard, anthropologue du Qu\u00e9bec<\/em> (2010)<\/strong><br \/>\n<strong>\t\t\t<div \n\t\t\tclass=\"yotu-playlist yotuwp yotu-limit-min yotu-limit-max   yotu-thumb-169  yotu-template-flip\" \n\t\t\tdata-page=\"1\"\n\t\t\tid=\"yotuwp-69f5715aaaf42\"\n\t\t\tdata-yotu=\"69f5715aab34f\"\n\t\t\tdata-total=\"1\"\n\t\t\tdata-settings=\"eyJ0eXBlIjoidmlkZW9zIiwiaWQiOiJBVUxaa3hTck83VSIsInBhZ2luYXRpb24iOiJvbiIsInBhZ2l0eXBlIjoicGFnZXIiLCJjb2x1bW4iOiI1IiwicGVyX3BhZ2UiOiI1IiwidGVtcGxhdGUiOiJmbGlwIiwidGl0bGUiOiJvZmYiLCJkZXNjcmlwdGlvbiI6Im9mZiIsInRodW1icmF0aW8iOiIxNjkiLCJtZXRhIjoib2ZmIiwibWV0YV9kYXRhIjoib2ZmIiwibWV0YV9wb3NpdGlvbiI6ImFmdGVyX2xpbmsiLCJkYXRlX2Zvcm1hdCI6InRpbWVhZ28iLCJtZXRhX2FsaWduIjoiIiwic3Vic2NyaWJlIjoib2ZmIiwiZHVyYXRpb24iOiJvZmYiLCJtZXRhX2ljb24iOiJvZmYiLCJuZXh0dGV4dCI6IlN1aXZhbnQiLCJwcmV2dGV4dCI6IlByZWNlZGVudCIsImxvYWRtb3JldGV4dCI6IkRhdmFudGFnZSIsInBsYXllciI6eyJtb2RlIjoibGFyZ2UiLCJ3aWR0aCI6IjYwMCIsInNjcm9sbGluZyI6IjEwMCIsImF1dG9wbGF5IjowLCJjb250cm9scyI6MSwibW9kZXN0YnJhbmRpbmciOjEsImxvb3AiOjAsImF1dG9uZXh0IjowLCJzaG93aW5mbyI6MCwicmVsIjoxLCJwbGF5aW5nIjowLCJwbGF5aW5nX2Rlc2NyaXB0aW9uIjowLCJ0aHVtYm5haWxzIjoxLCJjY19sb2FkX3BvbGljeSI6IjEiLCJjY19sYW5nX3ByZWYiOiIxIiwiaGwiOiJmciIsIml2X2xvYWRfcG9saWN5IjoiMSJ9LCJsYXN0X3RhYiI6InN0eWxpbmciLCJ1c2VfYXNfbW9kYWwiOiJvZmYiLCJtb2RhbF9pZCI6Im9mZiIsImxhc3RfdXBkYXRlIjoiMTcyODA2MTIwNiIsInN0eWxpbmciOnsicGFnZXJfbGF5b3V0IjoiZGVmYXVsdCIsImJ1dHRvbiI6IjEiLCJidXR0b25fY29sb3IiOiIiLCJidXR0b25fYmdfY29sb3IiOiIiLCJidXR0b25fY29sb3JfaG92ZXIiOiIiLCJidXR0b25fYmdfY29sb3JfaG92ZXIiOiIiLCJ2aWRlb19zdHlsZSI6IiIsInBsYXlpY29uX2NvbG9yIjoiIiwiaG92ZXJfaWNvbiI6InBsYXktNiIsImdhbGxlcnlfYmciOiIiLCJ0aXRsZV9jb2xvciI6IiIsImRlc2NyaXB0aW9uX2NvbG9yIjoiIiwicGxheWluZ190aXRsZV9jb2xvciI6IiIsImRlc2NyaXB0aW9uX2FsaWduIjoiIiwidGl0bGVfYWxpZ24iOiIiLCJtZXRhX2NvbG9yIjoiIiwiZmxpcF9jb250ZW50X2JnIjoiIn0sImVmZmVjdHMiOnsidmlkZW9fYm94IjoieXRlZi1ncm93IiwiZmxpcF9lZmZlY3QiOiJ5dGhvdmVyLWZhZGUifSwiZ2FsbGVyeV9pZCI6IjY5ZjU3MTVhYWFmNDIifQ==\"\n\t\t\tdata-player=\"large\"\n\t\t\tdata-showdesc=\"off\" >\n\t\t\t\t<div>\n\t\t\t\t\t\t\t\t\t\t<div class=\"yotu-wrapper-player\" style=\"width:600px\">\n\t\t\t\t\t\t\t\t\t\t\t\t<div class=\"yotu-player\">\n\t\t\t\t\t\t\t<div class=\"yotu-video-placeholder\" id=\"yotu-player-69f5715aab34f\"><\/div>\n\t\t\t\t\t\t<\/div>\n\t\t\t\t\t\t<div class=\"yotu-playing-status\"><\/div>\n\t\t\t\t\t\t\t\t\t\t\t<\/div>\n\n\t\t\t\t\t<div class=\"yotu-pagination yotu-hide yotu-pager_layout-default yotu-pagination-top\">\n<a href=\"#\" class=\"yotu-pagination-prev yotu-button-prs yotu-button-prs-1\" data-page=\"prev\">Precedent<\/a>\n<span class=\"yotu-pagination-current\">1<\/span> <span>of<\/span> <span class=\"yotu-pagination-total\">1<\/span>\n<a href=\"#\" class=\"yotu-pagination-next yotu-button-prs yotu-button-prs-1\" data-page=\"next\">Suivant<\/a>\n<\/div>\n<div class=\"yotu-videos yotu-mode-grid yotu-mode-flip yotu-column-5 yotu-player-mode-large yotuhover-play-6\">\n\t<ul>\n\t\t\t\t\t<li class=\" yotu-first yotu-last\">\n\t\t\t\t\t\t\t\t<a href=\"#AULZkxSrO7U\" class=\"yotu-video ytef-grow ythover-fade\" data-videoid=\"AULZkxSrO7U\" data-title=\"R\u00e9mi Savard, anthropologue du Qu\u00e9bec\" title=\"R\u00e9mi Savard, anthropologue du Qu\u00e9bec\">\n\t\t\t\t\t<div class=\"yotu-video-thumb-wrp\">\n\t\t\t\t\t\t<div>\n\t\t\t\t\t\t\t\t\t\t\t\t\t\t<img decoding=\"async\" class=\"yotu-video-thumb\" src=\"https:\/\/i.ytimg.com\/vi\/AULZkxSrO7U\/hqdefault.jpg\" alt=\"R\u00e9mi Savard, anthropologue du Qu\u00e9bec\">\t\n\t\t\t\t\t\t\t\t\t\t\t\t\t<\/div>\n\t\t\t\t\t<\/div>\n\t\t\t\t\t<div class=\"yotuwp-flip-content\">\n\t\t\t\t\t\t\t\t\t\t\t\t\t\t\t\t\t<\/div>\n\t\t\t\t<\/a>\n\t\t\t\t<div class=\"yotuwp-video-meta\"><\/div>\t\t\t<\/li>\n\t\t\t\t\n\t\t\t\t<\/ul>\n<\/div><div class=\"yotu-pagination yotu-hide yotu-pager_layout-default yotu-pagination-bottom\">\n<a href=\"#\" class=\"yotu-pagination-prev yotu-button-prs yotu-button-prs-1\" data-page=\"prev\">Precedent<\/a>\n<span class=\"yotu-pagination-current\">1<\/span> <span>of<\/span> <span class=\"yotu-pagination-total\">1<\/span>\n<a href=\"#\" class=\"yotu-pagination-next yotu-button-prs yotu-button-prs-1\" data-page=\"next\">Suivant<\/a>\n<\/div>\n\t\t\t\t<\/div>\n\t\t\t<\/div>\n\t\t\t<\/strong><\/h4>\n<p>&nbsp;<\/p>\n<hr \/>\n<h4><strong><em>Les 7 vies de Laurent Girouard, arch\u00e9ologue du Qu\u00e9bec<\/em> (2014)<br \/>\n\t\t\t<div \n\t\t\tclass=\"yotu-playlist yotuwp yotu-limit-min yotu-limit-max   yotu-thumb-169  yotu-template-flip\" \n\t\t\tdata-page=\"1\"\n\t\t\tid=\"yotuwp-69f5715aab89c\"\n\t\t\tdata-yotu=\"69f5715aabb3c\"\n\t\t\tdata-total=\"1\"\n\t\t\tdata-settings=\"eyJ0eXBlIjoidmlkZW9zIiwiaWQiOiI5cHQtV21WZVRDMCIsInBhZ2luYXRpb24iOiJvbiIsInBhZ2l0eXBlIjoicGFnZXIiLCJjb2x1bW4iOiI1IiwicGVyX3BhZ2UiOiI1IiwidGVtcGxhdGUiOiJmbGlwIiwidGl0bGUiOiJvZmYiLCJkZXNjcmlwdGlvbiI6Im9mZiIsInRodW1icmF0aW8iOiIxNjkiLCJtZXRhIjoib2ZmIiwibWV0YV9kYXRhIjoib2ZmIiwibWV0YV9wb3NpdGlvbiI6ImFmdGVyX2xpbmsiLCJkYXRlX2Zvcm1hdCI6InRpbWVhZ28iLCJtZXRhX2FsaWduIjoiIiwic3Vic2NyaWJlIjoib2ZmIiwiZHVyYXRpb24iOiJvZmYiLCJtZXRhX2ljb24iOiJvZmYiLCJuZXh0dGV4dCI6IlN1aXZhbnQiLCJwcmV2dGV4dCI6IlByZWNlZGVudCIsImxvYWRtb3JldGV4dCI6IkRhdmFudGFnZSIsInBsYXllciI6eyJtb2RlIjoibGFyZ2UiLCJ3aWR0aCI6IjYwMCIsInNjcm9sbGluZyI6IjEwMCIsImF1dG9wbGF5IjowLCJjb250cm9scyI6MSwibW9kZXN0YnJhbmRpbmciOjEsImxvb3AiOjAsImF1dG9uZXh0IjowLCJzaG93aW5mbyI6MCwicmVsIjoxLCJwbGF5aW5nIjowLCJwbGF5aW5nX2Rlc2NyaXB0aW9uIjowLCJ0aHVtYm5haWxzIjoxLCJjY19sb2FkX3BvbGljeSI6IjEiLCJjY19sYW5nX3ByZWYiOiIxIiwiaGwiOiJmciIsIml2X2xvYWRfcG9saWN5IjoiMSJ9LCJsYXN0X3RhYiI6InN0eWxpbmciLCJ1c2VfYXNfbW9kYWwiOiJvZmYiLCJtb2RhbF9pZCI6Im9mZiIsImxhc3RfdXBkYXRlIjoiMTcyODA2MTIwNiIsInN0eWxpbmciOnsicGFnZXJfbGF5b3V0IjoiZGVmYXVsdCIsImJ1dHRvbiI6IjEiLCJidXR0b25fY29sb3IiOiIiLCJidXR0b25fYmdfY29sb3IiOiIiLCJidXR0b25fY29sb3JfaG92ZXIiOiIiLCJidXR0b25fYmdfY29sb3JfaG92ZXIiOiIiLCJ2aWRlb19zdHlsZSI6IiIsInBsYXlpY29uX2NvbG9yIjoiIiwiaG92ZXJfaWNvbiI6InBsYXktNiIsImdhbGxlcnlfYmciOiIiLCJ0aXRsZV9jb2xvciI6IiIsImRlc2NyaXB0aW9uX2NvbG9yIjoiIiwicGxheWluZ190aXRsZV9jb2xvciI6IiIsImRlc2NyaXB0aW9uX2FsaWduIjoiIiwidGl0bGVfYWxpZ24iOiIiLCJtZXRhX2NvbG9yIjoiIiwiZmxpcF9jb250ZW50X2JnIjoiIn0sImVmZmVjdHMiOnsidmlkZW9fYm94IjoieXRlZi1ncm93IiwiZmxpcF9lZmZlY3QiOiJ5dGhvdmVyLWZhZGUifSwiZ2FsbGVyeV9pZCI6IjY5ZjU3MTVhYWI4OWMifQ==\"\n\t\t\tdata-player=\"large\"\n\t\t\tdata-showdesc=\"off\" >\n\t\t\t\t<div>\n\t\t\t\t\t\t\t\t\t\t<div class=\"yotu-wrapper-player\" style=\"width:600px\">\n\t\t\t\t\t\t\t\t\t\t\t\t<div class=\"yotu-player\">\n\t\t\t\t\t\t\t<div class=\"yotu-video-placeholder\" id=\"yotu-player-69f5715aabb3c\"><\/div>\n\t\t\t\t\t\t<\/div>\n\t\t\t\t\t\t<div class=\"yotu-playing-status\"><\/div>\n\t\t\t\t\t\t\t\t\t\t\t<\/div>\n\n\t\t\t\t\t<div class=\"yotu-pagination yotu-hide yotu-pager_layout-default yotu-pagination-top\">\n<a href=\"#\" class=\"yotu-pagination-prev yotu-button-prs yotu-button-prs-1\" data-page=\"prev\">Precedent<\/a>\n<span class=\"yotu-pagination-current\">1<\/span> <span>of<\/span> <span class=\"yotu-pagination-total\">1<\/span>\n<a href=\"#\" class=\"yotu-pagination-next yotu-button-prs yotu-button-prs-1\" data-page=\"next\">Suivant<\/a>\n<\/div>\n<div class=\"yotu-videos yotu-mode-grid yotu-mode-flip yotu-column-5 yotu-player-mode-large yotuhover-play-6\">\n\t<ul>\n\t\t\t\t\t<li class=\" yotu-first yotu-last\">\n\t\t\t\t\t\t\t\t<a href=\"#9pt-WmVeTC0\" class=\"yotu-video ytef-grow ythover-fade\" data-videoid=\"9pt-WmVeTC0\" data-title=\"Les 7 vies de Laurent Girouard\" title=\"Les 7 vies de Laurent Girouard\">\n\t\t\t\t\t<div class=\"yotu-video-thumb-wrp\">\n\t\t\t\t\t\t<div>\n\t\t\t\t\t\t\t\t\t\t\t\t\t\t<img decoding=\"async\" class=\"yotu-video-thumb\" src=\"https:\/\/i.ytimg.com\/vi\/9pt-WmVeTC0\/sddefault.jpg\" alt=\"Les 7 vies de Laurent Girouard\">\t\n\t\t\t\t\t\t\t\t\t\t\t\t\t<\/div>\n\t\t\t\t\t<\/div>\n\t\t\t\t\t<div class=\"yotuwp-flip-content\">\n\t\t\t\t\t\t\t\t\t\t\t\t\t\t\t\t\t<\/div>\n\t\t\t\t<\/a>\n\t\t\t\t<div class=\"yotuwp-video-meta\"><\/div>\t\t\t<\/li>\n\t\t\t\t\n\t\t\t\t<\/ul>\n<\/div><div class=\"yotu-pagination yotu-hide yotu-pager_layout-default yotu-pagination-bottom\">\n<a href=\"#\" class=\"yotu-pagination-prev yotu-button-prs yotu-button-prs-1\" data-page=\"prev\">Precedent<\/a>\n<span class=\"yotu-pagination-current\">1<\/span> <span>of<\/span> <span class=\"yotu-pagination-total\">1<\/span>\n<a href=\"#\" class=\"yotu-pagination-next yotu-button-prs yotu-button-prs-1\" data-page=\"next\">Suivant<\/a>\n<\/div>\n\t\t\t\t<\/div>\n\t\t\t<\/div>\n\t\t\t<br \/>\n<\/strong><\/h4>\n<p>&nbsp;<\/p>\n<hr \/>\n<h4><strong>Extrait du film <em>Les 7 vies de Laurent Girouard, arch\u00e9ologue du Qu\u00e9bec<\/em> (2014)<br \/>\n<\/strong><\/h4>\n<h4>Laurent Girouard s&rsquo;entretient avec Max Gros-Louis<br \/>\n\t\t\t<div \n\t\t\tclass=\"yotu-playlist yotuwp yotu-limit-min yotu-limit-max   yotu-thumb-169  yotu-template-flip\" \n\t\t\tdata-page=\"1\"\n\t\t\tid=\"yotuwp-69f5715aabea4\"\n\t\t\tdata-yotu=\"69f5715aac13d\"\n\t\t\tdata-total=\"1\"\n\t\t\tdata-settings=\"eyJ0eXBlIjoidmlkZW9zIiwiaWQiOiJPNWtNQWowU1VoMCIsInBhZ2luYXRpb24iOiJvbiIsInBhZ2l0eXBlIjoicGFnZXIiLCJjb2x1bW4iOiI1IiwicGVyX3BhZ2UiOiI1IiwidGVtcGxhdGUiOiJmbGlwIiwidGl0bGUiOiJvZmYiLCJkZXNjcmlwdGlvbiI6Im9mZiIsInRodW1icmF0aW8iOiIxNjkiLCJtZXRhIjoib2ZmIiwibWV0YV9kYXRhIjoib2ZmIiwibWV0YV9wb3NpdGlvbiI6ImFmdGVyX2xpbmsiLCJkYXRlX2Zvcm1hdCI6InRpbWVhZ28iLCJtZXRhX2FsaWduIjoiIiwic3Vic2NyaWJlIjoib2ZmIiwiZHVyYXRpb24iOiJvZmYiLCJtZXRhX2ljb24iOiJvZmYiLCJuZXh0dGV4dCI6IlN1aXZhbnQiLCJwcmV2dGV4dCI6IlByZWNlZGVudCIsImxvYWRtb3JldGV4dCI6IkRhdmFudGFnZSIsInBsYXllciI6eyJtb2RlIjoibGFyZ2UiLCJ3aWR0aCI6IjYwMCIsInNjcm9sbGluZyI6IjEwMCIsImF1dG9wbGF5IjowLCJjb250cm9scyI6MSwibW9kZXN0YnJhbmRpbmciOjEsImxvb3AiOjAsImF1dG9uZXh0IjowLCJzaG93aW5mbyI6MCwicmVsIjoxLCJwbGF5aW5nIjowLCJwbGF5aW5nX2Rlc2NyaXB0aW9uIjowLCJ0aHVtYm5haWxzIjoxLCJjY19sb2FkX3BvbGljeSI6IjEiLCJjY19sYW5nX3ByZWYiOiIxIiwiaGwiOiJmciIsIml2X2xvYWRfcG9saWN5IjoiMSJ9LCJsYXN0X3RhYiI6InN0eWxpbmciLCJ1c2VfYXNfbW9kYWwiOiJvZmYiLCJtb2RhbF9pZCI6Im9mZiIsImxhc3RfdXBkYXRlIjoiMTcyODA2MTIwNiIsInN0eWxpbmciOnsicGFnZXJfbGF5b3V0IjoiZGVmYXVsdCIsImJ1dHRvbiI6IjEiLCJidXR0b25fY29sb3IiOiIiLCJidXR0b25fYmdfY29sb3IiOiIiLCJidXR0b25fY29sb3JfaG92ZXIiOiIiLCJidXR0b25fYmdfY29sb3JfaG92ZXIiOiIiLCJ2aWRlb19zdHlsZSI6IiIsInBsYXlpY29uX2NvbG9yIjoiIiwiaG92ZXJfaWNvbiI6InBsYXktNiIsImdhbGxlcnlfYmciOiIiLCJ0aXRsZV9jb2xvciI6IiIsImRlc2NyaXB0aW9uX2NvbG9yIjoiIiwicGxheWluZ190aXRsZV9jb2xvciI6IiIsImRlc2NyaXB0aW9uX2FsaWduIjoiIiwidGl0bGVfYWxpZ24iOiIiLCJtZXRhX2NvbG9yIjoiIiwiZmxpcF9jb250ZW50X2JnIjoiIn0sImVmZmVjdHMiOnsidmlkZW9fYm94IjoieXRlZi1ncm93IiwiZmxpcF9lZmZlY3QiOiJ5dGhvdmVyLWZhZGUifSwiZ2FsbGVyeV9pZCI6IjY5ZjU3MTVhYWJlYTQifQ==\"\n\t\t\tdata-player=\"large\"\n\t\t\tdata-showdesc=\"off\" >\n\t\t\t\t<div>\n\t\t\t\t\t\t\t\t\t\t<div class=\"yotu-wrapper-player\" style=\"width:600px\">\n\t\t\t\t\t\t\t\t\t\t\t\t<div class=\"yotu-player\">\n\t\t\t\t\t\t\t<div class=\"yotu-video-placeholder\" id=\"yotu-player-69f5715aac13d\"><\/div>\n\t\t\t\t\t\t<\/div>\n\t\t\t\t\t\t<div class=\"yotu-playing-status\"><\/div>\n\t\t\t\t\t\t\t\t\t\t\t<\/div>\n\n\t\t\t\t\t<div class=\"yotu-pagination yotu-hide yotu-pager_layout-default yotu-pagination-top\">\n<a href=\"#\" class=\"yotu-pagination-prev yotu-button-prs yotu-button-prs-1\" data-page=\"prev\">Precedent<\/a>\n<span class=\"yotu-pagination-current\">1<\/span> <span>of<\/span> <span class=\"yotu-pagination-total\">1<\/span>\n<a href=\"#\" class=\"yotu-pagination-next yotu-button-prs yotu-button-prs-1\" data-page=\"next\">Suivant<\/a>\n<\/div>\n<div class=\"yotu-videos yotu-mode-grid yotu-mode-flip yotu-column-5 yotu-player-mode-large yotuhover-play-6\">\n\t<ul>\n\t\t\t\t\t<li class=\" yotu-first yotu-last\">\n\t\t\t\t\t\t\t\t<a href=\"#O5kMAj0SUh0\" class=\"yotu-video ytef-grow ythover-fade\" data-videoid=\"O5kMAj0SUh0\" data-title=\"Extrait avec Max Gros-Louis \u2013 Les 7 vies de Laurent Girouard\" title=\"Extrait avec Max Gros-Louis \u2013 Les 7 vies de Laurent Girouard\">\n\t\t\t\t\t<div class=\"yotu-video-thumb-wrp\">\n\t\t\t\t\t\t<div>\n\t\t\t\t\t\t\t\t\t\t\t\t\t\t<img decoding=\"async\" class=\"yotu-video-thumb\" src=\"https:\/\/i.ytimg.com\/vi\/O5kMAj0SUh0\/sddefault.jpg\" alt=\"Extrait avec Max Gros-Louis \u2013 Les 7 vies de Laurent Girouard\">\t\n\t\t\t\t\t\t\t\t\t\t\t\t\t<\/div>\n\t\t\t\t\t<\/div>\n\t\t\t\t\t<div class=\"yotuwp-flip-content\">\n\t\t\t\t\t\t\t\t\t\t\t\t\t\t\t\t\t<\/div>\n\t\t\t\t<\/a>\n\t\t\t\t<div class=\"yotuwp-video-meta\"><\/div>\t\t\t<\/li>\n\t\t\t\t\n\t\t\t\t<\/ul>\n<\/div><div class=\"yotu-pagination yotu-hide yotu-pager_layout-default yotu-pagination-bottom\">\n<a href=\"#\" class=\"yotu-pagination-prev yotu-button-prs yotu-button-prs-1\" data-page=\"prev\">Precedent<\/a>\n<span class=\"yotu-pagination-current\">1<\/span> <span>of<\/span> <span class=\"yotu-pagination-total\">1<\/span>\n<a href=\"#\" class=\"yotu-pagination-next yotu-button-prs yotu-button-prs-1\" data-page=\"next\">Suivant<\/a>\n<\/div>\n\t\t\t\t<\/div>\n\t\t\t<\/div>\n\t\t\t<\/h4>\n","protected":false},"excerpt":{"rendered":"<p>Recherches autochtones au Qu\u00e9bec est heureuse de vous pr\u00e9senter Les  [&#8230;]<\/p>\n","protected":false},"author":1,"featured_media":0,"parent":0,"menu_order":0,"comment_status":"closed","ping_status":"closed","template":"","meta":{"_EventAllDay":false,"_EventTimezone":"","_EventStartDate":"","_EventEndDate":"","_EventStartDateUTC":"","_EventEndDateUTC":"","_EventShowMap":false,"_EventShowMapLink":false,"_EventURL":"","_EventCost":"","_EventCostDescription":"","_EventCurrencySymbol":"","_EventCurrencyCode":"","_EventCurrencyPosition":"","_EventDateTimeSeparator":"","_EventTimeRangeSeparator":"","_EventOrganizerID":[],"_EventVenueID":[],"_OrganizerEmail":"","_OrganizerPhone":"","_OrganizerWebsite":"","_VenueAddress":"","_VenueCity":"","_VenueCountry":"","_VenueProvince":"","_VenueState":"","_VenueZip":"","_VenuePhone":"","_VenueURL":"","_VenueStateProvince":"","_VenueLat":"","_VenueLng":"","_VenueShowMap":false,"_VenueShowMapLink":false,"footnotes":""},"class_list":["post-7219","page","type-page","status-publish","hentry"],"_links":{"self":[{"href":"https:\/\/recherches-autochtones.org\/site\/wp-json\/wp\/v2\/pages\/7219","targetHints":{"allow":["GET"]}}],"collection":[{"href":"https:\/\/recherches-autochtones.org\/site\/wp-json\/wp\/v2\/pages"}],"about":[{"href":"https:\/\/recherches-autochtones.org\/site\/wp-json\/wp\/v2\/types\/page"}],"author":[{"embeddable":true,"href":"https:\/\/recherches-autochtones.org\/site\/wp-json\/wp\/v2\/users\/1"}],"replies":[{"embeddable":true,"href":"https:\/\/recherches-autochtones.org\/site\/wp-json\/wp\/v2\/comments?post=7219"}],"version-history":[{"count":12,"href":"https:\/\/recherches-autochtones.org\/site\/wp-json\/wp\/v2\/pages\/7219\/revisions"}],"predecessor-version":[{"id":8739,"href":"https:\/\/recherches-autochtones.org\/site\/wp-json\/wp\/v2\/pages\/7219\/revisions\/8739"}],"wp:attachment":[{"href":"https:\/\/recherches-autochtones.org\/site\/wp-json\/wp\/v2\/media?parent=7219"}],"curies":[{"name":"wp","href":"https:\/\/api.w.org\/{rel}","templated":true}]}}