{"id":6725,"date":"2020-04-30T15:40:50","date_gmt":"2020-04-30T19:40:50","guid":{"rendered":"https:\/\/recherches-autochtones.org\/site\/?page_id=6725"},"modified":"2020-04-30T17:02:51","modified_gmt":"2020-04-30T21:02:51","slug":"denys-delage","status":"publish","type":"page","link":"https:\/\/recherches-autochtones.org\/site\/denys-delage\/","title":{"rendered":"Del\u00e2ge, Denys"},"content":{"rendered":"<p>Dans le cadre d&rsquo;un partenariat avec l&rsquo;\u00e9quipe de r\u00e9alisation de la s\u00e9rie <strong>Les Poss\u00e9d\u00e9s et leurs mondes<\/strong>, <em>Recherches am\u00e9rindiennes au Qu\u00e9bec<\/em> est heureuse de diffuser une s\u00e9lection de vid\u00e9os portant sur les populations autochtones. Pour consulter la totalit\u00e9 des captations vid\u00e9os r\u00e9alis\u00e9es dans le cadre de cette s\u00e9rie, <a href=\"https:\/\/www.youtube.com\/channel\/UCb5YUvJjEpeGBvmFOUasKoA\/playlists\">nous vous invitons \u00e0 visionner leur cha\u00eene YouTube<\/a>.<\/p>\n<h4><\/h4>\n<hr \/>\n<h4><strong>Denys Del\u00e2ge<\/strong><strong><br \/>\n<\/strong>\t\t\t<div \n\t\t\tclass=\"yotu-playlist yotuwp yotu-limit-min yotu-limit-max   yotu-thumb-169  yotu-template-flip\" \n\t\t\tdata-page=\"1\"\n\t\t\tid=\"yotuwp-69fcb20fcd49d\"\n\t\t\tdata-yotu=\"69fcb20fcdfd4\"\n\t\t\tdata-total=\"1\"\n\t\t\tdata-settings=\"eyJ0eXBlIjoicGxheWxpc3QiLCJpZCI6IlBMa1RnREhZQUNyd05WcXp4TGcxZ1psWlBJbndKaTFRTlgiLCJwYWdpbmF0aW9uIjoib24iLCJwYWdpdHlwZSI6InBhZ2VyIiwiY29sdW1uIjoiNSIsInBlcl9wYWdlIjoiNSIsInRlbXBsYXRlIjoiZmxpcCIsInRpdGxlIjoib2ZmIiwiZGVzY3JpcHRpb24iOiJvZmYiLCJ0aHVtYnJhdGlvIjoiMTY5IiwibWV0YSI6Im9mZiIsIm1ldGFfZGF0YSI6Im9mZiIsIm1ldGFfcG9zaXRpb24iOiJhZnRlcl9saW5rIiwiZGF0ZV9mb3JtYXQiOiJ0aW1lYWdvIiwibWV0YV9hbGlnbiI6IiIsInN1YnNjcmliZSI6Im9mZiIsImR1cmF0aW9uIjoib2ZmIiwibWV0YV9pY29uIjoib2ZmIiwibmV4dHRleHQiOiJTdWl2YW50IiwicHJldnRleHQiOiJQcmVjZWRlbnQiLCJsb2FkbW9yZXRleHQiOiJEYXZhbnRhZ2UiLCJwbGF5ZXIiOnsibW9kZSI6ImxhcmdlIiwid2lkdGgiOiI2MDAiLCJzY3JvbGxpbmciOiIxMDAiLCJhdXRvcGxheSI6MCwiY29udHJvbHMiOjEsIm1vZGVzdGJyYW5kaW5nIjoxLCJsb29wIjowLCJhdXRvbmV4dCI6MCwic2hvd2luZm8iOjAsInJlbCI6MSwicGxheWluZyI6MCwicGxheWluZ19kZXNjcmlwdGlvbiI6MCwidGh1bWJuYWlscyI6MSwiY2NfbG9hZF9wb2xpY3kiOiIxIiwiY2NfbGFuZ19wcmVmIjoiMSIsImhsIjoiZnIiLCJpdl9sb2FkX3BvbGljeSI6IjEifSwibGFzdF90YWIiOiJzdHlsaW5nIiwidXNlX2FzX21vZGFsIjoib2ZmIiwibW9kYWxfaWQiOiJvZmYiLCJsYXN0X3VwZGF0ZSI6IjE3MjgwNjEyMDYiLCJzdHlsaW5nIjp7InBhZ2VyX2xheW91dCI6ImRlZmF1bHQiLCJidXR0b24iOiIxIiwiYnV0dG9uX2NvbG9yIjoiIiwiYnV0dG9uX2JnX2NvbG9yIjoiIiwiYnV0dG9uX2NvbG9yX2hvdmVyIjoiIiwiYnV0dG9uX2JnX2NvbG9yX2hvdmVyIjoiIiwidmlkZW9fc3R5bGUiOiIiLCJwbGF5aWNvbl9jb2xvciI6IiIsImhvdmVyX2ljb24iOiJwbGF5LTYiLCJnYWxsZXJ5X2JnIjoiIiwidGl0bGVfY29sb3IiOiIiLCJkZXNjcmlwdGlvbl9jb2xvciI6IiIsInBsYXlpbmdfdGl0bGVfY29sb3IiOiIiLCJkZXNjcmlwdGlvbl9hbGlnbiI6IiIsInRpdGxlX2FsaWduIjoiIiwibWV0YV9jb2xvciI6IiIsImZsaXBfY29udGVudF9iZyI6IiJ9LCJlZmZlY3RzIjp7InZpZGVvX2JveCI6Inl0ZWYtZ3JvdyIsImZsaXBfZWZmZWN0IjoieXRob3Zlci1mYWRlIn0sImdhbGxlcnlfaWQiOiI2OWZjYjIwZmNkNDlkIiwibmV4dCI6IiIsInByZXYiOiIifQ==\"\n\t\t\tdata-player=\"large\"\n\t\t\tdata-showdesc=\"off\" >\n\t\t\t\t<div>\n\t\t\t\t\t\t\t\t\t\t<div class=\"yotu-wrapper-player\" style=\"width:600px\">\n\t\t\t\t\t\t\t\t\t\t\t\t<div class=\"yotu-player\">\n\t\t\t\t\t\t\t<div class=\"yotu-video-placeholder\" id=\"yotu-player-69fcb20fcdfd4\"><\/div>\n\t\t\t\t\t\t<\/div>\n\t\t\t\t\t\t<div class=\"yotu-playing-status\"><\/div>\n\t\t\t\t\t\t\t\t\t\t\t<\/div>\n\n\t\t\t\t\t<div class=\"yotu-pagination yotu-hide yotu-pager_layout-default yotu-pagination-top\">\n<a href=\"#\" class=\"yotu-pagination-prev yotu-button-prs yotu-button-prs-1\" data-page=\"prev\">Precedent<\/a>\n<span class=\"yotu-pagination-current\">1<\/span> <span>of<\/span> <span class=\"yotu-pagination-total\">1<\/span>\n<a href=\"#\" class=\"yotu-pagination-next yotu-button-prs yotu-button-prs-1\" data-page=\"next\">Suivant<\/a>\n<\/div>\n<div class=\"yotu-videos yotu-mode-grid yotu-mode-flip yotu-column-5 yotu-player-mode-large yotuhover-play-6\">\n\t<ul>\n\t\t\t\t\t<li class=\" yotu-first\">\n\t\t\t\t\t\t\t\t<a href=\"#65Q_u-msbX4\" class=\"yotu-video ytef-grow ythover-fade\" data-videoid=\"65Q_u-msbX4\" data-title=\"Denys Del\u00e2ge. Livre 1. Enfance et vocation\" title=\"Denys Del\u00e2ge. Livre 1. Enfance et vocation\">\n\t\t\t\t\t<div class=\"yotu-video-thumb-wrp\">\n\t\t\t\t\t\t<div>\n\t\t\t\t\t\t\t\t\t\t\t\t\t\t<img decoding=\"async\" class=\"yotu-video-thumb\" src=\"https:\/\/i.ytimg.com\/vi\/65Q_u-msbX4\/sddefault.jpg\" alt=\"Denys Del\u00e2ge. Livre 1. Enfance et vocation\">\t\n\t\t\t\t\t\t\t\t\t\t\t\t\t<\/div>\n\t\t\t\t\t<\/div>\n\t\t\t\t\t<div class=\"yotuwp-flip-content\">\n\t\t\t\t\t\t\t\t\t\t\t\t\t\t\t\t\t<\/div>\n\t\t\t\t<\/a>\n\t\t\t\t<div class=\"yotuwp-video-meta\"><\/div>\t\t\t<\/li>\n\t\t\t\t\n\t\t\t\t\t\t<li class=\"\">\n\t\t\t\t\t\t\t\t<a href=\"#8HMKnr4D-vU\" class=\"yotu-video ytef-grow ythover-fade\" data-videoid=\"8HMKnr4D-vU\" data-title=\"Denys Del\u00e2ge. Livre 2. Enseignement et recherche \u00e0 l\\'Universit\u00e9 Laval (1\/2)\" title=\"Denys Del\u00e2ge. Livre 2. Enseignement et recherche \u00e0 l'Universit\u00e9 Laval (1\/2)\">\n\t\t\t\t\t<div class=\"yotu-video-thumb-wrp\">\n\t\t\t\t\t\t<div>\n\t\t\t\t\t\t\t\t\t\t\t\t\t\t<img decoding=\"async\" class=\"yotu-video-thumb\" src=\"https:\/\/i.ytimg.com\/vi\/8HMKnr4D-vU\/sddefault.jpg\" alt=\"Denys Del\u00e2ge. Livre 2. Enseignement et recherche \u00e0 l'Universit\u00e9 Laval (1\/2)\">\t\n\t\t\t\t\t\t\t\t\t\t\t\t\t<\/div>\n\t\t\t\t\t<\/div>\n\t\t\t\t\t<div class=\"yotuwp-flip-content\">\n\t\t\t\t\t\t\t\t\t\t\t\t\t\t\t\t\t<\/div>\n\t\t\t\t<\/a>\n\t\t\t\t<div class=\"yotuwp-video-meta\"><\/div>\t\t\t<\/li>\n\t\t\t\t\n\t\t\t\t\t\t<li class=\"\">\n\t\t\t\t\t\t\t\t<a href=\"#KtVGfGebf_U\" class=\"yotu-video ytef-grow ythover-fade\" data-videoid=\"KtVGfGebf_U\" data-title=\"Denys Del\u00e2ge. Livre 3. Enseignement et recherche \u00e0 l\\'Universit\u00e9 Laval (2\/2)\" title=\"Denys Del\u00e2ge. Livre 3. Enseignement et recherche \u00e0 l'Universit\u00e9 Laval (2\/2)\">\n\t\t\t\t\t<div class=\"yotu-video-thumb-wrp\">\n\t\t\t\t\t\t<div>\n\t\t\t\t\t\t\t\t\t\t\t\t\t\t<img decoding=\"async\" class=\"yotu-video-thumb\" src=\"https:\/\/i.ytimg.com\/vi\/KtVGfGebf_U\/sddefault.jpg\" alt=\"Denys Del\u00e2ge. Livre 3. Enseignement et recherche \u00e0 l'Universit\u00e9 Laval (2\/2)\">\t\n\t\t\t\t\t\t\t\t\t\t\t\t\t<\/div>\n\t\t\t\t\t<\/div>\n\t\t\t\t\t<div class=\"yotuwp-flip-content\">\n\t\t\t\t\t\t\t\t\t\t\t\t\t\t\t\t\t<\/div>\n\t\t\t\t<\/a>\n\t\t\t\t<div class=\"yotuwp-video-meta\"><\/div>\t\t\t<\/li>\n\t\t\t\t\n\t\t\t\t\t\t<li class=\"\">\n\t\t\t\t\t\t\t\t<a href=\"#uS62Mh2ywJU\" class=\"yotu-video ytef-grow ythover-fade\" data-videoid=\"uS62Mh2ywJU\" data-title=\"Denys Delage. Livre 4. Trait\u00e9s, transferts culturels et malentendus (...)\" title=\"Denys Delage. Livre 4. Trait\u00e9s, transferts culturels et malentendus (...)\">\n\t\t\t\t\t<div class=\"yotu-video-thumb-wrp\">\n\t\t\t\t\t\t<div>\n\t\t\t\t\t\t\t\t\t\t\t\t\t\t<img decoding=\"async\" class=\"yotu-video-thumb\" src=\"https:\/\/i.ytimg.com\/vi\/uS62Mh2ywJU\/sddefault.jpg\" alt=\"Denys Delage. Livre 4. Trait\u00e9s, transferts culturels et malentendus (...)\">\t\n\t\t\t\t\t\t\t\t\t\t\t\t\t<\/div>\n\t\t\t\t\t<\/div>\n\t\t\t\t\t<div class=\"yotuwp-flip-content\">\n\t\t\t\t\t\t\t\t\t\t\t\t\t\t\t\t\t<\/div>\n\t\t\t\t<\/a>\n\t\t\t\t<div class=\"yotuwp-video-meta\"><\/div>\t\t\t<\/li>\n\t\t\t\t\n\t\t\t\t\t\t<li class=\" yotu-last\">\n\t\t\t\t\t\t\t\t<a href=\"#x2A6igtLU1c\" class=\"yotu-video ytef-grow ythover-fade\" data-videoid=\"x2A6igtLU1c\" data-title=\"Denys Del\u00e2ge. Livre 5. Propos sur Tocqueville, les Am\u00e9rindiens, le m\u00e9tissage (...)\" title=\"Denys Del\u00e2ge. Livre 5. Propos sur Tocqueville, les Am\u00e9rindiens, le m\u00e9tissage (...)\">\n\t\t\t\t\t<div class=\"yotu-video-thumb-wrp\">\n\t\t\t\t\t\t<div>\n\t\t\t\t\t\t\t\t\t\t\t\t\t\t<img decoding=\"async\" class=\"yotu-video-thumb\" src=\"https:\/\/i.ytimg.com\/vi\/x2A6igtLU1c\/sddefault.jpg\" alt=\"Denys Del\u00e2ge. Livre 5. Propos sur Tocqueville, les Am\u00e9rindiens, le m\u00e9tissage (...)\">\t\n\t\t\t\t\t\t\t\t\t\t\t\t\t<\/div>\n\t\t\t\t\t<\/div>\n\t\t\t\t\t<div class=\"yotuwp-flip-content\">\n\t\t\t\t\t\t\t\t\t\t\t\t\t\t\t\t\t<\/div>\n\t\t\t\t<\/a>\n\t\t\t\t<div class=\"yotuwp-video-meta\"><\/div>\t\t\t<\/li>\n\t\t\t\t\n\t\t\t\t<\/ul>\n<\/div><div class=\"yotu-pagination yotu-hide yotu-pager_layout-default yotu-pagination-bottom\">\n<a href=\"#\" class=\"yotu-pagination-prev yotu-button-prs yotu-button-prs-1\" data-page=\"prev\">Precedent<\/a>\n<span class=\"yotu-pagination-current\">1<\/span> <span>of<\/span> <span class=\"yotu-pagination-total\">1<\/span>\n<a href=\"#\" class=\"yotu-pagination-next yotu-button-prs yotu-button-prs-1\" data-page=\"next\">Suivant<\/a>\n<\/div>\n\t\t\t\t<\/div>\n\t\t\t<\/div>\n\t\t\t<\/h4>\n","protected":false},"excerpt":{"rendered":"<p>Dans le cadre d&rsquo;un partenariat avec l&rsquo;\u00e9quipe de r\u00e9alisation de  [&#8230;]<\/p>\n","protected":false},"author":1,"featured_media":0,"parent":0,"menu_order":0,"comment_status":"closed","ping_status":"closed","template":"template-fullwidth.php","meta":{"_EventAllDay":false,"_EventTimezone":"","_EventStartDate":"","_EventEndDate":"","_EventStartDateUTC":"","_EventEndDateUTC":"","_EventShowMap":false,"_EventShowMapLink":false,"_EventURL":"","_EventCost":"","_EventCostDescription":"","_EventCurrencySymbol":"","_EventCurrencyCode":"","_EventCurrencyPosition":"","_EventDateTimeSeparator":"","_EventTimeRangeSeparator":"","_EventOrganizerID":[],"_EventVenueID":[],"_OrganizerEmail":"","_OrganizerPhone":"","_OrganizerWebsite":"","_VenueAddress":"","_VenueCity":"","_VenueCountry":"","_VenueProvince":"","_VenueState":"","_VenueZip":"","_VenuePhone":"","_VenueURL":"","_VenueStateProvince":"","_VenueLat":"","_VenueLng":"","_VenueShowMap":false,"_VenueShowMapLink":false,"footnotes":""},"class_list":["post-6725","page","type-page","status-publish","hentry"],"_links":{"self":[{"href":"https:\/\/recherches-autochtones.org\/site\/wp-json\/wp\/v2\/pages\/6725","targetHints":{"allow":["GET"]}}],"collection":[{"href":"https:\/\/recherches-autochtones.org\/site\/wp-json\/wp\/v2\/pages"}],"about":[{"href":"https:\/\/recherches-autochtones.org\/site\/wp-json\/wp\/v2\/types\/page"}],"author":[{"embeddable":true,"href":"https:\/\/recherches-autochtones.org\/site\/wp-json\/wp\/v2\/users\/1"}],"replies":[{"embeddable":true,"href":"https:\/\/recherches-autochtones.org\/site\/wp-json\/wp\/v2\/comments?post=6725"}],"version-history":[{"count":3,"href":"https:\/\/recherches-autochtones.org\/site\/wp-json\/wp\/v2\/pages\/6725\/revisions"}],"predecessor-version":[{"id":6744,"href":"https:\/\/recherches-autochtones.org\/site\/wp-json\/wp\/v2\/pages\/6725\/revisions\/6744"}],"wp:attachment":[{"href":"https:\/\/recherches-autochtones.org\/site\/wp-json\/wp\/v2\/media?parent=6725"}],"curies":[{"name":"wp","href":"https:\/\/api.w.org\/{rel}","templated":true}]}}