{"id":4748,"date":"2017-03-20T10:21:11","date_gmt":"2017-03-20T14:21:11","guid":{"rendered":"https:\/\/recherches-autochtones.org\/site\/?page_id=4748"},"modified":"2017-03-20T10:34:44","modified_gmt":"2017-03-20T14:34:44","slug":"midi-nations-30-mars-2017","status":"publish","type":"page","link":"https:\/\/recherches-autochtones.org\/site\/midi-nations-30-mars-2017\/","title":{"rendered":"Midi des nations du 30 mars 2017"},"content":{"rendered":"<div class=\"\"><b class=\"\"><span style=\"font-size: large;\">Luttes autochtones\u00a0:\u00a0des Nations Unies \u00e0 Standing Rock<\/span><\/b><\/div>\n<div class=\"\"><span class=\"\">\u00a0<\/span><\/div>\n<div class=\"\"><b class=\"\">Jeudi le\u00a030 mars 2016<\/b><\/div>\n<div class=\"\"><b class=\"\">De 13h00 \u00e0 15h00<\/b><\/div>\n<div class=\"\"><b class=\"\">Entr\u00e9e libre<\/b><\/div>\n<div class=\"\"><span class=\"\">\u00a0<\/span><\/div>\n<div class=\"\">\n<div class=\"page\" title=\"Page 1\">\n<div class=\"section\">\n<div class=\"layoutArea\">\n<div class=\"column\">\n<p>UQAM \u2014 Pavillon J.-A.-DeS\u00e8ve (DS)<br \/>\nSalle DS-1950<br \/>\n320, rue Sainte-Catherine Est<br \/>\nMontr\u00e9al, Qu\u00e9bec \u2022 H2X 1L7<\/p>\n<\/div>\n<\/div>\n<\/div>\n<\/div>\n<\/div>\n<div class=\"\"><span class=\"\">\u00a0<\/span><\/div>\n<div class=\"\"><b class=\"\">CONF\u00c9RENCIERS\u00a0:<\/b><\/div>\n<div class=\"\"><span class=\"\"><b class=\"\">Rom\u00e9o Saganash<\/b>, D\u00e9put\u00e9 Abitibi\u2013Baie James\u2013Nunavik\u2013Eeyou<br \/>\n<b class=\"\">Jean-Charles Pi\u00e9tacho<\/b>, Chef de la communaut\u00e9 innue d\u2019Ekuanitshit<br \/>\n<\/span><\/div>\n<div class=\"\"><span class=\"\">\u00a0<\/span><\/div>\n<div class=\"\"><b class=\"\">COMMENTATEURS :<\/b><\/div>\n<div class=\"\"><span class=\"\"><b class=\"\">Caroline Nepton Hotte\u00a0<\/b>\u2014\u00a0Doctorante \u00e0 l&rsquo;UQAM et ancienne journaliste \u00e0 Radio-Canada<br \/>\n<\/span><span class=\"\"><b class=\"\">Doris Farget<\/b>\u00a0\u2014 Professeure, UQAM<br class=\"\" \/><b class=\"\">Pierre Trudel<\/b>\u00a0\u2014\u00a0Pr\u00e9sident de la Soci\u00e9t\u00e9 Recherches am\u00e9rindiennes au Qu\u00e9bec<\/span><\/div>\n<div class=\"\"><span class=\"\">\u00a0<\/span><\/div>\n<div class=\"\"><b class=\"\">MOD\u00c9RATEUR :\u00a0<\/b><\/div>\n<div class=\"\"><span class=\"\"><b class=\"\">Laurent J\u00e9r\u00f4me<\/b>\u00a0\u2014 Professeur, UQAM<\/span><\/div>\n<div class=\"\"><\/div>\n<div class=\"\"><\/div>\n<div class=\"\"><strong>*****************<\/strong><\/div>\n<div class=\"\"><\/div>\n<div class=\"\"><a href=\"https:\/\/www.facebook.com\/events\/389111858133161\/\" target=\"_blank\"><strong>\u00a0*** Confirmer votre participation\u00a0via notre \u00e9v\u00e9nement Facebook ***<\/strong><\/a><a href=\"https:\/\/recherches-autochtones.org\/site\/wp-content\/uploads\/2017\/03\/Affiche_Midi_Luttes_30mar17_v4.jpg\"><img decoding=\"async\" class=\"aligncenter wp-image-4749 size-large\" src=\"https:\/\/recherches-autochtones.org\/site\/wp-content\/uploads\/2017\/03\/Affiche_Midi_Luttes_30mar17_v4-791x1024.jpg\" alt=\"\" width=\"791\" height=\"1024\" \/><\/a><\/div>\n","protected":false},"excerpt":{"rendered":"<p>Luttes autochtones\u00a0:\u00a0des Nations Unies \u00e0 Standing Rock \u00a0 Jeudi le\u00a030  [&#8230;]<\/p>\n","protected":false},"author":1,"featured_media":0,"parent":0,"menu_order":0,"comment_status":"closed","ping_status":"closed","template":"","meta":{"_EventAllDay":false,"_EventTimezone":"","_EventStartDate":"","_EventEndDate":"","_EventStartDateUTC":"","_EventEndDateUTC":"","_EventShowMap":false,"_EventShowMapLink":false,"_EventURL":"","_EventCost":"","_EventCostDescription":"","_EventCurrencySymbol":"","_EventCurrencyCode":"","_EventCurrencyPosition":"","_EventDateTimeSeparator":"","_EventTimeRangeSeparator":"","_EventOrganizerID":[],"_EventVenueID":[],"_OrganizerEmail":"","_OrganizerPhone":"","_OrganizerWebsite":"","_VenueAddress":"","_VenueCity":"","_VenueCountry":"","_VenueProvince":"","_VenueState":"","_VenueZip":"","_VenuePhone":"","_VenueURL":"","_VenueStateProvince":"","_VenueLat":"","_VenueLng":"","_VenueShowMap":false,"_VenueShowMapLink":false,"footnotes":""},"class_list":["post-4748","page","type-page","status-publish","hentry"],"_links":{"self":[{"href":"https:\/\/recherches-autochtones.org\/site\/wp-json\/wp\/v2\/pages\/4748","targetHints":{"allow":["GET"]}}],"collection":[{"href":"https:\/\/recherches-autochtones.org\/site\/wp-json\/wp\/v2\/pages"}],"about":[{"href":"https:\/\/recherches-autochtones.org\/site\/wp-json\/wp\/v2\/types\/page"}],"author":[{"embeddable":true,"href":"https:\/\/recherches-autochtones.org\/site\/wp-json\/wp\/v2\/users\/1"}],"replies":[{"embeddable":true,"href":"https:\/\/recherches-autochtones.org\/site\/wp-json\/wp\/v2\/comments?post=4748"}],"version-history":[{"count":5,"href":"https:\/\/recherches-autochtones.org\/site\/wp-json\/wp\/v2\/pages\/4748\/revisions"}],"predecessor-version":[{"id":4759,"href":"https:\/\/recherches-autochtones.org\/site\/wp-json\/wp\/v2\/pages\/4748\/revisions\/4759"}],"wp:attachment":[{"href":"https:\/\/recherches-autochtones.org\/site\/wp-json\/wp\/v2\/media?parent=4748"}],"curies":[{"name":"wp","href":"https:\/\/api.w.org\/{rel}","templated":true}]}}