{"id":3711,"date":"2016-04-08T15:29:18","date_gmt":"2016-04-08T19:29:18","guid":{"rendered":"https:\/\/recherches-autochtones.org\/site\/?page_id=3711"},"modified":"2023-01-25T19:06:46","modified_gmt":"2023-01-26T00:06:46","slug":"historique","status":"publish","type":"page","link":"https:\/\/recherches-autochtones.org\/site\/historique\/","title":{"rendered":"Historique"},"content":{"rendered":"<div class=\"fusion-fullwidth fullwidth-box fusion-builder-row-1 fusion-flex-container nonhundred-percent-fullwidth non-hundred-percent-height-scrolling\" style=\"--awb-border-radius-top-left:0px;--awb-border-radius-top-right:0px;--awb-border-radius-bottom-right:0px;--awb-border-radius-bottom-left:0px;--awb-flex-wrap:wrap;\" ><div class=\"fusion-builder-row fusion-row fusion-flex-align-items-flex-start fusion-flex-content-wrap\" style=\"max-width:1664px;margin-left: calc(-4% \/ 2 );margin-right: calc(-4% \/ 2 );\"><div class=\"fusion-layout-column fusion_builder_column fusion-builder-column-0 fusion_builder_column_3_4 3_4 fusion-flex-column\" style=\"--awb-bg-size:cover;--awb-width-large:75%;--awb-margin-top-large:0px;--awb-spacing-right-large:3.84%;--awb-margin-bottom-large:0px;--awb-spacing-left-large:2.56%;--awb-width-medium:75%;--awb-spacing-right-medium:3.84%;--awb-spacing-left-medium:2.56%;--awb-width-small:100%;--awb-spacing-right-small:1.92%;--awb-spacing-left-small:1.92%;\"><div class=\"fusion-column-wrapper fusion-flex-justify-content-flex-start fusion-content-layout-column\"><div class=\"fusion-text fusion-text-1\"><p>Entre 1960 et 1970, la cr\u00e9ation des d\u00e9partements d\u2019anthropologie de l\u2019Universit\u00e9 de Montr\u00e9al (1961), de l\u2019Universit\u00e9 McGill (1969) et de l\u2019Universit\u00e9 Laval (1972) a permis de former les premiers dipl\u00f4m\u00e9s qui se sont int\u00e9ress\u00e9s \u00e0 l\u2019\u00e9tude des populations et des cultures autochtones du Qu\u00e9bec. En septembre 1970, Camil Guy (ethnologue) et Charles A. Martijn (arch\u00e9ologue), deux chercheurs du minist\u00e8re des Affaires culturelles du Qu\u00e9bec, propos\u00e8rent la cr\u00e9ation d\u2019un \u00ab p\u00e9riodique qui servirait de lieu d\u2019expression pour tous les chercheurs \u00bb. Tout d\u2019abord, ils propos\u00e8rent de r\u00e9unir des sp\u00e9cialistes et des chercheurs issus de diverses disciplines ayant comme int\u00e9r\u00eat commun l\u2019\u00e9tude des populations autochtones du Qu\u00e9bec en lan\u00e7ant une revue.<\/p>\n<p>Une lettre d\u2019invitation r\u00e9dig\u00e9e par Camil Guy et Charles A. Martijn fut donc envoy\u00e9e en septembre 1970, \u00e0 une vingtaine de chercheurs, les invitant \u00e0 une premi\u00e8re rencontre au sujet de la cr\u00e9ation d\u2019un \u00ab p\u00e9riodique \u00bb. Les personnes convoqu\u00e9es \u00e0 cette r\u00e9union \u00e9taient : Michel Audet, Frank Auger, Claude Bernard, Jean-Pierre Cloutier, Michel Gaumond, Laurent Girouard, Camil Guy, L\u00e9onidas Larouche, Madeleine Lefebvre, Jos\u00e9 Mailhot, Charles A. Martijn, Pierre McKenzie, G\u00e9rard McNulty, Marcel Moussette, R\u00e9gis de Roquefeuille, Bernard Saladin d\u2019Anglure, R\u00e9mi Savard et Sylvie Vincent.<\/p>\n<p>C\u2019est au cours de la r\u00e9union de fondation qui s\u2019est tenue le 7 novembre 1970 qu\u2019est n\u00e9e Recherches am\u00e9rindiennes au Qu\u00e9bec. Les six cofondateurs qui figurent sur les premi\u00e8res lettres patentes de la revue sont : Laurent Girouard, Camil Guy, Charles A. Martijn, R\u00e9mi Savard, Donat Savoie et Sylvie Vincent. Le premier num\u00e9ro de la revue a \u00e9t\u00e9 publi\u00e9 en janvier 1971 avec un comit\u00e9 de r\u00e9daction provisoire compos\u00e9 de Michel Audet, Laurent Girouard, Camil Guy et Sylvie Vincent.<\/p>\n<p><strong><em>Recherches am\u00e9rindiennes au Qu\u00e9bec<\/em><\/strong> est reconnue comme une revue internationale de langue fran\u00e7aise portant essentiellement sur les Premi\u00e8res Nations du Qu\u00e9bec, du Canada, des \u00c9tats-Unis et de l\u2019Am\u00e9rique latine, et ses objectifs initiaux \u00e9taient de :<\/p>\n<ul>\n<li>publier en fran\u00e7ais de fa\u00e7on \u00e0 cr\u00e9er un lieu d\u2019expression pour les chercheurs francophones et \u00e0 rejoindre un lectorat int\u00e9ress\u00e9 par ces questions ;<\/li>\n<li>contribuer \u00e0 la connaissance des soci\u00e9t\u00e9s et des cultures autochtones du Qu\u00e9bec (et, pour mieux les mettre en contexte, garder l\u2019\u0153il ouvert sur celles de l\u2019ensemble des Am\u00e9riques) ;<\/li>\n<li>avoir un caract\u00e8re multidisciplinaire, c\u2019est-\u00e0-dire ouvrir ses pages \u00e0 tous les chercheurs travaillant sur des sujets relatifs aux Premi\u00e8res Nations, et ce, quelle que soit leur sp\u00e9cialit\u00e9.<\/li>\n<li>s\u2019adresser aux sp\u00e9cialistes et aussi \u00e0 un plus large public, autochtone ou non.<\/li>\n<\/ul>\n<p>Depuis sa cr\u00e9ation en 1971, la revue Recherches am\u00e9rindiennes au Qu\u00e9bec a \u00e9t\u00e9 le v\u00e9hicule de plus de 2000 \u00e9crits (articles, notes de recherche, documents officiels, documents d\u2019archives, bibliographies, actualit\u00e9s, d\u00e9bats, points de vue, chroniques diverses, comptes rendus, notes critiques, etc.). Elle regroupe aujourd&rsquo;hui une somme impressionnante d&rsquo;informations, et parfois d&rsquo;archives, \u00e0 laquelle se r\u00e9f\u00e8rent les Autochtones, les membres du personnel politique et les fonctionnaires travaillant en milieu autochtone ainsi que les sp\u00e9cialistes et toutes les personnes qui s&rsquo;int\u00e9ressent aux Premi\u00e8res Nations.<\/p>\n<p>Depuis 1998, la revue est publi\u00e9e trois fois par ann\u00e9e avec un tirage oscillant entre 250 et 350 exemplaires. Apr\u00e8s des d\u00e9buts plut\u00f4t difficiles financi\u00e8rement, et suivant une certaine p\u00e9riode d\u2019ajustement, la revue a su maintenir\u00a0sa cadence de publication gr\u00e2ce \u00e0 une \u00e9quipe d\u00e9vou\u00e9e et un financement plus r\u00e9gulier. En plus du soutien des abonn\u00e9s, le financement de la revue est assur\u00e9 gr\u00e2ce aux programmes \u00ab Aide aux revues savantes \u00bb du Conseil de recherches en sciences humaines (CRSH), \u00ab Soutien aux revues scientifiques \u00bb du Fonds de recherche du Qu\u00e9bec \u2013 Soci\u00e9t\u00e9 et culture (FRQSC) et, depuis 2018, du programme de soutien aux revues savantes de l\u2019Universit\u00e9 du Qu\u00e9bec \u00e0 Montr\u00e9al.<\/p>\n<p>\u00c0 partir de la deuxi\u00e8me moiti\u00e9 des ann\u00e9es 1990, l\u2019\u00e8re du num\u00e9rique a grandement affect\u00e9 les revues scientifiques, et Recherches am\u00e9rindiennes au Qu\u00e9bec n\u2019y a pas \u00e9chapp\u00e9. D\u00e8s lors, le mod\u00e8le classique de publication dans une revue scientifique devait \u00eatre revu, et le libre acc\u00e8s devenait de plus en plus la norme. Alors que tous les num\u00e9ros de la revue sont d\u00e9sormais disponibles en format PDF, les num\u00e9ros publi\u00e9s \u00e0 partir du volume 33 (2003) sont maintenant offerts gratuitement sur la plateforme de diffusion \u00c9rudit. \u00c0 compter de janvier 2022, les num\u00e9ros courants de la revue sont disponibles en libre acc\u00e8s imm\u00e9diat sur \u00c9rudit.<\/p>\n<h4>La revue aujourd&rsquo;hui : au-del\u00e0 du changement de nom<\/h4>\n<p>Dans une volont\u00e9 de r\u00e9fl\u00e9chir, de bonifier et d\u2019actualiser la mission et les objectifs de la revue, un comit\u00e9 consultatif regroupant des acteurs et actrices de la recherche autochtone \u2013 toutes et tous membres d&rsquo;une Premi\u00e8re Nation du Qu\u00e9bec \u2013 a \u00e9t\u00e9 mis sur pied en mars 2020. Tout en voulant refl\u00e9ter les dynamiques actuelles de la recherche en milieu autochtone et favoriser l\u2019inclusion des points de vue autochtones dans le contenu, cette r\u00e9flexion a \u00e9galement men\u00e9 \u00e0 des discussions sur le nom de la revue et de son \u00e9ventuel changement en <em><strong>Revue d&rsquo;\u00e9tudes autochtones<\/strong><\/em>.<\/p>\n<p>Alors que ses objectifs initiaux demeurent quasi inchang\u00e9s, la revue a d\u00e9cid\u00e9 d\u2019actualiser sa mission avec la formulation suivante : revue multidisciplinaire francophone qui publie des articles scientifiques et des chroniques portant sur les enjeux et les r\u00e9alit\u00e9s des peuples autochtones des Am\u00e9riques et \u00e0 travers le monde. Ses objectifs sont :<\/p>\n<ul>\n<li>la publication de textes qui contribuent \u00e0 une plus grande connaissance des soci\u00e9t\u00e9s et des cultures autochtones ;<\/li>\n<li>la valorisation des savoirs autochtones et des enjeux li\u00e9s \u00e0 leur transmission dans le contexte contemporain ;<\/li>\n<li>d\u2019encourager les contributions d\u2019auteurs et d\u2019auteures autochtones.<\/li>\n<\/ul>\n<p>La revue <strong><em>Recherches am\u00e9rindiennes au Qu\u00e9bec<\/em><\/strong> a toujours valoris\u00e9 un regard critique sur la production des connaissances, une contribution rigoureuse aux d\u00e9bats scientifiques ainsi qu\u2019une participation \u00e0 une meilleure compr\u00e9hension des r\u00e9alit\u00e9s autochtones du Qu\u00e9bec et des Am\u00e9riques. \u00c0 compter de janvier 2022, elle continuera \u00e0 poursuivre ces objectifs, sous le nom de Revue d\u2019\u00e9tudes autochtones. Annonc\u00e9 officiellement lors du colloque qui a soulign\u00e9 les 50 ans de Recherches am\u00e9rindiennes au Qu\u00e9bec en novembre 2021, le changement de nom vise surtout \u00e0 maintenir l\u2019influence de la revue dans diff\u00e9rents secteurs de la soci\u00e9t\u00e9 (institutions culturelles, gouvernements, milieux \u00e9ducatifs).<\/p>\n<\/div><\/div><\/div><div class=\"fusion-layout-column fusion_builder_column fusion-builder-column-1 fusion_builder_column_1_4 1_4 fusion-flex-column\" style=\"--awb-padding-top:3%;--awb-padding-right:3%;--awb-padding-bottom:3%;--awb-padding-left:3%;--awb-bg-size:cover;--awb-border-color:#e0e0e0;--awb-border-top:1px;--awb-border-right:1px;--awb-border-bottom:1px;--awb-border-left:1px;--awb-border-style:solid;--awb-width-large:25%;--awb-margin-top-large:0px;--awb-spacing-right-large:7.68%;--awb-margin-bottom-large:20px;--awb-spacing-left-large:3.84%;--awb-width-medium:25%;--awb-order-medium:0;--awb-spacing-right-medium:7.68%;--awb-spacing-left-medium:3.84%;--awb-width-small:100%;--awb-order-small:0;--awb-spacing-right-small:1.92%;--awb-spacing-left-small:1.92%;\"><div class=\"fusion-column-wrapper fusion-column-has-shadow fusion-flex-justify-content-flex-start fusion-content-layout-column\"><div class=\"fusion-widget fusion-widget-element fusion-widget-area fusion-content-widget-area wpWidget-1 wp_widget_search\" style=\"--awb-fusion-border-size:0px;--awb-fusion-border-style:solid;\"><div class=\"widget widget_search\">\t\t<form role=\"search\" class=\"searchform fusion-search-form  fusion-search-form-classic\" method=\"get\" action=\"https:\/\/recherches-autochtones.org\/site\/\">\n\t\t\t<div class=\"fusion-search-form-content\">\n\n\t\t\t\t\n\t\t\t\t<div class=\"fusion-search-field search-field\">\n\t\t\t\t\t<label><span class=\"screen-reader-text\">Rechercher:<\/span>\n\t\t\t\t\t\t\t\t\t\t\t\t\t<input type=\"search\" value=\"\" name=\"s\" class=\"s\" placeholder=\"Rechercher...\" required aria-required=\"true\" aria-label=\"Rechercher...\"\/>\n\t\t\t\t\t\t\t\t\t\t\t<\/label>\n\t\t\t\t<\/div>\n\t\t\t\t<div class=\"fusion-search-button search-button\">\n\t\t\t\t\t<input type=\"submit\" class=\"fusion-search-submit searchsubmit\" aria-label=\"Recherche\" value=\"&#xf002;\" \/>\n\t\t\t\t\t\t\t\t\t<\/div>\n\n\t\t\t\t\n\t\t\t<\/div>\n\n\n\t\t\t\n\t\t<\/form>\n\t\t<\/div><\/div><div class=\"fusion-separator fusion-full-width-sep\" style=\"align-self: center;margin-left: auto;margin-right: auto;margin-top:10px;margin-bottom:10px;width:100%;\"><div class=\"fusion-separator-border sep-single sep-solid\" style=\"--awb-height:20px;--awb-amount:20px;border-color:var(--awb-color3);border-top-width:3px;\"><\/div><\/div><div class=\"fusion-widget fusion-widget-element fusion-widget-area fusion-content-widget-area wpWidget-2 wp_widget_recent_posts\" style=\"--awb-fusion-border-size:0px;--awb-fusion-border-style:solid;\">\n\t\t<div class=\"widget widget_recent_entries\">\n\t\t<div class=\"heading\"><h4 class=\"widget-title\">Nouveaut\u00e9s<\/h4><\/div>\n\t\t<ul>\n\t\t\t\t\t\t\t\t\t\t\t<li>\n\t\t\t\t\t<a href=\"https:\/\/recherches-autochtones.org\/site\/in-memoriam-daniel-chevrier-1950-2025\/\">IN MEMORIAM \u2013 Daniel Chevrier (1950-2025)<\/a>\n\t\t\t\t\t\t\t\t\t\t\t<span class=\"post-date\">21 novembre 2025<\/span>\n\t\t\t\t\t\t\t\t\t<\/li>\n\t\t\t\t\t\t\t\t\t\t\t<li>\n\t\t\t\t\t<a href=\"https:\/\/recherches-autochtones.org\/site\/conference-la-convention-de-la-baie-james-et-du-nord-quebecois-les-50-premieres-annees\/\">Conf\u00e9rence | La Convention de la Baie James et du Nord qu\u00e9b\u00e9cois : les 50 premi\u00e8res ann\u00e9es<\/a>\n\t\t\t\t\t\t\t\t\t\t\t<span class=\"post-date\">30 octobre 2025<\/span>\n\t\t\t\t\t\t\t\t\t<\/li>\n\t\t\t\t\t\t\t\t\t\t\t<li>\n\t\t\t\t\t<a href=\"https:\/\/recherches-autochtones.org\/site\/rea-vol-533-reflexions-critiques-sur-la-reconciliation-au-canada\/\">REA, vol. 53(3) \u2013 R\u00e9flexions critiques sur la r\u00e9conciliation au Canada<\/a>\n\t\t\t\t\t\t\t\t\t\t\t<span class=\"post-date\">16 octobre 2025<\/span>\n\t\t\t\t\t\t\t\t\t<\/li>\n\t\t\t\t\t\t\t\t\t\t\t<li>\n\t\t\t\t\t<a href=\"https:\/\/recherches-autochtones.org\/site\/eric-chalifoux-3e-prix-dexcellence\/\">\u00c9ric Chalifoux \u2013 3e prix d&rsquo;excellence des professionnels et professionnelles de recherche 2025<\/a>\n\t\t\t\t\t\t\t\t\t\t\t<span class=\"post-date\">6 juin 2025<\/span>\n\t\t\t\t\t\t\t\t\t<\/li>\n\t\t\t\t\t\t\t\t\t\t\t<li>\n\t\t\t\t\t<a href=\"https:\/\/recherches-autochtones.org\/site\/mythes-et-realites-sur-les-peuples-autochtones\/\">Nouveau site Internet \u2013 Mythes et r\u00e9alit\u00e9s sur les peuples autochtones<\/a>\n\t\t\t\t\t\t\t\t\t\t\t<span class=\"post-date\">23 avril 2025<\/span>\n\t\t\t\t\t\t\t\t\t<\/li>\n\t\t\t\t\t<\/ul>\n\n\t\t<\/div><\/div><div class=\"fusion-separator fusion-full-width-sep\" style=\"align-self: center;margin-left: auto;margin-right: auto;margin-top:10px;margin-bottom:10px;width:100%;\"><div class=\"fusion-separator-border sep-single sep-solid\" style=\"--awb-height:20px;--awb-amount:20px;border-color:var(--awb-color3);border-top-width:3px;\"><\/div><\/div><div class=\"fusion-widget fusion-widget-element fusion-widget-area fusion-content-widget-area wpWidget-3 wc_widget_product_categories\" style=\"--awb-margin-bottom:4%;--awb-fusion-border-size:0px;--awb-fusion-border-style:solid;\"><div class=\"widget woocommerce widget_product_categories\"><div class=\"heading\"><h4 class=\"widget-title\">Cat\u00e9gories<\/h4><\/div><ul class=\"product-categories\"><li class=\"cat-item cat-item-64\"><a href=\"https:\/\/recherches-autochtones.org\/site\/categorie-produit\/autres-documents\/\">Autres documents<\/a> <span class=\"count\">(2)<\/span><\/li>\n<li class=\"cat-item cat-item-50 cat-parent\"><a href=\"https:\/\/recherches-autochtones.org\/site\/categorie-produit\/collections\/\">Collections<\/a> <span class=\"count\">(354)<\/span><ul class='children'>\n<li class=\"cat-item cat-item-27\"><a href=\"https:\/\/recherches-autochtones.org\/site\/categorie-produit\/collections\/autres\/\">Autres<\/a> <span class=\"count\">(2)<\/span><\/li>\n<li class=\"cat-item cat-item-22\"><a href=\"https:\/\/recherches-autochtones.org\/site\/categorie-produit\/collections\/dossiers\/\">Dossiers<\/a> <span class=\"count\">(2)<\/span><\/li>\n<li class=\"cat-item cat-item-24\"><a href=\"https:\/\/recherches-autochtones.org\/site\/categorie-produit\/collections\/paleo-quebec\/\">Pal\u00e9o-Qu\u00e9bec<\/a> <span class=\"count\">(64)<\/span><\/li>\n<li class=\"cat-item cat-item-23\"><a href=\"https:\/\/recherches-autochtones.org\/site\/categorie-produit\/collections\/presence-des-premieres-nations\/\">Pr\u00e9sence des Premi\u00e8res Nations<\/a> <span class=\"count\">(2)<\/span><\/li>\n<li class=\"cat-item cat-item-26\"><a href=\"https:\/\/recherches-autochtones.org\/site\/categorie-produit\/collections\/recherches-amerindiennes-au-quebec\/\">Recherches am\u00e9rindiennes au Qu\u00e9bec<\/a> <span class=\"count\">(239)<\/span><\/li>\n<li class=\"cat-item cat-item-77\"><a href=\"https:\/\/recherches-autochtones.org\/site\/categorie-produit\/collections\/revue-detudes-autochtones\/\">Revue d'\u00e9tudes autochtones<\/a> <span class=\"count\">(19)<\/span><\/li>\n<li class=\"cat-item cat-item-25\"><a href=\"https:\/\/recherches-autochtones.org\/site\/categorie-produit\/collections\/signes-des-ameriques\/\">Signes des Am\u00e9riques<\/a> <span class=\"count\">(23)<\/span><\/li>\n<li class=\"cat-item cat-item-21\"><a href=\"https:\/\/recherches-autochtones.org\/site\/categorie-produit\/collections\/textes-amerindiens\/\">Textes am\u00e9rindiens<\/a> <span class=\"count\">(2)<\/span><\/li>\n<\/ul>\n<\/li>\n<li class=\"cat-item cat-item-49 cat-parent\"><a href=\"https:\/\/recherches-autochtones.org\/site\/categorie-produit\/format\/\">Format<\/a> <span class=\"count\">(355)<\/span><ul class='children'>\n<li class=\"cat-item cat-item-47\"><a href=\"https:\/\/recherches-autochtones.org\/site\/categorie-produit\/format\/papier\/\">Papier<\/a> <span class=\"count\">(147)<\/span><\/li>\n<li class=\"cat-item cat-item-48\"><a href=\"https:\/\/recherches-autochtones.org\/site\/categorie-produit\/format\/pdf\/\">PDF<\/a> <span class=\"count\">(208)<\/span><\/li>\n<\/ul>\n<\/li>\n<\/ul><\/div><\/div><\/div><\/div>\n<\/div><\/div>\n","protected":false},"excerpt":{"rendered":"","protected":false},"author":1,"featured_media":0,"parent":0,"menu_order":0,"comment_status":"closed","ping_status":"closed","template":"","meta":{"_EventAllDay":false,"_EventTimezone":"","_EventStartDate":"","_EventEndDate":"","_EventStartDateUTC":"","_EventEndDateUTC":"","_EventShowMap":false,"_EventShowMapLink":false,"_EventURL":"","_EventCost":"","_EventCostDescription":"","_EventCurrencySymbol":"","_EventCurrencyCode":"","_EventCurrencyPosition":"","_EventDateTimeSeparator":"","_EventTimeRangeSeparator":"","_EventOrganizerID":[],"_EventVenueID":[],"_OrganizerEmail":"","_OrganizerPhone":"","_OrganizerWebsite":"","_VenueAddress":"","_VenueCity":"","_VenueCountry":"","_VenueProvince":"","_VenueState":"","_VenueZip":"","_VenuePhone":"","_VenueURL":"","_VenueStateProvince":"","_VenueLat":"","_VenueLng":"","_VenueShowMap":false,"_VenueShowMapLink":false,"footnotes":""},"class_list":["post-3711","page","type-page","status-publish","hentry"],"_links":{"self":[{"href":"https:\/\/recherches-autochtones.org\/site\/wp-json\/wp\/v2\/pages\/3711","targetHints":{"allow":["GET"]}}],"collection":[{"href":"https:\/\/recherches-autochtones.org\/site\/wp-json\/wp\/v2\/pages"}],"about":[{"href":"https:\/\/recherches-autochtones.org\/site\/wp-json\/wp\/v2\/types\/page"}],"author":[{"embeddable":true,"href":"https:\/\/recherches-autochtones.org\/site\/wp-json\/wp\/v2\/users\/1"}],"replies":[{"embeddable":true,"href":"https:\/\/recherches-autochtones.org\/site\/wp-json\/wp\/v2\/comments?post=3711"}],"version-history":[{"count":13,"href":"https:\/\/recherches-autochtones.org\/site\/wp-json\/wp\/v2\/pages\/3711\/revisions"}],"predecessor-version":[{"id":8891,"href":"https:\/\/recherches-autochtones.org\/site\/wp-json\/wp\/v2\/pages\/3711\/revisions\/8891"}],"wp:attachment":[{"href":"https:\/\/recherches-autochtones.org\/site\/wp-json\/wp\/v2\/media?parent=3711"}],"curies":[{"name":"wp","href":"https:\/\/api.w.org\/{rel}","templated":true}]}}