{"id":3699,"date":"2016-04-08T14:55:37","date_gmt":"2016-04-08T18:55:37","guid":{"rendered":"https:\/\/recherches-autochtones.org\/site\/?page_id=3699"},"modified":"2025-12-02T12:43:22","modified_gmt":"2025-12-02T17:43:22","slug":"appel-de-textes","status":"publish","type":"page","link":"https:\/\/recherches-autochtones.org\/site\/appel-de-textes\/","title":{"rendered":"Appel de textes et de num\u00e9ros th\u00e9matiques"},"content":{"rendered":"<div class=\"fusion-fullwidth fullwidth-box fusion-builder-row-1 fusion-flex-container nonhundred-percent-fullwidth non-hundred-percent-height-scrolling\" style=\"--awb-border-radius-top-left:0px;--awb-border-radius-top-right:0px;--awb-border-radius-bottom-right:0px;--awb-border-radius-bottom-left:0px;--awb-flex-wrap:wrap;\" ><div class=\"fusion-builder-row fusion-row fusion-flex-align-items-flex-start fusion-flex-content-wrap\" style=\"max-width:1664px;margin-left: calc(-4% \/ 2 );margin-right: calc(-4% \/ 2 );\"><div class=\"fusion-layout-column fusion_builder_column fusion-builder-column-0 fusion_builder_column_3_4 3_4 fusion-flex-column\" style=\"--awb-bg-size:cover;--awb-width-large:75%;--awb-margin-top-large:0px;--awb-spacing-right-large:3.84%;--awb-margin-bottom-large:0px;--awb-spacing-left-large:2.56%;--awb-width-medium:75%;--awb-spacing-right-medium:3.84%;--awb-spacing-left-medium:2.56%;--awb-width-small:100%;--awb-spacing-right-small:1.92%;--awb-spacing-left-small:1.92%;\"><div class=\"fusion-column-wrapper fusion-flex-justify-content-flex-start fusion-content-layout-column\"><div class=\"fusion-text fusion-text-1\"><div class=\"page\" title=\"Page 1\">\n<div class=\"layoutArea\">\n<div class=\"column\">\n<p><em>Revue d\u2019e\u0301tudes autochtones<\/em> lance un appel de textes pour publication et un appel de nume\u0301ros the\u0301matiques. He\u0301ritie\u0300re d\u2019une tradition de 50 ans de publication, <em>Revue d\u2019e\u0301tudes autochtones<\/em> est une revue pluridisciplinaire francophone avec comite\u0301 de lecture qui publie des articles scientifiques et des chroniques portant sur les enjeux et les re\u0301alite\u0301s des peuples autochtones des Ame\u0301riques et a\u0300 travers le monde. Les articles publie\u0301s couvrent notamment l\u2019anthropologie sociale et culturelle, l\u2019arche\u0301ologie, l\u2019ethnohistoire et les sciences juridiques, politiques et e\u0301conomiques relatives aux affaires autochtones.<\/p>\n<\/div>\n<\/div>\n<\/div>\n<h4><strong>Soumission d\u2019articles ou de notes de recherche<\/strong><\/h4>\n<p>Tous les manuscrits jug\u00e9s recevables par le Comit\u00e9 de r\u00e9daction seront soumis \u00e0 une \u00e9valuation anonyme par les pairs en conformit\u00e9 avec la <a href=\"https:\/\/recherches-autochtones.org\/site\/politique-editoriale\/\"><strong>politique \u00e9ditoriale<\/strong><\/a> de la revue. <em>Revue d\u2019\u00e9tudes autochtones<\/em> ne publie que des textes originaux et ceux-ci devront respecter sa <strong><a href=\"https:\/\/recherches-autochtones.org\/site\/politique-redactionnelle\">politique r\u00e9dactionnelle<\/a><\/strong>.<\/p>\n<h4><strong>Proposition d\u2019une intention de projet de num\u00e9ro<\/strong><\/h4>\n<p>Les personnes int\u00e9ress\u00e9es \u00e0 diriger au num\u00e9ro th\u00e9matique doivent d\u2019abord soumettre une intention de projet au Comit\u00e9 de r\u00e9daction qui comprendra un <strong>r\u00e9sum\u00e9<\/strong> de quelques pages pr\u00e9cisant le <strong>th\u00e8me<\/strong>, son <strong>originalit\u00e9<\/strong> et son <strong>apport<\/strong> \u00e0 la r\u00e9flexion en sciences humaines et sociales, la <strong>liste des auteurs pressentis<\/strong> et un bref commentaire sur la fa\u00e7on dont chacun contribue au d\u00e9veloppement de la th\u00e9matique. Nous vous invitons \u00e0 consulter le <strong><a href=\"https:\/\/recherches-autochtones.org\/site\/guide-pour-les-responsables-dun-numero\" target=\"_blank\" rel=\"noopener noreferrer\">Guide \u00e0\u00a0l\u2019intention des responsables d\u2019un num\u00e9ro th\u00e9matique<\/a><\/strong> pour plus de d\u00e9tails.<\/p>\n<p>Les intentions de projet doivent \u00eatre envoy\u00e9es par courriel \u00e0 la R\u00e9daction (<b>revue[at]recherches-autochtones.org<\/b>).<\/p>\n<div class=\"page\" title=\"Page 2\">\n<div class=\"layoutArea\">\n<div class=\"column\">\n<h4><strong>Les avantages de diriger un nume\u0301ro<\/strong><\/h4>\n<p>Toutes les personnes qui dirigent un nume\u0301ro de <em>Revue d\u2019e\u0301tudes autochtones<\/em> be\u0301ne\u0301ficient de nombreux avantages :<\/p>\n<div class=\"page\" title=\"Page 2\">\n<div class=\"layoutArea\">\n<div class=\"column\">\n<ul>\n<li>Aucun frais de publication ;<\/li>\n<li>Tous les nume\u0301ros sont archive\u0301s et offerts en libre acce\u0300s sur E\u0301rudit (depuis 2003) ;<\/li>\n<li>Tous les articles sont disponibles en libre acc\u00e8s imm\u00e9diat et repe\u0301rables dans les bases de donne\u0301es institutionnelles ;<\/li>\n<li>La revue est soutenue par la socie\u0301te\u0301 Recherches autochtones au Que\u0301bec qui organise plusieurs activite\u0301s publiques qui contribuent au rayonnement et a\u0300 la diffusion de la revue ;<\/li>\n<li>La revue encourage la diffusion des \u0153uvres d\u2019artistes autochtones sur ses pages couvertures ;<\/li>\n<li><em>Revue d\u2019e\u0301tudes autochtones<\/em> est finance\u0301e par le CRSH et le FRQSC et compte sur une e\u0301quipe de re\u0301daction expe\u0301rimente\u0301e et dynamique.<\/li>\n<\/ul>\n<\/div>\n<\/div>\n<\/div>\n<\/div>\n<\/div>\n<\/div>\n<p style=\"text-align: right;\"><em>Derni\u00e8re mise \u00e0 jour : 6 f\u00e9vrier 2025<\/em><\/p>\n<\/div><div class=\"fusion-separator fusion-full-width-sep\" style=\"align-self: center;margin-left: auto;margin-right: auto;flex-grow:1;margin-top:50 px;margin-bottom:10 px;width:100%;\"><div class=\"fusion-separator-border sep-single sep-solid\" style=\"--awb-height:20px;--awb-amount:20px;border-color:var(--awb-color3);border-top-width:2px;\"><\/div><\/div><div class=\"fusion-text fusion-text-2\"><div class=\"page\" title=\"Page 1\">\n<div class=\"layoutArea\">\n<h2 class=\"column\"><strong>Num\u00e9ros en pr\u00e9paration<\/strong><\/h2>\n<\/div>\n<\/div>\n<ul>\n<li>\n<h5><strong><span style=\"color: #ff0000;\">COMPLET<\/span> \u2013 <a href=\"https:\/\/recherches-autochtones.org\/auteurs\/2024_01_24_appel_a_texte_rea_voix_territoire_vf.pdf\">\u00c9crire les voix du territoire. L\u2019\u00e9crit \u00e0 la lumi\u00e8re de l\u2019oralit\u00e9<\/a>\u00a0(sous la dir. de Laurent J\u00e9r\u00f4me et Sylvie Loslier)<\/strong><\/h5>\n<\/li>\n<li>\n<h5><strong><span style=\"color: #ff0000;\">COMPLET<\/span> \u2013 <a href=\"https:\/\/recherches-autochtones.org\/auteurs\/2025_02_06_appel_textes_rea_indo-pacifique.pdf\">Visions autochtones de l\u2019Indo-Pacifique : valeurs, r\u00eaves, et projets politiques<\/a> (sous la dir. de Scott E. Simon et Richard Atimniraye Nyelade)<\/strong><\/h5>\n<\/li>\n<li>\n<h5><strong>EN COURS \u2013 Les langues autochtones de l&rsquo;Am\u00e9rique du Nord\u00a0(sous la dir. de Richard Compton)<\/strong><\/h5>\n<\/li>\n<li>\n<h5><strong><span style=\"color: #ff0000;\">COMPLET<\/span><\/strong><strong> \u2013 <a href=\"https:\/\/recherches-autochtones.org\/auteurs\/2025_09_10_appel_textes_rea_traditions_orales.pdf\">Les traditions orales autochtones, \u00e9cueils et enjeux : quelques \u00e9tudes de cas<\/a> (sous la dir. de Marie-Christine Pioffet)<\/strong><\/h5>\n<\/li>\n<li>\n<h5><strong>EN COURS \u2013 Pour une anthropologie contre l&rsquo;\u00c9tat (sous la dir. d&rsquo;Anne-Marie Colpron, Beatriz Matos et Julia Otero)<\/strong><\/h5>\n<\/li>\n<\/ul>\n<\/div><\/div><\/div><div class=\"fusion-layout-column fusion_builder_column fusion-builder-column-1 fusion_builder_column_1_4 1_4 fusion-flex-column\" style=\"--awb-padding-top:3%;--awb-padding-right:3%;--awb-padding-bottom:3%;--awb-padding-left:3%;--awb-bg-size:cover;--awb-border-color:#e0e0e0;--awb-border-top:1px;--awb-border-right:1px;--awb-border-bottom:1px;--awb-border-left:1px;--awb-border-style:solid;--awb-width-large:25%;--awb-margin-top-large:0px;--awb-spacing-right-large:7.68%;--awb-margin-bottom-large:20px;--awb-spacing-left-large:3.84%;--awb-width-medium:25%;--awb-order-medium:0;--awb-spacing-right-medium:7.68%;--awb-spacing-left-medium:3.84%;--awb-width-small:100%;--awb-order-small:0;--awb-spacing-right-small:1.92%;--awb-spacing-left-small:1.92%;\"><div class=\"fusion-column-wrapper fusion-column-has-shadow fusion-flex-justify-content-flex-start fusion-content-layout-column\"><div class=\"fusion-widget fusion-widget-element fusion-widget-area fusion-content-widget-area wpWidget-1 wp_widget_search\" style=\"--awb-fusion-border-size:0px;--awb-fusion-border-style:solid;\"><div class=\"widget widget_search\">\t\t<form role=\"search\" class=\"searchform fusion-search-form  fusion-search-form-classic\" method=\"get\" action=\"https:\/\/recherches-autochtones.org\/site\/\">\n\t\t\t<div class=\"fusion-search-form-content\">\n\n\t\t\t\t\n\t\t\t\t<div class=\"fusion-search-field search-field\">\n\t\t\t\t\t<label><span class=\"screen-reader-text\">Rechercher:<\/span>\n\t\t\t\t\t\t\t\t\t\t\t\t\t<input type=\"search\" value=\"\" name=\"s\" class=\"s\" placeholder=\"Rechercher...\" required aria-required=\"true\" aria-label=\"Rechercher...\"\/>\n\t\t\t\t\t\t\t\t\t\t\t<\/label>\n\t\t\t\t<\/div>\n\t\t\t\t<div class=\"fusion-search-button search-button\">\n\t\t\t\t\t<input type=\"submit\" class=\"fusion-search-submit searchsubmit\" aria-label=\"Recherche\" value=\"&#xf002;\" \/>\n\t\t\t\t\t\t\t\t\t<\/div>\n\n\t\t\t\t\n\t\t\t<\/div>\n\n\n\t\t\t\n\t\t<\/form>\n\t\t<\/div><\/div><div class=\"fusion-separator fusion-full-width-sep\" style=\"align-self: center;margin-left: auto;margin-right: auto;margin-top:10px;margin-bottom:10px;width:100%;\"><div class=\"fusion-separator-border sep-single sep-solid\" style=\"--awb-height:20px;--awb-amount:20px;border-color:var(--awb-color3);border-top-width:3px;\"><\/div><\/div><div class=\"fusion-widget fusion-widget-element fusion-widget-area fusion-content-widget-area wpWidget-2 wp_widget_recent_posts\" style=\"--awb-fusion-border-size:0px;--awb-fusion-border-style:solid;\">\n\t\t<div class=\"widget widget_recent_entries\">\n\t\t<div class=\"heading\"><h4 class=\"widget-title\">Nouveaut\u00e9s<\/h4><\/div>\n\t\t<ul>\n\t\t\t\t\t\t\t\t\t\t\t<li>\n\t\t\t\t\t<a href=\"https:\/\/recherches-autochtones.org\/site\/in-memoriam-camil-guy\/\">IN MEMORIAM \u2013 Camil Guy (1940-2025)<\/a>\n\t\t\t\t\t\t\t\t\t\t\t<span class=\"post-date\">7 mai 2026<\/span>\n\t\t\t\t\t\t\t\t\t<\/li>\n\t\t\t\t\t\t\t\t\t\t\t<li>\n\t\t\t\t\t<a href=\"https:\/\/recherches-autochtones.org\/site\/in-memoriam-daniel-chevrier-1950-2025\/\">IN MEMORIAM \u2013 Daniel Chevrier (1950-2025)<\/a>\n\t\t\t\t\t\t\t\t\t\t\t<span class=\"post-date\">21 novembre 2025<\/span>\n\t\t\t\t\t\t\t\t\t<\/li>\n\t\t\t\t\t\t\t\t\t\t\t<li>\n\t\t\t\t\t<a href=\"https:\/\/recherches-autochtones.org\/site\/conference-la-convention-de-la-baie-james-et-du-nord-quebecois-les-50-premieres-annees\/\">Conf\u00e9rence | La Convention de la Baie James et du Nord qu\u00e9b\u00e9cois : les 50 premi\u00e8res ann\u00e9es<\/a>\n\t\t\t\t\t\t\t\t\t\t\t<span class=\"post-date\">30 octobre 2025<\/span>\n\t\t\t\t\t\t\t\t\t<\/li>\n\t\t\t\t\t\t\t\t\t\t\t<li>\n\t\t\t\t\t<a href=\"https:\/\/recherches-autochtones.org\/site\/rea-vol-533-reflexions-critiques-sur-la-reconciliation-au-canada\/\">REA, vol. 53(3) \u2013 R\u00e9flexions critiques sur la r\u00e9conciliation au Canada<\/a>\n\t\t\t\t\t\t\t\t\t\t\t<span class=\"post-date\">16 octobre 2025<\/span>\n\t\t\t\t\t\t\t\t\t<\/li>\n\t\t\t\t\t\t\t\t\t\t\t<li>\n\t\t\t\t\t<a href=\"https:\/\/recherches-autochtones.org\/site\/eric-chalifoux-3e-prix-dexcellence\/\">\u00c9ric Chalifoux \u2013 3e prix d&rsquo;excellence des professionnels et professionnelles de recherche 2025<\/a>\n\t\t\t\t\t\t\t\t\t\t\t<span class=\"post-date\">6 juin 2025<\/span>\n\t\t\t\t\t\t\t\t\t<\/li>\n\t\t\t\t\t<\/ul>\n\n\t\t<\/div><\/div><div class=\"fusion-separator fusion-full-width-sep\" style=\"align-self: center;margin-left: auto;margin-right: auto;margin-top:10px;margin-bottom:10px;width:100%;\"><div class=\"fusion-separator-border sep-single sep-solid\" style=\"--awb-height:20px;--awb-amount:20px;border-color:var(--awb-color3);border-top-width:3px;\"><\/div><\/div><div class=\"fusion-widget fusion-widget-element fusion-widget-area fusion-content-widget-area wpWidget-3 wc_widget_product_categories\" style=\"--awb-margin-bottom:4%;--awb-fusion-border-size:0px;--awb-fusion-border-style:solid;\"><div class=\"widget woocommerce widget_product_categories\"><div class=\"heading\"><h4 class=\"widget-title\">Cat\u00e9gories<\/h4><\/div><ul class=\"product-categories\"><li class=\"cat-item cat-item-64\"><a href=\"https:\/\/recherches-autochtones.org\/site\/categorie-produit\/autres-documents\/\">Autres documents<\/a> <span class=\"count\">(2)<\/span><\/li>\n<li class=\"cat-item cat-item-50 cat-parent\"><a href=\"https:\/\/recherches-autochtones.org\/site\/categorie-produit\/collections\/\">Collections<\/a> <span class=\"count\">(354)<\/span><ul class='children'>\n<li class=\"cat-item cat-item-27\"><a href=\"https:\/\/recherches-autochtones.org\/site\/categorie-produit\/collections\/autres\/\">Autres<\/a> <span class=\"count\">(2)<\/span><\/li>\n<li class=\"cat-item cat-item-22\"><a href=\"https:\/\/recherches-autochtones.org\/site\/categorie-produit\/collections\/dossiers\/\">Dossiers<\/a> <span class=\"count\">(2)<\/span><\/li>\n<li class=\"cat-item cat-item-24\"><a href=\"https:\/\/recherches-autochtones.org\/site\/categorie-produit\/collections\/paleo-quebec\/\">Pal\u00e9o-Qu\u00e9bec<\/a> <span class=\"count\">(64)<\/span><\/li>\n<li class=\"cat-item cat-item-23\"><a href=\"https:\/\/recherches-autochtones.org\/site\/categorie-produit\/collections\/presence-des-premieres-nations\/\">Pr\u00e9sence des Premi\u00e8res Nations<\/a> <span class=\"count\">(2)<\/span><\/li>\n<li class=\"cat-item cat-item-26\"><a href=\"https:\/\/recherches-autochtones.org\/site\/categorie-produit\/collections\/recherches-amerindiennes-au-quebec\/\">Recherches am\u00e9rindiennes au Qu\u00e9bec<\/a> <span class=\"count\">(239)<\/span><\/li>\n<li class=\"cat-item cat-item-77\"><a href=\"https:\/\/recherches-autochtones.org\/site\/categorie-produit\/collections\/revue-detudes-autochtones\/\">Revue d'\u00e9tudes autochtones<\/a> <span class=\"count\">(19)<\/span><\/li>\n<li class=\"cat-item cat-item-25\"><a href=\"https:\/\/recherches-autochtones.org\/site\/categorie-produit\/collections\/signes-des-ameriques\/\">Signes des Am\u00e9riques<\/a> <span class=\"count\">(23)<\/span><\/li>\n<li class=\"cat-item cat-item-21\"><a href=\"https:\/\/recherches-autochtones.org\/site\/categorie-produit\/collections\/textes-amerindiens\/\">Textes am\u00e9rindiens<\/a> <span class=\"count\">(2)<\/span><\/li>\n<\/ul>\n<\/li>\n<li class=\"cat-item cat-item-49 cat-parent\"><a href=\"https:\/\/recherches-autochtones.org\/site\/categorie-produit\/format\/\">Format<\/a> <span class=\"count\">(355)<\/span><ul class='children'>\n<li class=\"cat-item cat-item-47\"><a href=\"https:\/\/recherches-autochtones.org\/site\/categorie-produit\/format\/papier\/\">Papier<\/a> <span class=\"count\">(147)<\/span><\/li>\n<li class=\"cat-item cat-item-48\"><a href=\"https:\/\/recherches-autochtones.org\/site\/categorie-produit\/format\/pdf\/\">PDF<\/a> <span class=\"count\">(208)<\/span><\/li>\n<\/ul>\n<\/li>\n<\/ul><\/div><\/div><\/div><\/div>\n<\/div><\/div>\n","protected":false},"excerpt":{"rendered":"","protected":false},"author":1,"featured_media":0,"parent":0,"menu_order":0,"comment_status":"closed","ping_status":"closed","template":"","meta":{"_EventAllDay":false,"_EventTimezone":"","_EventStartDate":"","_EventEndDate":"","_EventStartDateUTC":"","_EventEndDateUTC":"","_EventShowMap":false,"_EventShowMapLink":false,"_EventURL":"","_EventCost":"","_EventCostDescription":"","_EventCurrencySymbol":"","_EventCurrencyCode":"","_EventCurrencyPosition":"","_EventDateTimeSeparator":"","_EventTimeRangeSeparator":"","_EventOrganizerID":[],"_EventVenueID":[],"_OrganizerEmail":"","_OrganizerPhone":"","_OrganizerWebsite":"","_VenueAddress":"","_VenueCity":"","_VenueCountry":"","_VenueProvince":"","_VenueState":"","_VenueZip":"","_VenuePhone":"","_VenueURL":"","_VenueStateProvince":"","_VenueLat":"","_VenueLng":"","_VenueShowMap":false,"_VenueShowMapLink":false,"footnotes":""},"class_list":["post-3699","page","type-page","status-publish","hentry"],"_links":{"self":[{"href":"https:\/\/recherches-autochtones.org\/site\/wp-json\/wp\/v2\/pages\/3699","targetHints":{"allow":["GET"]}}],"collection":[{"href":"https:\/\/recherches-autochtones.org\/site\/wp-json\/wp\/v2\/pages"}],"about":[{"href":"https:\/\/recherches-autochtones.org\/site\/wp-json\/wp\/v2\/types\/page"}],"author":[{"embeddable":true,"href":"https:\/\/recherches-autochtones.org\/site\/wp-json\/wp\/v2\/users\/1"}],"replies":[{"embeddable":true,"href":"https:\/\/recherches-autochtones.org\/site\/wp-json\/wp\/v2\/comments?post=3699"}],"version-history":[{"count":64,"href":"https:\/\/recherches-autochtones.org\/site\/wp-json\/wp\/v2\/pages\/3699\/revisions"}],"predecessor-version":[{"id":10509,"href":"https:\/\/recherches-autochtones.org\/site\/wp-json\/wp\/v2\/pages\/3699\/revisions\/10509"}],"wp:attachment":[{"href":"https:\/\/recherches-autochtones.org\/site\/wp-json\/wp\/v2\/media?parent=3699"}],"curies":[{"name":"wp","href":"https:\/\/api.w.org\/{rel}","templated":true}]}}